{"id":9592,"date":"2024-03-26T05:01:21","date_gmt":"2024-03-26T03:01:21","guid":{"rendered":"https:\/\/vinilozona.lt\/?post_type=product&#038;p=9592"},"modified":"2024-04-14T18:29:02","modified_gmt":"2024-04-14T15:29:02","slug":"peter-frampton-%e2%80%8e-frampton-comes-alive","status":"publish","type":"product","link":"https:\/\/vinilozona.lt\/en\/parduotuve\/rock-pop\/peter-frampton-%e2%80%8e-frampton-comes-alive\/","title":{"rendered":"Various \u2013 Sgt. Pepper&#8217;s Lonely Hearts Club Band  2LP"},"content":{"rendered":"<p>Sgt. Pepper&#8217;s Lonely Hearts Club Band \/ With A Little Help From My Friends\t4:42<br \/>\nA1a\tThe Bee Gees* \/ Paul Nicholas\u2013\tSgt. Pepper&#8217;s Lonely Hearts Club Band<br \/>\nA1b\tThe Bee Gees* \/ Peter Frampton\u2013\tWith A Little Help From My Friends<br \/>\n&#8211;<br \/>\nA2\tSandy Farina\u2013\tHere Comes The Sun  3:05<br \/>\nA3\tPeter Frampton \/ The Bee Gees*\u2013\tGetting Better\t2:46<br \/>\nA4\tDianne Steinberg \/ Stargard\u2013\tLucy In The Sky With Diamonds\t3:41<br \/>\nA5\tThe Bee Gees* \/ Dianne Steinberg \/ Paul Nicholas \/ Donald Pleasence \/ Stargard\u2013\tI Want You (She&#8217;s So Heavy)\t6:31<br \/>\nB1\tPaul Nicholas \/ Peter Frampton \/ The Bee Gees*\u2013\tGood Morning, Good Morning\t1:58<br \/>\nB2\tThe Bee Gees* \/ Jay MacIntosh \/ John Wheeler (4)\u2013\tShe&#8217;s Leaving Home  2:40<br \/>\nB3\tPaul Nicholas \/ Dianne Steinberg\u2013\tYou Never Give Me Your Money\t3:07<br \/>\nB4\tRobin Gibb\u2013\tOh! Darling\t3:29<br \/>\nB5\tSteve Martin (2)\u2013\tMaxwell&#8217;s Silver Hammer\t4:00<br \/>\nPolythene Pam \/ She Came In Through The Bathroom Window \/ Nowhere Man \/ Sgt. Pepper&#8217;s Lonely Hearts Club Band (Reprise)\t5:11<br \/>\nB6a\tThe Bee Gees*\u2013\tPolythene Pam<br \/>\nB6b\tPeter Frampton \/ The Bee Gees*\u2013\tShe Came In Through The Bathroom Window<br \/>\nB6c\tThe Bee Gees*\u2013\tNowhere Man<br \/>\nB6d\tPeter Frampton \/ The Bee Gees*\u2013\tSgt. Pepper&#8217;s Lonely Hearts Club Band (Reprise)<br \/>\n&#8211;<br \/>\nC1\tEarth, Wind &#038; Fire\u2013\tGot To Get You Into My Life  3:36<br \/>\nC2\tSandy Farina\u2013\tStrawberry Fields Forever\t3:31<br \/>\nC3\tFrankie Howerd \/ Sandy Farina\u2013\tWhen I&#8217;m Sixty-Four\t2:40<br \/>\nC4\tFrankie Howerd\u2013\tMean Mr. Mustard\t2:39<br \/>\nC5\tGeorge Burns\u2013\tFixing A Hole\t2:25<br \/>\nC6\tAlice Cooper (2) \/ The Bee Gees*\u2013\tBecause\t2:45<br \/>\nGolden Slumbers \/ Carry That Weight\t3:24<br \/>\nC7a\tPeter Frampton\u2013\tGolden Slumbers<br \/>\nC7b\tThe Bee Gees*\u2013\tCarry That Weight<br \/>\n&#8211;<br \/>\nD1\tAerosmith\u2013\tCome Together  3:46<br \/>\nD2\tMaurice Gibb \/ Peter Frampton \/ George Burns \/ The Bee Gees*\u2013\tBeing For The Benefit Of Mr. Kite12<br \/>\nD3\tPeter Frampton\u2013\tThe Long And Winding Road\t3:40<br \/>\nD4\tBarry Gibb \/ The Bee Gees*\u2013\tA Day In The Life\t5:11<br \/>\nD5\tBilly Preston\u2013\tGet Back\t2:56<br \/>\nD6\tThe Cast*\u2013\tSgt. Pepper&#8217;s Lonely Hearts Club Band (Finale)\t2:13<\/p>","protected":false},"excerpt":{"rendered":"<p>RSO \u2013 RS-2-4100<br \/>\nFormat:<br \/>\n2 x Vinyl, LP, Album, Keel Pressing, Gatefold<br \/>\nCountry:\tUS<br \/>\nReleased:\tJul 23, 1978<\/p>","protected":false},"featured_media":24557,"template":"","meta":[],"product_cat":[15],"product_tag":[44],"yoast_head":"<!-- This site is optimized with the Yoast SEO plugin v23.5 - https:\/\/yoast.com\/wordpress\/plugins\/seo\/ -->\n<title>Various \u2013 Sgt. Pepper&#039;s Lonely Hearts Club Band 2LP Vinilin\u0117 Plok\u0161tel\u0117 | Vinilozona.lt<\/title>\n<meta name=\"robots\" content=\"index, follow, max-snippet:-1, max-image-preview:large, max-video-preview:-1\" \/>\n<link rel=\"canonical\" href=\"https:\/\/vinilozona.lt\/en\/parduotuve\/rock-pop\/peter-frampton-\u200e-frampton-comes-alive\/\" \/>\n<meta property=\"og:locale\" content=\"en_GB\" \/>\n<meta property=\"og:type\" content=\"article\" \/>\n<meta property=\"og:title\" content=\"Various \u2013 Sgt. Pepper&#039;s Lonely Hearts Club Band 2LP Vinilin\u0117 Plok\u0161tel\u0117 | Vinilozona.lt\" \/>\n<meta property=\"og:description\" content=\"RSO \u2013 RS-2-4100 Format:  2 x Vinyl, LP, Album, Keel Pressing, Gatefold Country: US Released: Jul 23, 1978\" \/>\n<meta property=\"og:url\" content=\"https:\/\/vinilozona.lt\/en\/parduotuve\/rock-pop\/peter-frampton-\u200e-frampton-comes-alive\/\" \/>\n<meta property=\"og:site_name\" content=\"Vinilo Zona\" \/>\n<meta property=\"article:modified_time\" content=\"2024-04-14T15:29:02+00:00\" \/>\n<meta property=\"og:image\" content=\"https:\/\/vinilozona.lt\/wp-content\/uploads\/2020\/05\/R-762024-1351909350-5269.jpg\" \/>\n\t<meta property=\"og:image:width\" content=\"386\" \/>\n\t<meta property=\"og:image:height\" content=\"366\" \/>\n\t<meta property=\"og:image:type\" content=\"image\/jpeg\" \/>\n<meta name=\"twitter:card\" content=\"summary_large_image\" \/>\n<meta name=\"twitter:label1\" content=\"Estimated reading time\" \/>\n\t<meta name=\"twitter:data1\" content=\"2 minutes\" \/>\n<script type=\"application\/ld+json\" class=\"yoast-schema-graph\">{\"@context\":\"https:\/\/schema.org\",\"@graph\":[{\"@type\":\"WebPage\",\"@id\":\"https:\/\/vinilozona.lt\/parduotuve\/rock-pop\/peter-frampton-%e2%80%8e-frampton-comes-alive\/\",\"url\":\"https:\/\/vinilozona.lt\/parduotuve\/rock-pop\/peter-frampton-%e2%80%8e-frampton-comes-alive\/\",\"name\":\"Various \u2013 Sgt. Pepper's Lonely Hearts Club Band 2LP Vinilin\u0117 Plok\u0161tel\u0117 | Vinilozona.lt\",\"isPartOf\":{\"@id\":\"https:\/\/vinilozona.lt\/#website\"},\"primaryImageOfPage\":{\"@id\":\"https:\/\/vinilozona.lt\/parduotuve\/rock-pop\/peter-frampton-%e2%80%8e-frampton-comes-alive\/#primaryimage\"},\"image\":{\"@id\":\"https:\/\/vinilozona.lt\/parduotuve\/rock-pop\/peter-frampton-%e2%80%8e-frampton-comes-alive\/#primaryimage\"},\"thumbnailUrl\":\"https:\/\/vinilozona.lt\/wp-content\/uploads\/2020\/05\/R-762024-1351909350-5269.jpg\",\"datePublished\":\"2024-03-26T03:01:21+00:00\",\"dateModified\":\"2024-04-14T15:29:02+00:00\",\"breadcrumb\":{\"@id\":\"https:\/\/vinilozona.lt\/parduotuve\/rock-pop\/peter-frampton-%e2%80%8e-frampton-comes-alive\/#breadcrumb\"},\"inLanguage\":\"en-GB\",\"potentialAction\":[{\"@type\":\"ReadAction\",\"target\":[\"https:\/\/vinilozona.lt\/parduotuve\/rock-pop\/peter-frampton-%e2%80%8e-frampton-comes-alive\/\"]}]},{\"@type\":\"ImageObject\",\"inLanguage\":\"en-GB\",\"@id\":\"https:\/\/vinilozona.lt\/parduotuve\/rock-pop\/peter-frampton-%e2%80%8e-frampton-comes-alive\/#primaryimage\",\"url\":\"https:\/\/vinilozona.lt\/wp-content\/uploads\/2020\/05\/R-762024-1351909350-5269.jpg\",\"contentUrl\":\"https:\/\/vinilozona.lt\/wp-content\/uploads\/2020\/05\/R-762024-1351909350-5269.jpg\",\"width\":386,\"height\":366},{\"@type\":\"BreadcrumbList\",\"@id\":\"https:\/\/vinilozona.lt\/parduotuve\/rock-pop\/peter-frampton-%e2%80%8e-frampton-comes-alive\/#breadcrumb\",\"itemListElement\":[{\"@type\":\"ListItem\",\"position\":1,\"name\":\"Home\",\"item\":\"https:\/\/vinilozona.lt\/\"},{\"@type\":\"ListItem\",\"position\":2,\"name\":\"Parduotuv\u0117\",\"item\":\"https:\/\/vinilozona.lt\/parduotuve\/\"},{\"@type\":\"ListItem\",\"position\":3,\"name\":\"Various \u2013 Sgt. Pepper&#8217;s Lonely Hearts Club Band 2LP\"}]},{\"@type\":\"WebSite\",\"@id\":\"https:\/\/vinilozona.lt\/#website\",\"url\":\"https:\/\/vinilozona.lt\/\",\"name\":\"Vinilo Zona\",\"description\":\"Nup\u016bsk dulkes ir klausyk LP\",\"potentialAction\":[{\"@type\":\"SearchAction\",\"target\":{\"@type\":\"EntryPoint\",\"urlTemplate\":\"https:\/\/vinilozona.lt\/?s={search_term_string}\"},\"query-input\":{\"@type\":\"PropertyValueSpecification\",\"valueRequired\":true,\"valueName\":\"search_term_string\"}}],\"inLanguage\":\"en-GB\"}]}<\/script>\n<!-- \/ Yoast SEO plugin. -->","yoast_head_json":{"title":"Various \u2013 Sgt. Pepper's Lonely Hearts Club Band 2LP Vinilin\u0117 Plok\u0161tel\u0117 | Vinilozona.lt","robots":{"index":"index","follow":"follow","max-snippet":"max-snippet:-1","max-image-preview":"max-image-preview:large","max-video-preview":"max-video-preview:-1"},"canonical":"https:\/\/vinilozona.lt\/en\/parduotuve\/rock-pop\/peter-frampton-\u200e-frampton-comes-alive\/","og_locale":"en_GB","og_type":"article","og_title":"Various \u2013 Sgt. Pepper's Lonely Hearts Club Band 2LP Vinilin\u0117 Plok\u0161tel\u0117 | Vinilozona.lt","og_description":"RSO \u2013 RS-2-4100 Format:  2 x Vinyl, LP, Album, Keel Pressing, Gatefold Country: US Released: Jul 23, 1978","og_url":"https:\/\/vinilozona.lt\/en\/parduotuve\/rock-pop\/peter-frampton-\u200e-frampton-comes-alive\/","og_site_name":"Vinilo Zona","article_modified_time":"2024-04-14T15:29:02+00:00","og_image":[{"width":386,"height":366,"url":"https:\/\/vinilozona.lt\/wp-content\/uploads\/2020\/05\/R-762024-1351909350-5269.jpg","type":"image\/jpeg"}],"twitter_card":"summary_large_image","twitter_misc":{"Estimated reading time":"2 minutes"},"schema":{"@context":"https:\/\/schema.org","@graph":[{"@type":"WebPage","@id":"https:\/\/vinilozona.lt\/parduotuve\/rock-pop\/peter-frampton-%e2%80%8e-frampton-comes-alive\/","url":"https:\/\/vinilozona.lt\/parduotuve\/rock-pop\/peter-frampton-%e2%80%8e-frampton-comes-alive\/","name":"Various \u2013 Sgt. Pepper's Lonely Hearts Club Band 2LP Vinilin\u0117 Plok\u0161tel\u0117 | Vinilozona.lt","isPartOf":{"@id":"https:\/\/vinilozona.lt\/#website"},"primaryImageOfPage":{"@id":"https:\/\/vinilozona.lt\/parduotuve\/rock-pop\/peter-frampton-%e2%80%8e-frampton-comes-alive\/#primaryimage"},"image":{"@id":"https:\/\/vinilozona.lt\/parduotuve\/rock-pop\/peter-frampton-%e2%80%8e-frampton-comes-alive\/#primaryimage"},"thumbnailUrl":"https:\/\/vinilozona.lt\/wp-content\/uploads\/2020\/05\/R-762024-1351909350-5269.jpg","datePublished":"2024-03-26T03:01:21+00:00","dateModified":"2024-04-14T15:29:02+00:00","breadcrumb":{"@id":"https:\/\/vinilozona.lt\/parduotuve\/rock-pop\/peter-frampton-%e2%80%8e-frampton-comes-alive\/#breadcrumb"},"inLanguage":"en-GB","potentialAction":[{"@type":"ReadAction","target":["https:\/\/vinilozona.lt\/parduotuve\/rock-pop\/peter-frampton-%e2%80%8e-frampton-comes-alive\/"]}]},{"@type":"ImageObject","inLanguage":"en-GB","@id":"https:\/\/vinilozona.lt\/parduotuve\/rock-pop\/peter-frampton-%e2%80%8e-frampton-comes-alive\/#primaryimage","url":"https:\/\/vinilozona.lt\/wp-content\/uploads\/2020\/05\/R-762024-1351909350-5269.jpg","contentUrl":"https:\/\/vinilozona.lt\/wp-content\/uploads\/2020\/05\/R-762024-1351909350-5269.jpg","width":386,"height":366},{"@type":"BreadcrumbList","@id":"https:\/\/vinilozona.lt\/parduotuve\/rock-pop\/peter-frampton-%e2%80%8e-frampton-comes-alive\/#breadcrumb","itemListElement":[{"@type":"ListItem","position":1,"name":"Home","item":"https:\/\/vinilozona.lt\/"},{"@type":"ListItem","position":2,"name":"Parduotuv\u0117","item":"https:\/\/vinilozona.lt\/parduotuve\/"},{"@type":"ListItem","position":3,"name":"Various \u2013 Sgt. Pepper&#8217;s Lonely Hearts Club Band 2LP"}]},{"@type":"WebSite","@id":"https:\/\/vinilozona.lt\/#website","url":"https:\/\/vinilozona.lt\/","name":"Vinilo Zona","description":"Nup\u016bsk dulkes ir klausyk LP","potentialAction":[{"@type":"SearchAction","target":{"@type":"EntryPoint","urlTemplate":"https:\/\/vinilozona.lt\/?s={search_term_string}"},"query-input":{"@type":"PropertyValueSpecification","valueRequired":true,"valueName":"search_term_string"}}],"inLanguage":"en-GB"}]}},"_links":{"self":[{"href":"https:\/\/vinilozona.lt\/en\/wp-json\/wp\/v2\/product\/9592"}],"collection":[{"href":"https:\/\/vinilozona.lt\/en\/wp-json\/wp\/v2\/product"}],"about":[{"href":"https:\/\/vinilozona.lt\/en\/wp-json\/wp\/v2\/types\/product"}],"wp:featuredmedia":[{"embeddable":true,"href":"https:\/\/vinilozona.lt\/en\/wp-json\/wp\/v2\/media\/24557"}],"wp:attachment":[{"href":"https:\/\/vinilozona.lt\/en\/wp-json\/wp\/v2\/media?parent=9592"}],"wp:term":[{"taxonomy":"product_cat","embeddable":true,"href":"https:\/\/vinilozona.lt\/en\/wp-json\/wp\/v2\/product_cat?post=9592"},{"taxonomy":"product_tag","embeddable":true,"href":"https:\/\/vinilozona.lt\/en\/wp-json\/wp\/v2\/product_tag?post=9592"}],"curies":[{"name":"wp","href":"https:\/\/api.w.org\/{rel}","templated":true}]}}