{"id":9111,"date":"2025-08-23T05:10:12","date_gmt":"2025-08-23T02:10:12","guid":{"rendered":"https:\/\/vinilozona.lt\/?post_type=product&#038;p=9111"},"modified":"2025-10-26T06:19:34","modified_gmt":"2025-10-26T04:19:34","slug":"eric-clapton-%e2%80%8e-journeyman","status":"publish","type":"product","link":"https:\/\/vinilozona.lt\/en\/parduotuve\/rock-pop\/eric-clapton-%e2%80%8e-journeyman\/","title":{"rendered":"Eric Clapton \u200e\u2013 Journeyman"},"content":{"rendered":"<p>A1\t\tPretending 4:48<br \/>\nA2\t\tAnything For Your Love 4:16<br \/>\nA3\t\tBad Love 5:11<br \/>\nA4\t\tRunning On Faith 5:27<br \/>\nA5\t\tHard Times 3:00<br \/>\nA6\t\tHound Dog 2:26<br \/>\nB1\t\tNo Alibis 5:32<br \/>\nB2\t\tRun So Far 4:06<br \/>\nB3\t\tOld Love 6:25<br \/>\nB4\t\tBreaking Point 5:37<br \/>\nB5\t\tLead Me On 5:52<br \/>\nB6\t\tBefore You Accuse Me 3:55<\/p>","protected":false},"excerpt":{"rendered":"<p>Label: Reprise Records \u2013 926 074-1, Duck Records (2) \u2013 926 074-1, Reprise Records \u2013 WX 322, Duck Records (2) \u2013 WX 322<br \/>\nFormat: Vinyl, LP, Album, Stereo, Gatefold, Sonopress Pressing, EMI Electrola Plating<br \/>\nCountry: UK &#038; Europe<br \/>\nReleased: Nov 3, 1989<\/p>","protected":false},"featured_media":9112,"template":"","meta":[],"product_cat":[15],"product_tag":[55],"yoast_head":"<!-- This site is optimized with the Yoast SEO plugin v23.5 - https:\/\/yoast.com\/wordpress\/plugins\/seo\/ -->\n<title>Eric Clapton \u200e\u2013 Journeyman Vinilin\u0117 Plok\u0161tel\u0117 | Vinilozona.lt<\/title>\n<meta name=\"robots\" content=\"index, follow, max-snippet:-1, max-image-preview:large, max-video-preview:-1\" \/>\n<link rel=\"canonical\" href=\"https:\/\/vinilozona.lt\/en\/parduotuve\/rock-pop\/eric-clapton-\u200e-journeyman\/\" \/>\n<meta property=\"og:locale\" content=\"en_GB\" \/>\n<meta property=\"og:type\" content=\"article\" \/>\n<meta property=\"og:title\" content=\"Eric Clapton \u200e\u2013 Journeyman Vinilin\u0117 Plok\u0161tel\u0117 | Vinilozona.lt\" \/>\n<meta property=\"og:description\" content=\"Label: Reprise Records \u2013 926 074-1, Duck Records (2) \u2013 926 074-1, Reprise Records \u2013 WX 322, Duck Records (2) \u2013 WX 322 Format: Vinyl, LP, Album, Stereo, Gatefold, Sonopress Pressing, EMI Electrola Plating Country: UK &amp; Europe Released: Nov 3, 1989\" \/>\n<meta property=\"og:url\" content=\"https:\/\/vinilozona.lt\/en\/parduotuve\/rock-pop\/eric-clapton-\u200e-journeyman\/\" \/>\n<meta property=\"og:site_name\" content=\"Vinilo Zona\" \/>\n<meta property=\"article:modified_time\" content=\"2025-10-26T04:19:34+00:00\" \/>\n<meta property=\"og:image\" content=\"https:\/\/vinilozona.lt\/wp-content\/uploads\/2020\/05\/R-718577-1508515290-2734.jpeg.jpg\" \/>\n\t<meta property=\"og:image:width\" content=\"600\" \/>\n\t<meta property=\"og:image:height\" content=\"597\" \/>\n\t<meta property=\"og:image:type\" content=\"image\/jpeg\" \/>\n<meta name=\"twitter:card\" content=\"summary_large_image\" \/>\n<meta name=\"twitter:label1\" content=\"Estimated reading time\" \/>\n\t<meta name=\"twitter:data1\" content=\"1 minute\" \/>\n<script type=\"application\/ld+json\" class=\"yoast-schema-graph\">{\"@context\":\"https:\/\/schema.org\",\"@graph\":[{\"@type\":\"WebPage\",\"@id\":\"https:\/\/vinilozona.lt\/parduotuve\/rock-pop\/eric-clapton-%e2%80%8e-journeyman\/\",\"url\":\"https:\/\/vinilozona.lt\/parduotuve\/rock-pop\/eric-clapton-%e2%80%8e-journeyman\/\",\"name\":\"Eric Clapton \u200e\u2013 Journeyman Vinilin\u0117 Plok\u0161tel\u0117 | Vinilozona.lt\",\"isPartOf\":{\"@id\":\"https:\/\/vinilozona.lt\/#website\"},\"primaryImageOfPage\":{\"@id\":\"https:\/\/vinilozona.lt\/parduotuve\/rock-pop\/eric-clapton-%e2%80%8e-journeyman\/#primaryimage\"},\"image\":{\"@id\":\"https:\/\/vinilozona.lt\/parduotuve\/rock-pop\/eric-clapton-%e2%80%8e-journeyman\/#primaryimage\"},\"thumbnailUrl\":\"https:\/\/vinilozona.lt\/wp-content\/uploads\/2020\/05\/R-718577-1508515290-2734.jpeg.jpg\",\"datePublished\":\"2025-08-23T02:10:12+00:00\",\"dateModified\":\"2025-10-26T04:19:34+00:00\",\"breadcrumb\":{\"@id\":\"https:\/\/vinilozona.lt\/parduotuve\/rock-pop\/eric-clapton-%e2%80%8e-journeyman\/#breadcrumb\"},\"inLanguage\":\"en-GB\",\"potentialAction\":[{\"@type\":\"ReadAction\",\"target\":[\"https:\/\/vinilozona.lt\/parduotuve\/rock-pop\/eric-clapton-%e2%80%8e-journeyman\/\"]}]},{\"@type\":\"ImageObject\",\"inLanguage\":\"en-GB\",\"@id\":\"https:\/\/vinilozona.lt\/parduotuve\/rock-pop\/eric-clapton-%e2%80%8e-journeyman\/#primaryimage\",\"url\":\"https:\/\/vinilozona.lt\/wp-content\/uploads\/2020\/05\/R-718577-1508515290-2734.jpeg.jpg\",\"contentUrl\":\"https:\/\/vinilozona.lt\/wp-content\/uploads\/2020\/05\/R-718577-1508515290-2734.jpeg.jpg\",\"width\":600,\"height\":597},{\"@type\":\"BreadcrumbList\",\"@id\":\"https:\/\/vinilozona.lt\/parduotuve\/rock-pop\/eric-clapton-%e2%80%8e-journeyman\/#breadcrumb\",\"itemListElement\":[{\"@type\":\"ListItem\",\"position\":1,\"name\":\"Home\",\"item\":\"https:\/\/vinilozona.lt\/\"},{\"@type\":\"ListItem\",\"position\":2,\"name\":\"Parduotuv\u0117\",\"item\":\"https:\/\/vinilozona.lt\/parduotuve\/\"},{\"@type\":\"ListItem\",\"position\":3,\"name\":\"Eric Clapton \u200e\u2013 Journeyman\"}]},{\"@type\":\"WebSite\",\"@id\":\"https:\/\/vinilozona.lt\/#website\",\"url\":\"https:\/\/vinilozona.lt\/\",\"name\":\"Vinilo Zona\",\"description\":\"Nup\u016bsk dulkes ir klausyk LP\",\"potentialAction\":[{\"@type\":\"SearchAction\",\"target\":{\"@type\":\"EntryPoint\",\"urlTemplate\":\"https:\/\/vinilozona.lt\/?s={search_term_string}\"},\"query-input\":{\"@type\":\"PropertyValueSpecification\",\"valueRequired\":true,\"valueName\":\"search_term_string\"}}],\"inLanguage\":\"en-GB\"}]}<\/script>\n<!-- \/ Yoast SEO plugin. -->","yoast_head_json":{"title":"Eric Clapton \u200e\u2013 Journeyman Vinilin\u0117 Plok\u0161tel\u0117 | Vinilozona.lt","robots":{"index":"index","follow":"follow","max-snippet":"max-snippet:-1","max-image-preview":"max-image-preview:large","max-video-preview":"max-video-preview:-1"},"canonical":"https:\/\/vinilozona.lt\/en\/parduotuve\/rock-pop\/eric-clapton-\u200e-journeyman\/","og_locale":"en_GB","og_type":"article","og_title":"Eric Clapton \u200e\u2013 Journeyman Vinilin\u0117 Plok\u0161tel\u0117 | Vinilozona.lt","og_description":"Label: Reprise Records \u2013 926 074-1, Duck Records (2) \u2013 926 074-1, Reprise Records \u2013 WX 322, Duck Records (2) \u2013 WX 322 Format: Vinyl, LP, Album, Stereo, Gatefold, Sonopress Pressing, EMI Electrola Plating Country: UK & Europe Released: Nov 3, 1989","og_url":"https:\/\/vinilozona.lt\/en\/parduotuve\/rock-pop\/eric-clapton-\u200e-journeyman\/","og_site_name":"Vinilo Zona","article_modified_time":"2025-10-26T04:19:34+00:00","og_image":[{"width":600,"height":597,"url":"https:\/\/vinilozona.lt\/wp-content\/uploads\/2020\/05\/R-718577-1508515290-2734.jpeg.jpg","type":"image\/jpeg"}],"twitter_card":"summary_large_image","twitter_misc":{"Estimated reading time":"1 minute"},"schema":{"@context":"https:\/\/schema.org","@graph":[{"@type":"WebPage","@id":"https:\/\/vinilozona.lt\/parduotuve\/rock-pop\/eric-clapton-%e2%80%8e-journeyman\/","url":"https:\/\/vinilozona.lt\/parduotuve\/rock-pop\/eric-clapton-%e2%80%8e-journeyman\/","name":"Eric Clapton \u200e\u2013 Journeyman Vinilin\u0117 Plok\u0161tel\u0117 | Vinilozona.lt","isPartOf":{"@id":"https:\/\/vinilozona.lt\/#website"},"primaryImageOfPage":{"@id":"https:\/\/vinilozona.lt\/parduotuve\/rock-pop\/eric-clapton-%e2%80%8e-journeyman\/#primaryimage"},"image":{"@id":"https:\/\/vinilozona.lt\/parduotuve\/rock-pop\/eric-clapton-%e2%80%8e-journeyman\/#primaryimage"},"thumbnailUrl":"https:\/\/vinilozona.lt\/wp-content\/uploads\/2020\/05\/R-718577-1508515290-2734.jpeg.jpg","datePublished":"2025-08-23T02:10:12+00:00","dateModified":"2025-10-26T04:19:34+00:00","breadcrumb":{"@id":"https:\/\/vinilozona.lt\/parduotuve\/rock-pop\/eric-clapton-%e2%80%8e-journeyman\/#breadcrumb"},"inLanguage":"en-GB","potentialAction":[{"@type":"ReadAction","target":["https:\/\/vinilozona.lt\/parduotuve\/rock-pop\/eric-clapton-%e2%80%8e-journeyman\/"]}]},{"@type":"ImageObject","inLanguage":"en-GB","@id":"https:\/\/vinilozona.lt\/parduotuve\/rock-pop\/eric-clapton-%e2%80%8e-journeyman\/#primaryimage","url":"https:\/\/vinilozona.lt\/wp-content\/uploads\/2020\/05\/R-718577-1508515290-2734.jpeg.jpg","contentUrl":"https:\/\/vinilozona.lt\/wp-content\/uploads\/2020\/05\/R-718577-1508515290-2734.jpeg.jpg","width":600,"height":597},{"@type":"BreadcrumbList","@id":"https:\/\/vinilozona.lt\/parduotuve\/rock-pop\/eric-clapton-%e2%80%8e-journeyman\/#breadcrumb","itemListElement":[{"@type":"ListItem","position":1,"name":"Home","item":"https:\/\/vinilozona.lt\/"},{"@type":"ListItem","position":2,"name":"Parduotuv\u0117","item":"https:\/\/vinilozona.lt\/parduotuve\/"},{"@type":"ListItem","position":3,"name":"Eric Clapton \u200e\u2013 Journeyman"}]},{"@type":"WebSite","@id":"https:\/\/vinilozona.lt\/#website","url":"https:\/\/vinilozona.lt\/","name":"Vinilo Zona","description":"Nup\u016bsk dulkes ir klausyk LP","potentialAction":[{"@type":"SearchAction","target":{"@type":"EntryPoint","urlTemplate":"https:\/\/vinilozona.lt\/?s={search_term_string}"},"query-input":{"@type":"PropertyValueSpecification","valueRequired":true,"valueName":"search_term_string"}}],"inLanguage":"en-GB"}]}},"_links":{"self":[{"href":"https:\/\/vinilozona.lt\/en\/wp-json\/wp\/v2\/product\/9111"}],"collection":[{"href":"https:\/\/vinilozona.lt\/en\/wp-json\/wp\/v2\/product"}],"about":[{"href":"https:\/\/vinilozona.lt\/en\/wp-json\/wp\/v2\/types\/product"}],"wp:featuredmedia":[{"embeddable":true,"href":"https:\/\/vinilozona.lt\/en\/wp-json\/wp\/v2\/media\/9112"}],"wp:attachment":[{"href":"https:\/\/vinilozona.lt\/en\/wp-json\/wp\/v2\/media?parent=9111"}],"wp:term":[{"taxonomy":"product_cat","embeddable":true,"href":"https:\/\/vinilozona.lt\/en\/wp-json\/wp\/v2\/product_cat?post=9111"},{"taxonomy":"product_tag","embeddable":true,"href":"https:\/\/vinilozona.lt\/en\/wp-json\/wp\/v2\/product_tag?post=9111"}],"curies":[{"name":"wp","href":"https:\/\/api.w.org\/{rel}","templated":true}]}}