{"id":8592,"date":"2025-02-28T05:06:40","date_gmt":"2025-02-28T03:06:40","guid":{"rendered":"https:\/\/vinilozona.lt\/?post_type=product&#038;p=8592"},"modified":"2025-02-28T07:33:43","modified_gmt":"2025-02-28T05:33:43","slug":"rupert-hine-%e2%80%8e-waving-not-drowning","status":"publish","type":"product","link":"https:\/\/vinilozona.lt\/en\/parduotuve\/rock-pop\/rupert-hine-%e2%80%8e-waving-not-drowning\/","title":{"rendered":"Rupert Hine \u200e\u2013 Waving Not Drowning"},"content":{"rendered":"<p>Eleven Faces\t3:44<br \/>\nThe Curious Kind\t4:46<br \/>\nThe Set Up\t4:29<br \/>\nDark Windows\t3:22<br \/>\nThe Sniper\t5:32<br \/>\nInnocents In Paradise\t3:24<br \/>\nHouse Arrest\t4:18<br \/>\nThe Outsider\t5:29<br \/>\nOne Man&#8217;s Poison\t6:13<\/p>","protected":false},"excerpt":{"rendered":"<p>A&#038;M Records \u2013 AMLH 68541<br \/>\nFormat:<br \/>\nVinyl, LP, Album, Stereo<br \/>\nCountry:<br \/>\nEurope<br \/>\nReleased:<br \/>\n1982<\/p>","protected":false},"featured_media":8593,"template":"","meta":[],"product_cat":[15],"product_tag":[44],"yoast_head":"<!-- This site is optimized with the Yoast SEO plugin v23.5 - https:\/\/yoast.com\/wordpress\/plugins\/seo\/ -->\n<title>Rupert Hine \u200e\u2013 Waving Not Drowning Vinilin\u0117 Plok\u0161tel\u0117 | Vinilozona.lt<\/title>\n<meta name=\"robots\" content=\"index, follow, max-snippet:-1, max-image-preview:large, max-video-preview:-1\" \/>\n<link rel=\"canonical\" href=\"https:\/\/vinilozona.lt\/en\/parduotuve\/rock-pop\/rupert-hine-\u200e-waving-not-drowning\/\" \/>\n<meta property=\"og:locale\" content=\"en_GB\" \/>\n<meta property=\"og:type\" content=\"article\" \/>\n<meta property=\"og:title\" content=\"Rupert Hine \u200e\u2013 Waving Not Drowning Vinilin\u0117 Plok\u0161tel\u0117 | Vinilozona.lt\" \/>\n<meta property=\"og:description\" content=\"A&amp;M Records \u2013 AMLH 68541 Format: Vinyl, LP, Album, Stereo Country: Europe Released: 1982\" \/>\n<meta property=\"og:url\" content=\"https:\/\/vinilozona.lt\/en\/parduotuve\/rock-pop\/rupert-hine-\u200e-waving-not-drowning\/\" \/>\n<meta property=\"og:site_name\" content=\"Vinilo Zona\" \/>\n<meta property=\"article:modified_time\" content=\"2025-02-28T05:33:43+00:00\" \/>\n<meta property=\"og:image\" content=\"https:\/\/vinilozona.lt\/wp-content\/uploads\/2020\/04\/R-5739253-1401321800-4963.jpeg.jpg\" \/>\n\t<meta property=\"og:image:width\" content=\"300\" \/>\n\t<meta property=\"og:image:height\" content=\"300\" \/>\n\t<meta property=\"og:image:type\" content=\"image\/jpeg\" \/>\n<meta name=\"twitter:card\" content=\"summary_large_image\" \/>\n<meta name=\"twitter:label1\" content=\"Estimated reading time\" \/>\n\t<meta name=\"twitter:data1\" content=\"1 minute\" \/>\n<script type=\"application\/ld+json\" class=\"yoast-schema-graph\">{\"@context\":\"https:\/\/schema.org\",\"@graph\":[{\"@type\":\"WebPage\",\"@id\":\"https:\/\/vinilozona.lt\/parduotuve\/rock-pop\/rupert-hine-%e2%80%8e-waving-not-drowning\/\",\"url\":\"https:\/\/vinilozona.lt\/parduotuve\/rock-pop\/rupert-hine-%e2%80%8e-waving-not-drowning\/\",\"name\":\"Rupert Hine \u200e\u2013 Waving Not Drowning Vinilin\u0117 Plok\u0161tel\u0117 | Vinilozona.lt\",\"isPartOf\":{\"@id\":\"https:\/\/vinilozona.lt\/#website\"},\"primaryImageOfPage\":{\"@id\":\"https:\/\/vinilozona.lt\/parduotuve\/rock-pop\/rupert-hine-%e2%80%8e-waving-not-drowning\/#primaryimage\"},\"image\":{\"@id\":\"https:\/\/vinilozona.lt\/parduotuve\/rock-pop\/rupert-hine-%e2%80%8e-waving-not-drowning\/#primaryimage\"},\"thumbnailUrl\":\"https:\/\/vinilozona.lt\/wp-content\/uploads\/2020\/04\/R-5739253-1401321800-4963.jpeg.jpg\",\"datePublished\":\"2025-02-28T03:06:40+00:00\",\"dateModified\":\"2025-02-28T05:33:43+00:00\",\"breadcrumb\":{\"@id\":\"https:\/\/vinilozona.lt\/parduotuve\/rock-pop\/rupert-hine-%e2%80%8e-waving-not-drowning\/#breadcrumb\"},\"inLanguage\":\"en-GB\",\"potentialAction\":[{\"@type\":\"ReadAction\",\"target\":[\"https:\/\/vinilozona.lt\/parduotuve\/rock-pop\/rupert-hine-%e2%80%8e-waving-not-drowning\/\"]}]},{\"@type\":\"ImageObject\",\"inLanguage\":\"en-GB\",\"@id\":\"https:\/\/vinilozona.lt\/parduotuve\/rock-pop\/rupert-hine-%e2%80%8e-waving-not-drowning\/#primaryimage\",\"url\":\"https:\/\/vinilozona.lt\/wp-content\/uploads\/2020\/04\/R-5739253-1401321800-4963.jpeg.jpg\",\"contentUrl\":\"https:\/\/vinilozona.lt\/wp-content\/uploads\/2020\/04\/R-5739253-1401321800-4963.jpeg.jpg\",\"width\":300,\"height\":300},{\"@type\":\"BreadcrumbList\",\"@id\":\"https:\/\/vinilozona.lt\/parduotuve\/rock-pop\/rupert-hine-%e2%80%8e-waving-not-drowning\/#breadcrumb\",\"itemListElement\":[{\"@type\":\"ListItem\",\"position\":1,\"name\":\"Home\",\"item\":\"https:\/\/vinilozona.lt\/\"},{\"@type\":\"ListItem\",\"position\":2,\"name\":\"Parduotuv\u0117\",\"item\":\"https:\/\/vinilozona.lt\/parduotuve\/\"},{\"@type\":\"ListItem\",\"position\":3,\"name\":\"Rupert Hine \u200e\u2013 Waving Not Drowning\"}]},{\"@type\":\"WebSite\",\"@id\":\"https:\/\/vinilozona.lt\/#website\",\"url\":\"https:\/\/vinilozona.lt\/\",\"name\":\"Vinilo Zona\",\"description\":\"Nup\u016bsk dulkes ir klausyk LP\",\"potentialAction\":[{\"@type\":\"SearchAction\",\"target\":{\"@type\":\"EntryPoint\",\"urlTemplate\":\"https:\/\/vinilozona.lt\/?s={search_term_string}\"},\"query-input\":{\"@type\":\"PropertyValueSpecification\",\"valueRequired\":true,\"valueName\":\"search_term_string\"}}],\"inLanguage\":\"en-GB\"}]}<\/script>\n<!-- \/ Yoast SEO plugin. -->","yoast_head_json":{"title":"Rupert Hine \u200e\u2013 Waving Not Drowning Vinilin\u0117 Plok\u0161tel\u0117 | Vinilozona.lt","robots":{"index":"index","follow":"follow","max-snippet":"max-snippet:-1","max-image-preview":"max-image-preview:large","max-video-preview":"max-video-preview:-1"},"canonical":"https:\/\/vinilozona.lt\/en\/parduotuve\/rock-pop\/rupert-hine-\u200e-waving-not-drowning\/","og_locale":"en_GB","og_type":"article","og_title":"Rupert Hine \u200e\u2013 Waving Not Drowning Vinilin\u0117 Plok\u0161tel\u0117 | Vinilozona.lt","og_description":"A&M Records \u2013 AMLH 68541 Format: Vinyl, LP, Album, Stereo Country: Europe Released: 1982","og_url":"https:\/\/vinilozona.lt\/en\/parduotuve\/rock-pop\/rupert-hine-\u200e-waving-not-drowning\/","og_site_name":"Vinilo Zona","article_modified_time":"2025-02-28T05:33:43+00:00","og_image":[{"width":300,"height":300,"url":"https:\/\/vinilozona.lt\/wp-content\/uploads\/2020\/04\/R-5739253-1401321800-4963.jpeg.jpg","type":"image\/jpeg"}],"twitter_card":"summary_large_image","twitter_misc":{"Estimated reading time":"1 minute"},"schema":{"@context":"https:\/\/schema.org","@graph":[{"@type":"WebPage","@id":"https:\/\/vinilozona.lt\/parduotuve\/rock-pop\/rupert-hine-%e2%80%8e-waving-not-drowning\/","url":"https:\/\/vinilozona.lt\/parduotuve\/rock-pop\/rupert-hine-%e2%80%8e-waving-not-drowning\/","name":"Rupert Hine \u200e\u2013 Waving Not Drowning Vinilin\u0117 Plok\u0161tel\u0117 | Vinilozona.lt","isPartOf":{"@id":"https:\/\/vinilozona.lt\/#website"},"primaryImageOfPage":{"@id":"https:\/\/vinilozona.lt\/parduotuve\/rock-pop\/rupert-hine-%e2%80%8e-waving-not-drowning\/#primaryimage"},"image":{"@id":"https:\/\/vinilozona.lt\/parduotuve\/rock-pop\/rupert-hine-%e2%80%8e-waving-not-drowning\/#primaryimage"},"thumbnailUrl":"https:\/\/vinilozona.lt\/wp-content\/uploads\/2020\/04\/R-5739253-1401321800-4963.jpeg.jpg","datePublished":"2025-02-28T03:06:40+00:00","dateModified":"2025-02-28T05:33:43+00:00","breadcrumb":{"@id":"https:\/\/vinilozona.lt\/parduotuve\/rock-pop\/rupert-hine-%e2%80%8e-waving-not-drowning\/#breadcrumb"},"inLanguage":"en-GB","potentialAction":[{"@type":"ReadAction","target":["https:\/\/vinilozona.lt\/parduotuve\/rock-pop\/rupert-hine-%e2%80%8e-waving-not-drowning\/"]}]},{"@type":"ImageObject","inLanguage":"en-GB","@id":"https:\/\/vinilozona.lt\/parduotuve\/rock-pop\/rupert-hine-%e2%80%8e-waving-not-drowning\/#primaryimage","url":"https:\/\/vinilozona.lt\/wp-content\/uploads\/2020\/04\/R-5739253-1401321800-4963.jpeg.jpg","contentUrl":"https:\/\/vinilozona.lt\/wp-content\/uploads\/2020\/04\/R-5739253-1401321800-4963.jpeg.jpg","width":300,"height":300},{"@type":"BreadcrumbList","@id":"https:\/\/vinilozona.lt\/parduotuve\/rock-pop\/rupert-hine-%e2%80%8e-waving-not-drowning\/#breadcrumb","itemListElement":[{"@type":"ListItem","position":1,"name":"Home","item":"https:\/\/vinilozona.lt\/"},{"@type":"ListItem","position":2,"name":"Parduotuv\u0117","item":"https:\/\/vinilozona.lt\/parduotuve\/"},{"@type":"ListItem","position":3,"name":"Rupert Hine \u200e\u2013 Waving Not Drowning"}]},{"@type":"WebSite","@id":"https:\/\/vinilozona.lt\/#website","url":"https:\/\/vinilozona.lt\/","name":"Vinilo Zona","description":"Nup\u016bsk dulkes ir klausyk LP","potentialAction":[{"@type":"SearchAction","target":{"@type":"EntryPoint","urlTemplate":"https:\/\/vinilozona.lt\/?s={search_term_string}"},"query-input":{"@type":"PropertyValueSpecification","valueRequired":true,"valueName":"search_term_string"}}],"inLanguage":"en-GB"}]}},"_links":{"self":[{"href":"https:\/\/vinilozona.lt\/en\/wp-json\/wp\/v2\/product\/8592"}],"collection":[{"href":"https:\/\/vinilozona.lt\/en\/wp-json\/wp\/v2\/product"}],"about":[{"href":"https:\/\/vinilozona.lt\/en\/wp-json\/wp\/v2\/types\/product"}],"wp:featuredmedia":[{"embeddable":true,"href":"https:\/\/vinilozona.lt\/en\/wp-json\/wp\/v2\/media\/8593"}],"wp:attachment":[{"href":"https:\/\/vinilozona.lt\/en\/wp-json\/wp\/v2\/media?parent=8592"}],"wp:term":[{"taxonomy":"product_cat","embeddable":true,"href":"https:\/\/vinilozona.lt\/en\/wp-json\/wp\/v2\/product_cat?post=8592"},{"taxonomy":"product_tag","embeddable":true,"href":"https:\/\/vinilozona.lt\/en\/wp-json\/wp\/v2\/product_tag?post=8592"}],"curies":[{"name":"wp","href":"https:\/\/api.w.org\/{rel}","templated":true}]}}