{"id":8373,"date":"2023-11-07T05:03:46","date_gmt":"2023-11-07T03:03:46","guid":{"rendered":"https:\/\/vinilozona.lt\/?post_type=product&#038;p=8373"},"modified":"2023-11-04T10:17:15","modified_gmt":"2023-11-04T08:17:15","slug":"earth-wind-fire-%e2%80%8e-electric-universe","status":"publish","type":"product","link":"https:\/\/vinilozona.lt\/en\/parduotuve\/rock-pop\/earth-wind-fire-%e2%80%8e-electric-universe\/","title":{"rendered":"Earth, Wind &#038; Fire \u200e\u2013 All &#8216;N All"},"content":{"rendered":"<p>Serpentine Fire\t3:51<br \/>\nFantasy\t4:38<br \/>\nIn The Market Place (Interlude) \/ Jupiter\t(3:55)<br \/>\nIn The Market Place (Interlude)<br \/>\nJupiter<br \/>\nLove&#8217;s Holiday \/ Brazilian Rhyme (Interlude)\t(5:43)<br \/>\nLove&#8217;s Holiday<br \/>\nBrazilian Rhyme (Interlude)<br \/>\nI&#8217;ll Write A Song For You\t5:23<br \/>\nMagic Mind\t3:39<br \/>\nRunnin&#8217; \/ Brazilian Rhyme (Interlude)\t(6:45)<br \/>\nRunnin&#8217;<br \/>\nBrazilian Rhyme (Interlude)<br \/>\nBe Ever Wonderful\t5:08<\/p>","protected":false},"excerpt":{"rendered":"<p>CBS \u2013 CBS 32266<br \/>\nFormat:<br \/>\nVinyl, LP, Album,<br \/>\nCountry:\tEurope<br \/>\nReleased:\t1977<\/p>","protected":false},"featured_media":21244,"template":"","meta":[],"product_cat":[20,15],"product_tag":[44],"yoast_head":"<!-- This site is optimized with the Yoast SEO plugin v23.5 - https:\/\/yoast.com\/wordpress\/plugins\/seo\/ -->\n<title>Earth, Wind &amp; Fire \u200e\u2013 All &#039;N All Vinilin\u0117 Plok\u0161tel\u0117 | Vinilozona.lt<\/title>\n<meta name=\"robots\" content=\"index, follow, max-snippet:-1, max-image-preview:large, max-video-preview:-1\" \/>\n<link rel=\"canonical\" href=\"https:\/\/vinilozona.lt\/en\/parduotuve\/rock-pop\/earth-wind-fire-\u200e-electric-universe\/\" \/>\n<meta property=\"og:locale\" content=\"en_GB\" \/>\n<meta property=\"og:type\" content=\"article\" \/>\n<meta property=\"og:title\" content=\"Earth, Wind &amp; Fire \u200e\u2013 All &#039;N All Vinilin\u0117 Plok\u0161tel\u0117 | Vinilozona.lt\" \/>\n<meta property=\"og:description\" content=\"CBS \u2013 CBS 32266 Format:  Vinyl, LP, Album,  Country: Europe Released: 1977\" \/>\n<meta property=\"og:url\" content=\"https:\/\/vinilozona.lt\/en\/parduotuve\/rock-pop\/earth-wind-fire-\u200e-electric-universe\/\" \/>\n<meta property=\"og:site_name\" content=\"Vinilo Zona\" \/>\n<meta property=\"article:modified_time\" content=\"2023-11-04T08:17:15+00:00\" \/>\n<meta property=\"og:image\" content=\"https:\/\/vinilozona.lt\/wp-content\/uploads\/2020\/04\/R-552572-1130605990.jpg\" \/>\n\t<meta property=\"og:image:width\" content=\"550\" \/>\n\t<meta property=\"og:image:height\" content=\"550\" \/>\n\t<meta property=\"og:image:type\" content=\"image\/jpeg\" \/>\n<meta name=\"twitter:card\" content=\"summary_large_image\" \/>\n<script type=\"application\/ld+json\" class=\"yoast-schema-graph\">{\"@context\":\"https:\/\/schema.org\",\"@graph\":[{\"@type\":\"WebPage\",\"@id\":\"https:\/\/vinilozona.lt\/parduotuve\/rock-pop\/earth-wind-fire-%e2%80%8e-electric-universe\/\",\"url\":\"https:\/\/vinilozona.lt\/parduotuve\/rock-pop\/earth-wind-fire-%e2%80%8e-electric-universe\/\",\"name\":\"Earth, Wind & Fire \u200e\u2013 All 'N All Vinilin\u0117 Plok\u0161tel\u0117 | Vinilozona.lt\",\"isPartOf\":{\"@id\":\"https:\/\/vinilozona.lt\/#website\"},\"primaryImageOfPage\":{\"@id\":\"https:\/\/vinilozona.lt\/parduotuve\/rock-pop\/earth-wind-fire-%e2%80%8e-electric-universe\/#primaryimage\"},\"image\":{\"@id\":\"https:\/\/vinilozona.lt\/parduotuve\/rock-pop\/earth-wind-fire-%e2%80%8e-electric-universe\/#primaryimage\"},\"thumbnailUrl\":\"https:\/\/vinilozona.lt\/wp-content\/uploads\/2020\/04\/R-552572-1130605990.jpg\",\"datePublished\":\"2023-11-07T03:03:46+00:00\",\"dateModified\":\"2023-11-04T08:17:15+00:00\",\"breadcrumb\":{\"@id\":\"https:\/\/vinilozona.lt\/parduotuve\/rock-pop\/earth-wind-fire-%e2%80%8e-electric-universe\/#breadcrumb\"},\"inLanguage\":\"en-GB\",\"potentialAction\":[{\"@type\":\"ReadAction\",\"target\":[\"https:\/\/vinilozona.lt\/parduotuve\/rock-pop\/earth-wind-fire-%e2%80%8e-electric-universe\/\"]}]},{\"@type\":\"ImageObject\",\"inLanguage\":\"en-GB\",\"@id\":\"https:\/\/vinilozona.lt\/parduotuve\/rock-pop\/earth-wind-fire-%e2%80%8e-electric-universe\/#primaryimage\",\"url\":\"https:\/\/vinilozona.lt\/wp-content\/uploads\/2020\/04\/R-552572-1130605990.jpg\",\"contentUrl\":\"https:\/\/vinilozona.lt\/wp-content\/uploads\/2020\/04\/R-552572-1130605990.jpg\",\"width\":550,\"height\":550},{\"@type\":\"BreadcrumbList\",\"@id\":\"https:\/\/vinilozona.lt\/parduotuve\/rock-pop\/earth-wind-fire-%e2%80%8e-electric-universe\/#breadcrumb\",\"itemListElement\":[{\"@type\":\"ListItem\",\"position\":1,\"name\":\"Home\",\"item\":\"https:\/\/vinilozona.lt\/\"},{\"@type\":\"ListItem\",\"position\":2,\"name\":\"Parduotuv\u0117\",\"item\":\"https:\/\/vinilozona.lt\/parduotuve\/\"},{\"@type\":\"ListItem\",\"position\":3,\"name\":\"Earth, Wind &#038; Fire \u200e\u2013 All &#8216;N All\"}]},{\"@type\":\"WebSite\",\"@id\":\"https:\/\/vinilozona.lt\/#website\",\"url\":\"https:\/\/vinilozona.lt\/\",\"name\":\"Vinilo Zona\",\"description\":\"Nup\u016bsk dulkes ir klausyk LP\",\"potentialAction\":[{\"@type\":\"SearchAction\",\"target\":{\"@type\":\"EntryPoint\",\"urlTemplate\":\"https:\/\/vinilozona.lt\/?s={search_term_string}\"},\"query-input\":{\"@type\":\"PropertyValueSpecification\",\"valueRequired\":true,\"valueName\":\"search_term_string\"}}],\"inLanguage\":\"en-GB\"}]}<\/script>\n<!-- \/ Yoast SEO plugin. -->","yoast_head_json":{"title":"Earth, Wind & Fire \u200e\u2013 All 'N All Vinilin\u0117 Plok\u0161tel\u0117 | Vinilozona.lt","robots":{"index":"index","follow":"follow","max-snippet":"max-snippet:-1","max-image-preview":"max-image-preview:large","max-video-preview":"max-video-preview:-1"},"canonical":"https:\/\/vinilozona.lt\/en\/parduotuve\/rock-pop\/earth-wind-fire-\u200e-electric-universe\/","og_locale":"en_GB","og_type":"article","og_title":"Earth, Wind & Fire \u200e\u2013 All 'N All Vinilin\u0117 Plok\u0161tel\u0117 | Vinilozona.lt","og_description":"CBS \u2013 CBS 32266 Format:  Vinyl, LP, Album,  Country: Europe Released: 1977","og_url":"https:\/\/vinilozona.lt\/en\/parduotuve\/rock-pop\/earth-wind-fire-\u200e-electric-universe\/","og_site_name":"Vinilo Zona","article_modified_time":"2023-11-04T08:17:15+00:00","og_image":[{"width":550,"height":550,"url":"https:\/\/vinilozona.lt\/wp-content\/uploads\/2020\/04\/R-552572-1130605990.jpg","type":"image\/jpeg"}],"twitter_card":"summary_large_image","schema":{"@context":"https:\/\/schema.org","@graph":[{"@type":"WebPage","@id":"https:\/\/vinilozona.lt\/parduotuve\/rock-pop\/earth-wind-fire-%e2%80%8e-electric-universe\/","url":"https:\/\/vinilozona.lt\/parduotuve\/rock-pop\/earth-wind-fire-%e2%80%8e-electric-universe\/","name":"Earth, Wind & Fire \u200e\u2013 All 'N All Vinilin\u0117 Plok\u0161tel\u0117 | Vinilozona.lt","isPartOf":{"@id":"https:\/\/vinilozona.lt\/#website"},"primaryImageOfPage":{"@id":"https:\/\/vinilozona.lt\/parduotuve\/rock-pop\/earth-wind-fire-%e2%80%8e-electric-universe\/#primaryimage"},"image":{"@id":"https:\/\/vinilozona.lt\/parduotuve\/rock-pop\/earth-wind-fire-%e2%80%8e-electric-universe\/#primaryimage"},"thumbnailUrl":"https:\/\/vinilozona.lt\/wp-content\/uploads\/2020\/04\/R-552572-1130605990.jpg","datePublished":"2023-11-07T03:03:46+00:00","dateModified":"2023-11-04T08:17:15+00:00","breadcrumb":{"@id":"https:\/\/vinilozona.lt\/parduotuve\/rock-pop\/earth-wind-fire-%e2%80%8e-electric-universe\/#breadcrumb"},"inLanguage":"en-GB","potentialAction":[{"@type":"ReadAction","target":["https:\/\/vinilozona.lt\/parduotuve\/rock-pop\/earth-wind-fire-%e2%80%8e-electric-universe\/"]}]},{"@type":"ImageObject","inLanguage":"en-GB","@id":"https:\/\/vinilozona.lt\/parduotuve\/rock-pop\/earth-wind-fire-%e2%80%8e-electric-universe\/#primaryimage","url":"https:\/\/vinilozona.lt\/wp-content\/uploads\/2020\/04\/R-552572-1130605990.jpg","contentUrl":"https:\/\/vinilozona.lt\/wp-content\/uploads\/2020\/04\/R-552572-1130605990.jpg","width":550,"height":550},{"@type":"BreadcrumbList","@id":"https:\/\/vinilozona.lt\/parduotuve\/rock-pop\/earth-wind-fire-%e2%80%8e-electric-universe\/#breadcrumb","itemListElement":[{"@type":"ListItem","position":1,"name":"Home","item":"https:\/\/vinilozona.lt\/"},{"@type":"ListItem","position":2,"name":"Parduotuv\u0117","item":"https:\/\/vinilozona.lt\/parduotuve\/"},{"@type":"ListItem","position":3,"name":"Earth, Wind &#038; Fire \u200e\u2013 All &#8216;N All"}]},{"@type":"WebSite","@id":"https:\/\/vinilozona.lt\/#website","url":"https:\/\/vinilozona.lt\/","name":"Vinilo Zona","description":"Nup\u016bsk dulkes ir klausyk LP","potentialAction":[{"@type":"SearchAction","target":{"@type":"EntryPoint","urlTemplate":"https:\/\/vinilozona.lt\/?s={search_term_string}"},"query-input":{"@type":"PropertyValueSpecification","valueRequired":true,"valueName":"search_term_string"}}],"inLanguage":"en-GB"}]}},"_links":{"self":[{"href":"https:\/\/vinilozona.lt\/en\/wp-json\/wp\/v2\/product\/8373"}],"collection":[{"href":"https:\/\/vinilozona.lt\/en\/wp-json\/wp\/v2\/product"}],"about":[{"href":"https:\/\/vinilozona.lt\/en\/wp-json\/wp\/v2\/types\/product"}],"wp:featuredmedia":[{"embeddable":true,"href":"https:\/\/vinilozona.lt\/en\/wp-json\/wp\/v2\/media\/21244"}],"wp:attachment":[{"href":"https:\/\/vinilozona.lt\/en\/wp-json\/wp\/v2\/media?parent=8373"}],"wp:term":[{"taxonomy":"product_cat","embeddable":true,"href":"https:\/\/vinilozona.lt\/en\/wp-json\/wp\/v2\/product_cat?post=8373"},{"taxonomy":"product_tag","embeddable":true,"href":"https:\/\/vinilozona.lt\/en\/wp-json\/wp\/v2\/product_tag?post=8373"}],"curies":[{"name":"wp","href":"https:\/\/api.w.org\/{rel}","templated":true}]}}