{"id":8164,"date":"2025-05-23T05:15:31","date_gmt":"2025-05-23T02:15:31","guid":{"rendered":"https:\/\/vinilozona.lt\/?post_type=product&#038;p=8164"},"modified":"2025-05-23T09:36:47","modified_gmt":"2025-05-23T06:36:47","slug":"whitesnake-%e2%80%8e-trouble","status":"publish","type":"product","link":"https:\/\/vinilozona.lt\/en\/parduotuve\/rock-pop\/whitesnake-%e2%80%8e-trouble\/","title":{"rendered":"Whitesnake \u200e\u2013 Trouble"},"content":{"rendered":"<p>A1\t\tTake Me With You<br \/>\nA2\t\tLove To Keep You Warm<br \/>\nA3\t\tLie Down (A Modern Love Song)<br \/>\nA4\t\tDay Tripper<br \/>\nA5\t\tNighthawk (Vampire Blues)<br \/>\nB1\t\tThe Time Is Right For Love<br \/>\nB2\t\tTrouble<br \/>\nB3\t\tBelgian Tom&#8217;s Hat Trick<br \/>\nB4\t\tFree Flight<br \/>\nB5\t\tDon&#8217;t Mess With Me<\/p>","protected":false},"excerpt":{"rendered":"<p>Harvest \u2013 1C 064-61 740, Sunburst \u2013 1C 064-61 740<br \/>\nFormat:<br \/>\nVinyl, LP, Album, Stereo<br \/>\nCountry:<br \/>\nGermany<br \/>\nReleased:<br \/>\n1978<\/p>","protected":false},"featured_media":28192,"template":"","meta":[],"product_cat":[15],"product_tag":[44],"yoast_head":"<!-- This site is optimized with the Yoast SEO plugin v23.5 - https:\/\/yoast.com\/wordpress\/plugins\/seo\/ -->\n<title>Whitesnake \u200e\u2013 Trouble Vinilin\u0117 Plok\u0161tel\u0117 | Vinilozona.lt<\/title>\n<meta name=\"robots\" content=\"index, follow, max-snippet:-1, max-image-preview:large, max-video-preview:-1\" \/>\n<link rel=\"canonical\" href=\"https:\/\/vinilozona.lt\/en\/parduotuve\/rock-pop\/whitesnake-\u200e-trouble\/\" \/>\n<meta property=\"og:locale\" content=\"en_GB\" \/>\n<meta property=\"og:type\" content=\"article\" \/>\n<meta property=\"og:title\" content=\"Whitesnake \u200e\u2013 Trouble Vinilin\u0117 Plok\u0161tel\u0117 | Vinilozona.lt\" \/>\n<meta property=\"og:description\" content=\"Harvest \u2013 1C 064-61 740, Sunburst \u2013 1C 064-61 740 Format: Vinyl, LP, Album, Stereo Country: Germany Released: 1978\" \/>\n<meta property=\"og:url\" content=\"https:\/\/vinilozona.lt\/en\/parduotuve\/rock-pop\/whitesnake-\u200e-trouble\/\" \/>\n<meta property=\"og:site_name\" content=\"Vinilo Zona\" \/>\n<meta property=\"article:modified_time\" content=\"2025-05-23T06:36:47+00:00\" \/>\n<meta property=\"og:image\" content=\"https:\/\/vinilozona.lt\/wp-content\/uploads\/2023\/10\/R-2888638-1457127222-3768.jpg\" \/>\n\t<meta property=\"og:image:width\" content=\"600\" \/>\n\t<meta property=\"og:image:height\" content=\"592\" \/>\n\t<meta property=\"og:image:type\" content=\"image\/jpeg\" \/>\n<meta name=\"twitter:card\" content=\"summary_large_image\" \/>\n<meta name=\"twitter:label1\" content=\"Estimated reading time\" \/>\n\t<meta name=\"twitter:data1\" content=\"1 minute\" \/>\n<script type=\"application\/ld+json\" class=\"yoast-schema-graph\">{\"@context\":\"https:\/\/schema.org\",\"@graph\":[{\"@type\":\"WebPage\",\"@id\":\"https:\/\/vinilozona.lt\/parduotuve\/rock-pop\/whitesnake-%e2%80%8e-trouble\/\",\"url\":\"https:\/\/vinilozona.lt\/parduotuve\/rock-pop\/whitesnake-%e2%80%8e-trouble\/\",\"name\":\"Whitesnake \u200e\u2013 Trouble Vinilin\u0117 Plok\u0161tel\u0117 | Vinilozona.lt\",\"isPartOf\":{\"@id\":\"https:\/\/vinilozona.lt\/#website\"},\"primaryImageOfPage\":{\"@id\":\"https:\/\/vinilozona.lt\/parduotuve\/rock-pop\/whitesnake-%e2%80%8e-trouble\/#primaryimage\"},\"image\":{\"@id\":\"https:\/\/vinilozona.lt\/parduotuve\/rock-pop\/whitesnake-%e2%80%8e-trouble\/#primaryimage\"},\"thumbnailUrl\":\"https:\/\/vinilozona.lt\/wp-content\/uploads\/2023\/10\/R-2888638-1457127222-3768.jpg\",\"datePublished\":\"2025-05-23T02:15:31+00:00\",\"dateModified\":\"2025-05-23T06:36:47+00:00\",\"breadcrumb\":{\"@id\":\"https:\/\/vinilozona.lt\/parduotuve\/rock-pop\/whitesnake-%e2%80%8e-trouble\/#breadcrumb\"},\"inLanguage\":\"en-GB\",\"potentialAction\":[{\"@type\":\"ReadAction\",\"target\":[\"https:\/\/vinilozona.lt\/parduotuve\/rock-pop\/whitesnake-%e2%80%8e-trouble\/\"]}]},{\"@type\":\"ImageObject\",\"inLanguage\":\"en-GB\",\"@id\":\"https:\/\/vinilozona.lt\/parduotuve\/rock-pop\/whitesnake-%e2%80%8e-trouble\/#primaryimage\",\"url\":\"https:\/\/vinilozona.lt\/wp-content\/uploads\/2023\/10\/R-2888638-1457127222-3768.jpg\",\"contentUrl\":\"https:\/\/vinilozona.lt\/wp-content\/uploads\/2023\/10\/R-2888638-1457127222-3768.jpg\",\"width\":600,\"height\":592},{\"@type\":\"BreadcrumbList\",\"@id\":\"https:\/\/vinilozona.lt\/parduotuve\/rock-pop\/whitesnake-%e2%80%8e-trouble\/#breadcrumb\",\"itemListElement\":[{\"@type\":\"ListItem\",\"position\":1,\"name\":\"Home\",\"item\":\"https:\/\/vinilozona.lt\/\"},{\"@type\":\"ListItem\",\"position\":2,\"name\":\"Parduotuv\u0117\",\"item\":\"https:\/\/vinilozona.lt\/parduotuve\/\"},{\"@type\":\"ListItem\",\"position\":3,\"name\":\"Whitesnake \u200e\u2013 Trouble\"}]},{\"@type\":\"WebSite\",\"@id\":\"https:\/\/vinilozona.lt\/#website\",\"url\":\"https:\/\/vinilozona.lt\/\",\"name\":\"Vinilo Zona\",\"description\":\"Nup\u016bsk dulkes ir klausyk LP\",\"potentialAction\":[{\"@type\":\"SearchAction\",\"target\":{\"@type\":\"EntryPoint\",\"urlTemplate\":\"https:\/\/vinilozona.lt\/?s={search_term_string}\"},\"query-input\":{\"@type\":\"PropertyValueSpecification\",\"valueRequired\":true,\"valueName\":\"search_term_string\"}}],\"inLanguage\":\"en-GB\"}]}<\/script>\n<!-- \/ Yoast SEO plugin. -->","yoast_head_json":{"title":"Whitesnake \u200e\u2013 Trouble Vinilin\u0117 Plok\u0161tel\u0117 | Vinilozona.lt","robots":{"index":"index","follow":"follow","max-snippet":"max-snippet:-1","max-image-preview":"max-image-preview:large","max-video-preview":"max-video-preview:-1"},"canonical":"https:\/\/vinilozona.lt\/en\/parduotuve\/rock-pop\/whitesnake-\u200e-trouble\/","og_locale":"en_GB","og_type":"article","og_title":"Whitesnake \u200e\u2013 Trouble Vinilin\u0117 Plok\u0161tel\u0117 | Vinilozona.lt","og_description":"Harvest \u2013 1C 064-61 740, Sunburst \u2013 1C 064-61 740 Format: Vinyl, LP, Album, Stereo Country: Germany Released: 1978","og_url":"https:\/\/vinilozona.lt\/en\/parduotuve\/rock-pop\/whitesnake-\u200e-trouble\/","og_site_name":"Vinilo Zona","article_modified_time":"2025-05-23T06:36:47+00:00","og_image":[{"width":600,"height":592,"url":"https:\/\/vinilozona.lt\/wp-content\/uploads\/2023\/10\/R-2888638-1457127222-3768.jpg","type":"image\/jpeg"}],"twitter_card":"summary_large_image","twitter_misc":{"Estimated reading time":"1 minute"},"schema":{"@context":"https:\/\/schema.org","@graph":[{"@type":"WebPage","@id":"https:\/\/vinilozona.lt\/parduotuve\/rock-pop\/whitesnake-%e2%80%8e-trouble\/","url":"https:\/\/vinilozona.lt\/parduotuve\/rock-pop\/whitesnake-%e2%80%8e-trouble\/","name":"Whitesnake \u200e\u2013 Trouble Vinilin\u0117 Plok\u0161tel\u0117 | Vinilozona.lt","isPartOf":{"@id":"https:\/\/vinilozona.lt\/#website"},"primaryImageOfPage":{"@id":"https:\/\/vinilozona.lt\/parduotuve\/rock-pop\/whitesnake-%e2%80%8e-trouble\/#primaryimage"},"image":{"@id":"https:\/\/vinilozona.lt\/parduotuve\/rock-pop\/whitesnake-%e2%80%8e-trouble\/#primaryimage"},"thumbnailUrl":"https:\/\/vinilozona.lt\/wp-content\/uploads\/2023\/10\/R-2888638-1457127222-3768.jpg","datePublished":"2025-05-23T02:15:31+00:00","dateModified":"2025-05-23T06:36:47+00:00","breadcrumb":{"@id":"https:\/\/vinilozona.lt\/parduotuve\/rock-pop\/whitesnake-%e2%80%8e-trouble\/#breadcrumb"},"inLanguage":"en-GB","potentialAction":[{"@type":"ReadAction","target":["https:\/\/vinilozona.lt\/parduotuve\/rock-pop\/whitesnake-%e2%80%8e-trouble\/"]}]},{"@type":"ImageObject","inLanguage":"en-GB","@id":"https:\/\/vinilozona.lt\/parduotuve\/rock-pop\/whitesnake-%e2%80%8e-trouble\/#primaryimage","url":"https:\/\/vinilozona.lt\/wp-content\/uploads\/2023\/10\/R-2888638-1457127222-3768.jpg","contentUrl":"https:\/\/vinilozona.lt\/wp-content\/uploads\/2023\/10\/R-2888638-1457127222-3768.jpg","width":600,"height":592},{"@type":"BreadcrumbList","@id":"https:\/\/vinilozona.lt\/parduotuve\/rock-pop\/whitesnake-%e2%80%8e-trouble\/#breadcrumb","itemListElement":[{"@type":"ListItem","position":1,"name":"Home","item":"https:\/\/vinilozona.lt\/"},{"@type":"ListItem","position":2,"name":"Parduotuv\u0117","item":"https:\/\/vinilozona.lt\/parduotuve\/"},{"@type":"ListItem","position":3,"name":"Whitesnake \u200e\u2013 Trouble"}]},{"@type":"WebSite","@id":"https:\/\/vinilozona.lt\/#website","url":"https:\/\/vinilozona.lt\/","name":"Vinilo Zona","description":"Nup\u016bsk dulkes ir klausyk LP","potentialAction":[{"@type":"SearchAction","target":{"@type":"EntryPoint","urlTemplate":"https:\/\/vinilozona.lt\/?s={search_term_string}"},"query-input":{"@type":"PropertyValueSpecification","valueRequired":true,"valueName":"search_term_string"}}],"inLanguage":"en-GB"}]}},"_links":{"self":[{"href":"https:\/\/vinilozona.lt\/en\/wp-json\/wp\/v2\/product\/8164"}],"collection":[{"href":"https:\/\/vinilozona.lt\/en\/wp-json\/wp\/v2\/product"}],"about":[{"href":"https:\/\/vinilozona.lt\/en\/wp-json\/wp\/v2\/types\/product"}],"wp:featuredmedia":[{"embeddable":true,"href":"https:\/\/vinilozona.lt\/en\/wp-json\/wp\/v2\/media\/28192"}],"wp:attachment":[{"href":"https:\/\/vinilozona.lt\/en\/wp-json\/wp\/v2\/media?parent=8164"}],"wp:term":[{"taxonomy":"product_cat","embeddable":true,"href":"https:\/\/vinilozona.lt\/en\/wp-json\/wp\/v2\/product_cat?post=8164"},{"taxonomy":"product_tag","embeddable":true,"href":"https:\/\/vinilozona.lt\/en\/wp-json\/wp\/v2\/product_tag?post=8164"}],"curies":[{"name":"wp","href":"https:\/\/api.w.org\/{rel}","templated":true}]}}