{"id":8158,"date":"2022-06-05T18:04:57","date_gmt":"2022-06-05T15:04:57","guid":{"rendered":"https:\/\/vinilozona.lt\/?post_type=product&#038;p=8158"},"modified":"2022-06-17T10:46:21","modified_gmt":"2022-06-17T07:46:21","slug":"kingdom-come-%e2%80%8e-kingdom-come","status":"publish","type":"product","link":"https:\/\/vinilozona.lt\/en\/parduotuve\/rock-pop\/kingdom-come-%e2%80%8e-kingdom-come\/","title":{"rendered":"Kingdom Come  \u200e\u2013 Kingdom Come"},"content":{"rendered":"<p>A1\t\tLiving Out Of Touch\t4:16<br \/>\nA2\t\tPushin&#8217; Hard\t4:46<br \/>\nA3\t\tWhat Love Can Be\t5:15<br \/>\nA4\t\t17\t5:30<br \/>\nA5\t\tThe Shuffle\t3:38<br \/>\nB1\t\tGet It On\t4:19<br \/>\nB2\t\tNow &#8222;Forever After&#8221;\t5:35<br \/>\nB3\t\tHideaway\t5:36<br \/>\nB4\t\tLoving You\t4:46<br \/>\nB5\t\tShout It Out\t3:37<\/p>","protected":false},"excerpt":{"rendered":"<p>Label:\tPolydor \u2013 KCLP 1, Polydor \u2013 835 368-1<br \/>\nFormat:\tVinyl, LP, Album<br \/>\nCountry:\tUK<br \/>\nReleased:\t1988<\/p>","protected":false},"featured_media":8159,"template":"","meta":[],"product_cat":[15],"product_tag":[55],"yoast_head":"<!-- This site is optimized with the Yoast SEO plugin v23.5 - https:\/\/yoast.com\/wordpress\/plugins\/seo\/ -->\n<title>Kingdom Come \u200e\u2013 Kingdom Come Vinilin\u0117 Plok\u0161tel\u0117 | Vinilozona.lt<\/title>\n<meta name=\"robots\" content=\"index, follow, max-snippet:-1, max-image-preview:large, max-video-preview:-1\" \/>\n<link rel=\"canonical\" href=\"https:\/\/vinilozona.lt\/en\/parduotuve\/rock-pop\/kingdom-come-\u200e-kingdom-come\/\" \/>\n<meta property=\"og:locale\" content=\"en_GB\" \/>\n<meta property=\"og:type\" content=\"article\" \/>\n<meta property=\"og:title\" content=\"Kingdom Come \u200e\u2013 Kingdom Come Vinilin\u0117 Plok\u0161tel\u0117 | Vinilozona.lt\" \/>\n<meta property=\"og:description\" content=\"Label: Polydor \u2013 KCLP 1, Polydor \u2013 835 368-1 Format: Vinyl, LP, Album Country: UK Released: 1988\" \/>\n<meta property=\"og:url\" content=\"https:\/\/vinilozona.lt\/en\/parduotuve\/rock-pop\/kingdom-come-\u200e-kingdom-come\/\" \/>\n<meta property=\"og:site_name\" content=\"Vinilo Zona\" \/>\n<meta property=\"article:modified_time\" content=\"2022-06-17T07:46:21+00:00\" \/>\n<meta property=\"og:image\" content=\"https:\/\/vinilozona.lt\/wp-content\/uploads\/2020\/04\/R-1526914-1511117674-9207.jpeg.jpg\" \/>\n\t<meta property=\"og:image:width\" content=\"600\" \/>\n\t<meta property=\"og:image:height\" content=\"600\" \/>\n\t<meta property=\"og:image:type\" content=\"image\/jpeg\" \/>\n<meta name=\"twitter:card\" content=\"summary_large_image\" \/>\n<script type=\"application\/ld+json\" class=\"yoast-schema-graph\">{\"@context\":\"https:\/\/schema.org\",\"@graph\":[{\"@type\":\"WebPage\",\"@id\":\"https:\/\/vinilozona.lt\/parduotuve\/rock-pop\/kingdom-come-%e2%80%8e-kingdom-come\/\",\"url\":\"https:\/\/vinilozona.lt\/parduotuve\/rock-pop\/kingdom-come-%e2%80%8e-kingdom-come\/\",\"name\":\"Kingdom Come \u200e\u2013 Kingdom Come Vinilin\u0117 Plok\u0161tel\u0117 | Vinilozona.lt\",\"isPartOf\":{\"@id\":\"https:\/\/vinilozona.lt\/#website\"},\"primaryImageOfPage\":{\"@id\":\"https:\/\/vinilozona.lt\/parduotuve\/rock-pop\/kingdom-come-%e2%80%8e-kingdom-come\/#primaryimage\"},\"image\":{\"@id\":\"https:\/\/vinilozona.lt\/parduotuve\/rock-pop\/kingdom-come-%e2%80%8e-kingdom-come\/#primaryimage\"},\"thumbnailUrl\":\"https:\/\/vinilozona.lt\/wp-content\/uploads\/2020\/04\/R-1526914-1511117674-9207.jpeg.jpg\",\"datePublished\":\"2022-06-05T15:04:57+00:00\",\"dateModified\":\"2022-06-17T07:46:21+00:00\",\"breadcrumb\":{\"@id\":\"https:\/\/vinilozona.lt\/parduotuve\/rock-pop\/kingdom-come-%e2%80%8e-kingdom-come\/#breadcrumb\"},\"inLanguage\":\"en-GB\",\"potentialAction\":[{\"@type\":\"ReadAction\",\"target\":[\"https:\/\/vinilozona.lt\/parduotuve\/rock-pop\/kingdom-come-%e2%80%8e-kingdom-come\/\"]}]},{\"@type\":\"ImageObject\",\"inLanguage\":\"en-GB\",\"@id\":\"https:\/\/vinilozona.lt\/parduotuve\/rock-pop\/kingdom-come-%e2%80%8e-kingdom-come\/#primaryimage\",\"url\":\"https:\/\/vinilozona.lt\/wp-content\/uploads\/2020\/04\/R-1526914-1511117674-9207.jpeg.jpg\",\"contentUrl\":\"https:\/\/vinilozona.lt\/wp-content\/uploads\/2020\/04\/R-1526914-1511117674-9207.jpeg.jpg\",\"width\":600,\"height\":600},{\"@type\":\"BreadcrumbList\",\"@id\":\"https:\/\/vinilozona.lt\/parduotuve\/rock-pop\/kingdom-come-%e2%80%8e-kingdom-come\/#breadcrumb\",\"itemListElement\":[{\"@type\":\"ListItem\",\"position\":1,\"name\":\"Home\",\"item\":\"https:\/\/vinilozona.lt\/\"},{\"@type\":\"ListItem\",\"position\":2,\"name\":\"Parduotuv\u0117\",\"item\":\"https:\/\/vinilozona.lt\/parduotuve\/\"},{\"@type\":\"ListItem\",\"position\":3,\"name\":\"Kingdom Come \u200e\u2013 Kingdom Come\"}]},{\"@type\":\"WebSite\",\"@id\":\"https:\/\/vinilozona.lt\/#website\",\"url\":\"https:\/\/vinilozona.lt\/\",\"name\":\"Vinilo Zona\",\"description\":\"Nup\u016bsk dulkes ir klausyk LP\",\"potentialAction\":[{\"@type\":\"SearchAction\",\"target\":{\"@type\":\"EntryPoint\",\"urlTemplate\":\"https:\/\/vinilozona.lt\/?s={search_term_string}\"},\"query-input\":{\"@type\":\"PropertyValueSpecification\",\"valueRequired\":true,\"valueName\":\"search_term_string\"}}],\"inLanguage\":\"en-GB\"}]}<\/script>\n<!-- \/ Yoast SEO plugin. -->","yoast_head_json":{"title":"Kingdom Come \u200e\u2013 Kingdom Come Vinilin\u0117 Plok\u0161tel\u0117 | Vinilozona.lt","robots":{"index":"index","follow":"follow","max-snippet":"max-snippet:-1","max-image-preview":"max-image-preview:large","max-video-preview":"max-video-preview:-1"},"canonical":"https:\/\/vinilozona.lt\/en\/parduotuve\/rock-pop\/kingdom-come-\u200e-kingdom-come\/","og_locale":"en_GB","og_type":"article","og_title":"Kingdom Come \u200e\u2013 Kingdom Come Vinilin\u0117 Plok\u0161tel\u0117 | Vinilozona.lt","og_description":"Label: Polydor \u2013 KCLP 1, Polydor \u2013 835 368-1 Format: Vinyl, LP, Album Country: UK Released: 1988","og_url":"https:\/\/vinilozona.lt\/en\/parduotuve\/rock-pop\/kingdom-come-\u200e-kingdom-come\/","og_site_name":"Vinilo Zona","article_modified_time":"2022-06-17T07:46:21+00:00","og_image":[{"width":600,"height":600,"url":"https:\/\/vinilozona.lt\/wp-content\/uploads\/2020\/04\/R-1526914-1511117674-9207.jpeg.jpg","type":"image\/jpeg"}],"twitter_card":"summary_large_image","schema":{"@context":"https:\/\/schema.org","@graph":[{"@type":"WebPage","@id":"https:\/\/vinilozona.lt\/parduotuve\/rock-pop\/kingdom-come-%e2%80%8e-kingdom-come\/","url":"https:\/\/vinilozona.lt\/parduotuve\/rock-pop\/kingdom-come-%e2%80%8e-kingdom-come\/","name":"Kingdom Come \u200e\u2013 Kingdom Come Vinilin\u0117 Plok\u0161tel\u0117 | Vinilozona.lt","isPartOf":{"@id":"https:\/\/vinilozona.lt\/#website"},"primaryImageOfPage":{"@id":"https:\/\/vinilozona.lt\/parduotuve\/rock-pop\/kingdom-come-%e2%80%8e-kingdom-come\/#primaryimage"},"image":{"@id":"https:\/\/vinilozona.lt\/parduotuve\/rock-pop\/kingdom-come-%e2%80%8e-kingdom-come\/#primaryimage"},"thumbnailUrl":"https:\/\/vinilozona.lt\/wp-content\/uploads\/2020\/04\/R-1526914-1511117674-9207.jpeg.jpg","datePublished":"2022-06-05T15:04:57+00:00","dateModified":"2022-06-17T07:46:21+00:00","breadcrumb":{"@id":"https:\/\/vinilozona.lt\/parduotuve\/rock-pop\/kingdom-come-%e2%80%8e-kingdom-come\/#breadcrumb"},"inLanguage":"en-GB","potentialAction":[{"@type":"ReadAction","target":["https:\/\/vinilozona.lt\/parduotuve\/rock-pop\/kingdom-come-%e2%80%8e-kingdom-come\/"]}]},{"@type":"ImageObject","inLanguage":"en-GB","@id":"https:\/\/vinilozona.lt\/parduotuve\/rock-pop\/kingdom-come-%e2%80%8e-kingdom-come\/#primaryimage","url":"https:\/\/vinilozona.lt\/wp-content\/uploads\/2020\/04\/R-1526914-1511117674-9207.jpeg.jpg","contentUrl":"https:\/\/vinilozona.lt\/wp-content\/uploads\/2020\/04\/R-1526914-1511117674-9207.jpeg.jpg","width":600,"height":600},{"@type":"BreadcrumbList","@id":"https:\/\/vinilozona.lt\/parduotuve\/rock-pop\/kingdom-come-%e2%80%8e-kingdom-come\/#breadcrumb","itemListElement":[{"@type":"ListItem","position":1,"name":"Home","item":"https:\/\/vinilozona.lt\/"},{"@type":"ListItem","position":2,"name":"Parduotuv\u0117","item":"https:\/\/vinilozona.lt\/parduotuve\/"},{"@type":"ListItem","position":3,"name":"Kingdom Come \u200e\u2013 Kingdom Come"}]},{"@type":"WebSite","@id":"https:\/\/vinilozona.lt\/#website","url":"https:\/\/vinilozona.lt\/","name":"Vinilo Zona","description":"Nup\u016bsk dulkes ir klausyk LP","potentialAction":[{"@type":"SearchAction","target":{"@type":"EntryPoint","urlTemplate":"https:\/\/vinilozona.lt\/?s={search_term_string}"},"query-input":{"@type":"PropertyValueSpecification","valueRequired":true,"valueName":"search_term_string"}}],"inLanguage":"en-GB"}]}},"_links":{"self":[{"href":"https:\/\/vinilozona.lt\/en\/wp-json\/wp\/v2\/product\/8158"}],"collection":[{"href":"https:\/\/vinilozona.lt\/en\/wp-json\/wp\/v2\/product"}],"about":[{"href":"https:\/\/vinilozona.lt\/en\/wp-json\/wp\/v2\/types\/product"}],"wp:featuredmedia":[{"embeddable":true,"href":"https:\/\/vinilozona.lt\/en\/wp-json\/wp\/v2\/media\/8159"}],"wp:attachment":[{"href":"https:\/\/vinilozona.lt\/en\/wp-json\/wp\/v2\/media?parent=8158"}],"wp:term":[{"taxonomy":"product_cat","embeddable":true,"href":"https:\/\/vinilozona.lt\/en\/wp-json\/wp\/v2\/product_cat?post=8158"},{"taxonomy":"product_tag","embeddable":true,"href":"https:\/\/vinilozona.lt\/en\/wp-json\/wp\/v2\/product_tag?post=8158"}],"curies":[{"name":"wp","href":"https:\/\/api.w.org\/{rel}","templated":true}]}}