{"id":8087,"date":"2026-04-04T05:11:40","date_gmt":"2026-04-04T02:11:40","guid":{"rendered":"https:\/\/vinilozona.lt\/?post_type=product&#038;p=8087"},"modified":"2026-04-05T20:25:40","modified_gmt":"2026-04-05T17:25:40","slug":"jethro-tull-%e2%80%8e-original-masters","status":"publish","type":"product","link":"https:\/\/vinilozona.lt\/en\/parduotuve\/rock-pop\/jethro-tull-%e2%80%8e-original-masters\/","title":{"rendered":"Jethro Tull \u2013 Minstrel In The Gallery"},"content":{"rendered":"<p>A1\t\tMinstrel In The Gallery\t8:09<br \/>\nA2\t\tCold Wind To Valhalla\t4:17<br \/>\nA3\t\tBlack Satin Dancer\t6:51<br \/>\nA4\t\tRequiem\t3:41<br \/>\nB1\t\tOne White Duck \/ 0\u00b9\u2070 = Nothing At All\t4:35<br \/>\nBaker St. Muse (Including:)\t(16:40)<br \/>\nB2a\t\tPig-Me And The Whore<br \/>\nB2b\t\tNice Little Tune<br \/>\nB2c\t\tCrash-Barrier Waltzer<br \/>\nB2d\t\tMother England Reverie<br \/>\nB3\t\tGrace\t0:37<\/p>","protected":false},"excerpt":{"rendered":"<p>Chrysalis \u2013 6307 559<br \/>\nFormat:<br \/>\nVinyl, LP, Album, Stereo<br \/>\nCountry:<br \/>\nGermany<br \/>\nReleased:<br \/>\n1975<\/p>","protected":false},"featured_media":21311,"template":"","meta":[],"product_cat":[15],"product_tag":[44],"yoast_head":"<!-- This site is optimized with the Yoast SEO plugin v23.5 - https:\/\/yoast.com\/wordpress\/plugins\/seo\/ -->\n<title>Jethro Tull \u2013 Minstrel In The Gallery Vinilin\u0117 Plok\u0161tel\u0117 | Vinilozona.lt<\/title>\n<meta name=\"robots\" content=\"index, follow, max-snippet:-1, max-image-preview:large, max-video-preview:-1\" \/>\n<link rel=\"canonical\" href=\"https:\/\/vinilozona.lt\/en\/parduotuve\/rock-pop\/jethro-tull-\u200e-original-masters\/\" \/>\n<meta property=\"og:locale\" content=\"en_GB\" \/>\n<meta property=\"og:type\" content=\"article\" \/>\n<meta property=\"og:title\" content=\"Jethro Tull \u2013 Minstrel In The Gallery Vinilin\u0117 Plok\u0161tel\u0117 | Vinilozona.lt\" \/>\n<meta property=\"og:description\" content=\"Chrysalis \u2013 6307 559 Format: Vinyl, LP, Album, Stereo Country: Germany Released: 1975\" \/>\n<meta property=\"og:url\" content=\"https:\/\/vinilozona.lt\/en\/parduotuve\/rock-pop\/jethro-tull-\u200e-original-masters\/\" \/>\n<meta property=\"og:site_name\" content=\"Vinilo Zona\" \/>\n<meta property=\"article:modified_time\" content=\"2026-04-05T17:25:40+00:00\" \/>\n<meta property=\"og:image\" content=\"https:\/\/vinilozona.lt\/wp-content\/uploads\/2020\/04\/R-1089060-1556362802-7028.jpg\" \/>\n\t<meta property=\"og:image:width\" content=\"599\" \/>\n\t<meta property=\"og:image:height\" content=\"593\" \/>\n\t<meta property=\"og:image:type\" content=\"image\/jpeg\" \/>\n<meta name=\"twitter:card\" content=\"summary_large_image\" \/>\n<meta name=\"twitter:label1\" content=\"Estimated reading time\" \/>\n\t<meta name=\"twitter:data1\" content=\"1 minute\" \/>\n<script type=\"application\/ld+json\" class=\"yoast-schema-graph\">{\"@context\":\"https:\/\/schema.org\",\"@graph\":[{\"@type\":\"WebPage\",\"@id\":\"https:\/\/vinilozona.lt\/parduotuve\/rock-pop\/jethro-tull-%e2%80%8e-original-masters\/\",\"url\":\"https:\/\/vinilozona.lt\/parduotuve\/rock-pop\/jethro-tull-%e2%80%8e-original-masters\/\",\"name\":\"Jethro Tull \u2013 Minstrel In The Gallery Vinilin\u0117 Plok\u0161tel\u0117 | Vinilozona.lt\",\"isPartOf\":{\"@id\":\"https:\/\/vinilozona.lt\/#website\"},\"primaryImageOfPage\":{\"@id\":\"https:\/\/vinilozona.lt\/parduotuve\/rock-pop\/jethro-tull-%e2%80%8e-original-masters\/#primaryimage\"},\"image\":{\"@id\":\"https:\/\/vinilozona.lt\/parduotuve\/rock-pop\/jethro-tull-%e2%80%8e-original-masters\/#primaryimage\"},\"thumbnailUrl\":\"https:\/\/vinilozona.lt\/wp-content\/uploads\/2020\/04\/R-1089060-1556362802-7028.jpg\",\"datePublished\":\"2026-04-04T02:11:40+00:00\",\"dateModified\":\"2026-04-05T17:25:40+00:00\",\"breadcrumb\":{\"@id\":\"https:\/\/vinilozona.lt\/parduotuve\/rock-pop\/jethro-tull-%e2%80%8e-original-masters\/#breadcrumb\"},\"inLanguage\":\"en-GB\",\"potentialAction\":[{\"@type\":\"ReadAction\",\"target\":[\"https:\/\/vinilozona.lt\/parduotuve\/rock-pop\/jethro-tull-%e2%80%8e-original-masters\/\"]}]},{\"@type\":\"ImageObject\",\"inLanguage\":\"en-GB\",\"@id\":\"https:\/\/vinilozona.lt\/parduotuve\/rock-pop\/jethro-tull-%e2%80%8e-original-masters\/#primaryimage\",\"url\":\"https:\/\/vinilozona.lt\/wp-content\/uploads\/2020\/04\/R-1089060-1556362802-7028.jpg\",\"contentUrl\":\"https:\/\/vinilozona.lt\/wp-content\/uploads\/2020\/04\/R-1089060-1556362802-7028.jpg\",\"width\":599,\"height\":593},{\"@type\":\"BreadcrumbList\",\"@id\":\"https:\/\/vinilozona.lt\/parduotuve\/rock-pop\/jethro-tull-%e2%80%8e-original-masters\/#breadcrumb\",\"itemListElement\":[{\"@type\":\"ListItem\",\"position\":1,\"name\":\"Home\",\"item\":\"https:\/\/vinilozona.lt\/\"},{\"@type\":\"ListItem\",\"position\":2,\"name\":\"Parduotuv\u0117\",\"item\":\"https:\/\/vinilozona.lt\/parduotuve\/\"},{\"@type\":\"ListItem\",\"position\":3,\"name\":\"Jethro Tull \u2013 Minstrel In The Gallery\"}]},{\"@type\":\"WebSite\",\"@id\":\"https:\/\/vinilozona.lt\/#website\",\"url\":\"https:\/\/vinilozona.lt\/\",\"name\":\"Vinilo Zona\",\"description\":\"Nup\u016bsk dulkes ir klausyk LP\",\"potentialAction\":[{\"@type\":\"SearchAction\",\"target\":{\"@type\":\"EntryPoint\",\"urlTemplate\":\"https:\/\/vinilozona.lt\/?s={search_term_string}\"},\"query-input\":{\"@type\":\"PropertyValueSpecification\",\"valueRequired\":true,\"valueName\":\"search_term_string\"}}],\"inLanguage\":\"en-GB\"}]}<\/script>\n<!-- \/ Yoast SEO plugin. -->","yoast_head_json":{"title":"Jethro Tull \u2013 Minstrel In The Gallery Vinilin\u0117 Plok\u0161tel\u0117 | Vinilozona.lt","robots":{"index":"index","follow":"follow","max-snippet":"max-snippet:-1","max-image-preview":"max-image-preview:large","max-video-preview":"max-video-preview:-1"},"canonical":"https:\/\/vinilozona.lt\/en\/parduotuve\/rock-pop\/jethro-tull-\u200e-original-masters\/","og_locale":"en_GB","og_type":"article","og_title":"Jethro Tull \u2013 Minstrel In The Gallery Vinilin\u0117 Plok\u0161tel\u0117 | Vinilozona.lt","og_description":"Chrysalis \u2013 6307 559 Format: Vinyl, LP, Album, Stereo Country: Germany Released: 1975","og_url":"https:\/\/vinilozona.lt\/en\/parduotuve\/rock-pop\/jethro-tull-\u200e-original-masters\/","og_site_name":"Vinilo Zona","article_modified_time":"2026-04-05T17:25:40+00:00","og_image":[{"width":599,"height":593,"url":"https:\/\/vinilozona.lt\/wp-content\/uploads\/2020\/04\/R-1089060-1556362802-7028.jpg","type":"image\/jpeg"}],"twitter_card":"summary_large_image","twitter_misc":{"Estimated reading time":"1 minute"},"schema":{"@context":"https:\/\/schema.org","@graph":[{"@type":"WebPage","@id":"https:\/\/vinilozona.lt\/parduotuve\/rock-pop\/jethro-tull-%e2%80%8e-original-masters\/","url":"https:\/\/vinilozona.lt\/parduotuve\/rock-pop\/jethro-tull-%e2%80%8e-original-masters\/","name":"Jethro Tull \u2013 Minstrel In The Gallery Vinilin\u0117 Plok\u0161tel\u0117 | Vinilozona.lt","isPartOf":{"@id":"https:\/\/vinilozona.lt\/#website"},"primaryImageOfPage":{"@id":"https:\/\/vinilozona.lt\/parduotuve\/rock-pop\/jethro-tull-%e2%80%8e-original-masters\/#primaryimage"},"image":{"@id":"https:\/\/vinilozona.lt\/parduotuve\/rock-pop\/jethro-tull-%e2%80%8e-original-masters\/#primaryimage"},"thumbnailUrl":"https:\/\/vinilozona.lt\/wp-content\/uploads\/2020\/04\/R-1089060-1556362802-7028.jpg","datePublished":"2026-04-04T02:11:40+00:00","dateModified":"2026-04-05T17:25:40+00:00","breadcrumb":{"@id":"https:\/\/vinilozona.lt\/parduotuve\/rock-pop\/jethro-tull-%e2%80%8e-original-masters\/#breadcrumb"},"inLanguage":"en-GB","potentialAction":[{"@type":"ReadAction","target":["https:\/\/vinilozona.lt\/parduotuve\/rock-pop\/jethro-tull-%e2%80%8e-original-masters\/"]}]},{"@type":"ImageObject","inLanguage":"en-GB","@id":"https:\/\/vinilozona.lt\/parduotuve\/rock-pop\/jethro-tull-%e2%80%8e-original-masters\/#primaryimage","url":"https:\/\/vinilozona.lt\/wp-content\/uploads\/2020\/04\/R-1089060-1556362802-7028.jpg","contentUrl":"https:\/\/vinilozona.lt\/wp-content\/uploads\/2020\/04\/R-1089060-1556362802-7028.jpg","width":599,"height":593},{"@type":"BreadcrumbList","@id":"https:\/\/vinilozona.lt\/parduotuve\/rock-pop\/jethro-tull-%e2%80%8e-original-masters\/#breadcrumb","itemListElement":[{"@type":"ListItem","position":1,"name":"Home","item":"https:\/\/vinilozona.lt\/"},{"@type":"ListItem","position":2,"name":"Parduotuv\u0117","item":"https:\/\/vinilozona.lt\/parduotuve\/"},{"@type":"ListItem","position":3,"name":"Jethro Tull \u2013 Minstrel In The Gallery"}]},{"@type":"WebSite","@id":"https:\/\/vinilozona.lt\/#website","url":"https:\/\/vinilozona.lt\/","name":"Vinilo Zona","description":"Nup\u016bsk dulkes ir klausyk LP","potentialAction":[{"@type":"SearchAction","target":{"@type":"EntryPoint","urlTemplate":"https:\/\/vinilozona.lt\/?s={search_term_string}"},"query-input":{"@type":"PropertyValueSpecification","valueRequired":true,"valueName":"search_term_string"}}],"inLanguage":"en-GB"}]}},"_links":{"self":[{"href":"https:\/\/vinilozona.lt\/en\/wp-json\/wp\/v2\/product\/8087"}],"collection":[{"href":"https:\/\/vinilozona.lt\/en\/wp-json\/wp\/v2\/product"}],"about":[{"href":"https:\/\/vinilozona.lt\/en\/wp-json\/wp\/v2\/types\/product"}],"wp:featuredmedia":[{"embeddable":true,"href":"https:\/\/vinilozona.lt\/en\/wp-json\/wp\/v2\/media\/21311"}],"wp:attachment":[{"href":"https:\/\/vinilozona.lt\/en\/wp-json\/wp\/v2\/media?parent=8087"}],"wp:term":[{"taxonomy":"product_cat","embeddable":true,"href":"https:\/\/vinilozona.lt\/en\/wp-json\/wp\/v2\/product_cat?post=8087"},{"taxonomy":"product_tag","embeddable":true,"href":"https:\/\/vinilozona.lt\/en\/wp-json\/wp\/v2\/product_tag?post=8087"}],"curies":[{"name":"wp","href":"https:\/\/api.w.org\/{rel}","templated":true}]}}