{"id":8081,"date":"2023-10-24T05:00:08","date_gmt":"2023-10-24T02:00:08","guid":{"rendered":"https:\/\/vinilozona.lt\/?post_type=product&#038;p=8081"},"modified":"2024-01-12T16:18:36","modified_gmt":"2024-01-12T14:18:36","slug":"bachman-turner-overdrive-%e2%80%8e-not-fragile","status":"publish","type":"product","link":"https:\/\/vinilozona.lt\/en\/parduotuve\/rock-pop\/bachman-turner-overdrive-%e2%80%8e-not-fragile\/","title":{"rendered":"Bachman-Turner Overdrive \u200e\u2013 Not Fragile"},"content":{"rendered":"<p>Not Fragile\t4:05<br \/>\nRock Is My Life, And This Is My Song\t5:00<br \/>\nRoll On Down The Highway\t3:56<br \/>\nYou Ain&#8217;t Seen Nothing Yet\t3:54<br \/>\nFree Wheelin&#8217;\t3:44<br \/>\nSledgehammer\t4:30<br \/>\nBlue Moanin&#8217;\t3:42<br \/>\nSecond Hand\t3:30<br \/>\nGivin&#8217; It All Away\t3:46<\/p>","protected":false},"excerpt":{"rendered":"<p>Mercury \u2013 6338 516<br \/>\nFormat:<br \/>\nVinyl, LP, Album, Gatefold<br \/>\nCountry:\tGermany<br \/>\nReleased:\t1974<\/p>","protected":false},"featured_media":8082,"template":"","meta":[],"product_cat":[15],"product_tag":[44],"yoast_head":"<!-- This site is optimized with the Yoast SEO plugin v23.5 - https:\/\/yoast.com\/wordpress\/plugins\/seo\/ -->\n<title>Bachman-Turner Overdrive \u200e\u2013 Not Fragile Vinilin\u0117 Plok\u0161tel\u0117 | Vinilozona.lt<\/title>\n<meta name=\"robots\" content=\"index, follow, max-snippet:-1, max-image-preview:large, max-video-preview:-1\" \/>\n<link rel=\"canonical\" href=\"https:\/\/vinilozona.lt\/en\/parduotuve\/rock-pop\/bachman-turner-overdrive-\u200e-not-fragile\/\" \/>\n<meta property=\"og:locale\" content=\"en_GB\" \/>\n<meta property=\"og:type\" content=\"article\" \/>\n<meta property=\"og:title\" content=\"Bachman-Turner Overdrive \u200e\u2013 Not Fragile Vinilin\u0117 Plok\u0161tel\u0117 | Vinilozona.lt\" \/>\n<meta property=\"og:description\" content=\"Mercury \u2013 6338 516 Format:  Vinyl, LP, Album, Gatefold Country: Germany Released: 1974\" \/>\n<meta property=\"og:url\" content=\"https:\/\/vinilozona.lt\/en\/parduotuve\/rock-pop\/bachman-turner-overdrive-\u200e-not-fragile\/\" \/>\n<meta property=\"og:site_name\" content=\"Vinilo Zona\" \/>\n<meta property=\"article:modified_time\" content=\"2024-01-12T14:18:36+00:00\" \/>\n<meta property=\"og:image\" content=\"https:\/\/vinilozona.lt\/wp-content\/uploads\/2020\/04\/R-696703-1148840945.jpeg.jpg\" \/>\n\t<meta property=\"og:image:width\" content=\"550\" \/>\n\t<meta property=\"og:image:height\" content=\"550\" \/>\n\t<meta property=\"og:image:type\" content=\"image\/jpeg\" \/>\n<meta name=\"twitter:card\" content=\"summary_large_image\" \/>\n<script type=\"application\/ld+json\" class=\"yoast-schema-graph\">{\"@context\":\"https:\/\/schema.org\",\"@graph\":[{\"@type\":\"WebPage\",\"@id\":\"https:\/\/vinilozona.lt\/parduotuve\/rock-pop\/bachman-turner-overdrive-%e2%80%8e-not-fragile\/\",\"url\":\"https:\/\/vinilozona.lt\/parduotuve\/rock-pop\/bachman-turner-overdrive-%e2%80%8e-not-fragile\/\",\"name\":\"Bachman-Turner Overdrive \u200e\u2013 Not Fragile Vinilin\u0117 Plok\u0161tel\u0117 | Vinilozona.lt\",\"isPartOf\":{\"@id\":\"https:\/\/vinilozona.lt\/#website\"},\"primaryImageOfPage\":{\"@id\":\"https:\/\/vinilozona.lt\/parduotuve\/rock-pop\/bachman-turner-overdrive-%e2%80%8e-not-fragile\/#primaryimage\"},\"image\":{\"@id\":\"https:\/\/vinilozona.lt\/parduotuve\/rock-pop\/bachman-turner-overdrive-%e2%80%8e-not-fragile\/#primaryimage\"},\"thumbnailUrl\":\"https:\/\/vinilozona.lt\/wp-content\/uploads\/2020\/04\/R-696703-1148840945.jpeg.jpg\",\"datePublished\":\"2023-10-24T02:00:08+00:00\",\"dateModified\":\"2024-01-12T14:18:36+00:00\",\"breadcrumb\":{\"@id\":\"https:\/\/vinilozona.lt\/parduotuve\/rock-pop\/bachman-turner-overdrive-%e2%80%8e-not-fragile\/#breadcrumb\"},\"inLanguage\":\"en-GB\",\"potentialAction\":[{\"@type\":\"ReadAction\",\"target\":[\"https:\/\/vinilozona.lt\/parduotuve\/rock-pop\/bachman-turner-overdrive-%e2%80%8e-not-fragile\/\"]}]},{\"@type\":\"ImageObject\",\"inLanguage\":\"en-GB\",\"@id\":\"https:\/\/vinilozona.lt\/parduotuve\/rock-pop\/bachman-turner-overdrive-%e2%80%8e-not-fragile\/#primaryimage\",\"url\":\"https:\/\/vinilozona.lt\/wp-content\/uploads\/2020\/04\/R-696703-1148840945.jpeg.jpg\",\"contentUrl\":\"https:\/\/vinilozona.lt\/wp-content\/uploads\/2020\/04\/R-696703-1148840945.jpeg.jpg\",\"width\":550,\"height\":550},{\"@type\":\"BreadcrumbList\",\"@id\":\"https:\/\/vinilozona.lt\/parduotuve\/rock-pop\/bachman-turner-overdrive-%e2%80%8e-not-fragile\/#breadcrumb\",\"itemListElement\":[{\"@type\":\"ListItem\",\"position\":1,\"name\":\"Home\",\"item\":\"https:\/\/vinilozona.lt\/\"},{\"@type\":\"ListItem\",\"position\":2,\"name\":\"Parduotuv\u0117\",\"item\":\"https:\/\/vinilozona.lt\/parduotuve\/\"},{\"@type\":\"ListItem\",\"position\":3,\"name\":\"Bachman-Turner Overdrive \u200e\u2013 Not Fragile\"}]},{\"@type\":\"WebSite\",\"@id\":\"https:\/\/vinilozona.lt\/#website\",\"url\":\"https:\/\/vinilozona.lt\/\",\"name\":\"Vinilo Zona\",\"description\":\"Nup\u016bsk dulkes ir klausyk LP\",\"potentialAction\":[{\"@type\":\"SearchAction\",\"target\":{\"@type\":\"EntryPoint\",\"urlTemplate\":\"https:\/\/vinilozona.lt\/?s={search_term_string}\"},\"query-input\":{\"@type\":\"PropertyValueSpecification\",\"valueRequired\":true,\"valueName\":\"search_term_string\"}}],\"inLanguage\":\"en-GB\"}]}<\/script>\n<!-- \/ Yoast SEO plugin. -->","yoast_head_json":{"title":"Bachman-Turner Overdrive \u200e\u2013 Not Fragile Vinilin\u0117 Plok\u0161tel\u0117 | Vinilozona.lt","robots":{"index":"index","follow":"follow","max-snippet":"max-snippet:-1","max-image-preview":"max-image-preview:large","max-video-preview":"max-video-preview:-1"},"canonical":"https:\/\/vinilozona.lt\/en\/parduotuve\/rock-pop\/bachman-turner-overdrive-\u200e-not-fragile\/","og_locale":"en_GB","og_type":"article","og_title":"Bachman-Turner Overdrive \u200e\u2013 Not Fragile Vinilin\u0117 Plok\u0161tel\u0117 | Vinilozona.lt","og_description":"Mercury \u2013 6338 516 Format:  Vinyl, LP, Album, Gatefold Country: Germany Released: 1974","og_url":"https:\/\/vinilozona.lt\/en\/parduotuve\/rock-pop\/bachman-turner-overdrive-\u200e-not-fragile\/","og_site_name":"Vinilo Zona","article_modified_time":"2024-01-12T14:18:36+00:00","og_image":[{"width":550,"height":550,"url":"https:\/\/vinilozona.lt\/wp-content\/uploads\/2020\/04\/R-696703-1148840945.jpeg.jpg","type":"image\/jpeg"}],"twitter_card":"summary_large_image","schema":{"@context":"https:\/\/schema.org","@graph":[{"@type":"WebPage","@id":"https:\/\/vinilozona.lt\/parduotuve\/rock-pop\/bachman-turner-overdrive-%e2%80%8e-not-fragile\/","url":"https:\/\/vinilozona.lt\/parduotuve\/rock-pop\/bachman-turner-overdrive-%e2%80%8e-not-fragile\/","name":"Bachman-Turner Overdrive \u200e\u2013 Not Fragile Vinilin\u0117 Plok\u0161tel\u0117 | Vinilozona.lt","isPartOf":{"@id":"https:\/\/vinilozona.lt\/#website"},"primaryImageOfPage":{"@id":"https:\/\/vinilozona.lt\/parduotuve\/rock-pop\/bachman-turner-overdrive-%e2%80%8e-not-fragile\/#primaryimage"},"image":{"@id":"https:\/\/vinilozona.lt\/parduotuve\/rock-pop\/bachman-turner-overdrive-%e2%80%8e-not-fragile\/#primaryimage"},"thumbnailUrl":"https:\/\/vinilozona.lt\/wp-content\/uploads\/2020\/04\/R-696703-1148840945.jpeg.jpg","datePublished":"2023-10-24T02:00:08+00:00","dateModified":"2024-01-12T14:18:36+00:00","breadcrumb":{"@id":"https:\/\/vinilozona.lt\/parduotuve\/rock-pop\/bachman-turner-overdrive-%e2%80%8e-not-fragile\/#breadcrumb"},"inLanguage":"en-GB","potentialAction":[{"@type":"ReadAction","target":["https:\/\/vinilozona.lt\/parduotuve\/rock-pop\/bachman-turner-overdrive-%e2%80%8e-not-fragile\/"]}]},{"@type":"ImageObject","inLanguage":"en-GB","@id":"https:\/\/vinilozona.lt\/parduotuve\/rock-pop\/bachman-turner-overdrive-%e2%80%8e-not-fragile\/#primaryimage","url":"https:\/\/vinilozona.lt\/wp-content\/uploads\/2020\/04\/R-696703-1148840945.jpeg.jpg","contentUrl":"https:\/\/vinilozona.lt\/wp-content\/uploads\/2020\/04\/R-696703-1148840945.jpeg.jpg","width":550,"height":550},{"@type":"BreadcrumbList","@id":"https:\/\/vinilozona.lt\/parduotuve\/rock-pop\/bachman-turner-overdrive-%e2%80%8e-not-fragile\/#breadcrumb","itemListElement":[{"@type":"ListItem","position":1,"name":"Home","item":"https:\/\/vinilozona.lt\/"},{"@type":"ListItem","position":2,"name":"Parduotuv\u0117","item":"https:\/\/vinilozona.lt\/parduotuve\/"},{"@type":"ListItem","position":3,"name":"Bachman-Turner Overdrive \u200e\u2013 Not Fragile"}]},{"@type":"WebSite","@id":"https:\/\/vinilozona.lt\/#website","url":"https:\/\/vinilozona.lt\/","name":"Vinilo Zona","description":"Nup\u016bsk dulkes ir klausyk LP","potentialAction":[{"@type":"SearchAction","target":{"@type":"EntryPoint","urlTemplate":"https:\/\/vinilozona.lt\/?s={search_term_string}"},"query-input":{"@type":"PropertyValueSpecification","valueRequired":true,"valueName":"search_term_string"}}],"inLanguage":"en-GB"}]}},"_links":{"self":[{"href":"https:\/\/vinilozona.lt\/en\/wp-json\/wp\/v2\/product\/8081"}],"collection":[{"href":"https:\/\/vinilozona.lt\/en\/wp-json\/wp\/v2\/product"}],"about":[{"href":"https:\/\/vinilozona.lt\/en\/wp-json\/wp\/v2\/types\/product"}],"wp:featuredmedia":[{"embeddable":true,"href":"https:\/\/vinilozona.lt\/en\/wp-json\/wp\/v2\/media\/8082"}],"wp:attachment":[{"href":"https:\/\/vinilozona.lt\/en\/wp-json\/wp\/v2\/media?parent=8081"}],"wp:term":[{"taxonomy":"product_cat","embeddable":true,"href":"https:\/\/vinilozona.lt\/en\/wp-json\/wp\/v2\/product_cat?post=8081"},{"taxonomy":"product_tag","embeddable":true,"href":"https:\/\/vinilozona.lt\/en\/wp-json\/wp\/v2\/product_tag?post=8081"}],"curies":[{"name":"wp","href":"https:\/\/api.w.org\/{rel}","templated":true}]}}