{"id":7762,"date":"2026-04-17T05:05:23","date_gmt":"2026-04-17T02:05:23","guid":{"rendered":"https:\/\/vinilozona.lt\/?post_type=product&#038;p=7762"},"modified":"2026-04-17T15:11:19","modified_gmt":"2026-04-17T12:11:19","slug":"bonnie-tyler-%e2%80%8e-the-world-starts-tonight","status":"publish","type":"product","link":"https:\/\/vinilozona.lt\/en\/parduotuve\/rock-pop\/bonnie-tyler-%e2%80%8e-the-world-starts-tonight\/","title":{"rendered":"Bonnie Tyler \u200e\u2013 The World Starts Tonight"},"content":{"rendered":"<p>A1\t\tGot So Used To Loving You<br \/>\nA2\t\tLove Of A Rolling Stone<br \/>\nA3\t\tLost In France<br \/>\nA4\t\tPiece Of My Heart<br \/>\nA5\t\tMore Than A Lover<br \/>\nB1\t\tGive Me Your Love<br \/>\nB2\t\tThe World Starts Tonight<br \/>\nB3\t\tHere&#8217;s Monday<br \/>\nB4\t\tLove Tangle<br \/>\nB5\t\tLet The Show Begin<\/p>","protected":false},"excerpt":{"rendered":"<p>Label:<br \/>\nRCA Victor \u200e\u2013 PL 25063<br \/>\nFormat: Vinyl, LP, Album, Stereo, Glossy<br \/>\nCountry: UK<br \/>\nReleased: 1977<\/p>","protected":false},"featured_media":7763,"template":"","meta":[],"product_cat":[15],"product_tag":[55],"yoast_head":"<!-- This site is optimized with the Yoast SEO plugin v23.5 - https:\/\/yoast.com\/wordpress\/plugins\/seo\/ -->\n<title>Bonnie Tyler \u200e\u2013 The World Starts Tonight Vinilin\u0117 Plok\u0161tel\u0117 | Vinilozona.lt<\/title>\n<meta name=\"robots\" content=\"index, follow, max-snippet:-1, max-image-preview:large, max-video-preview:-1\" \/>\n<link rel=\"canonical\" href=\"https:\/\/vinilozona.lt\/en\/parduotuve\/rock-pop\/bonnie-tyler-\u200e-the-world-starts-tonight\/\" \/>\n<meta property=\"og:locale\" content=\"en_GB\" \/>\n<meta property=\"og:type\" content=\"article\" \/>\n<meta property=\"og:title\" content=\"Bonnie Tyler \u200e\u2013 The World Starts Tonight Vinilin\u0117 Plok\u0161tel\u0117 | Vinilozona.lt\" \/>\n<meta property=\"og:description\" content=\"Label: RCA Victor \u200e\u2013 PL 25063 Format: Vinyl, LP, Album, Stereo, Glossy Country: UK Released: 1977\" \/>\n<meta property=\"og:url\" content=\"https:\/\/vinilozona.lt\/en\/parduotuve\/rock-pop\/bonnie-tyler-\u200e-the-world-starts-tonight\/\" \/>\n<meta property=\"og:site_name\" content=\"Vinilo Zona\" \/>\n<meta property=\"article:modified_time\" content=\"2026-04-17T12:11:19+00:00\" \/>\n<meta property=\"og:image\" content=\"https:\/\/vinilozona.lt\/wp-content\/uploads\/2020\/04\/R-1720293-1468954083-4895.jpeg.jpg\" \/>\n\t<meta property=\"og:image:width\" content=\"600\" \/>\n\t<meta property=\"og:image:height\" content=\"600\" \/>\n\t<meta property=\"og:image:type\" content=\"image\/jpeg\" \/>\n<meta name=\"twitter:card\" content=\"summary_large_image\" \/>\n<meta name=\"twitter:label1\" content=\"Estimated reading time\" \/>\n\t<meta name=\"twitter:data1\" content=\"1 minute\" \/>\n<script type=\"application\/ld+json\" class=\"yoast-schema-graph\">{\"@context\":\"https:\/\/schema.org\",\"@graph\":[{\"@type\":\"WebPage\",\"@id\":\"https:\/\/vinilozona.lt\/parduotuve\/rock-pop\/bonnie-tyler-%e2%80%8e-the-world-starts-tonight\/\",\"url\":\"https:\/\/vinilozona.lt\/parduotuve\/rock-pop\/bonnie-tyler-%e2%80%8e-the-world-starts-tonight\/\",\"name\":\"Bonnie Tyler \u200e\u2013 The World Starts Tonight Vinilin\u0117 Plok\u0161tel\u0117 | Vinilozona.lt\",\"isPartOf\":{\"@id\":\"https:\/\/vinilozona.lt\/#website\"},\"primaryImageOfPage\":{\"@id\":\"https:\/\/vinilozona.lt\/parduotuve\/rock-pop\/bonnie-tyler-%e2%80%8e-the-world-starts-tonight\/#primaryimage\"},\"image\":{\"@id\":\"https:\/\/vinilozona.lt\/parduotuve\/rock-pop\/bonnie-tyler-%e2%80%8e-the-world-starts-tonight\/#primaryimage\"},\"thumbnailUrl\":\"https:\/\/vinilozona.lt\/wp-content\/uploads\/2020\/04\/R-1720293-1468954083-4895.jpeg.jpg\",\"datePublished\":\"2026-04-17T02:05:23+00:00\",\"dateModified\":\"2026-04-17T12:11:19+00:00\",\"breadcrumb\":{\"@id\":\"https:\/\/vinilozona.lt\/parduotuve\/rock-pop\/bonnie-tyler-%e2%80%8e-the-world-starts-tonight\/#breadcrumb\"},\"inLanguage\":\"en-GB\",\"potentialAction\":[{\"@type\":\"ReadAction\",\"target\":[\"https:\/\/vinilozona.lt\/parduotuve\/rock-pop\/bonnie-tyler-%e2%80%8e-the-world-starts-tonight\/\"]}]},{\"@type\":\"ImageObject\",\"inLanguage\":\"en-GB\",\"@id\":\"https:\/\/vinilozona.lt\/parduotuve\/rock-pop\/bonnie-tyler-%e2%80%8e-the-world-starts-tonight\/#primaryimage\",\"url\":\"https:\/\/vinilozona.lt\/wp-content\/uploads\/2020\/04\/R-1720293-1468954083-4895.jpeg.jpg\",\"contentUrl\":\"https:\/\/vinilozona.lt\/wp-content\/uploads\/2020\/04\/R-1720293-1468954083-4895.jpeg.jpg\",\"width\":600,\"height\":600},{\"@type\":\"BreadcrumbList\",\"@id\":\"https:\/\/vinilozona.lt\/parduotuve\/rock-pop\/bonnie-tyler-%e2%80%8e-the-world-starts-tonight\/#breadcrumb\",\"itemListElement\":[{\"@type\":\"ListItem\",\"position\":1,\"name\":\"Home\",\"item\":\"https:\/\/vinilozona.lt\/\"},{\"@type\":\"ListItem\",\"position\":2,\"name\":\"Parduotuv\u0117\",\"item\":\"https:\/\/vinilozona.lt\/parduotuve\/\"},{\"@type\":\"ListItem\",\"position\":3,\"name\":\"Bonnie Tyler \u200e\u2013 The World Starts Tonight\"}]},{\"@type\":\"WebSite\",\"@id\":\"https:\/\/vinilozona.lt\/#website\",\"url\":\"https:\/\/vinilozona.lt\/\",\"name\":\"Vinilo Zona\",\"description\":\"Nup\u016bsk dulkes ir klausyk LP\",\"potentialAction\":[{\"@type\":\"SearchAction\",\"target\":{\"@type\":\"EntryPoint\",\"urlTemplate\":\"https:\/\/vinilozona.lt\/?s={search_term_string}\"},\"query-input\":{\"@type\":\"PropertyValueSpecification\",\"valueRequired\":true,\"valueName\":\"search_term_string\"}}],\"inLanguage\":\"en-GB\"}]}<\/script>\n<!-- \/ Yoast SEO plugin. -->","yoast_head_json":{"title":"Bonnie Tyler \u200e\u2013 The World Starts Tonight Vinilin\u0117 Plok\u0161tel\u0117 | Vinilozona.lt","robots":{"index":"index","follow":"follow","max-snippet":"max-snippet:-1","max-image-preview":"max-image-preview:large","max-video-preview":"max-video-preview:-1"},"canonical":"https:\/\/vinilozona.lt\/en\/parduotuve\/rock-pop\/bonnie-tyler-\u200e-the-world-starts-tonight\/","og_locale":"en_GB","og_type":"article","og_title":"Bonnie Tyler \u200e\u2013 The World Starts Tonight Vinilin\u0117 Plok\u0161tel\u0117 | Vinilozona.lt","og_description":"Label: RCA Victor \u200e\u2013 PL 25063 Format: Vinyl, LP, Album, Stereo, Glossy Country: UK Released: 1977","og_url":"https:\/\/vinilozona.lt\/en\/parduotuve\/rock-pop\/bonnie-tyler-\u200e-the-world-starts-tonight\/","og_site_name":"Vinilo Zona","article_modified_time":"2026-04-17T12:11:19+00:00","og_image":[{"width":600,"height":600,"url":"https:\/\/vinilozona.lt\/wp-content\/uploads\/2020\/04\/R-1720293-1468954083-4895.jpeg.jpg","type":"image\/jpeg"}],"twitter_card":"summary_large_image","twitter_misc":{"Estimated reading time":"1 minute"},"schema":{"@context":"https:\/\/schema.org","@graph":[{"@type":"WebPage","@id":"https:\/\/vinilozona.lt\/parduotuve\/rock-pop\/bonnie-tyler-%e2%80%8e-the-world-starts-tonight\/","url":"https:\/\/vinilozona.lt\/parduotuve\/rock-pop\/bonnie-tyler-%e2%80%8e-the-world-starts-tonight\/","name":"Bonnie Tyler \u200e\u2013 The World Starts Tonight Vinilin\u0117 Plok\u0161tel\u0117 | Vinilozona.lt","isPartOf":{"@id":"https:\/\/vinilozona.lt\/#website"},"primaryImageOfPage":{"@id":"https:\/\/vinilozona.lt\/parduotuve\/rock-pop\/bonnie-tyler-%e2%80%8e-the-world-starts-tonight\/#primaryimage"},"image":{"@id":"https:\/\/vinilozona.lt\/parduotuve\/rock-pop\/bonnie-tyler-%e2%80%8e-the-world-starts-tonight\/#primaryimage"},"thumbnailUrl":"https:\/\/vinilozona.lt\/wp-content\/uploads\/2020\/04\/R-1720293-1468954083-4895.jpeg.jpg","datePublished":"2026-04-17T02:05:23+00:00","dateModified":"2026-04-17T12:11:19+00:00","breadcrumb":{"@id":"https:\/\/vinilozona.lt\/parduotuve\/rock-pop\/bonnie-tyler-%e2%80%8e-the-world-starts-tonight\/#breadcrumb"},"inLanguage":"en-GB","potentialAction":[{"@type":"ReadAction","target":["https:\/\/vinilozona.lt\/parduotuve\/rock-pop\/bonnie-tyler-%e2%80%8e-the-world-starts-tonight\/"]}]},{"@type":"ImageObject","inLanguage":"en-GB","@id":"https:\/\/vinilozona.lt\/parduotuve\/rock-pop\/bonnie-tyler-%e2%80%8e-the-world-starts-tonight\/#primaryimage","url":"https:\/\/vinilozona.lt\/wp-content\/uploads\/2020\/04\/R-1720293-1468954083-4895.jpeg.jpg","contentUrl":"https:\/\/vinilozona.lt\/wp-content\/uploads\/2020\/04\/R-1720293-1468954083-4895.jpeg.jpg","width":600,"height":600},{"@type":"BreadcrumbList","@id":"https:\/\/vinilozona.lt\/parduotuve\/rock-pop\/bonnie-tyler-%e2%80%8e-the-world-starts-tonight\/#breadcrumb","itemListElement":[{"@type":"ListItem","position":1,"name":"Home","item":"https:\/\/vinilozona.lt\/"},{"@type":"ListItem","position":2,"name":"Parduotuv\u0117","item":"https:\/\/vinilozona.lt\/parduotuve\/"},{"@type":"ListItem","position":3,"name":"Bonnie Tyler \u200e\u2013 The World Starts Tonight"}]},{"@type":"WebSite","@id":"https:\/\/vinilozona.lt\/#website","url":"https:\/\/vinilozona.lt\/","name":"Vinilo Zona","description":"Nup\u016bsk dulkes ir klausyk LP","potentialAction":[{"@type":"SearchAction","target":{"@type":"EntryPoint","urlTemplate":"https:\/\/vinilozona.lt\/?s={search_term_string}"},"query-input":{"@type":"PropertyValueSpecification","valueRequired":true,"valueName":"search_term_string"}}],"inLanguage":"en-GB"}]}},"_links":{"self":[{"href":"https:\/\/vinilozona.lt\/en\/wp-json\/wp\/v2\/product\/7762"}],"collection":[{"href":"https:\/\/vinilozona.lt\/en\/wp-json\/wp\/v2\/product"}],"about":[{"href":"https:\/\/vinilozona.lt\/en\/wp-json\/wp\/v2\/types\/product"}],"wp:featuredmedia":[{"embeddable":true,"href":"https:\/\/vinilozona.lt\/en\/wp-json\/wp\/v2\/media\/7763"}],"wp:attachment":[{"href":"https:\/\/vinilozona.lt\/en\/wp-json\/wp\/v2\/media?parent=7762"}],"wp:term":[{"taxonomy":"product_cat","embeddable":true,"href":"https:\/\/vinilozona.lt\/en\/wp-json\/wp\/v2\/product_cat?post=7762"},{"taxonomy":"product_tag","embeddable":true,"href":"https:\/\/vinilozona.lt\/en\/wp-json\/wp\/v2\/product_tag?post=7762"}],"curies":[{"name":"wp","href":"https:\/\/api.w.org\/{rel}","templated":true}]}}