{"id":7326,"date":"2024-01-22T05:06:09","date_gmt":"2024-01-22T03:06:09","guid":{"rendered":"https:\/\/vinilozona.lt\/?post_type=product&#038;p=7326"},"modified":"2024-01-21T07:35:54","modified_gmt":"2024-01-21T05:35:54","slug":"bob-marley-the-wailers-%e2%80%8e-uprising","status":"publish","type":"product","link":"https:\/\/vinilozona.lt\/en\/parduotuve\/rock-pop\/bob-marley-the-wailers-%e2%80%8e-uprising\/","title":{"rendered":"Bob Marley &#038; The Wailers \u200e\u2013 Uprising"},"content":{"rendered":"<p>A1\t\tComing In From The Cold<br \/>\nA2\t\tReal Situation<br \/>\nA3\t\tBad Card<br \/>\nA4\t\tWe And Them<br \/>\nA5\t\tWork<br \/>\nB1\t\tZion Train<br \/>\nB2\t\tPimper&#8217;s Paradise<br \/>\nB3\t\tCould You Be Loved<br \/>\nB4\t\tForever Loving Jah<br \/>\nB5\t\tRedemption Song<\/p>","protected":false},"excerpt":{"rendered":"<p>Island Records \u2013 ILPS 9596, Tuff Gong \u2013 ILPS 9596<br \/>\nFormat:<br \/>\nVinyl, LP, Album<br \/>\nCountry:\tSweden<br \/>\nReleased:\t1980<\/p>","protected":false},"featured_media":7327,"template":"","meta":[],"product_cat":[15],"product_tag":[44],"yoast_head":"<!-- This site is optimized with the Yoast SEO plugin v23.5 - https:\/\/yoast.com\/wordpress\/plugins\/seo\/ -->\n<title>Bob Marley &amp; The Wailers \u200e\u2013 Uprising Vinilin\u0117 Plok\u0161tel\u0117 | Vinilozona.lt<\/title>\n<meta name=\"robots\" content=\"index, follow, max-snippet:-1, max-image-preview:large, max-video-preview:-1\" \/>\n<link rel=\"canonical\" href=\"https:\/\/vinilozona.lt\/en\/parduotuve\/rock-pop\/bob-marley-the-wailers-\u200e-uprising\/\" \/>\n<meta property=\"og:locale\" content=\"en_GB\" \/>\n<meta property=\"og:type\" content=\"article\" \/>\n<meta property=\"og:title\" content=\"Bob Marley &amp; The Wailers \u200e\u2013 Uprising Vinilin\u0117 Plok\u0161tel\u0117 | Vinilozona.lt\" \/>\n<meta property=\"og:description\" content=\"Island Records \u2013 ILPS 9596, Tuff Gong \u2013 ILPS 9596 Format:  Vinyl, LP, Album Country: Sweden Released: 1980\" \/>\n<meta property=\"og:url\" content=\"https:\/\/vinilozona.lt\/en\/parduotuve\/rock-pop\/bob-marley-the-wailers-\u200e-uprising\/\" \/>\n<meta property=\"og:site_name\" content=\"Vinilo Zona\" \/>\n<meta property=\"article:modified_time\" content=\"2024-01-21T05:35:54+00:00\" \/>\n<meta property=\"og:image\" content=\"https:\/\/vinilozona.lt\/wp-content\/uploads\/2020\/03\/R-4184206-1525462635-6458.jpeg.jpg\" \/>\n\t<meta property=\"og:image:width\" content=\"599\" \/>\n\t<meta property=\"og:image:height\" content=\"601\" \/>\n\t<meta property=\"og:image:type\" content=\"image\/jpeg\" \/>\n<meta name=\"twitter:card\" content=\"summary_large_image\" \/>\n<script type=\"application\/ld+json\" class=\"yoast-schema-graph\">{\"@context\":\"https:\/\/schema.org\",\"@graph\":[{\"@type\":\"WebPage\",\"@id\":\"https:\/\/vinilozona.lt\/parduotuve\/rock-pop\/bob-marley-the-wailers-%e2%80%8e-uprising\/\",\"url\":\"https:\/\/vinilozona.lt\/parduotuve\/rock-pop\/bob-marley-the-wailers-%e2%80%8e-uprising\/\",\"name\":\"Bob Marley & The Wailers \u200e\u2013 Uprising Vinilin\u0117 Plok\u0161tel\u0117 | Vinilozona.lt\",\"isPartOf\":{\"@id\":\"https:\/\/vinilozona.lt\/#website\"},\"primaryImageOfPage\":{\"@id\":\"https:\/\/vinilozona.lt\/parduotuve\/rock-pop\/bob-marley-the-wailers-%e2%80%8e-uprising\/#primaryimage\"},\"image\":{\"@id\":\"https:\/\/vinilozona.lt\/parduotuve\/rock-pop\/bob-marley-the-wailers-%e2%80%8e-uprising\/#primaryimage\"},\"thumbnailUrl\":\"https:\/\/vinilozona.lt\/wp-content\/uploads\/2020\/03\/R-4184206-1525462635-6458.jpeg.jpg\",\"datePublished\":\"2024-01-22T03:06:09+00:00\",\"dateModified\":\"2024-01-21T05:35:54+00:00\",\"breadcrumb\":{\"@id\":\"https:\/\/vinilozona.lt\/parduotuve\/rock-pop\/bob-marley-the-wailers-%e2%80%8e-uprising\/#breadcrumb\"},\"inLanguage\":\"en-GB\",\"potentialAction\":[{\"@type\":\"ReadAction\",\"target\":[\"https:\/\/vinilozona.lt\/parduotuve\/rock-pop\/bob-marley-the-wailers-%e2%80%8e-uprising\/\"]}]},{\"@type\":\"ImageObject\",\"inLanguage\":\"en-GB\",\"@id\":\"https:\/\/vinilozona.lt\/parduotuve\/rock-pop\/bob-marley-the-wailers-%e2%80%8e-uprising\/#primaryimage\",\"url\":\"https:\/\/vinilozona.lt\/wp-content\/uploads\/2020\/03\/R-4184206-1525462635-6458.jpeg.jpg\",\"contentUrl\":\"https:\/\/vinilozona.lt\/wp-content\/uploads\/2020\/03\/R-4184206-1525462635-6458.jpeg.jpg\",\"width\":599,\"height\":601},{\"@type\":\"BreadcrumbList\",\"@id\":\"https:\/\/vinilozona.lt\/parduotuve\/rock-pop\/bob-marley-the-wailers-%e2%80%8e-uprising\/#breadcrumb\",\"itemListElement\":[{\"@type\":\"ListItem\",\"position\":1,\"name\":\"Home\",\"item\":\"https:\/\/vinilozona.lt\/\"},{\"@type\":\"ListItem\",\"position\":2,\"name\":\"Parduotuv\u0117\",\"item\":\"https:\/\/vinilozona.lt\/parduotuve\/\"},{\"@type\":\"ListItem\",\"position\":3,\"name\":\"Bob Marley &#038; The Wailers \u200e\u2013 Uprising\"}]},{\"@type\":\"WebSite\",\"@id\":\"https:\/\/vinilozona.lt\/#website\",\"url\":\"https:\/\/vinilozona.lt\/\",\"name\":\"Vinilo Zona\",\"description\":\"Nup\u016bsk dulkes ir klausyk LP\",\"potentialAction\":[{\"@type\":\"SearchAction\",\"target\":{\"@type\":\"EntryPoint\",\"urlTemplate\":\"https:\/\/vinilozona.lt\/?s={search_term_string}\"},\"query-input\":{\"@type\":\"PropertyValueSpecification\",\"valueRequired\":true,\"valueName\":\"search_term_string\"}}],\"inLanguage\":\"en-GB\"}]}<\/script>\n<!-- \/ Yoast SEO plugin. -->","yoast_head_json":{"title":"Bob Marley & The Wailers \u200e\u2013 Uprising Vinilin\u0117 Plok\u0161tel\u0117 | Vinilozona.lt","robots":{"index":"index","follow":"follow","max-snippet":"max-snippet:-1","max-image-preview":"max-image-preview:large","max-video-preview":"max-video-preview:-1"},"canonical":"https:\/\/vinilozona.lt\/en\/parduotuve\/rock-pop\/bob-marley-the-wailers-\u200e-uprising\/","og_locale":"en_GB","og_type":"article","og_title":"Bob Marley & The Wailers \u200e\u2013 Uprising Vinilin\u0117 Plok\u0161tel\u0117 | Vinilozona.lt","og_description":"Island Records \u2013 ILPS 9596, Tuff Gong \u2013 ILPS 9596 Format:  Vinyl, LP, Album Country: Sweden Released: 1980","og_url":"https:\/\/vinilozona.lt\/en\/parduotuve\/rock-pop\/bob-marley-the-wailers-\u200e-uprising\/","og_site_name":"Vinilo Zona","article_modified_time":"2024-01-21T05:35:54+00:00","og_image":[{"width":599,"height":601,"url":"https:\/\/vinilozona.lt\/wp-content\/uploads\/2020\/03\/R-4184206-1525462635-6458.jpeg.jpg","type":"image\/jpeg"}],"twitter_card":"summary_large_image","schema":{"@context":"https:\/\/schema.org","@graph":[{"@type":"WebPage","@id":"https:\/\/vinilozona.lt\/parduotuve\/rock-pop\/bob-marley-the-wailers-%e2%80%8e-uprising\/","url":"https:\/\/vinilozona.lt\/parduotuve\/rock-pop\/bob-marley-the-wailers-%e2%80%8e-uprising\/","name":"Bob Marley & The Wailers \u200e\u2013 Uprising Vinilin\u0117 Plok\u0161tel\u0117 | Vinilozona.lt","isPartOf":{"@id":"https:\/\/vinilozona.lt\/#website"},"primaryImageOfPage":{"@id":"https:\/\/vinilozona.lt\/parduotuve\/rock-pop\/bob-marley-the-wailers-%e2%80%8e-uprising\/#primaryimage"},"image":{"@id":"https:\/\/vinilozona.lt\/parduotuve\/rock-pop\/bob-marley-the-wailers-%e2%80%8e-uprising\/#primaryimage"},"thumbnailUrl":"https:\/\/vinilozona.lt\/wp-content\/uploads\/2020\/03\/R-4184206-1525462635-6458.jpeg.jpg","datePublished":"2024-01-22T03:06:09+00:00","dateModified":"2024-01-21T05:35:54+00:00","breadcrumb":{"@id":"https:\/\/vinilozona.lt\/parduotuve\/rock-pop\/bob-marley-the-wailers-%e2%80%8e-uprising\/#breadcrumb"},"inLanguage":"en-GB","potentialAction":[{"@type":"ReadAction","target":["https:\/\/vinilozona.lt\/parduotuve\/rock-pop\/bob-marley-the-wailers-%e2%80%8e-uprising\/"]}]},{"@type":"ImageObject","inLanguage":"en-GB","@id":"https:\/\/vinilozona.lt\/parduotuve\/rock-pop\/bob-marley-the-wailers-%e2%80%8e-uprising\/#primaryimage","url":"https:\/\/vinilozona.lt\/wp-content\/uploads\/2020\/03\/R-4184206-1525462635-6458.jpeg.jpg","contentUrl":"https:\/\/vinilozona.lt\/wp-content\/uploads\/2020\/03\/R-4184206-1525462635-6458.jpeg.jpg","width":599,"height":601},{"@type":"BreadcrumbList","@id":"https:\/\/vinilozona.lt\/parduotuve\/rock-pop\/bob-marley-the-wailers-%e2%80%8e-uprising\/#breadcrumb","itemListElement":[{"@type":"ListItem","position":1,"name":"Home","item":"https:\/\/vinilozona.lt\/"},{"@type":"ListItem","position":2,"name":"Parduotuv\u0117","item":"https:\/\/vinilozona.lt\/parduotuve\/"},{"@type":"ListItem","position":3,"name":"Bob Marley &#038; The Wailers \u200e\u2013 Uprising"}]},{"@type":"WebSite","@id":"https:\/\/vinilozona.lt\/#website","url":"https:\/\/vinilozona.lt\/","name":"Vinilo Zona","description":"Nup\u016bsk dulkes ir klausyk LP","potentialAction":[{"@type":"SearchAction","target":{"@type":"EntryPoint","urlTemplate":"https:\/\/vinilozona.lt\/?s={search_term_string}"},"query-input":{"@type":"PropertyValueSpecification","valueRequired":true,"valueName":"search_term_string"}}],"inLanguage":"en-GB"}]}},"_links":{"self":[{"href":"https:\/\/vinilozona.lt\/en\/wp-json\/wp\/v2\/product\/7326"}],"collection":[{"href":"https:\/\/vinilozona.lt\/en\/wp-json\/wp\/v2\/product"}],"about":[{"href":"https:\/\/vinilozona.lt\/en\/wp-json\/wp\/v2\/types\/product"}],"wp:featuredmedia":[{"embeddable":true,"href":"https:\/\/vinilozona.lt\/en\/wp-json\/wp\/v2\/media\/7327"}],"wp:attachment":[{"href":"https:\/\/vinilozona.lt\/en\/wp-json\/wp\/v2\/media?parent=7326"}],"wp:term":[{"taxonomy":"product_cat","embeddable":true,"href":"https:\/\/vinilozona.lt\/en\/wp-json\/wp\/v2\/product_cat?post=7326"},{"taxonomy":"product_tag","embeddable":true,"href":"https:\/\/vinilozona.lt\/en\/wp-json\/wp\/v2\/product_tag?post=7326"}],"curies":[{"name":"wp","href":"https:\/\/api.w.org\/{rel}","templated":true}]}}