{"id":7300,"date":"2026-05-11T05:09:12","date_gmt":"2026-05-11T02:09:12","guid":{"rendered":"https:\/\/vinilozona.lt\/?post_type=product&#038;p=7300"},"modified":"2026-05-11T12:47:04","modified_gmt":"2026-05-11T09:47:04","slug":"elvis-presley-%e2%80%8e-elvis-in-concert","status":"publish","type":"product","link":"https:\/\/vinilozona.lt\/en\/parduotuve\/rock-pop\/elvis-presley-%e2%80%8e-elvis-in-concert\/","title":{"rendered":"Elvis Presley \u200e\u2013 Elvis In Concert 2LP"},"content":{"rendered":"<p>Elvis&#8217; Fans Comments\/Opening Riff\t1:24<br \/>\nTheme 2001: A Space Odyssey\/Opening Riff\t1:55<br \/>\nSee See Rider\t2:31<br \/>\nThat&#8217;s All Right\t2:35<br \/>\nAre You Lonesome Tonight?\t3:01<br \/>\nMedley:(Let Me Be Your) Teddy Bear\/Don&#8217;t Be Cruel\t2:11<br \/>\nElvis&#8217; Fans Comments\t0:42<br \/>\nYou Gave Me A Mountain\t3:25<br \/>\nJailHouse Rock\t1:34<br \/>\nElvis&#8217; Fans Comments\t0:30<br \/>\nHow Great Thou Art\t3:18<br \/>\nElvis&#8217; Fans Comments\t0:58<br \/>\nI Really Don&#8217;t Want To Know\t1:32<br \/>\nElvis Introduces His Father\t0:47<br \/>\nHurt\t2:02<br \/>\nHound Dog\t1:29<br \/>\nMy Way\t4:08<br \/>\nCan&#8217;t Help Falling In Love\t1:41<br \/>\nClosing Riff \/Special Message From Elvis&#8217; Father, Vernon Presley\t1:20<br \/>\nMedley:I Got A Woman\/Amen\t6:21<br \/>\nElvis Talks\t0:40<br \/>\nLove Me\t2:30<br \/>\nIf You Love Me(Let Me Know)\t3:02<br \/>\nMedley:O Sole Mio &#8211; Sherrill Nielson Solo\/It&#8217;s Now Or Never &#8211; Elvis\t3:50<br \/>\nTrying To Get To You\t2:49<br \/>\nHawaiian Wedding Song\t2:42<br \/>\nFairytale\t2:50<br \/>\nLittle Sister\t1:51<br \/>\nEarly Morning Rain\t1:50<br \/>\nWhat&#8217;d I Say\t0:45<br \/>\nJohnny B. Goode\t0:57<br \/>\nAnd I Love You So\t3:38<\/p>","protected":false},"excerpt":{"rendered":"<p>RCA \u2013 APL2-2587<br \/>\nFormat:<br \/>\n2 x Vinyl, LP, Album, Stereo<br \/>\nCountry:<br \/>\nUS<br \/>\nReleased:<br \/>\nOct 3, 1977<\/p>","protected":false},"featured_media":7301,"template":"","meta":[],"product_cat":[15],"product_tag":[44],"yoast_head":"<!-- This site is optimized with the Yoast SEO plugin v23.5 - https:\/\/yoast.com\/wordpress\/plugins\/seo\/ -->\n<title>Elvis Presley \u200e\u2013 Elvis In Concert 2LP Vinilin\u0117 Plok\u0161tel\u0117 | Vinilozona.lt<\/title>\n<meta name=\"robots\" content=\"index, follow, max-snippet:-1, max-image-preview:large, max-video-preview:-1\" \/>\n<link rel=\"canonical\" href=\"https:\/\/vinilozona.lt\/en\/parduotuve\/rock-pop\/elvis-presley-\u200e-elvis-in-concert\/\" \/>\n<meta property=\"og:locale\" content=\"en_GB\" \/>\n<meta property=\"og:type\" content=\"article\" \/>\n<meta property=\"og:title\" content=\"Elvis Presley \u200e\u2013 Elvis In Concert 2LP Vinilin\u0117 Plok\u0161tel\u0117 | Vinilozona.lt\" \/>\n<meta property=\"og:description\" content=\"RCA \u2013 APL2-2587 Format: 2 x Vinyl, LP, Album, Stereo Country: US Released: Oct 3, 1977\" \/>\n<meta property=\"og:url\" content=\"https:\/\/vinilozona.lt\/en\/parduotuve\/rock-pop\/elvis-presley-\u200e-elvis-in-concert\/\" \/>\n<meta property=\"og:site_name\" content=\"Vinilo Zona\" \/>\n<meta property=\"article:modified_time\" content=\"2026-05-11T09:47:04+00:00\" \/>\n<meta property=\"og:image\" content=\"https:\/\/vinilozona.lt\/wp-content\/uploads\/2020\/03\/R-2746635-1531619672-5829.jpeg.jpg\" \/>\n\t<meta property=\"og:image:width\" content=\"300\" \/>\n\t<meta property=\"og:image:height\" content=\"297\" \/>\n\t<meta property=\"og:image:type\" content=\"image\/jpeg\" \/>\n<meta name=\"twitter:card\" content=\"summary_large_image\" \/>\n<meta name=\"twitter:label1\" content=\"Estimated reading time\" \/>\n\t<meta name=\"twitter:data1\" content=\"1 minute\" \/>\n<script type=\"application\/ld+json\" class=\"yoast-schema-graph\">{\"@context\":\"https:\/\/schema.org\",\"@graph\":[{\"@type\":\"WebPage\",\"@id\":\"https:\/\/vinilozona.lt\/parduotuve\/rock-pop\/elvis-presley-%e2%80%8e-elvis-in-concert\/\",\"url\":\"https:\/\/vinilozona.lt\/parduotuve\/rock-pop\/elvis-presley-%e2%80%8e-elvis-in-concert\/\",\"name\":\"Elvis Presley \u200e\u2013 Elvis In Concert 2LP Vinilin\u0117 Plok\u0161tel\u0117 | Vinilozona.lt\",\"isPartOf\":{\"@id\":\"https:\/\/vinilozona.lt\/#website\"},\"primaryImageOfPage\":{\"@id\":\"https:\/\/vinilozona.lt\/parduotuve\/rock-pop\/elvis-presley-%e2%80%8e-elvis-in-concert\/#primaryimage\"},\"image\":{\"@id\":\"https:\/\/vinilozona.lt\/parduotuve\/rock-pop\/elvis-presley-%e2%80%8e-elvis-in-concert\/#primaryimage\"},\"thumbnailUrl\":\"https:\/\/vinilozona.lt\/wp-content\/uploads\/2020\/03\/R-2746635-1531619672-5829.jpeg.jpg\",\"datePublished\":\"2026-05-11T02:09:12+00:00\",\"dateModified\":\"2026-05-11T09:47:04+00:00\",\"breadcrumb\":{\"@id\":\"https:\/\/vinilozona.lt\/parduotuve\/rock-pop\/elvis-presley-%e2%80%8e-elvis-in-concert\/#breadcrumb\"},\"inLanguage\":\"en-GB\",\"potentialAction\":[{\"@type\":\"ReadAction\",\"target\":[\"https:\/\/vinilozona.lt\/parduotuve\/rock-pop\/elvis-presley-%e2%80%8e-elvis-in-concert\/\"]}]},{\"@type\":\"ImageObject\",\"inLanguage\":\"en-GB\",\"@id\":\"https:\/\/vinilozona.lt\/parduotuve\/rock-pop\/elvis-presley-%e2%80%8e-elvis-in-concert\/#primaryimage\",\"url\":\"https:\/\/vinilozona.lt\/wp-content\/uploads\/2020\/03\/R-2746635-1531619672-5829.jpeg.jpg\",\"contentUrl\":\"https:\/\/vinilozona.lt\/wp-content\/uploads\/2020\/03\/R-2746635-1531619672-5829.jpeg.jpg\",\"width\":300,\"height\":297},{\"@type\":\"BreadcrumbList\",\"@id\":\"https:\/\/vinilozona.lt\/parduotuve\/rock-pop\/elvis-presley-%e2%80%8e-elvis-in-concert\/#breadcrumb\",\"itemListElement\":[{\"@type\":\"ListItem\",\"position\":1,\"name\":\"Home\",\"item\":\"https:\/\/vinilozona.lt\/\"},{\"@type\":\"ListItem\",\"position\":2,\"name\":\"Parduotuv\u0117\",\"item\":\"https:\/\/vinilozona.lt\/parduotuve\/\"},{\"@type\":\"ListItem\",\"position\":3,\"name\":\"Elvis Presley \u200e\u2013 Elvis In Concert 2LP\"}]},{\"@type\":\"WebSite\",\"@id\":\"https:\/\/vinilozona.lt\/#website\",\"url\":\"https:\/\/vinilozona.lt\/\",\"name\":\"Vinilo Zona\",\"description\":\"Nup\u016bsk dulkes ir klausyk LP\",\"potentialAction\":[{\"@type\":\"SearchAction\",\"target\":{\"@type\":\"EntryPoint\",\"urlTemplate\":\"https:\/\/vinilozona.lt\/?s={search_term_string}\"},\"query-input\":{\"@type\":\"PropertyValueSpecification\",\"valueRequired\":true,\"valueName\":\"search_term_string\"}}],\"inLanguage\":\"en-GB\"}]}<\/script>\n<!-- \/ Yoast SEO plugin. -->","yoast_head_json":{"title":"Elvis Presley \u200e\u2013 Elvis In Concert 2LP Vinilin\u0117 Plok\u0161tel\u0117 | Vinilozona.lt","robots":{"index":"index","follow":"follow","max-snippet":"max-snippet:-1","max-image-preview":"max-image-preview:large","max-video-preview":"max-video-preview:-1"},"canonical":"https:\/\/vinilozona.lt\/en\/parduotuve\/rock-pop\/elvis-presley-\u200e-elvis-in-concert\/","og_locale":"en_GB","og_type":"article","og_title":"Elvis Presley \u200e\u2013 Elvis In Concert 2LP Vinilin\u0117 Plok\u0161tel\u0117 | Vinilozona.lt","og_description":"RCA \u2013 APL2-2587 Format: 2 x Vinyl, LP, Album, Stereo Country: US Released: Oct 3, 1977","og_url":"https:\/\/vinilozona.lt\/en\/parduotuve\/rock-pop\/elvis-presley-\u200e-elvis-in-concert\/","og_site_name":"Vinilo Zona","article_modified_time":"2026-05-11T09:47:04+00:00","og_image":[{"width":300,"height":297,"url":"https:\/\/vinilozona.lt\/wp-content\/uploads\/2020\/03\/R-2746635-1531619672-5829.jpeg.jpg","type":"image\/jpeg"}],"twitter_card":"summary_large_image","twitter_misc":{"Estimated reading time":"1 minute"},"schema":{"@context":"https:\/\/schema.org","@graph":[{"@type":"WebPage","@id":"https:\/\/vinilozona.lt\/parduotuve\/rock-pop\/elvis-presley-%e2%80%8e-elvis-in-concert\/","url":"https:\/\/vinilozona.lt\/parduotuve\/rock-pop\/elvis-presley-%e2%80%8e-elvis-in-concert\/","name":"Elvis Presley \u200e\u2013 Elvis In Concert 2LP Vinilin\u0117 Plok\u0161tel\u0117 | Vinilozona.lt","isPartOf":{"@id":"https:\/\/vinilozona.lt\/#website"},"primaryImageOfPage":{"@id":"https:\/\/vinilozona.lt\/parduotuve\/rock-pop\/elvis-presley-%e2%80%8e-elvis-in-concert\/#primaryimage"},"image":{"@id":"https:\/\/vinilozona.lt\/parduotuve\/rock-pop\/elvis-presley-%e2%80%8e-elvis-in-concert\/#primaryimage"},"thumbnailUrl":"https:\/\/vinilozona.lt\/wp-content\/uploads\/2020\/03\/R-2746635-1531619672-5829.jpeg.jpg","datePublished":"2026-05-11T02:09:12+00:00","dateModified":"2026-05-11T09:47:04+00:00","breadcrumb":{"@id":"https:\/\/vinilozona.lt\/parduotuve\/rock-pop\/elvis-presley-%e2%80%8e-elvis-in-concert\/#breadcrumb"},"inLanguage":"en-GB","potentialAction":[{"@type":"ReadAction","target":["https:\/\/vinilozona.lt\/parduotuve\/rock-pop\/elvis-presley-%e2%80%8e-elvis-in-concert\/"]}]},{"@type":"ImageObject","inLanguage":"en-GB","@id":"https:\/\/vinilozona.lt\/parduotuve\/rock-pop\/elvis-presley-%e2%80%8e-elvis-in-concert\/#primaryimage","url":"https:\/\/vinilozona.lt\/wp-content\/uploads\/2020\/03\/R-2746635-1531619672-5829.jpeg.jpg","contentUrl":"https:\/\/vinilozona.lt\/wp-content\/uploads\/2020\/03\/R-2746635-1531619672-5829.jpeg.jpg","width":300,"height":297},{"@type":"BreadcrumbList","@id":"https:\/\/vinilozona.lt\/parduotuve\/rock-pop\/elvis-presley-%e2%80%8e-elvis-in-concert\/#breadcrumb","itemListElement":[{"@type":"ListItem","position":1,"name":"Home","item":"https:\/\/vinilozona.lt\/"},{"@type":"ListItem","position":2,"name":"Parduotuv\u0117","item":"https:\/\/vinilozona.lt\/parduotuve\/"},{"@type":"ListItem","position":3,"name":"Elvis Presley \u200e\u2013 Elvis In Concert 2LP"}]},{"@type":"WebSite","@id":"https:\/\/vinilozona.lt\/#website","url":"https:\/\/vinilozona.lt\/","name":"Vinilo Zona","description":"Nup\u016bsk dulkes ir klausyk LP","potentialAction":[{"@type":"SearchAction","target":{"@type":"EntryPoint","urlTemplate":"https:\/\/vinilozona.lt\/?s={search_term_string}"},"query-input":{"@type":"PropertyValueSpecification","valueRequired":true,"valueName":"search_term_string"}}],"inLanguage":"en-GB"}]}},"_links":{"self":[{"href":"https:\/\/vinilozona.lt\/en\/wp-json\/wp\/v2\/product\/7300"}],"collection":[{"href":"https:\/\/vinilozona.lt\/en\/wp-json\/wp\/v2\/product"}],"about":[{"href":"https:\/\/vinilozona.lt\/en\/wp-json\/wp\/v2\/types\/product"}],"wp:featuredmedia":[{"embeddable":true,"href":"https:\/\/vinilozona.lt\/en\/wp-json\/wp\/v2\/media\/7301"}],"wp:attachment":[{"href":"https:\/\/vinilozona.lt\/en\/wp-json\/wp\/v2\/media?parent=7300"}],"wp:term":[{"taxonomy":"product_cat","embeddable":true,"href":"https:\/\/vinilozona.lt\/en\/wp-json\/wp\/v2\/product_cat?post=7300"},{"taxonomy":"product_tag","embeddable":true,"href":"https:\/\/vinilozona.lt\/en\/wp-json\/wp\/v2\/product_tag?post=7300"}],"curies":[{"name":"wp","href":"https:\/\/api.w.org\/{rel}","templated":true}]}}