{"id":7296,"date":"2025-01-03T05:06:42","date_gmt":"2025-01-03T03:06:42","guid":{"rendered":"https:\/\/vinilozona.lt\/?post_type=product&#038;p=7296"},"modified":"2025-01-02T10:11:44","modified_gmt":"2025-01-02T08:11:44","slug":"electric-light-orchestra-%e2%80%8e-face-the-music","status":"publish","type":"product","link":"https:\/\/vinilozona.lt\/en\/parduotuve\/rock-pop\/electric-light-orchestra-%e2%80%8e-face-the-music\/","title":{"rendered":"Electric Light Orchestra \u200e\u2013 Face The Music"},"content":{"rendered":"<p>A1 \tFire On High \t5:29<br \/>\nA2 \tWaterfall \t4:11<br \/>\nA3 \tEvil Woman \t4:34<br \/>\nA4 \tNightrider \t4:22<br \/>\nB1 \tPoker \t        3:30<br \/>\nB2 \tStrange Music \t4:29<br \/>\nB3 \tDown Home Town \t3:53<br \/>\nB4 \tOne Summer Dream 5:45<\/p>","protected":false},"excerpt":{"rendered":"<p>Jet Records \u2013 JET LP 201<br \/>\nFormat:<br \/>\nVinyl, LP, Album, Reissue<br \/>\nCountry: Europe<br \/>\nReleased: 1978<\/p>","protected":false},"featured_media":7297,"template":"","meta":[],"product_cat":[15],"product_tag":[44],"yoast_head":"<!-- This site is optimized with the Yoast SEO plugin v23.5 - https:\/\/yoast.com\/wordpress\/plugins\/seo\/ -->\n<title>Electric Light Orchestra \u200e\u2013 Face The Music Vinilin\u0117 Plok\u0161tel\u0117 | Vinilozona.lt<\/title>\n<meta name=\"robots\" content=\"index, follow, max-snippet:-1, max-image-preview:large, max-video-preview:-1\" \/>\n<link rel=\"canonical\" href=\"https:\/\/vinilozona.lt\/en\/parduotuve\/rock-pop\/electric-light-orchestra-\u200e-face-the-music\/\" \/>\n<meta property=\"og:locale\" content=\"en_GB\" \/>\n<meta property=\"og:type\" content=\"article\" \/>\n<meta property=\"og:title\" content=\"Electric Light Orchestra \u200e\u2013 Face The Music Vinilin\u0117 Plok\u0161tel\u0117 | Vinilozona.lt\" \/>\n<meta property=\"og:description\" content=\"Jet Records \u2013 JET LP 201 Format: Vinyl, LP, Album, Reissue Country: Europe Released: 1978\" \/>\n<meta property=\"og:url\" content=\"https:\/\/vinilozona.lt\/en\/parduotuve\/rock-pop\/electric-light-orchestra-\u200e-face-the-music\/\" \/>\n<meta property=\"og:site_name\" content=\"Vinilo Zona\" \/>\n<meta property=\"article:modified_time\" content=\"2025-01-02T08:11:44+00:00\" \/>\n<meta property=\"og:image\" content=\"https:\/\/vinilozona.lt\/wp-content\/uploads\/2020\/03\/R-447416-1470659943-5886.jpeg.jpg\" \/>\n\t<meta property=\"og:image:width\" content=\"600\" \/>\n\t<meta property=\"og:image:height\" content=\"579\" \/>\n\t<meta property=\"og:image:type\" content=\"image\/jpeg\" \/>\n<meta name=\"twitter:card\" content=\"summary_large_image\" \/>\n<meta name=\"twitter:label1\" content=\"Estimated reading time\" \/>\n\t<meta name=\"twitter:data1\" content=\"1 minute\" \/>\n<script type=\"application\/ld+json\" class=\"yoast-schema-graph\">{\"@context\":\"https:\/\/schema.org\",\"@graph\":[{\"@type\":\"WebPage\",\"@id\":\"https:\/\/vinilozona.lt\/parduotuve\/rock-pop\/electric-light-orchestra-%e2%80%8e-face-the-music\/\",\"url\":\"https:\/\/vinilozona.lt\/parduotuve\/rock-pop\/electric-light-orchestra-%e2%80%8e-face-the-music\/\",\"name\":\"Electric Light Orchestra \u200e\u2013 Face The Music Vinilin\u0117 Plok\u0161tel\u0117 | Vinilozona.lt\",\"isPartOf\":{\"@id\":\"https:\/\/vinilozona.lt\/#website\"},\"primaryImageOfPage\":{\"@id\":\"https:\/\/vinilozona.lt\/parduotuve\/rock-pop\/electric-light-orchestra-%e2%80%8e-face-the-music\/#primaryimage\"},\"image\":{\"@id\":\"https:\/\/vinilozona.lt\/parduotuve\/rock-pop\/electric-light-orchestra-%e2%80%8e-face-the-music\/#primaryimage\"},\"thumbnailUrl\":\"https:\/\/vinilozona.lt\/wp-content\/uploads\/2020\/03\/R-447416-1470659943-5886.jpeg.jpg\",\"datePublished\":\"2025-01-03T03:06:42+00:00\",\"dateModified\":\"2025-01-02T08:11:44+00:00\",\"breadcrumb\":{\"@id\":\"https:\/\/vinilozona.lt\/parduotuve\/rock-pop\/electric-light-orchestra-%e2%80%8e-face-the-music\/#breadcrumb\"},\"inLanguage\":\"en-GB\",\"potentialAction\":[{\"@type\":\"ReadAction\",\"target\":[\"https:\/\/vinilozona.lt\/parduotuve\/rock-pop\/electric-light-orchestra-%e2%80%8e-face-the-music\/\"]}]},{\"@type\":\"ImageObject\",\"inLanguage\":\"en-GB\",\"@id\":\"https:\/\/vinilozona.lt\/parduotuve\/rock-pop\/electric-light-orchestra-%e2%80%8e-face-the-music\/#primaryimage\",\"url\":\"https:\/\/vinilozona.lt\/wp-content\/uploads\/2020\/03\/R-447416-1470659943-5886.jpeg.jpg\",\"contentUrl\":\"https:\/\/vinilozona.lt\/wp-content\/uploads\/2020\/03\/R-447416-1470659943-5886.jpeg.jpg\",\"width\":600,\"height\":579},{\"@type\":\"BreadcrumbList\",\"@id\":\"https:\/\/vinilozona.lt\/parduotuve\/rock-pop\/electric-light-orchestra-%e2%80%8e-face-the-music\/#breadcrumb\",\"itemListElement\":[{\"@type\":\"ListItem\",\"position\":1,\"name\":\"Home\",\"item\":\"https:\/\/vinilozona.lt\/\"},{\"@type\":\"ListItem\",\"position\":2,\"name\":\"Parduotuv\u0117\",\"item\":\"https:\/\/vinilozona.lt\/parduotuve\/\"},{\"@type\":\"ListItem\",\"position\":3,\"name\":\"Electric Light Orchestra \u200e\u2013 Face The Music\"}]},{\"@type\":\"WebSite\",\"@id\":\"https:\/\/vinilozona.lt\/#website\",\"url\":\"https:\/\/vinilozona.lt\/\",\"name\":\"Vinilo Zona\",\"description\":\"Nup\u016bsk dulkes ir klausyk LP\",\"potentialAction\":[{\"@type\":\"SearchAction\",\"target\":{\"@type\":\"EntryPoint\",\"urlTemplate\":\"https:\/\/vinilozona.lt\/?s={search_term_string}\"},\"query-input\":{\"@type\":\"PropertyValueSpecification\",\"valueRequired\":true,\"valueName\":\"search_term_string\"}}],\"inLanguage\":\"en-GB\"}]}<\/script>\n<!-- \/ Yoast SEO plugin. -->","yoast_head_json":{"title":"Electric Light Orchestra \u200e\u2013 Face The Music Vinilin\u0117 Plok\u0161tel\u0117 | Vinilozona.lt","robots":{"index":"index","follow":"follow","max-snippet":"max-snippet:-1","max-image-preview":"max-image-preview:large","max-video-preview":"max-video-preview:-1"},"canonical":"https:\/\/vinilozona.lt\/en\/parduotuve\/rock-pop\/electric-light-orchestra-\u200e-face-the-music\/","og_locale":"en_GB","og_type":"article","og_title":"Electric Light Orchestra \u200e\u2013 Face The Music Vinilin\u0117 Plok\u0161tel\u0117 | Vinilozona.lt","og_description":"Jet Records \u2013 JET LP 201 Format: Vinyl, LP, Album, Reissue Country: Europe Released: 1978","og_url":"https:\/\/vinilozona.lt\/en\/parduotuve\/rock-pop\/electric-light-orchestra-\u200e-face-the-music\/","og_site_name":"Vinilo Zona","article_modified_time":"2025-01-02T08:11:44+00:00","og_image":[{"width":600,"height":579,"url":"https:\/\/vinilozona.lt\/wp-content\/uploads\/2020\/03\/R-447416-1470659943-5886.jpeg.jpg","type":"image\/jpeg"}],"twitter_card":"summary_large_image","twitter_misc":{"Estimated reading time":"1 minute"},"schema":{"@context":"https:\/\/schema.org","@graph":[{"@type":"WebPage","@id":"https:\/\/vinilozona.lt\/parduotuve\/rock-pop\/electric-light-orchestra-%e2%80%8e-face-the-music\/","url":"https:\/\/vinilozona.lt\/parduotuve\/rock-pop\/electric-light-orchestra-%e2%80%8e-face-the-music\/","name":"Electric Light Orchestra \u200e\u2013 Face The Music Vinilin\u0117 Plok\u0161tel\u0117 | Vinilozona.lt","isPartOf":{"@id":"https:\/\/vinilozona.lt\/#website"},"primaryImageOfPage":{"@id":"https:\/\/vinilozona.lt\/parduotuve\/rock-pop\/electric-light-orchestra-%e2%80%8e-face-the-music\/#primaryimage"},"image":{"@id":"https:\/\/vinilozona.lt\/parduotuve\/rock-pop\/electric-light-orchestra-%e2%80%8e-face-the-music\/#primaryimage"},"thumbnailUrl":"https:\/\/vinilozona.lt\/wp-content\/uploads\/2020\/03\/R-447416-1470659943-5886.jpeg.jpg","datePublished":"2025-01-03T03:06:42+00:00","dateModified":"2025-01-02T08:11:44+00:00","breadcrumb":{"@id":"https:\/\/vinilozona.lt\/parduotuve\/rock-pop\/electric-light-orchestra-%e2%80%8e-face-the-music\/#breadcrumb"},"inLanguage":"en-GB","potentialAction":[{"@type":"ReadAction","target":["https:\/\/vinilozona.lt\/parduotuve\/rock-pop\/electric-light-orchestra-%e2%80%8e-face-the-music\/"]}]},{"@type":"ImageObject","inLanguage":"en-GB","@id":"https:\/\/vinilozona.lt\/parduotuve\/rock-pop\/electric-light-orchestra-%e2%80%8e-face-the-music\/#primaryimage","url":"https:\/\/vinilozona.lt\/wp-content\/uploads\/2020\/03\/R-447416-1470659943-5886.jpeg.jpg","contentUrl":"https:\/\/vinilozona.lt\/wp-content\/uploads\/2020\/03\/R-447416-1470659943-5886.jpeg.jpg","width":600,"height":579},{"@type":"BreadcrumbList","@id":"https:\/\/vinilozona.lt\/parduotuve\/rock-pop\/electric-light-orchestra-%e2%80%8e-face-the-music\/#breadcrumb","itemListElement":[{"@type":"ListItem","position":1,"name":"Home","item":"https:\/\/vinilozona.lt\/"},{"@type":"ListItem","position":2,"name":"Parduotuv\u0117","item":"https:\/\/vinilozona.lt\/parduotuve\/"},{"@type":"ListItem","position":3,"name":"Electric Light Orchestra \u200e\u2013 Face The Music"}]},{"@type":"WebSite","@id":"https:\/\/vinilozona.lt\/#website","url":"https:\/\/vinilozona.lt\/","name":"Vinilo Zona","description":"Nup\u016bsk dulkes ir klausyk LP","potentialAction":[{"@type":"SearchAction","target":{"@type":"EntryPoint","urlTemplate":"https:\/\/vinilozona.lt\/?s={search_term_string}"},"query-input":{"@type":"PropertyValueSpecification","valueRequired":true,"valueName":"search_term_string"}}],"inLanguage":"en-GB"}]}},"_links":{"self":[{"href":"https:\/\/vinilozona.lt\/en\/wp-json\/wp\/v2\/product\/7296"}],"collection":[{"href":"https:\/\/vinilozona.lt\/en\/wp-json\/wp\/v2\/product"}],"about":[{"href":"https:\/\/vinilozona.lt\/en\/wp-json\/wp\/v2\/types\/product"}],"wp:featuredmedia":[{"embeddable":true,"href":"https:\/\/vinilozona.lt\/en\/wp-json\/wp\/v2\/media\/7297"}],"wp:attachment":[{"href":"https:\/\/vinilozona.lt\/en\/wp-json\/wp\/v2\/media?parent=7296"}],"wp:term":[{"taxonomy":"product_cat","embeddable":true,"href":"https:\/\/vinilozona.lt\/en\/wp-json\/wp\/v2\/product_cat?post=7296"},{"taxonomy":"product_tag","embeddable":true,"href":"https:\/\/vinilozona.lt\/en\/wp-json\/wp\/v2\/product_tag?post=7296"}],"curies":[{"name":"wp","href":"https:\/\/api.w.org\/{rel}","templated":true}]}}