{"id":7125,"date":"2025-06-15T05:03:39","date_gmt":"2025-06-15T02:03:39","guid":{"rendered":"https:\/\/vinilozona.lt\/?post_type=product&#038;p=7125"},"modified":"2025-06-15T06:15:50","modified_gmt":"2025-06-15T03:15:50","slug":"neil-young-%e2%80%8e-after-the-gold-rush","status":"publish","type":"product","link":"https:\/\/vinilozona.lt\/en\/parduotuve\/rock-pop\/neil-young-%e2%80%8e-after-the-gold-rush\/","title":{"rendered":"Neil Young \u200e\u2013 After The Gold Rush"},"content":{"rendered":"<p>A1\t\tTell Me Why\t2:45<br \/>\nA2\t\tAfter The Goldrush\t3:45<br \/>\nA3\t\tOnly Love Can Break Your Heart\t3:05<br \/>\nA4\t\tSouthern Man\t5:41<br \/>\nA5\t\tTill The Morning Comes\t1:17<br \/>\nB1\t\tOh Lonesome Me  3:47<br \/>\nB2\t\tDon&#8217;t Let It Bring You Down\t2:56<br \/>\nB3\t\tBirds\t2:34<br \/>\nB4\t\tWhen You Dance I Can Really Love\t3:44<br \/>\nB5\t\tI Believe In You\t2:24<br \/>\nB6\t\tCripple Creek Ferry\t1:34<\/p>","protected":false},"excerpt":{"rendered":"<p>Reprise Records \u2013 K 44088, Reprise Records \u2013 6383<br \/>\nFormat:<br \/>\nVinyl, LP, Album, Reissue, Stereo, Gatefold<br \/>\nCountry:<br \/>\nUK<br \/>\nReleased:<br \/>\n1972<\/p>","protected":false},"featured_media":7126,"template":"","meta":[],"product_cat":[15],"product_tag":[44],"yoast_head":"<!-- This site is optimized with the Yoast SEO plugin v23.5 - https:\/\/yoast.com\/wordpress\/plugins\/seo\/ -->\n<title>Neil Young \u200e\u2013 After The Gold Rush Vinilin\u0117 Plok\u0161tel\u0117 | Vinilozona.lt<\/title>\n<meta name=\"robots\" content=\"index, follow, max-snippet:-1, max-image-preview:large, max-video-preview:-1\" \/>\n<link rel=\"canonical\" href=\"https:\/\/vinilozona.lt\/en\/parduotuve\/rock-pop\/neil-young-\u200e-after-the-gold-rush\/\" \/>\n<meta property=\"og:locale\" content=\"en_GB\" \/>\n<meta property=\"og:type\" content=\"article\" \/>\n<meta property=\"og:title\" content=\"Neil Young \u200e\u2013 After The Gold Rush Vinilin\u0117 Plok\u0161tel\u0117 | Vinilozona.lt\" \/>\n<meta property=\"og:description\" content=\"Reprise Records \u2013 K 44088, Reprise Records \u2013 6383 Format: Vinyl, LP, Album, Reissue, Stereo, Gatefold Country: UK Released: 1972\" \/>\n<meta property=\"og:url\" content=\"https:\/\/vinilozona.lt\/en\/parduotuve\/rock-pop\/neil-young-\u200e-after-the-gold-rush\/\" \/>\n<meta property=\"og:site_name\" content=\"Vinilo Zona\" \/>\n<meta property=\"article:modified_time\" content=\"2025-06-15T03:15:50+00:00\" \/>\n<meta property=\"og:image\" content=\"https:\/\/vinilozona.lt\/wp-content\/uploads\/2020\/03\/R-4468925-1378282773-3877.jpeg.jpg\" \/>\n\t<meta property=\"og:image:width\" content=\"289\" \/>\n\t<meta property=\"og:image:height\" content=\"300\" \/>\n\t<meta property=\"og:image:type\" content=\"image\/jpeg\" \/>\n<meta name=\"twitter:card\" content=\"summary_large_image\" \/>\n<meta name=\"twitter:label1\" content=\"Estimated reading time\" \/>\n\t<meta name=\"twitter:data1\" content=\"1 minute\" \/>\n<script type=\"application\/ld+json\" class=\"yoast-schema-graph\">{\"@context\":\"https:\/\/schema.org\",\"@graph\":[{\"@type\":\"WebPage\",\"@id\":\"https:\/\/vinilozona.lt\/parduotuve\/rock-pop\/neil-young-%e2%80%8e-after-the-gold-rush\/\",\"url\":\"https:\/\/vinilozona.lt\/parduotuve\/rock-pop\/neil-young-%e2%80%8e-after-the-gold-rush\/\",\"name\":\"Neil Young \u200e\u2013 After The Gold Rush Vinilin\u0117 Plok\u0161tel\u0117 | Vinilozona.lt\",\"isPartOf\":{\"@id\":\"https:\/\/vinilozona.lt\/#website\"},\"primaryImageOfPage\":{\"@id\":\"https:\/\/vinilozona.lt\/parduotuve\/rock-pop\/neil-young-%e2%80%8e-after-the-gold-rush\/#primaryimage\"},\"image\":{\"@id\":\"https:\/\/vinilozona.lt\/parduotuve\/rock-pop\/neil-young-%e2%80%8e-after-the-gold-rush\/#primaryimage\"},\"thumbnailUrl\":\"https:\/\/vinilozona.lt\/wp-content\/uploads\/2020\/03\/R-4468925-1378282773-3877.jpeg.jpg\",\"datePublished\":\"2025-06-15T02:03:39+00:00\",\"dateModified\":\"2025-06-15T03:15:50+00:00\",\"breadcrumb\":{\"@id\":\"https:\/\/vinilozona.lt\/parduotuve\/rock-pop\/neil-young-%e2%80%8e-after-the-gold-rush\/#breadcrumb\"},\"inLanguage\":\"en-GB\",\"potentialAction\":[{\"@type\":\"ReadAction\",\"target\":[\"https:\/\/vinilozona.lt\/parduotuve\/rock-pop\/neil-young-%e2%80%8e-after-the-gold-rush\/\"]}]},{\"@type\":\"ImageObject\",\"inLanguage\":\"en-GB\",\"@id\":\"https:\/\/vinilozona.lt\/parduotuve\/rock-pop\/neil-young-%e2%80%8e-after-the-gold-rush\/#primaryimage\",\"url\":\"https:\/\/vinilozona.lt\/wp-content\/uploads\/2020\/03\/R-4468925-1378282773-3877.jpeg.jpg\",\"contentUrl\":\"https:\/\/vinilozona.lt\/wp-content\/uploads\/2020\/03\/R-4468925-1378282773-3877.jpeg.jpg\",\"width\":289,\"height\":300},{\"@type\":\"BreadcrumbList\",\"@id\":\"https:\/\/vinilozona.lt\/parduotuve\/rock-pop\/neil-young-%e2%80%8e-after-the-gold-rush\/#breadcrumb\",\"itemListElement\":[{\"@type\":\"ListItem\",\"position\":1,\"name\":\"Home\",\"item\":\"https:\/\/vinilozona.lt\/\"},{\"@type\":\"ListItem\",\"position\":2,\"name\":\"Parduotuv\u0117\",\"item\":\"https:\/\/vinilozona.lt\/parduotuve\/\"},{\"@type\":\"ListItem\",\"position\":3,\"name\":\"Neil Young \u200e\u2013 After The Gold Rush\"}]},{\"@type\":\"WebSite\",\"@id\":\"https:\/\/vinilozona.lt\/#website\",\"url\":\"https:\/\/vinilozona.lt\/\",\"name\":\"Vinilo Zona\",\"description\":\"Nup\u016bsk dulkes ir klausyk LP\",\"potentialAction\":[{\"@type\":\"SearchAction\",\"target\":{\"@type\":\"EntryPoint\",\"urlTemplate\":\"https:\/\/vinilozona.lt\/?s={search_term_string}\"},\"query-input\":{\"@type\":\"PropertyValueSpecification\",\"valueRequired\":true,\"valueName\":\"search_term_string\"}}],\"inLanguage\":\"en-GB\"}]}<\/script>\n<!-- \/ Yoast SEO plugin. -->","yoast_head_json":{"title":"Neil Young \u200e\u2013 After The Gold Rush Vinilin\u0117 Plok\u0161tel\u0117 | Vinilozona.lt","robots":{"index":"index","follow":"follow","max-snippet":"max-snippet:-1","max-image-preview":"max-image-preview:large","max-video-preview":"max-video-preview:-1"},"canonical":"https:\/\/vinilozona.lt\/en\/parduotuve\/rock-pop\/neil-young-\u200e-after-the-gold-rush\/","og_locale":"en_GB","og_type":"article","og_title":"Neil Young \u200e\u2013 After The Gold Rush Vinilin\u0117 Plok\u0161tel\u0117 | Vinilozona.lt","og_description":"Reprise Records \u2013 K 44088, Reprise Records \u2013 6383 Format: Vinyl, LP, Album, Reissue, Stereo, Gatefold Country: UK Released: 1972","og_url":"https:\/\/vinilozona.lt\/en\/parduotuve\/rock-pop\/neil-young-\u200e-after-the-gold-rush\/","og_site_name":"Vinilo Zona","article_modified_time":"2025-06-15T03:15:50+00:00","og_image":[{"width":289,"height":300,"url":"https:\/\/vinilozona.lt\/wp-content\/uploads\/2020\/03\/R-4468925-1378282773-3877.jpeg.jpg","type":"image\/jpeg"}],"twitter_card":"summary_large_image","twitter_misc":{"Estimated reading time":"1 minute"},"schema":{"@context":"https:\/\/schema.org","@graph":[{"@type":"WebPage","@id":"https:\/\/vinilozona.lt\/parduotuve\/rock-pop\/neil-young-%e2%80%8e-after-the-gold-rush\/","url":"https:\/\/vinilozona.lt\/parduotuve\/rock-pop\/neil-young-%e2%80%8e-after-the-gold-rush\/","name":"Neil Young \u200e\u2013 After The Gold Rush Vinilin\u0117 Plok\u0161tel\u0117 | Vinilozona.lt","isPartOf":{"@id":"https:\/\/vinilozona.lt\/#website"},"primaryImageOfPage":{"@id":"https:\/\/vinilozona.lt\/parduotuve\/rock-pop\/neil-young-%e2%80%8e-after-the-gold-rush\/#primaryimage"},"image":{"@id":"https:\/\/vinilozona.lt\/parduotuve\/rock-pop\/neil-young-%e2%80%8e-after-the-gold-rush\/#primaryimage"},"thumbnailUrl":"https:\/\/vinilozona.lt\/wp-content\/uploads\/2020\/03\/R-4468925-1378282773-3877.jpeg.jpg","datePublished":"2025-06-15T02:03:39+00:00","dateModified":"2025-06-15T03:15:50+00:00","breadcrumb":{"@id":"https:\/\/vinilozona.lt\/parduotuve\/rock-pop\/neil-young-%e2%80%8e-after-the-gold-rush\/#breadcrumb"},"inLanguage":"en-GB","potentialAction":[{"@type":"ReadAction","target":["https:\/\/vinilozona.lt\/parduotuve\/rock-pop\/neil-young-%e2%80%8e-after-the-gold-rush\/"]}]},{"@type":"ImageObject","inLanguage":"en-GB","@id":"https:\/\/vinilozona.lt\/parduotuve\/rock-pop\/neil-young-%e2%80%8e-after-the-gold-rush\/#primaryimage","url":"https:\/\/vinilozona.lt\/wp-content\/uploads\/2020\/03\/R-4468925-1378282773-3877.jpeg.jpg","contentUrl":"https:\/\/vinilozona.lt\/wp-content\/uploads\/2020\/03\/R-4468925-1378282773-3877.jpeg.jpg","width":289,"height":300},{"@type":"BreadcrumbList","@id":"https:\/\/vinilozona.lt\/parduotuve\/rock-pop\/neil-young-%e2%80%8e-after-the-gold-rush\/#breadcrumb","itemListElement":[{"@type":"ListItem","position":1,"name":"Home","item":"https:\/\/vinilozona.lt\/"},{"@type":"ListItem","position":2,"name":"Parduotuv\u0117","item":"https:\/\/vinilozona.lt\/parduotuve\/"},{"@type":"ListItem","position":3,"name":"Neil Young \u200e\u2013 After The Gold Rush"}]},{"@type":"WebSite","@id":"https:\/\/vinilozona.lt\/#website","url":"https:\/\/vinilozona.lt\/","name":"Vinilo Zona","description":"Nup\u016bsk dulkes ir klausyk LP","potentialAction":[{"@type":"SearchAction","target":{"@type":"EntryPoint","urlTemplate":"https:\/\/vinilozona.lt\/?s={search_term_string}"},"query-input":{"@type":"PropertyValueSpecification","valueRequired":true,"valueName":"search_term_string"}}],"inLanguage":"en-GB"}]}},"_links":{"self":[{"href":"https:\/\/vinilozona.lt\/en\/wp-json\/wp\/v2\/product\/7125"}],"collection":[{"href":"https:\/\/vinilozona.lt\/en\/wp-json\/wp\/v2\/product"}],"about":[{"href":"https:\/\/vinilozona.lt\/en\/wp-json\/wp\/v2\/types\/product"}],"wp:featuredmedia":[{"embeddable":true,"href":"https:\/\/vinilozona.lt\/en\/wp-json\/wp\/v2\/media\/7126"}],"wp:attachment":[{"href":"https:\/\/vinilozona.lt\/en\/wp-json\/wp\/v2\/media?parent=7125"}],"wp:term":[{"taxonomy":"product_cat","embeddable":true,"href":"https:\/\/vinilozona.lt\/en\/wp-json\/wp\/v2\/product_cat?post=7125"},{"taxonomy":"product_tag","embeddable":true,"href":"https:\/\/vinilozona.lt\/en\/wp-json\/wp\/v2\/product_tag?post=7125"}],"curies":[{"name":"wp","href":"https:\/\/api.w.org\/{rel}","templated":true}]}}