{"id":6983,"date":"2025-04-03T05:02:48","date_gmt":"2025-04-03T02:02:48","guid":{"rendered":"https:\/\/vinilozona.lt\/?post_type=product&#038;p=6983"},"modified":"2025-04-17T18:52:05","modified_gmt":"2025-04-17T15:52:05","slug":"elvis-presley-%e2%80%8e-40-greatest-hits","status":"publish","type":"product","link":"https:\/\/vinilozona.lt\/en\/parduotuve\/rock-pop\/elvis-presley-%e2%80%8e-40-greatest-hits\/","title":{"rendered":"Elvis Presley \u2013 Elvis Forever  2LP"},"content":{"rendered":"<p>A1\t\tMy Baby Left Me  2:10<br \/>\nA2\t\tHeartbreak Hotel  2:06<br \/>\nA3\t\tBlue Suede Shoes 1:58<br \/>\nA4\t\tHound Dog  2:17<br \/>\nA5\t\tLove Me Tender 2:40<br \/>\nA6\t\tGot A Lot Of Livin&#8217; To Do  2:34<br \/>\nA7\t\t(Let Me Be Your) Teddy Bear  1:43<br \/>\nA8\t\tI&#8217;m All Shook Up  1:58<br \/>\nB1\t\tDon&#8217;t  2:48<br \/>\nB2\t\tHard Headed Woman  1:52<br \/>\nB3\t\tKing Creole  2:09<br \/>\nB4\t\tJailhouse Rock  2:30<br \/>\nB5\t\tA Big Hunk O&#8217; Love  2:12<br \/>\nB6\t\tI Got Stung  1:50<br \/>\nB7\t\tOne Night  2:32<br \/>\nB8\t\tStuck On You  2:17<br \/>\nC1\t\tFever  3:32<br \/>\nC2\t\tIt&#8217;s Now Or Never  3:12<br \/>\nC3\t\tAre You Lonesome Tonight?  3:07<br \/>\nC4\t\tWooden Heart  1:58<br \/>\nC5\t\tSurrender  1:51<br \/>\nC6\t\tWild In The Country  1:50<br \/>\nC7\t\tRock-A-Hula Baby  1:58<br \/>\nC8\t\tCan&#8217;t Help Falling In Love  2:59<br \/>\nD1\t\tGood Luck Charm  2:23<br \/>\nD2\t\tReturn To Sender  2:05<br \/>\nD3\t\tYou&#8217;re The Devil In Disguise  2:18<br \/>\nD4\t\tCrying In The Chapel  2:22<br \/>\nD5\t\tGuitar Man  2:20<br \/>\nD6\t\tIn The Ghetto  2:44<br \/>\nD7\t\tSuspicious Minds  4:22<br \/>\nD8\t\tThere Goes My Everything  2:55<\/p>","protected":false},"excerpt":{"rendered":"<p>RCA Victor \u2013 PJL 2-8024<br \/>\nFormat:<br \/>\n2 x Vinyl, LP, Compilation, Gatefold<br \/>\nCountry:\tGermany<br \/>\nReleased:\t1974<\/p>","protected":false},"featured_media":22151,"template":"","meta":[],"product_cat":[15],"product_tag":[44],"yoast_head":"<!-- This site is optimized with the Yoast SEO plugin v23.5 - https:\/\/yoast.com\/wordpress\/plugins\/seo\/ -->\n<title>Elvis Presley \u2013 Elvis Forever 2LP Vinilin\u0117 Plok\u0161tel\u0117 | Vinilozona.lt<\/title>\n<meta name=\"robots\" content=\"index, follow, max-snippet:-1, max-image-preview:large, max-video-preview:-1\" \/>\n<link rel=\"canonical\" href=\"https:\/\/vinilozona.lt\/en\/parduotuve\/rock-pop\/elvis-presley-\u200e-40-greatest-hits\/\" \/>\n<meta property=\"og:locale\" content=\"en_GB\" \/>\n<meta property=\"og:type\" content=\"article\" \/>\n<meta property=\"og:title\" content=\"Elvis Presley \u2013 Elvis Forever 2LP Vinilin\u0117 Plok\u0161tel\u0117 | Vinilozona.lt\" \/>\n<meta property=\"og:description\" content=\"RCA Victor \u2013 PJL 2-8024 Format:  2 x Vinyl, LP, Compilation, Gatefold Country: Germany Released: 1974\" \/>\n<meta property=\"og:url\" content=\"https:\/\/vinilozona.lt\/en\/parduotuve\/rock-pop\/elvis-presley-\u200e-40-greatest-hits\/\" \/>\n<meta property=\"og:site_name\" content=\"Vinilo Zona\" \/>\n<meta property=\"article:modified_time\" content=\"2025-04-17T15:52:05+00:00\" \/>\n<meta property=\"og:image\" content=\"https:\/\/vinilozona.lt\/wp-content\/uploads\/2020\/03\/R-818660-1612800969-4203.jpg\" \/>\n\t<meta property=\"og:image:width\" content=\"600\" \/>\n\t<meta property=\"og:image:height\" content=\"600\" \/>\n\t<meta property=\"og:image:type\" content=\"image\/jpeg\" \/>\n<meta name=\"twitter:card\" content=\"summary_large_image\" \/>\n<meta name=\"twitter:label1\" content=\"Estimated reading time\" \/>\n\t<meta name=\"twitter:data1\" content=\"2 minutes\" \/>\n<script type=\"application\/ld+json\" class=\"yoast-schema-graph\">{\"@context\":\"https:\/\/schema.org\",\"@graph\":[{\"@type\":\"WebPage\",\"@id\":\"https:\/\/vinilozona.lt\/parduotuve\/rock-pop\/elvis-presley-%e2%80%8e-40-greatest-hits\/\",\"url\":\"https:\/\/vinilozona.lt\/parduotuve\/rock-pop\/elvis-presley-%e2%80%8e-40-greatest-hits\/\",\"name\":\"Elvis Presley \u2013 Elvis Forever 2LP Vinilin\u0117 Plok\u0161tel\u0117 | Vinilozona.lt\",\"isPartOf\":{\"@id\":\"https:\/\/vinilozona.lt\/#website\"},\"primaryImageOfPage\":{\"@id\":\"https:\/\/vinilozona.lt\/parduotuve\/rock-pop\/elvis-presley-%e2%80%8e-40-greatest-hits\/#primaryimage\"},\"image\":{\"@id\":\"https:\/\/vinilozona.lt\/parduotuve\/rock-pop\/elvis-presley-%e2%80%8e-40-greatest-hits\/#primaryimage\"},\"thumbnailUrl\":\"https:\/\/vinilozona.lt\/wp-content\/uploads\/2020\/03\/R-818660-1612800969-4203.jpg\",\"datePublished\":\"2025-04-03T02:02:48+00:00\",\"dateModified\":\"2025-04-17T15:52:05+00:00\",\"breadcrumb\":{\"@id\":\"https:\/\/vinilozona.lt\/parduotuve\/rock-pop\/elvis-presley-%e2%80%8e-40-greatest-hits\/#breadcrumb\"},\"inLanguage\":\"en-GB\",\"potentialAction\":[{\"@type\":\"ReadAction\",\"target\":[\"https:\/\/vinilozona.lt\/parduotuve\/rock-pop\/elvis-presley-%e2%80%8e-40-greatest-hits\/\"]}]},{\"@type\":\"ImageObject\",\"inLanguage\":\"en-GB\",\"@id\":\"https:\/\/vinilozona.lt\/parduotuve\/rock-pop\/elvis-presley-%e2%80%8e-40-greatest-hits\/#primaryimage\",\"url\":\"https:\/\/vinilozona.lt\/wp-content\/uploads\/2020\/03\/R-818660-1612800969-4203.jpg\",\"contentUrl\":\"https:\/\/vinilozona.lt\/wp-content\/uploads\/2020\/03\/R-818660-1612800969-4203.jpg\",\"width\":600,\"height\":600},{\"@type\":\"BreadcrumbList\",\"@id\":\"https:\/\/vinilozona.lt\/parduotuve\/rock-pop\/elvis-presley-%e2%80%8e-40-greatest-hits\/#breadcrumb\",\"itemListElement\":[{\"@type\":\"ListItem\",\"position\":1,\"name\":\"Home\",\"item\":\"https:\/\/vinilozona.lt\/\"},{\"@type\":\"ListItem\",\"position\":2,\"name\":\"Parduotuv\u0117\",\"item\":\"https:\/\/vinilozona.lt\/parduotuve\/\"},{\"@type\":\"ListItem\",\"position\":3,\"name\":\"Elvis Presley \u2013 Elvis Forever 2LP\"}]},{\"@type\":\"WebSite\",\"@id\":\"https:\/\/vinilozona.lt\/#website\",\"url\":\"https:\/\/vinilozona.lt\/\",\"name\":\"Vinilo Zona\",\"description\":\"Nup\u016bsk dulkes ir klausyk LP\",\"potentialAction\":[{\"@type\":\"SearchAction\",\"target\":{\"@type\":\"EntryPoint\",\"urlTemplate\":\"https:\/\/vinilozona.lt\/?s={search_term_string}\"},\"query-input\":{\"@type\":\"PropertyValueSpecification\",\"valueRequired\":true,\"valueName\":\"search_term_string\"}}],\"inLanguage\":\"en-GB\"}]}<\/script>\n<!-- \/ Yoast SEO plugin. -->","yoast_head_json":{"title":"Elvis Presley \u2013 Elvis Forever 2LP Vinilin\u0117 Plok\u0161tel\u0117 | Vinilozona.lt","robots":{"index":"index","follow":"follow","max-snippet":"max-snippet:-1","max-image-preview":"max-image-preview:large","max-video-preview":"max-video-preview:-1"},"canonical":"https:\/\/vinilozona.lt\/en\/parduotuve\/rock-pop\/elvis-presley-\u200e-40-greatest-hits\/","og_locale":"en_GB","og_type":"article","og_title":"Elvis Presley \u2013 Elvis Forever 2LP Vinilin\u0117 Plok\u0161tel\u0117 | Vinilozona.lt","og_description":"RCA Victor \u2013 PJL 2-8024 Format:  2 x Vinyl, LP, Compilation, Gatefold Country: Germany Released: 1974","og_url":"https:\/\/vinilozona.lt\/en\/parduotuve\/rock-pop\/elvis-presley-\u200e-40-greatest-hits\/","og_site_name":"Vinilo Zona","article_modified_time":"2025-04-17T15:52:05+00:00","og_image":[{"width":600,"height":600,"url":"https:\/\/vinilozona.lt\/wp-content\/uploads\/2020\/03\/R-818660-1612800969-4203.jpg","type":"image\/jpeg"}],"twitter_card":"summary_large_image","twitter_misc":{"Estimated reading time":"2 minutes"},"schema":{"@context":"https:\/\/schema.org","@graph":[{"@type":"WebPage","@id":"https:\/\/vinilozona.lt\/parduotuve\/rock-pop\/elvis-presley-%e2%80%8e-40-greatest-hits\/","url":"https:\/\/vinilozona.lt\/parduotuve\/rock-pop\/elvis-presley-%e2%80%8e-40-greatest-hits\/","name":"Elvis Presley \u2013 Elvis Forever 2LP Vinilin\u0117 Plok\u0161tel\u0117 | Vinilozona.lt","isPartOf":{"@id":"https:\/\/vinilozona.lt\/#website"},"primaryImageOfPage":{"@id":"https:\/\/vinilozona.lt\/parduotuve\/rock-pop\/elvis-presley-%e2%80%8e-40-greatest-hits\/#primaryimage"},"image":{"@id":"https:\/\/vinilozona.lt\/parduotuve\/rock-pop\/elvis-presley-%e2%80%8e-40-greatest-hits\/#primaryimage"},"thumbnailUrl":"https:\/\/vinilozona.lt\/wp-content\/uploads\/2020\/03\/R-818660-1612800969-4203.jpg","datePublished":"2025-04-03T02:02:48+00:00","dateModified":"2025-04-17T15:52:05+00:00","breadcrumb":{"@id":"https:\/\/vinilozona.lt\/parduotuve\/rock-pop\/elvis-presley-%e2%80%8e-40-greatest-hits\/#breadcrumb"},"inLanguage":"en-GB","potentialAction":[{"@type":"ReadAction","target":["https:\/\/vinilozona.lt\/parduotuve\/rock-pop\/elvis-presley-%e2%80%8e-40-greatest-hits\/"]}]},{"@type":"ImageObject","inLanguage":"en-GB","@id":"https:\/\/vinilozona.lt\/parduotuve\/rock-pop\/elvis-presley-%e2%80%8e-40-greatest-hits\/#primaryimage","url":"https:\/\/vinilozona.lt\/wp-content\/uploads\/2020\/03\/R-818660-1612800969-4203.jpg","contentUrl":"https:\/\/vinilozona.lt\/wp-content\/uploads\/2020\/03\/R-818660-1612800969-4203.jpg","width":600,"height":600},{"@type":"BreadcrumbList","@id":"https:\/\/vinilozona.lt\/parduotuve\/rock-pop\/elvis-presley-%e2%80%8e-40-greatest-hits\/#breadcrumb","itemListElement":[{"@type":"ListItem","position":1,"name":"Home","item":"https:\/\/vinilozona.lt\/"},{"@type":"ListItem","position":2,"name":"Parduotuv\u0117","item":"https:\/\/vinilozona.lt\/parduotuve\/"},{"@type":"ListItem","position":3,"name":"Elvis Presley \u2013 Elvis Forever 2LP"}]},{"@type":"WebSite","@id":"https:\/\/vinilozona.lt\/#website","url":"https:\/\/vinilozona.lt\/","name":"Vinilo Zona","description":"Nup\u016bsk dulkes ir klausyk LP","potentialAction":[{"@type":"SearchAction","target":{"@type":"EntryPoint","urlTemplate":"https:\/\/vinilozona.lt\/?s={search_term_string}"},"query-input":{"@type":"PropertyValueSpecification","valueRequired":true,"valueName":"search_term_string"}}],"inLanguage":"en-GB"}]}},"_links":{"self":[{"href":"https:\/\/vinilozona.lt\/en\/wp-json\/wp\/v2\/product\/6983"}],"collection":[{"href":"https:\/\/vinilozona.lt\/en\/wp-json\/wp\/v2\/product"}],"about":[{"href":"https:\/\/vinilozona.lt\/en\/wp-json\/wp\/v2\/types\/product"}],"wp:featuredmedia":[{"embeddable":true,"href":"https:\/\/vinilozona.lt\/en\/wp-json\/wp\/v2\/media\/22151"}],"wp:attachment":[{"href":"https:\/\/vinilozona.lt\/en\/wp-json\/wp\/v2\/media?parent=6983"}],"wp:term":[{"taxonomy":"product_cat","embeddable":true,"href":"https:\/\/vinilozona.lt\/en\/wp-json\/wp\/v2\/product_cat?post=6983"},{"taxonomy":"product_tag","embeddable":true,"href":"https:\/\/vinilozona.lt\/en\/wp-json\/wp\/v2\/product_tag?post=6983"}],"curies":[{"name":"wp","href":"https:\/\/api.w.org\/{rel}","templated":true}]}}