{"id":6840,"date":"2022-11-04T12:00:40","date_gmt":"2022-11-04T10:00:40","guid":{"rendered":"https:\/\/vinilozona.lt\/?post_type=product&#038;p=6840"},"modified":"2026-01-14T15:34:20","modified_gmt":"2026-01-14T13:34:20","slug":"depeche-mode-%e2%80%8e-sounds-of-the-universe-2lp-cd","status":"publish","type":"product","link":"https:\/\/vinilozona.lt\/en\/parduotuve\/naujos-lp\/depeche-mode-%e2%80%8e-sounds-of-the-universe-2lp-cd\/","title":{"rendered":"Depeche Mode \u200e\u2013 Sounds Of The Universe 2LP"},"content":{"rendered":"<p>A1\t\tIn Chains\t6:53<br \/>\nA2\t\tHole To Feed   3:59<br \/>\nA3\t\tWrong\t3:13<br \/>\nB1\t\tFragile Tension 4:09<br \/>\nB2\t\tLittle Soul\t3:31<br \/>\nB3\t\tIn Sympathy\t4:54<br \/>\nC1\t\tPeace\t4:29<br \/>\nC2\t\tCome Back\t5:15<br \/>\nC3\t\tSpacewalker\t1:53<br \/>\nC4\t\tPerfect\t4:33<br \/>\nD1\t\tMiles Away \/ The Truth Is\t4:14<br \/>\nD2\t\tJezebel\t4:41<br \/>\nD3\t\tCorrupt\t5:02<br \/>\nD4\t\tUntitled\t0:41<\/p>","protected":false},"excerpt":{"rendered":"<p>Sony Music \u2013 88985337031, Mute \u2013 88985337031<br \/>\nFormat:<br \/>\n2 x Vinyl, LP, Album, Reissue<br \/>\nCountry:\tEurope<br \/>\nReleased:\tFeb 10, 2017<\/p>","protected":false},"featured_media":6841,"template":"","meta":[],"product_cat":[23],"product_tag":[55],"yoast_head":"<!-- This site is optimized with the Yoast SEO plugin v23.5 - https:\/\/yoast.com\/wordpress\/plugins\/seo\/ -->\n<title>Depeche Mode \u200e\u2013 Sounds Of The Universe 2LP Vinilin\u0117 Plok\u0161tel\u0117 | Vinilozona.lt<\/title>\n<meta name=\"robots\" content=\"index, follow, max-snippet:-1, max-image-preview:large, max-video-preview:-1\" \/>\n<link rel=\"canonical\" href=\"https:\/\/vinilozona.lt\/en\/parduotuve\/naujos-lp\/depeche-mode-\u200e-sounds-of-the-universe-2lp-cd\/\" \/>\n<meta property=\"og:locale\" content=\"en_GB\" \/>\n<meta property=\"og:type\" content=\"article\" \/>\n<meta property=\"og:title\" content=\"Depeche Mode \u200e\u2013 Sounds Of The Universe 2LP Vinilin\u0117 Plok\u0161tel\u0117 | Vinilozona.lt\" \/>\n<meta property=\"og:description\" content=\"Sony Music \u2013 88985337031, Mute \u2013 88985337031 Format:  2 x Vinyl, LP, Album, Reissue Country: Europe Released: Feb 10, 2017\" \/>\n<meta property=\"og:url\" content=\"https:\/\/vinilozona.lt\/en\/parduotuve\/naujos-lp\/depeche-mode-\u200e-sounds-of-the-universe-2lp-cd\/\" \/>\n<meta property=\"og:site_name\" content=\"Vinilo Zona\" \/>\n<meta property=\"article:modified_time\" content=\"2026-01-14T13:34:20+00:00\" \/>\n<meta property=\"og:image\" content=\"https:\/\/vinilozona.lt\/wp-content\/uploads\/2020\/03\/R-1734870-1303562390.jpeg.jpg\" \/>\n\t<meta property=\"og:image:width\" content=\"300\" \/>\n\t<meta property=\"og:image:height\" content=\"300\" \/>\n\t<meta property=\"og:image:type\" content=\"image\/jpeg\" \/>\n<meta name=\"twitter:card\" content=\"summary_large_image\" \/>\n<script type=\"application\/ld+json\" class=\"yoast-schema-graph\">{\"@context\":\"https:\/\/schema.org\",\"@graph\":[{\"@type\":\"WebPage\",\"@id\":\"https:\/\/vinilozona.lt\/parduotuve\/naujos-lp\/depeche-mode-%e2%80%8e-sounds-of-the-universe-2lp-cd\/\",\"url\":\"https:\/\/vinilozona.lt\/parduotuve\/naujos-lp\/depeche-mode-%e2%80%8e-sounds-of-the-universe-2lp-cd\/\",\"name\":\"Depeche Mode \u200e\u2013 Sounds Of The Universe 2LP Vinilin\u0117 Plok\u0161tel\u0117 | Vinilozona.lt\",\"isPartOf\":{\"@id\":\"https:\/\/vinilozona.lt\/#website\"},\"primaryImageOfPage\":{\"@id\":\"https:\/\/vinilozona.lt\/parduotuve\/naujos-lp\/depeche-mode-%e2%80%8e-sounds-of-the-universe-2lp-cd\/#primaryimage\"},\"image\":{\"@id\":\"https:\/\/vinilozona.lt\/parduotuve\/naujos-lp\/depeche-mode-%e2%80%8e-sounds-of-the-universe-2lp-cd\/#primaryimage\"},\"thumbnailUrl\":\"https:\/\/vinilozona.lt\/wp-content\/uploads\/2020\/03\/R-1734870-1303562390.jpeg.jpg\",\"datePublished\":\"2022-11-04T10:00:40+00:00\",\"dateModified\":\"2026-01-14T13:34:20+00:00\",\"breadcrumb\":{\"@id\":\"https:\/\/vinilozona.lt\/parduotuve\/naujos-lp\/depeche-mode-%e2%80%8e-sounds-of-the-universe-2lp-cd\/#breadcrumb\"},\"inLanguage\":\"en-GB\",\"potentialAction\":[{\"@type\":\"ReadAction\",\"target\":[\"https:\/\/vinilozona.lt\/parduotuve\/naujos-lp\/depeche-mode-%e2%80%8e-sounds-of-the-universe-2lp-cd\/\"]}]},{\"@type\":\"ImageObject\",\"inLanguage\":\"en-GB\",\"@id\":\"https:\/\/vinilozona.lt\/parduotuve\/naujos-lp\/depeche-mode-%e2%80%8e-sounds-of-the-universe-2lp-cd\/#primaryimage\",\"url\":\"https:\/\/vinilozona.lt\/wp-content\/uploads\/2020\/03\/R-1734870-1303562390.jpeg.jpg\",\"contentUrl\":\"https:\/\/vinilozona.lt\/wp-content\/uploads\/2020\/03\/R-1734870-1303562390.jpeg.jpg\",\"width\":300,\"height\":300},{\"@type\":\"BreadcrumbList\",\"@id\":\"https:\/\/vinilozona.lt\/parduotuve\/naujos-lp\/depeche-mode-%e2%80%8e-sounds-of-the-universe-2lp-cd\/#breadcrumb\",\"itemListElement\":[{\"@type\":\"ListItem\",\"position\":1,\"name\":\"Home\",\"item\":\"https:\/\/vinilozona.lt\/\"},{\"@type\":\"ListItem\",\"position\":2,\"name\":\"Parduotuv\u0117\",\"item\":\"https:\/\/vinilozona.lt\/parduotuve\/\"},{\"@type\":\"ListItem\",\"position\":3,\"name\":\"Depeche Mode \u200e\u2013 Sounds Of The Universe 2LP\"}]},{\"@type\":\"WebSite\",\"@id\":\"https:\/\/vinilozona.lt\/#website\",\"url\":\"https:\/\/vinilozona.lt\/\",\"name\":\"Vinilo Zona\",\"description\":\"Nup\u016bsk dulkes ir klausyk LP\",\"potentialAction\":[{\"@type\":\"SearchAction\",\"target\":{\"@type\":\"EntryPoint\",\"urlTemplate\":\"https:\/\/vinilozona.lt\/?s={search_term_string}\"},\"query-input\":{\"@type\":\"PropertyValueSpecification\",\"valueRequired\":true,\"valueName\":\"search_term_string\"}}],\"inLanguage\":\"en-GB\"}]}<\/script>\n<!-- \/ Yoast SEO plugin. -->","yoast_head_json":{"title":"Depeche Mode \u200e\u2013 Sounds Of The Universe 2LP Vinilin\u0117 Plok\u0161tel\u0117 | Vinilozona.lt","robots":{"index":"index","follow":"follow","max-snippet":"max-snippet:-1","max-image-preview":"max-image-preview:large","max-video-preview":"max-video-preview:-1"},"canonical":"https:\/\/vinilozona.lt\/en\/parduotuve\/naujos-lp\/depeche-mode-\u200e-sounds-of-the-universe-2lp-cd\/","og_locale":"en_GB","og_type":"article","og_title":"Depeche Mode \u200e\u2013 Sounds Of The Universe 2LP Vinilin\u0117 Plok\u0161tel\u0117 | Vinilozona.lt","og_description":"Sony Music \u2013 88985337031, Mute \u2013 88985337031 Format:  2 x Vinyl, LP, Album, Reissue Country: Europe Released: Feb 10, 2017","og_url":"https:\/\/vinilozona.lt\/en\/parduotuve\/naujos-lp\/depeche-mode-\u200e-sounds-of-the-universe-2lp-cd\/","og_site_name":"Vinilo Zona","article_modified_time":"2026-01-14T13:34:20+00:00","og_image":[{"width":300,"height":300,"url":"https:\/\/vinilozona.lt\/wp-content\/uploads\/2020\/03\/R-1734870-1303562390.jpeg.jpg","type":"image\/jpeg"}],"twitter_card":"summary_large_image","schema":{"@context":"https:\/\/schema.org","@graph":[{"@type":"WebPage","@id":"https:\/\/vinilozona.lt\/parduotuve\/naujos-lp\/depeche-mode-%e2%80%8e-sounds-of-the-universe-2lp-cd\/","url":"https:\/\/vinilozona.lt\/parduotuve\/naujos-lp\/depeche-mode-%e2%80%8e-sounds-of-the-universe-2lp-cd\/","name":"Depeche Mode \u200e\u2013 Sounds Of The Universe 2LP Vinilin\u0117 Plok\u0161tel\u0117 | Vinilozona.lt","isPartOf":{"@id":"https:\/\/vinilozona.lt\/#website"},"primaryImageOfPage":{"@id":"https:\/\/vinilozona.lt\/parduotuve\/naujos-lp\/depeche-mode-%e2%80%8e-sounds-of-the-universe-2lp-cd\/#primaryimage"},"image":{"@id":"https:\/\/vinilozona.lt\/parduotuve\/naujos-lp\/depeche-mode-%e2%80%8e-sounds-of-the-universe-2lp-cd\/#primaryimage"},"thumbnailUrl":"https:\/\/vinilozona.lt\/wp-content\/uploads\/2020\/03\/R-1734870-1303562390.jpeg.jpg","datePublished":"2022-11-04T10:00:40+00:00","dateModified":"2026-01-14T13:34:20+00:00","breadcrumb":{"@id":"https:\/\/vinilozona.lt\/parduotuve\/naujos-lp\/depeche-mode-%e2%80%8e-sounds-of-the-universe-2lp-cd\/#breadcrumb"},"inLanguage":"en-GB","potentialAction":[{"@type":"ReadAction","target":["https:\/\/vinilozona.lt\/parduotuve\/naujos-lp\/depeche-mode-%e2%80%8e-sounds-of-the-universe-2lp-cd\/"]}]},{"@type":"ImageObject","inLanguage":"en-GB","@id":"https:\/\/vinilozona.lt\/parduotuve\/naujos-lp\/depeche-mode-%e2%80%8e-sounds-of-the-universe-2lp-cd\/#primaryimage","url":"https:\/\/vinilozona.lt\/wp-content\/uploads\/2020\/03\/R-1734870-1303562390.jpeg.jpg","contentUrl":"https:\/\/vinilozona.lt\/wp-content\/uploads\/2020\/03\/R-1734870-1303562390.jpeg.jpg","width":300,"height":300},{"@type":"BreadcrumbList","@id":"https:\/\/vinilozona.lt\/parduotuve\/naujos-lp\/depeche-mode-%e2%80%8e-sounds-of-the-universe-2lp-cd\/#breadcrumb","itemListElement":[{"@type":"ListItem","position":1,"name":"Home","item":"https:\/\/vinilozona.lt\/"},{"@type":"ListItem","position":2,"name":"Parduotuv\u0117","item":"https:\/\/vinilozona.lt\/parduotuve\/"},{"@type":"ListItem","position":3,"name":"Depeche Mode \u200e\u2013 Sounds Of The Universe 2LP"}]},{"@type":"WebSite","@id":"https:\/\/vinilozona.lt\/#website","url":"https:\/\/vinilozona.lt\/","name":"Vinilo Zona","description":"Nup\u016bsk dulkes ir klausyk LP","potentialAction":[{"@type":"SearchAction","target":{"@type":"EntryPoint","urlTemplate":"https:\/\/vinilozona.lt\/?s={search_term_string}"},"query-input":{"@type":"PropertyValueSpecification","valueRequired":true,"valueName":"search_term_string"}}],"inLanguage":"en-GB"}]}},"_links":{"self":[{"href":"https:\/\/vinilozona.lt\/en\/wp-json\/wp\/v2\/product\/6840"}],"collection":[{"href":"https:\/\/vinilozona.lt\/en\/wp-json\/wp\/v2\/product"}],"about":[{"href":"https:\/\/vinilozona.lt\/en\/wp-json\/wp\/v2\/types\/product"}],"wp:featuredmedia":[{"embeddable":true,"href":"https:\/\/vinilozona.lt\/en\/wp-json\/wp\/v2\/media\/6841"}],"wp:attachment":[{"href":"https:\/\/vinilozona.lt\/en\/wp-json\/wp\/v2\/media?parent=6840"}],"wp:term":[{"taxonomy":"product_cat","embeddable":true,"href":"https:\/\/vinilozona.lt\/en\/wp-json\/wp\/v2\/product_cat?post=6840"},{"taxonomy":"product_tag","embeddable":true,"href":"https:\/\/vinilozona.lt\/en\/wp-json\/wp\/v2\/product_tag?post=6840"}],"curies":[{"name":"wp","href":"https:\/\/api.w.org\/{rel}","templated":true}]}}