{"id":6828,"date":"2024-01-27T05:12:10","date_gmt":"2024-01-27T03:12:10","guid":{"rendered":"https:\/\/vinilozona.lt\/?post_type=product&#038;p=6828"},"modified":"2024-12-22T14:18:50","modified_gmt":"2024-12-22T12:18:50","slug":"michael-kiwanuka-%e2%80%8e-home-again","status":"publish","type":"product","link":"https:\/\/vinilozona.lt\/en\/parduotuve\/jazz\/michael-kiwanuka-%e2%80%8e-home-again\/","title":{"rendered":"Michael Kiwanuka \u200e\u2013 Out Loud!"},"content":{"rendered":"<p>A1\t\tBlack Man In A White World (Live From The Royal Albert Hall)<br \/>\nA2\t\tOne More Night (Live From The London Palladium)<br \/>\nA3\t\tTell Me A Tale (Live From The Birmingham Symphony Hall)<br \/>\nB1\t\tFather&#8217;s Child (Live From The Royal Albert Hall)<br \/>\nB2\t\tLove And Hate (Live From The Royal Albert Hall)<\/p>","protected":false},"excerpt":{"rendered":"<p>Polydor \u2013 6730886<br \/>\nFormat:<br \/>\nVinyl, LP, Record Store Day, Limited Edition<br \/>\nCountry:\tUK, Europe &#038; US<br \/>\nReleased:\tApr 21, 2018<\/p>","protected":false},"featured_media":22435,"template":"","meta":[],"product_cat":[20,23],"product_tag":[74],"yoast_head":"<!-- This site is optimized with the Yoast SEO plugin v23.5 - https:\/\/yoast.com\/wordpress\/plugins\/seo\/ -->\n<title>Michael Kiwanuka \u200e\u2013 Out Loud! Vinilin\u0117 Plok\u0161tel\u0117 | Vinilozona.lt<\/title>\n<meta name=\"robots\" content=\"index, follow, max-snippet:-1, max-image-preview:large, max-video-preview:-1\" \/>\n<link rel=\"canonical\" href=\"https:\/\/vinilozona.lt\/en\/parduotuve\/jazz\/michael-kiwanuka-\u200e-home-again\/\" \/>\n<meta property=\"og:locale\" content=\"en_GB\" \/>\n<meta property=\"og:type\" content=\"article\" \/>\n<meta property=\"og:title\" content=\"Michael Kiwanuka \u200e\u2013 Out Loud! Vinilin\u0117 Plok\u0161tel\u0117 | Vinilozona.lt\" \/>\n<meta property=\"og:description\" content=\"Polydor \u2013 6730886 Format:  Vinyl, LP, Record Store Day, Limited Edition Country: UK, Europe &amp; US Released: Apr 21, 2018\" \/>\n<meta property=\"og:url\" content=\"https:\/\/vinilozona.lt\/en\/parduotuve\/jazz\/michael-kiwanuka-\u200e-home-again\/\" \/>\n<meta property=\"og:site_name\" content=\"Vinilo Zona\" \/>\n<meta property=\"article:modified_time\" content=\"2024-12-22T12:18:50+00:00\" \/>\n<meta property=\"og:image\" content=\"https:\/\/vinilozona.lt\/wp-content\/uploads\/2020\/03\/R-11895362-1588181377-7186.jpg\" \/>\n\t<meta property=\"og:image:width\" content=\"600\" \/>\n\t<meta property=\"og:image:height\" content=\"600\" \/>\n\t<meta property=\"og:image:type\" content=\"image\/jpeg\" \/>\n<meta name=\"twitter:card\" content=\"summary_large_image\" \/>\n<script type=\"application\/ld+json\" class=\"yoast-schema-graph\">{\"@context\":\"https:\/\/schema.org\",\"@graph\":[{\"@type\":\"WebPage\",\"@id\":\"https:\/\/vinilozona.lt\/parduotuve\/jazz\/michael-kiwanuka-%e2%80%8e-home-again\/\",\"url\":\"https:\/\/vinilozona.lt\/parduotuve\/jazz\/michael-kiwanuka-%e2%80%8e-home-again\/\",\"name\":\"Michael Kiwanuka \u200e\u2013 Out Loud! Vinilin\u0117 Plok\u0161tel\u0117 | Vinilozona.lt\",\"isPartOf\":{\"@id\":\"https:\/\/vinilozona.lt\/#website\"},\"primaryImageOfPage\":{\"@id\":\"https:\/\/vinilozona.lt\/parduotuve\/jazz\/michael-kiwanuka-%e2%80%8e-home-again\/#primaryimage\"},\"image\":{\"@id\":\"https:\/\/vinilozona.lt\/parduotuve\/jazz\/michael-kiwanuka-%e2%80%8e-home-again\/#primaryimage\"},\"thumbnailUrl\":\"https:\/\/vinilozona.lt\/wp-content\/uploads\/2020\/03\/R-11895362-1588181377-7186.jpg\",\"datePublished\":\"2024-01-27T03:12:10+00:00\",\"dateModified\":\"2024-12-22T12:18:50+00:00\",\"breadcrumb\":{\"@id\":\"https:\/\/vinilozona.lt\/parduotuve\/jazz\/michael-kiwanuka-%e2%80%8e-home-again\/#breadcrumb\"},\"inLanguage\":\"en-GB\",\"potentialAction\":[{\"@type\":\"ReadAction\",\"target\":[\"https:\/\/vinilozona.lt\/parduotuve\/jazz\/michael-kiwanuka-%e2%80%8e-home-again\/\"]}]},{\"@type\":\"ImageObject\",\"inLanguage\":\"en-GB\",\"@id\":\"https:\/\/vinilozona.lt\/parduotuve\/jazz\/michael-kiwanuka-%e2%80%8e-home-again\/#primaryimage\",\"url\":\"https:\/\/vinilozona.lt\/wp-content\/uploads\/2020\/03\/R-11895362-1588181377-7186.jpg\",\"contentUrl\":\"https:\/\/vinilozona.lt\/wp-content\/uploads\/2020\/03\/R-11895362-1588181377-7186.jpg\",\"width\":600,\"height\":600},{\"@type\":\"BreadcrumbList\",\"@id\":\"https:\/\/vinilozona.lt\/parduotuve\/jazz\/michael-kiwanuka-%e2%80%8e-home-again\/#breadcrumb\",\"itemListElement\":[{\"@type\":\"ListItem\",\"position\":1,\"name\":\"Home\",\"item\":\"https:\/\/vinilozona.lt\/\"},{\"@type\":\"ListItem\",\"position\":2,\"name\":\"Parduotuv\u0117\",\"item\":\"https:\/\/vinilozona.lt\/parduotuve\/\"},{\"@type\":\"ListItem\",\"position\":3,\"name\":\"Michael Kiwanuka \u200e\u2013 Out Loud!\"}]},{\"@type\":\"WebSite\",\"@id\":\"https:\/\/vinilozona.lt\/#website\",\"url\":\"https:\/\/vinilozona.lt\/\",\"name\":\"Vinilo Zona\",\"description\":\"Nup\u016bsk dulkes ir klausyk LP\",\"potentialAction\":[{\"@type\":\"SearchAction\",\"target\":{\"@type\":\"EntryPoint\",\"urlTemplate\":\"https:\/\/vinilozona.lt\/?s={search_term_string}\"},\"query-input\":{\"@type\":\"PropertyValueSpecification\",\"valueRequired\":true,\"valueName\":\"search_term_string\"}}],\"inLanguage\":\"en-GB\"}]}<\/script>\n<!-- \/ Yoast SEO plugin. -->","yoast_head_json":{"title":"Michael Kiwanuka \u200e\u2013 Out Loud! Vinilin\u0117 Plok\u0161tel\u0117 | Vinilozona.lt","robots":{"index":"index","follow":"follow","max-snippet":"max-snippet:-1","max-image-preview":"max-image-preview:large","max-video-preview":"max-video-preview:-1"},"canonical":"https:\/\/vinilozona.lt\/en\/parduotuve\/jazz\/michael-kiwanuka-\u200e-home-again\/","og_locale":"en_GB","og_type":"article","og_title":"Michael Kiwanuka \u200e\u2013 Out Loud! Vinilin\u0117 Plok\u0161tel\u0117 | Vinilozona.lt","og_description":"Polydor \u2013 6730886 Format:  Vinyl, LP, Record Store Day, Limited Edition Country: UK, Europe & US Released: Apr 21, 2018","og_url":"https:\/\/vinilozona.lt\/en\/parduotuve\/jazz\/michael-kiwanuka-\u200e-home-again\/","og_site_name":"Vinilo Zona","article_modified_time":"2024-12-22T12:18:50+00:00","og_image":[{"width":600,"height":600,"url":"https:\/\/vinilozona.lt\/wp-content\/uploads\/2020\/03\/R-11895362-1588181377-7186.jpg","type":"image\/jpeg"}],"twitter_card":"summary_large_image","schema":{"@context":"https:\/\/schema.org","@graph":[{"@type":"WebPage","@id":"https:\/\/vinilozona.lt\/parduotuve\/jazz\/michael-kiwanuka-%e2%80%8e-home-again\/","url":"https:\/\/vinilozona.lt\/parduotuve\/jazz\/michael-kiwanuka-%e2%80%8e-home-again\/","name":"Michael Kiwanuka \u200e\u2013 Out Loud! Vinilin\u0117 Plok\u0161tel\u0117 | Vinilozona.lt","isPartOf":{"@id":"https:\/\/vinilozona.lt\/#website"},"primaryImageOfPage":{"@id":"https:\/\/vinilozona.lt\/parduotuve\/jazz\/michael-kiwanuka-%e2%80%8e-home-again\/#primaryimage"},"image":{"@id":"https:\/\/vinilozona.lt\/parduotuve\/jazz\/michael-kiwanuka-%e2%80%8e-home-again\/#primaryimage"},"thumbnailUrl":"https:\/\/vinilozona.lt\/wp-content\/uploads\/2020\/03\/R-11895362-1588181377-7186.jpg","datePublished":"2024-01-27T03:12:10+00:00","dateModified":"2024-12-22T12:18:50+00:00","breadcrumb":{"@id":"https:\/\/vinilozona.lt\/parduotuve\/jazz\/michael-kiwanuka-%e2%80%8e-home-again\/#breadcrumb"},"inLanguage":"en-GB","potentialAction":[{"@type":"ReadAction","target":["https:\/\/vinilozona.lt\/parduotuve\/jazz\/michael-kiwanuka-%e2%80%8e-home-again\/"]}]},{"@type":"ImageObject","inLanguage":"en-GB","@id":"https:\/\/vinilozona.lt\/parduotuve\/jazz\/michael-kiwanuka-%e2%80%8e-home-again\/#primaryimage","url":"https:\/\/vinilozona.lt\/wp-content\/uploads\/2020\/03\/R-11895362-1588181377-7186.jpg","contentUrl":"https:\/\/vinilozona.lt\/wp-content\/uploads\/2020\/03\/R-11895362-1588181377-7186.jpg","width":600,"height":600},{"@type":"BreadcrumbList","@id":"https:\/\/vinilozona.lt\/parduotuve\/jazz\/michael-kiwanuka-%e2%80%8e-home-again\/#breadcrumb","itemListElement":[{"@type":"ListItem","position":1,"name":"Home","item":"https:\/\/vinilozona.lt\/"},{"@type":"ListItem","position":2,"name":"Parduotuv\u0117","item":"https:\/\/vinilozona.lt\/parduotuve\/"},{"@type":"ListItem","position":3,"name":"Michael Kiwanuka \u200e\u2013 Out Loud!"}]},{"@type":"WebSite","@id":"https:\/\/vinilozona.lt\/#website","url":"https:\/\/vinilozona.lt\/","name":"Vinilo Zona","description":"Nup\u016bsk dulkes ir klausyk LP","potentialAction":[{"@type":"SearchAction","target":{"@type":"EntryPoint","urlTemplate":"https:\/\/vinilozona.lt\/?s={search_term_string}"},"query-input":{"@type":"PropertyValueSpecification","valueRequired":true,"valueName":"search_term_string"}}],"inLanguage":"en-GB"}]}},"_links":{"self":[{"href":"https:\/\/vinilozona.lt\/en\/wp-json\/wp\/v2\/product\/6828"}],"collection":[{"href":"https:\/\/vinilozona.lt\/en\/wp-json\/wp\/v2\/product"}],"about":[{"href":"https:\/\/vinilozona.lt\/en\/wp-json\/wp\/v2\/types\/product"}],"wp:featuredmedia":[{"embeddable":true,"href":"https:\/\/vinilozona.lt\/en\/wp-json\/wp\/v2\/media\/22435"}],"wp:attachment":[{"href":"https:\/\/vinilozona.lt\/en\/wp-json\/wp\/v2\/media?parent=6828"}],"wp:term":[{"taxonomy":"product_cat","embeddable":true,"href":"https:\/\/vinilozona.lt\/en\/wp-json\/wp\/v2\/product_cat?post=6828"},{"taxonomy":"product_tag","embeddable":true,"href":"https:\/\/vinilozona.lt\/en\/wp-json\/wp\/v2\/product_tag?post=6828"}],"curies":[{"name":"wp","href":"https:\/\/api.w.org\/{rel}","templated":true}]}}