{"id":6615,"date":"2024-01-22T05:20:58","date_gmt":"2024-01-22T03:20:58","guid":{"rendered":"https:\/\/vinilozona.lt\/?post_type=product&#038;p=6615"},"modified":"2024-01-21T19:52:19","modified_gmt":"2024-01-21T17:52:19","slug":"a-flock-of-seagulls-%e2%80%8e-a-flock-of-seagulls","status":"publish","type":"product","link":"https:\/\/vinilozona.lt\/en\/parduotuve\/rock-pop\/a-flock-of-seagulls-%e2%80%8e-a-flock-of-seagulls\/","title":{"rendered":"A Flock Of Seagulls \u200e\u2013 A Flock Of Seagulls"},"content":{"rendered":"<p>A1\t\tModern Love Is Automatic\t3:49<br \/>\nA2\t\tMessages\t2:51<br \/>\nA3\t\tI Ran\t4:58<br \/>\nA4\t\tSpace Age Love Song\t3:45<br \/>\nA5\t\tYou Can Run\t4:28<br \/>\nB1\t\tTelecommunication  2:31<br \/>\nB2\t\tStanding In The Doorway\t4:41<br \/>\nB3\t\tDon&#8217;t Ask Me\t2:46<br \/>\nB4\t\tD.N.A.\t2:30<br \/>\nB5\t\tTokyo\t2:48<br \/>\nB6\t\tMan Made\t5:38<\/p>","protected":false},"excerpt":{"rendered":"<p>Jive \u2013 6.25 100, Jive \u2013 6.25100 AO<br \/>\nFormat:<br \/>\nVinyl, LP, Album, Stereo<br \/>\nCountry:\tGermany<br \/>\nReleased:\t1982<\/p>","protected":false},"featured_media":6616,"template":"","meta":[],"product_cat":[15],"product_tag":[44],"yoast_head":"<!-- This site is optimized with the Yoast SEO plugin v23.5 - https:\/\/yoast.com\/wordpress\/plugins\/seo\/ -->\n<title>A Flock Of Seagulls \u200e\u2013 A Flock Of Seagulls Vinilin\u0117 Plok\u0161tel\u0117 | Vinilozona.lt<\/title>\n<meta name=\"robots\" content=\"index, follow, max-snippet:-1, max-image-preview:large, max-video-preview:-1\" \/>\n<link rel=\"canonical\" href=\"https:\/\/vinilozona.lt\/en\/parduotuve\/rock-pop\/a-flock-of-seagulls-\u200e-a-flock-of-seagulls\/\" \/>\n<meta property=\"og:locale\" content=\"en_GB\" \/>\n<meta property=\"og:type\" content=\"article\" \/>\n<meta property=\"og:title\" content=\"A Flock Of Seagulls \u200e\u2013 A Flock Of Seagulls Vinilin\u0117 Plok\u0161tel\u0117 | Vinilozona.lt\" \/>\n<meta property=\"og:description\" content=\"Jive \u2013 6.25 100, Jive \u2013 6.25100 AO Format:  Vinyl, LP, Album, Stereo Country: Germany Released: 1982\" \/>\n<meta property=\"og:url\" content=\"https:\/\/vinilozona.lt\/en\/parduotuve\/rock-pop\/a-flock-of-seagulls-\u200e-a-flock-of-seagulls\/\" \/>\n<meta property=\"og:site_name\" content=\"Vinilo Zona\" \/>\n<meta property=\"article:modified_time\" content=\"2024-01-21T17:52:19+00:00\" \/>\n<meta property=\"og:image\" content=\"https:\/\/vinilozona.lt\/wp-content\/uploads\/2020\/03\/R-103720-1166283873.jpeg.jpg\" \/>\n\t<meta property=\"og:image:width\" content=\"300\" \/>\n\t<meta property=\"og:image:height\" content=\"299\" \/>\n\t<meta property=\"og:image:type\" content=\"image\/jpeg\" \/>\n<meta name=\"twitter:card\" content=\"summary_large_image\" \/>\n<script type=\"application\/ld+json\" class=\"yoast-schema-graph\">{\"@context\":\"https:\/\/schema.org\",\"@graph\":[{\"@type\":\"WebPage\",\"@id\":\"https:\/\/vinilozona.lt\/parduotuve\/rock-pop\/a-flock-of-seagulls-%e2%80%8e-a-flock-of-seagulls\/\",\"url\":\"https:\/\/vinilozona.lt\/parduotuve\/rock-pop\/a-flock-of-seagulls-%e2%80%8e-a-flock-of-seagulls\/\",\"name\":\"A Flock Of Seagulls \u200e\u2013 A Flock Of Seagulls Vinilin\u0117 Plok\u0161tel\u0117 | Vinilozona.lt\",\"isPartOf\":{\"@id\":\"https:\/\/vinilozona.lt\/#website\"},\"primaryImageOfPage\":{\"@id\":\"https:\/\/vinilozona.lt\/parduotuve\/rock-pop\/a-flock-of-seagulls-%e2%80%8e-a-flock-of-seagulls\/#primaryimage\"},\"image\":{\"@id\":\"https:\/\/vinilozona.lt\/parduotuve\/rock-pop\/a-flock-of-seagulls-%e2%80%8e-a-flock-of-seagulls\/#primaryimage\"},\"thumbnailUrl\":\"https:\/\/vinilozona.lt\/wp-content\/uploads\/2020\/03\/R-103720-1166283873.jpeg.jpg\",\"datePublished\":\"2024-01-22T03:20:58+00:00\",\"dateModified\":\"2024-01-21T17:52:19+00:00\",\"breadcrumb\":{\"@id\":\"https:\/\/vinilozona.lt\/parduotuve\/rock-pop\/a-flock-of-seagulls-%e2%80%8e-a-flock-of-seagulls\/#breadcrumb\"},\"inLanguage\":\"en-GB\",\"potentialAction\":[{\"@type\":\"ReadAction\",\"target\":[\"https:\/\/vinilozona.lt\/parduotuve\/rock-pop\/a-flock-of-seagulls-%e2%80%8e-a-flock-of-seagulls\/\"]}]},{\"@type\":\"ImageObject\",\"inLanguage\":\"en-GB\",\"@id\":\"https:\/\/vinilozona.lt\/parduotuve\/rock-pop\/a-flock-of-seagulls-%e2%80%8e-a-flock-of-seagulls\/#primaryimage\",\"url\":\"https:\/\/vinilozona.lt\/wp-content\/uploads\/2020\/03\/R-103720-1166283873.jpeg.jpg\",\"contentUrl\":\"https:\/\/vinilozona.lt\/wp-content\/uploads\/2020\/03\/R-103720-1166283873.jpeg.jpg\",\"width\":300,\"height\":299},{\"@type\":\"BreadcrumbList\",\"@id\":\"https:\/\/vinilozona.lt\/parduotuve\/rock-pop\/a-flock-of-seagulls-%e2%80%8e-a-flock-of-seagulls\/#breadcrumb\",\"itemListElement\":[{\"@type\":\"ListItem\",\"position\":1,\"name\":\"Home\",\"item\":\"https:\/\/vinilozona.lt\/\"},{\"@type\":\"ListItem\",\"position\":2,\"name\":\"Parduotuv\u0117\",\"item\":\"https:\/\/vinilozona.lt\/parduotuve\/\"},{\"@type\":\"ListItem\",\"position\":3,\"name\":\"A Flock Of Seagulls \u200e\u2013 A Flock Of Seagulls\"}]},{\"@type\":\"WebSite\",\"@id\":\"https:\/\/vinilozona.lt\/#website\",\"url\":\"https:\/\/vinilozona.lt\/\",\"name\":\"Vinilo Zona\",\"description\":\"Nup\u016bsk dulkes ir klausyk LP\",\"potentialAction\":[{\"@type\":\"SearchAction\",\"target\":{\"@type\":\"EntryPoint\",\"urlTemplate\":\"https:\/\/vinilozona.lt\/?s={search_term_string}\"},\"query-input\":{\"@type\":\"PropertyValueSpecification\",\"valueRequired\":true,\"valueName\":\"search_term_string\"}}],\"inLanguage\":\"en-GB\"}]}<\/script>\n<!-- \/ Yoast SEO plugin. -->","yoast_head_json":{"title":"A Flock Of Seagulls \u200e\u2013 A Flock Of Seagulls Vinilin\u0117 Plok\u0161tel\u0117 | Vinilozona.lt","robots":{"index":"index","follow":"follow","max-snippet":"max-snippet:-1","max-image-preview":"max-image-preview:large","max-video-preview":"max-video-preview:-1"},"canonical":"https:\/\/vinilozona.lt\/en\/parduotuve\/rock-pop\/a-flock-of-seagulls-\u200e-a-flock-of-seagulls\/","og_locale":"en_GB","og_type":"article","og_title":"A Flock Of Seagulls \u200e\u2013 A Flock Of Seagulls Vinilin\u0117 Plok\u0161tel\u0117 | Vinilozona.lt","og_description":"Jive \u2013 6.25 100, Jive \u2013 6.25100 AO Format:  Vinyl, LP, Album, Stereo Country: Germany Released: 1982","og_url":"https:\/\/vinilozona.lt\/en\/parduotuve\/rock-pop\/a-flock-of-seagulls-\u200e-a-flock-of-seagulls\/","og_site_name":"Vinilo Zona","article_modified_time":"2024-01-21T17:52:19+00:00","og_image":[{"width":300,"height":299,"url":"https:\/\/vinilozona.lt\/wp-content\/uploads\/2020\/03\/R-103720-1166283873.jpeg.jpg","type":"image\/jpeg"}],"twitter_card":"summary_large_image","schema":{"@context":"https:\/\/schema.org","@graph":[{"@type":"WebPage","@id":"https:\/\/vinilozona.lt\/parduotuve\/rock-pop\/a-flock-of-seagulls-%e2%80%8e-a-flock-of-seagulls\/","url":"https:\/\/vinilozona.lt\/parduotuve\/rock-pop\/a-flock-of-seagulls-%e2%80%8e-a-flock-of-seagulls\/","name":"A Flock Of Seagulls \u200e\u2013 A Flock Of Seagulls Vinilin\u0117 Plok\u0161tel\u0117 | Vinilozona.lt","isPartOf":{"@id":"https:\/\/vinilozona.lt\/#website"},"primaryImageOfPage":{"@id":"https:\/\/vinilozona.lt\/parduotuve\/rock-pop\/a-flock-of-seagulls-%e2%80%8e-a-flock-of-seagulls\/#primaryimage"},"image":{"@id":"https:\/\/vinilozona.lt\/parduotuve\/rock-pop\/a-flock-of-seagulls-%e2%80%8e-a-flock-of-seagulls\/#primaryimage"},"thumbnailUrl":"https:\/\/vinilozona.lt\/wp-content\/uploads\/2020\/03\/R-103720-1166283873.jpeg.jpg","datePublished":"2024-01-22T03:20:58+00:00","dateModified":"2024-01-21T17:52:19+00:00","breadcrumb":{"@id":"https:\/\/vinilozona.lt\/parduotuve\/rock-pop\/a-flock-of-seagulls-%e2%80%8e-a-flock-of-seagulls\/#breadcrumb"},"inLanguage":"en-GB","potentialAction":[{"@type":"ReadAction","target":["https:\/\/vinilozona.lt\/parduotuve\/rock-pop\/a-flock-of-seagulls-%e2%80%8e-a-flock-of-seagulls\/"]}]},{"@type":"ImageObject","inLanguage":"en-GB","@id":"https:\/\/vinilozona.lt\/parduotuve\/rock-pop\/a-flock-of-seagulls-%e2%80%8e-a-flock-of-seagulls\/#primaryimage","url":"https:\/\/vinilozona.lt\/wp-content\/uploads\/2020\/03\/R-103720-1166283873.jpeg.jpg","contentUrl":"https:\/\/vinilozona.lt\/wp-content\/uploads\/2020\/03\/R-103720-1166283873.jpeg.jpg","width":300,"height":299},{"@type":"BreadcrumbList","@id":"https:\/\/vinilozona.lt\/parduotuve\/rock-pop\/a-flock-of-seagulls-%e2%80%8e-a-flock-of-seagulls\/#breadcrumb","itemListElement":[{"@type":"ListItem","position":1,"name":"Home","item":"https:\/\/vinilozona.lt\/"},{"@type":"ListItem","position":2,"name":"Parduotuv\u0117","item":"https:\/\/vinilozona.lt\/parduotuve\/"},{"@type":"ListItem","position":3,"name":"A Flock Of Seagulls \u200e\u2013 A Flock Of Seagulls"}]},{"@type":"WebSite","@id":"https:\/\/vinilozona.lt\/#website","url":"https:\/\/vinilozona.lt\/","name":"Vinilo Zona","description":"Nup\u016bsk dulkes ir klausyk LP","potentialAction":[{"@type":"SearchAction","target":{"@type":"EntryPoint","urlTemplate":"https:\/\/vinilozona.lt\/?s={search_term_string}"},"query-input":{"@type":"PropertyValueSpecification","valueRequired":true,"valueName":"search_term_string"}}],"inLanguage":"en-GB"}]}},"_links":{"self":[{"href":"https:\/\/vinilozona.lt\/en\/wp-json\/wp\/v2\/product\/6615"}],"collection":[{"href":"https:\/\/vinilozona.lt\/en\/wp-json\/wp\/v2\/product"}],"about":[{"href":"https:\/\/vinilozona.lt\/en\/wp-json\/wp\/v2\/types\/product"}],"wp:featuredmedia":[{"embeddable":true,"href":"https:\/\/vinilozona.lt\/en\/wp-json\/wp\/v2\/media\/6616"}],"wp:attachment":[{"href":"https:\/\/vinilozona.lt\/en\/wp-json\/wp\/v2\/media?parent=6615"}],"wp:term":[{"taxonomy":"product_cat","embeddable":true,"href":"https:\/\/vinilozona.lt\/en\/wp-json\/wp\/v2\/product_cat?post=6615"},{"taxonomy":"product_tag","embeddable":true,"href":"https:\/\/vinilozona.lt\/en\/wp-json\/wp\/v2\/product_tag?post=6615"}],"curies":[{"name":"wp","href":"https:\/\/api.w.org\/{rel}","templated":true}]}}