{"id":6596,"date":"2020-03-10T12:40:35","date_gmt":"2020-03-10T10:40:35","guid":{"rendered":"https:\/\/vinilozona.lt\/?post_type=product&#038;p=6596"},"modified":"2022-02-28T23:27:17","modified_gmt":"2022-02-28T21:27:17","slug":"raimonds-pauls-%e2%80%8e-naktsputni","status":"publish","type":"product","link":"https:\/\/vinilozona.lt\/en\/parduotuve\/kita\/raimonds-pauls-%e2%80%8e-naktsputni\/","title":{"rendered":"Raimonds Pauls - Night Birds"},"content":{"rendered":"<p>Tai Pilset\u0101<br \/>\nJ\u016bras Zvaigzne<br \/>\nEg\u013cu Zvanos<br \/>\nK\u0101 Svece Deg<br \/>\nDienas En\u0101<br \/>\nNaktsputni<br \/>\nV\u012brietis Lab\u0101kos Gados<br \/>\nTavs Sauciens<br \/>\nK\u0101 Caur Pelniem<br \/>\nSp\u0113les<br \/>\nModo<\/p>","protected":false},"excerpt":{"rendered":"<p>\u042160-10675-6<\/p>","protected":false},"featured_media":6597,"template":"","meta":[],"product_cat":[21],"product_tag":[55],"yoast_head":"<!-- This site is optimized with the Yoast SEO plugin v23.5 - https:\/\/yoast.com\/wordpress\/plugins\/seo\/ -->\n<title>Raimonds Pauls \u200e\u2013 Naktsputni Vinilin\u0117 Plok\u0161tel\u0117 | Vinilozona.lt<\/title>\n<meta name=\"robots\" content=\"index, follow, max-snippet:-1, max-image-preview:large, max-video-preview:-1\" \/>\n<link rel=\"canonical\" href=\"https:\/\/vinilozona.lt\/en\/parduotuve\/kita\/raimonds-pauls-\u200e-naktsputni\/\" \/>\n<meta property=\"og:locale\" content=\"en_GB\" \/>\n<meta property=\"og:type\" content=\"article\" \/>\n<meta property=\"og:title\" content=\"Raimonds Pauls \u200e\u2013 Naktsputni Vinilin\u0117 Plok\u0161tel\u0117 | Vinilozona.lt\" \/>\n<meta property=\"og:description\" content=\"\u042160-10675-6\" \/>\n<meta property=\"og:url\" content=\"https:\/\/vinilozona.lt\/en\/parduotuve\/kita\/raimonds-pauls-\u200e-naktsputni\/\" \/>\n<meta property=\"og:site_name\" content=\"Vinilo Zona\" \/>\n<meta property=\"article:modified_time\" content=\"2022-02-28T21:27:17+00:00\" \/>\n<meta property=\"og:image\" content=\"https:\/\/vinilozona.lt\/wp-content\/uploads\/2020\/03\/R-1999124-1366482330-8393.jpeg.jpg\" \/>\n\t<meta property=\"og:image:width\" content=\"299\" \/>\n\t<meta property=\"og:image:height\" content=\"300\" \/>\n\t<meta property=\"og:image:type\" content=\"image\/jpeg\" \/>\n<meta name=\"twitter:card\" content=\"summary_large_image\" \/>\n<script type=\"application\/ld+json\" class=\"yoast-schema-graph\">{\"@context\":\"https:\/\/schema.org\",\"@graph\":[{\"@type\":\"WebPage\",\"@id\":\"https:\/\/vinilozona.lt\/parduotuve\/kita\/raimonds-pauls-%e2%80%8e-naktsputni\/\",\"url\":\"https:\/\/vinilozona.lt\/parduotuve\/kita\/raimonds-pauls-%e2%80%8e-naktsputni\/\",\"name\":\"Raimonds Pauls \u200e\u2013 Naktsputni Vinilin\u0117 Plok\u0161tel\u0117 | Vinilozona.lt\",\"isPartOf\":{\"@id\":\"https:\/\/vinilozona.lt\/#website\"},\"primaryImageOfPage\":{\"@id\":\"https:\/\/vinilozona.lt\/parduotuve\/kita\/raimonds-pauls-%e2%80%8e-naktsputni\/#primaryimage\"},\"image\":{\"@id\":\"https:\/\/vinilozona.lt\/parduotuve\/kita\/raimonds-pauls-%e2%80%8e-naktsputni\/#primaryimage\"},\"thumbnailUrl\":\"https:\/\/vinilozona.lt\/wp-content\/uploads\/2020\/03\/R-1999124-1366482330-8393.jpeg.jpg\",\"datePublished\":\"2020-03-10T10:40:35+00:00\",\"dateModified\":\"2022-02-28T21:27:17+00:00\",\"breadcrumb\":{\"@id\":\"https:\/\/vinilozona.lt\/parduotuve\/kita\/raimonds-pauls-%e2%80%8e-naktsputni\/#breadcrumb\"},\"inLanguage\":\"en-GB\",\"potentialAction\":[{\"@type\":\"ReadAction\",\"target\":[\"https:\/\/vinilozona.lt\/parduotuve\/kita\/raimonds-pauls-%e2%80%8e-naktsputni\/\"]}]},{\"@type\":\"ImageObject\",\"inLanguage\":\"en-GB\",\"@id\":\"https:\/\/vinilozona.lt\/parduotuve\/kita\/raimonds-pauls-%e2%80%8e-naktsputni\/#primaryimage\",\"url\":\"https:\/\/vinilozona.lt\/wp-content\/uploads\/2020\/03\/R-1999124-1366482330-8393.jpeg.jpg\",\"contentUrl\":\"https:\/\/vinilozona.lt\/wp-content\/uploads\/2020\/03\/R-1999124-1366482330-8393.jpeg.jpg\",\"width\":299,\"height\":300},{\"@type\":\"BreadcrumbList\",\"@id\":\"https:\/\/vinilozona.lt\/parduotuve\/kita\/raimonds-pauls-%e2%80%8e-naktsputni\/#breadcrumb\",\"itemListElement\":[{\"@type\":\"ListItem\",\"position\":1,\"name\":\"Home\",\"item\":\"https:\/\/vinilozona.lt\/\"},{\"@type\":\"ListItem\",\"position\":2,\"name\":\"Parduotuv\u0117\",\"item\":\"https:\/\/vinilozona.lt\/parduotuve\/\"},{\"@type\":\"ListItem\",\"position\":3,\"name\":\"Raimonds Pauls \u200e\u2013 Naktsputni\"}]},{\"@type\":\"WebSite\",\"@id\":\"https:\/\/vinilozona.lt\/#website\",\"url\":\"https:\/\/vinilozona.lt\/\",\"name\":\"Vinilo Zona\",\"description\":\"Nup\u016bsk dulkes ir klausyk LP\",\"potentialAction\":[{\"@type\":\"SearchAction\",\"target\":{\"@type\":\"EntryPoint\",\"urlTemplate\":\"https:\/\/vinilozona.lt\/?s={search_term_string}\"},\"query-input\":{\"@type\":\"PropertyValueSpecification\",\"valueRequired\":true,\"valueName\":\"search_term_string\"}}],\"inLanguage\":\"en-GB\"}]}<\/script>\n<!-- \/ Yoast SEO plugin. -->","yoast_head_json":{"title":"Raimonds Pauls \u200e\u2013 Naktsputni Vinilin\u0117 Plok\u0161tel\u0117 | Vinilozona.lt","robots":{"index":"index","follow":"follow","max-snippet":"max-snippet:-1","max-image-preview":"max-image-preview:large","max-video-preview":"max-video-preview:-1"},"canonical":"https:\/\/vinilozona.lt\/en\/parduotuve\/kita\/raimonds-pauls-\u200e-naktsputni\/","og_locale":"en_GB","og_type":"article","og_title":"Raimonds Pauls \u200e\u2013 Naktsputni Vinilin\u0117 Plok\u0161tel\u0117 | Vinilozona.lt","og_description":"\u042160-10675-6","og_url":"https:\/\/vinilozona.lt\/en\/parduotuve\/kita\/raimonds-pauls-\u200e-naktsputni\/","og_site_name":"Vinilo Zona","article_modified_time":"2022-02-28T21:27:17+00:00","og_image":[{"width":299,"height":300,"url":"https:\/\/vinilozona.lt\/wp-content\/uploads\/2020\/03\/R-1999124-1366482330-8393.jpeg.jpg","type":"image\/jpeg"}],"twitter_card":"summary_large_image","schema":{"@context":"https:\/\/schema.org","@graph":[{"@type":"WebPage","@id":"https:\/\/vinilozona.lt\/parduotuve\/kita\/raimonds-pauls-%e2%80%8e-naktsputni\/","url":"https:\/\/vinilozona.lt\/parduotuve\/kita\/raimonds-pauls-%e2%80%8e-naktsputni\/","name":"Raimonds Pauls \u200e\u2013 Naktsputni Vinilin\u0117 Plok\u0161tel\u0117 | Vinilozona.lt","isPartOf":{"@id":"https:\/\/vinilozona.lt\/#website"},"primaryImageOfPage":{"@id":"https:\/\/vinilozona.lt\/parduotuve\/kita\/raimonds-pauls-%e2%80%8e-naktsputni\/#primaryimage"},"image":{"@id":"https:\/\/vinilozona.lt\/parduotuve\/kita\/raimonds-pauls-%e2%80%8e-naktsputni\/#primaryimage"},"thumbnailUrl":"https:\/\/vinilozona.lt\/wp-content\/uploads\/2020\/03\/R-1999124-1366482330-8393.jpeg.jpg","datePublished":"2020-03-10T10:40:35+00:00","dateModified":"2022-02-28T21:27:17+00:00","breadcrumb":{"@id":"https:\/\/vinilozona.lt\/parduotuve\/kita\/raimonds-pauls-%e2%80%8e-naktsputni\/#breadcrumb"},"inLanguage":"en-GB","potentialAction":[{"@type":"ReadAction","target":["https:\/\/vinilozona.lt\/parduotuve\/kita\/raimonds-pauls-%e2%80%8e-naktsputni\/"]}]},{"@type":"ImageObject","inLanguage":"en-GB","@id":"https:\/\/vinilozona.lt\/parduotuve\/kita\/raimonds-pauls-%e2%80%8e-naktsputni\/#primaryimage","url":"https:\/\/vinilozona.lt\/wp-content\/uploads\/2020\/03\/R-1999124-1366482330-8393.jpeg.jpg","contentUrl":"https:\/\/vinilozona.lt\/wp-content\/uploads\/2020\/03\/R-1999124-1366482330-8393.jpeg.jpg","width":299,"height":300},{"@type":"BreadcrumbList","@id":"https:\/\/vinilozona.lt\/parduotuve\/kita\/raimonds-pauls-%e2%80%8e-naktsputni\/#breadcrumb","itemListElement":[{"@type":"ListItem","position":1,"name":"Home","item":"https:\/\/vinilozona.lt\/"},{"@type":"ListItem","position":2,"name":"Parduotuv\u0117","item":"https:\/\/vinilozona.lt\/parduotuve\/"},{"@type":"ListItem","position":3,"name":"Raimonds Pauls \u200e\u2013 Naktsputni"}]},{"@type":"WebSite","@id":"https:\/\/vinilozona.lt\/#website","url":"https:\/\/vinilozona.lt\/","name":"Vinilo Zona","description":"Nup\u016bsk dulkes ir klausyk LP","potentialAction":[{"@type":"SearchAction","target":{"@type":"EntryPoint","urlTemplate":"https:\/\/vinilozona.lt\/?s={search_term_string}"},"query-input":{"@type":"PropertyValueSpecification","valueRequired":true,"valueName":"search_term_string"}}],"inLanguage":"en-GB"}]}},"_links":{"self":[{"href":"https:\/\/vinilozona.lt\/en\/wp-json\/wp\/v2\/product\/6596"}],"collection":[{"href":"https:\/\/vinilozona.lt\/en\/wp-json\/wp\/v2\/product"}],"about":[{"href":"https:\/\/vinilozona.lt\/en\/wp-json\/wp\/v2\/types\/product"}],"wp:featuredmedia":[{"embeddable":true,"href":"https:\/\/vinilozona.lt\/en\/wp-json\/wp\/v2\/media\/6597"}],"wp:attachment":[{"href":"https:\/\/vinilozona.lt\/en\/wp-json\/wp\/v2\/media?parent=6596"}],"wp:term":[{"taxonomy":"product_cat","embeddable":true,"href":"https:\/\/vinilozona.lt\/en\/wp-json\/wp\/v2\/product_cat?post=6596"},{"taxonomy":"product_tag","embeddable":true,"href":"https:\/\/vinilozona.lt\/en\/wp-json\/wp\/v2\/product_tag?post=6596"}],"curies":[{"name":"wp","href":"https:\/\/api.w.org\/{rel}","templated":true}]}}