{"id":6594,"date":"2026-03-04T05:24:05","date_gmt":"2026-03-04T03:24:05","guid":{"rendered":"https:\/\/vinilozona.lt\/?post_type=product&#038;p=6594"},"modified":"2026-03-12T21:23:46","modified_gmt":"2026-03-12T19:23:46","slug":"%d0%bb%d0%b0%d0%b9%d0%bc%d0%b0-%d0%b2%d0%b0%d0%b9%d0%ba%d1%83%d0%bb%d0%b5-%e2%80%8e-%d0%bb%d0%b0%d0%b9%d0%bc%d0%b0-%d0%b2%d0%b0%d0%b9%d0%ba%d1%83%d0%bb%d0%b5","status":"publish","type":"product","link":"https:\/\/vinilozona.lt\/en\/parduotuve\/kita\/%d0%bb%d0%b0%d0%b9%d0%bc%d0%b0-%d0%b2%d0%b0%d0%b9%d0%ba%d1%83%d0%bb%d0%b5-%e2%80%8e-%d0%bb%d0%b0%d0%b9%d0%bc%d0%b0-%d0%b2%d0%b0%d0%b9%d0%ba%d1%83%d0%bb%d0%b5\/","title":{"rendered":"Teach-In \u2013 \u0412\u043e\u043a\u0430\u043b\u044c\u043d\u043e-\u0418\u043d\u0441\u0442\u0440\u0443\u043c\u0435\u043d\u0442\u0430\u043b\u044c\u043d\u044b\u0439 \u0410\u043d\u0441\u0430\u043c\u0431\u043b\u044c \u00ab\u0422\u0438\u0447-\u0418\u043d\u00bb"},"content":{"rendered":"<p>A1\t\t\u0426\u0438\u0440\u043a\u043e\u0432\u043e\u0435 \u041f\u0440\u0435\u0434\u0441\u0442\u0430\u0432\u043b\u0435\u043d\u0438\u0435\t3:21<br \/>\nA2\t\t\u041b\u0435\u0442\u043d\u0435\u0439 \u041d\u043e\u0447\u044c\u044e\t2:31<br \/>\nA3\t\t\u041d\u0435\u0442 \u0412\u0440\u0435\u043c\u0435\u043d\u0438\t2:12<br \/>\nA4\t\t\u042f \u041e\u0434\u0438\u043d\u043e\u043a\t2:55<br \/>\nA5\t\t\u041f\u043e\u0437\u0432\u043e\u043b\u044c \u041c\u043d\u0435 \u0412\u043e\u0439\u0442\u0438\t3:14<br \/>\nA6\t\t\u041f\u0440\u0435\u043a\u0440\u0430\u0441\u043d\u044b\u0439 \u0414\u0435\u043d\u044c\t2:18<br \/>\nA7\t\t\u0413\u043e\u0440\u043e\u0434 \u0422\u0435\u043d\u043d\u0435\u0441\u0441\u0438\t3:05<br \/>\nB1\t\t\u0414\u0438\u043d-\u0414\u043e\u043d\t2:24<br \/>\nB2\t\t\u0421\u043f\u043e\u0439 \u0421\u0432\u043e\u044e \u041f\u0435\u0441\u043d\u044e\t3:02<br \/>\nB3\t\t\u0426\u0438\u0440\u043a \u041f\u0440\u0438\u0435\u0437\u0436\u0430\u0435\u0442 \u0412 \u0413\u043e\u0440\u043e\u0434\t2:14<br \/>\nB4\t\t\u0414\u043e \u0421\u0432\u0438\u0434\u0430\u043d\u044c\u044f, \u0421\u0442\u0430\u0440\u044b\u0439 \u0414\u0440\u0443\u0433\t3:16<br \/>\nB5\t\t\u041a\u0443\u043a\u043b\u0430\t2:36<br \/>\nB6\t\t\u0422\u044b \u0418 \u042f\t2:35<br \/>\nB7\t\t\u0423\u043b\u0435\u0442\u0430\u0439\t3:01<\/p>","protected":false},"excerpt":{"rendered":"<p>\u041c\u0435\u043b\u043e\u0434\u0438\u044f \u2013 33 \u042160\u201407403-04<br \/>\nFormat:<br \/>\nVinyl, LP, Album, Stereo<br \/>\nCountry:<br \/>\nUSSR<br \/>\nReleased:<br \/>\n1976<\/p>","protected":false},"featured_media":30616,"template":"","meta":[],"product_cat":[21],"product_tag":[44],"yoast_head":"<!-- This site is optimized with the Yoast SEO plugin v23.5 - https:\/\/yoast.com\/wordpress\/plugins\/seo\/ -->\n<title>Teach-In \u2013 \u0412\u043e\u043a\u0430\u043b\u044c\u043d\u043e-\u0418\u043d\u0441\u0442\u0440\u0443\u043c\u0435\u043d\u0442\u0430\u043b\u044c\u043d\u044b\u0439 \u0410\u043d\u0441\u0430\u043c\u0431\u043b\u044c \u00ab\u0422\u0438\u0447-\u0418\u043d\u00bb Vinilin\u0117 Plok\u0161tel\u0117 | Vinilozona.lt<\/title>\n<meta name=\"robots\" content=\"index, follow, max-snippet:-1, max-image-preview:large, max-video-preview:-1\" \/>\n<link rel=\"canonical\" href=\"https:\/\/vinilozona.lt\/en\/parduotuve\/kita\/\u043b\u0430\u0439\u043c\u0430-\u0432\u0430\u0439\u043a\u0443\u043b\u0435-\u200e-\u043b\u0430\u0439\u043c\u0430-\u0432\u0430\u0439\u043a\u0443\u043b\u0435\/\" \/>\n<meta property=\"og:locale\" content=\"en_GB\" \/>\n<meta property=\"og:type\" content=\"article\" \/>\n<meta property=\"og:title\" content=\"Teach-In \u2013 \u0412\u043e\u043a\u0430\u043b\u044c\u043d\u043e-\u0418\u043d\u0441\u0442\u0440\u0443\u043c\u0435\u043d\u0442\u0430\u043b\u044c\u043d\u044b\u0439 \u0410\u043d\u0441\u0430\u043c\u0431\u043b\u044c \u00ab\u0422\u0438\u0447-\u0418\u043d\u00bb Vinilin\u0117 Plok\u0161tel\u0117 | Vinilozona.lt\" \/>\n<meta property=\"og:description\" content=\"\u041c\u0435\u043b\u043e\u0434\u0438\u044f \u2013 33 \u042160\u201407403-04 Format: Vinyl, LP, Album, Stereo Country: USSR Released: 1976\" \/>\n<meta property=\"og:url\" content=\"https:\/\/vinilozona.lt\/en\/parduotuve\/kita\/\u043b\u0430\u0439\u043c\u0430-\u0432\u0430\u0439\u043a\u0443\u043b\u0435-\u200e-\u043b\u0430\u0439\u043c\u0430-\u0432\u0430\u0439\u043a\u0443\u043b\u0435\/\" \/>\n<meta property=\"og:site_name\" content=\"Vinilo Zona\" \/>\n<meta property=\"article:modified_time\" content=\"2026-03-12T19:23:46+00:00\" \/>\n<meta property=\"og:image\" content=\"https:\/\/vinilozona.lt\/wp-content\/uploads\/2020\/03\/R-2982335-1379051243-7166.jpg\" \/>\n\t<meta property=\"og:image:width\" content=\"597\" \/>\n\t<meta property=\"og:image:height\" content=\"600\" \/>\n\t<meta property=\"og:image:type\" content=\"image\/jpeg\" \/>\n<meta name=\"twitter:card\" content=\"summary_large_image\" \/>\n<meta name=\"twitter:label1\" content=\"Estimated reading time\" \/>\n\t<meta name=\"twitter:data1\" content=\"1 minute\" \/>\n<script type=\"application\/ld+json\" class=\"yoast-schema-graph\">{\"@context\":\"https:\/\/schema.org\",\"@graph\":[{\"@type\":\"WebPage\",\"@id\":\"https:\/\/vinilozona.lt\/parduotuve\/kita\/%d0%bb%d0%b0%d0%b9%d0%bc%d0%b0-%d0%b2%d0%b0%d0%b9%d0%ba%d1%83%d0%bb%d0%b5-%e2%80%8e-%d0%bb%d0%b0%d0%b9%d0%bc%d0%b0-%d0%b2%d0%b0%d0%b9%d0%ba%d1%83%d0%bb%d0%b5\/\",\"url\":\"https:\/\/vinilozona.lt\/parduotuve\/kita\/%d0%bb%d0%b0%d0%b9%d0%bc%d0%b0-%d0%b2%d0%b0%d0%b9%d0%ba%d1%83%d0%bb%d0%b5-%e2%80%8e-%d0%bb%d0%b0%d0%b9%d0%bc%d0%b0-%d0%b2%d0%b0%d0%b9%d0%ba%d1%83%d0%bb%d0%b5\/\",\"name\":\"Teach-In \u2013 \u0412\u043e\u043a\u0430\u043b\u044c\u043d\u043e-\u0418\u043d\u0441\u0442\u0440\u0443\u043c\u0435\u043d\u0442\u0430\u043b\u044c\u043d\u044b\u0439 \u0410\u043d\u0441\u0430\u043c\u0431\u043b\u044c \u00ab\u0422\u0438\u0447-\u0418\u043d\u00bb Vinilin\u0117 Plok\u0161tel\u0117 | Vinilozona.lt\",\"isPartOf\":{\"@id\":\"https:\/\/vinilozona.lt\/#website\"},\"primaryImageOfPage\":{\"@id\":\"https:\/\/vinilozona.lt\/parduotuve\/kita\/%d0%bb%d0%b0%d0%b9%d0%bc%d0%b0-%d0%b2%d0%b0%d0%b9%d0%ba%d1%83%d0%bb%d0%b5-%e2%80%8e-%d0%bb%d0%b0%d0%b9%d0%bc%d0%b0-%d0%b2%d0%b0%d0%b9%d0%ba%d1%83%d0%bb%d0%b5\/#primaryimage\"},\"image\":{\"@id\":\"https:\/\/vinilozona.lt\/parduotuve\/kita\/%d0%bb%d0%b0%d0%b9%d0%bc%d0%b0-%d0%b2%d0%b0%d0%b9%d0%ba%d1%83%d0%bb%d0%b5-%e2%80%8e-%d0%bb%d0%b0%d0%b9%d0%bc%d0%b0-%d0%b2%d0%b0%d0%b9%d0%ba%d1%83%d0%bb%d0%b5\/#primaryimage\"},\"thumbnailUrl\":\"https:\/\/vinilozona.lt\/wp-content\/uploads\/2020\/03\/R-2982335-1379051243-7166.jpg\",\"datePublished\":\"2026-03-04T03:24:05+00:00\",\"dateModified\":\"2026-03-12T19:23:46+00:00\",\"breadcrumb\":{\"@id\":\"https:\/\/vinilozona.lt\/parduotuve\/kita\/%d0%bb%d0%b0%d0%b9%d0%bc%d0%b0-%d0%b2%d0%b0%d0%b9%d0%ba%d1%83%d0%bb%d0%b5-%e2%80%8e-%d0%bb%d0%b0%d0%b9%d0%bc%d0%b0-%d0%b2%d0%b0%d0%b9%d0%ba%d1%83%d0%bb%d0%b5\/#breadcrumb\"},\"inLanguage\":\"en-GB\",\"potentialAction\":[{\"@type\":\"ReadAction\",\"target\":[\"https:\/\/vinilozona.lt\/parduotuve\/kita\/%d0%bb%d0%b0%d0%b9%d0%bc%d0%b0-%d0%b2%d0%b0%d0%b9%d0%ba%d1%83%d0%bb%d0%b5-%e2%80%8e-%d0%bb%d0%b0%d0%b9%d0%bc%d0%b0-%d0%b2%d0%b0%d0%b9%d0%ba%d1%83%d0%bb%d0%b5\/\"]}]},{\"@type\":\"ImageObject\",\"inLanguage\":\"en-GB\",\"@id\":\"https:\/\/vinilozona.lt\/parduotuve\/kita\/%d0%bb%d0%b0%d0%b9%d0%bc%d0%b0-%d0%b2%d0%b0%d0%b9%d0%ba%d1%83%d0%bb%d0%b5-%e2%80%8e-%d0%bb%d0%b0%d0%b9%d0%bc%d0%b0-%d0%b2%d0%b0%d0%b9%d0%ba%d1%83%d0%bb%d0%b5\/#primaryimage\",\"url\":\"https:\/\/vinilozona.lt\/wp-content\/uploads\/2020\/03\/R-2982335-1379051243-7166.jpg\",\"contentUrl\":\"https:\/\/vinilozona.lt\/wp-content\/uploads\/2020\/03\/R-2982335-1379051243-7166.jpg\",\"width\":597,\"height\":600},{\"@type\":\"BreadcrumbList\",\"@id\":\"https:\/\/vinilozona.lt\/parduotuve\/kita\/%d0%bb%d0%b0%d0%b9%d0%bc%d0%b0-%d0%b2%d0%b0%d0%b9%d0%ba%d1%83%d0%bb%d0%b5-%e2%80%8e-%d0%bb%d0%b0%d0%b9%d0%bc%d0%b0-%d0%b2%d0%b0%d0%b9%d0%ba%d1%83%d0%bb%d0%b5\/#breadcrumb\",\"itemListElement\":[{\"@type\":\"ListItem\",\"position\":1,\"name\":\"Home\",\"item\":\"https:\/\/vinilozona.lt\/\"},{\"@type\":\"ListItem\",\"position\":2,\"name\":\"Parduotuv\u0117\",\"item\":\"https:\/\/vinilozona.lt\/parduotuve\/\"},{\"@type\":\"ListItem\",\"position\":3,\"name\":\"Teach-In \u2013 \u0412\u043e\u043a\u0430\u043b\u044c\u043d\u043e-\u0418\u043d\u0441\u0442\u0440\u0443\u043c\u0435\u043d\u0442\u0430\u043b\u044c\u043d\u044b\u0439 \u0410\u043d\u0441\u0430\u043c\u0431\u043b\u044c \u00ab\u0422\u0438\u0447-\u0418\u043d\u00bb\"}]},{\"@type\":\"WebSite\",\"@id\":\"https:\/\/vinilozona.lt\/#website\",\"url\":\"https:\/\/vinilozona.lt\/\",\"name\":\"Vinilo Zona\",\"description\":\"Nup\u016bsk dulkes ir klausyk LP\",\"potentialAction\":[{\"@type\":\"SearchAction\",\"target\":{\"@type\":\"EntryPoint\",\"urlTemplate\":\"https:\/\/vinilozona.lt\/?s={search_term_string}\"},\"query-input\":{\"@type\":\"PropertyValueSpecification\",\"valueRequired\":true,\"valueName\":\"search_term_string\"}}],\"inLanguage\":\"en-GB\"}]}<\/script>\n<!-- \/ Yoast SEO plugin. -->","yoast_head_json":{"title":"Teach-In \u2013 \u0412\u043e\u043a\u0430\u043b\u044c\u043d\u043e-\u0418\u043d\u0441\u0442\u0440\u0443\u043c\u0435\u043d\u0442\u0430\u043b\u044c\u043d\u044b\u0439 \u0410\u043d\u0441\u0430\u043c\u0431\u043b\u044c \u00ab\u0422\u0438\u0447-\u0418\u043d\u00bb Vinilin\u0117 Plok\u0161tel\u0117 | Vinilozona.lt","robots":{"index":"index","follow":"follow","max-snippet":"max-snippet:-1","max-image-preview":"max-image-preview:large","max-video-preview":"max-video-preview:-1"},"canonical":"https:\/\/vinilozona.lt\/en\/parduotuve\/kita\/\u043b\u0430\u0439\u043c\u0430-\u0432\u0430\u0439\u043a\u0443\u043b\u0435-\u200e-\u043b\u0430\u0439\u043c\u0430-\u0432\u0430\u0439\u043a\u0443\u043b\u0435\/","og_locale":"en_GB","og_type":"article","og_title":"Teach-In \u2013 \u0412\u043e\u043a\u0430\u043b\u044c\u043d\u043e-\u0418\u043d\u0441\u0442\u0440\u0443\u043c\u0435\u043d\u0442\u0430\u043b\u044c\u043d\u044b\u0439 \u0410\u043d\u0441\u0430\u043c\u0431\u043b\u044c \u00ab\u0422\u0438\u0447-\u0418\u043d\u00bb Vinilin\u0117 Plok\u0161tel\u0117 | Vinilozona.lt","og_description":"\u041c\u0435\u043b\u043e\u0434\u0438\u044f \u2013 33 \u042160\u201407403-04 Format: Vinyl, LP, Album, Stereo Country: USSR Released: 1976","og_url":"https:\/\/vinilozona.lt\/en\/parduotuve\/kita\/\u043b\u0430\u0439\u043c\u0430-\u0432\u0430\u0439\u043a\u0443\u043b\u0435-\u200e-\u043b\u0430\u0439\u043c\u0430-\u0432\u0430\u0439\u043a\u0443\u043b\u0435\/","og_site_name":"Vinilo Zona","article_modified_time":"2026-03-12T19:23:46+00:00","og_image":[{"width":597,"height":600,"url":"https:\/\/vinilozona.lt\/wp-content\/uploads\/2020\/03\/R-2982335-1379051243-7166.jpg","type":"image\/jpeg"}],"twitter_card":"summary_large_image","twitter_misc":{"Estimated reading time":"1 minute"},"schema":{"@context":"https:\/\/schema.org","@graph":[{"@type":"WebPage","@id":"https:\/\/vinilozona.lt\/parduotuve\/kita\/%d0%bb%d0%b0%d0%b9%d0%bc%d0%b0-%d0%b2%d0%b0%d0%b9%d0%ba%d1%83%d0%bb%d0%b5-%e2%80%8e-%d0%bb%d0%b0%d0%b9%d0%bc%d0%b0-%d0%b2%d0%b0%d0%b9%d0%ba%d1%83%d0%bb%d0%b5\/","url":"https:\/\/vinilozona.lt\/parduotuve\/kita\/%d0%bb%d0%b0%d0%b9%d0%bc%d0%b0-%d0%b2%d0%b0%d0%b9%d0%ba%d1%83%d0%bb%d0%b5-%e2%80%8e-%d0%bb%d0%b0%d0%b9%d0%bc%d0%b0-%d0%b2%d0%b0%d0%b9%d0%ba%d1%83%d0%bb%d0%b5\/","name":"Teach-In \u2013 \u0412\u043e\u043a\u0430\u043b\u044c\u043d\u043e-\u0418\u043d\u0441\u0442\u0440\u0443\u043c\u0435\u043d\u0442\u0430\u043b\u044c\u043d\u044b\u0439 \u0410\u043d\u0441\u0430\u043c\u0431\u043b\u044c \u00ab\u0422\u0438\u0447-\u0418\u043d\u00bb Vinilin\u0117 Plok\u0161tel\u0117 | Vinilozona.lt","isPartOf":{"@id":"https:\/\/vinilozona.lt\/#website"},"primaryImageOfPage":{"@id":"https:\/\/vinilozona.lt\/parduotuve\/kita\/%d0%bb%d0%b0%d0%b9%d0%bc%d0%b0-%d0%b2%d0%b0%d0%b9%d0%ba%d1%83%d0%bb%d0%b5-%e2%80%8e-%d0%bb%d0%b0%d0%b9%d0%bc%d0%b0-%d0%b2%d0%b0%d0%b9%d0%ba%d1%83%d0%bb%d0%b5\/#primaryimage"},"image":{"@id":"https:\/\/vinilozona.lt\/parduotuve\/kita\/%d0%bb%d0%b0%d0%b9%d0%bc%d0%b0-%d0%b2%d0%b0%d0%b9%d0%ba%d1%83%d0%bb%d0%b5-%e2%80%8e-%d0%bb%d0%b0%d0%b9%d0%bc%d0%b0-%d0%b2%d0%b0%d0%b9%d0%ba%d1%83%d0%bb%d0%b5\/#primaryimage"},"thumbnailUrl":"https:\/\/vinilozona.lt\/wp-content\/uploads\/2020\/03\/R-2982335-1379051243-7166.jpg","datePublished":"2026-03-04T03:24:05+00:00","dateModified":"2026-03-12T19:23:46+00:00","breadcrumb":{"@id":"https:\/\/vinilozona.lt\/parduotuve\/kita\/%d0%bb%d0%b0%d0%b9%d0%bc%d0%b0-%d0%b2%d0%b0%d0%b9%d0%ba%d1%83%d0%bb%d0%b5-%e2%80%8e-%d0%bb%d0%b0%d0%b9%d0%bc%d0%b0-%d0%b2%d0%b0%d0%b9%d0%ba%d1%83%d0%bb%d0%b5\/#breadcrumb"},"inLanguage":"en-GB","potentialAction":[{"@type":"ReadAction","target":["https:\/\/vinilozona.lt\/parduotuve\/kita\/%d0%bb%d0%b0%d0%b9%d0%bc%d0%b0-%d0%b2%d0%b0%d0%b9%d0%ba%d1%83%d0%bb%d0%b5-%e2%80%8e-%d0%bb%d0%b0%d0%b9%d0%bc%d0%b0-%d0%b2%d0%b0%d0%b9%d0%ba%d1%83%d0%bb%d0%b5\/"]}]},{"@type":"ImageObject","inLanguage":"en-GB","@id":"https:\/\/vinilozona.lt\/parduotuve\/kita\/%d0%bb%d0%b0%d0%b9%d0%bc%d0%b0-%d0%b2%d0%b0%d0%b9%d0%ba%d1%83%d0%bb%d0%b5-%e2%80%8e-%d0%bb%d0%b0%d0%b9%d0%bc%d0%b0-%d0%b2%d0%b0%d0%b9%d0%ba%d1%83%d0%bb%d0%b5\/#primaryimage","url":"https:\/\/vinilozona.lt\/wp-content\/uploads\/2020\/03\/R-2982335-1379051243-7166.jpg","contentUrl":"https:\/\/vinilozona.lt\/wp-content\/uploads\/2020\/03\/R-2982335-1379051243-7166.jpg","width":597,"height":600},{"@type":"BreadcrumbList","@id":"https:\/\/vinilozona.lt\/parduotuve\/kita\/%d0%bb%d0%b0%d0%b9%d0%bc%d0%b0-%d0%b2%d0%b0%d0%b9%d0%ba%d1%83%d0%bb%d0%b5-%e2%80%8e-%d0%bb%d0%b0%d0%b9%d0%bc%d0%b0-%d0%b2%d0%b0%d0%b9%d0%ba%d1%83%d0%bb%d0%b5\/#breadcrumb","itemListElement":[{"@type":"ListItem","position":1,"name":"Home","item":"https:\/\/vinilozona.lt\/"},{"@type":"ListItem","position":2,"name":"Parduotuv\u0117","item":"https:\/\/vinilozona.lt\/parduotuve\/"},{"@type":"ListItem","position":3,"name":"Teach-In \u2013 \u0412\u043e\u043a\u0430\u043b\u044c\u043d\u043e-\u0418\u043d\u0441\u0442\u0440\u0443\u043c\u0435\u043d\u0442\u0430\u043b\u044c\u043d\u044b\u0439 \u0410\u043d\u0441\u0430\u043c\u0431\u043b\u044c \u00ab\u0422\u0438\u0447-\u0418\u043d\u00bb"}]},{"@type":"WebSite","@id":"https:\/\/vinilozona.lt\/#website","url":"https:\/\/vinilozona.lt\/","name":"Vinilo Zona","description":"Nup\u016bsk dulkes ir klausyk LP","potentialAction":[{"@type":"SearchAction","target":{"@type":"EntryPoint","urlTemplate":"https:\/\/vinilozona.lt\/?s={search_term_string}"},"query-input":{"@type":"PropertyValueSpecification","valueRequired":true,"valueName":"search_term_string"}}],"inLanguage":"en-GB"}]}},"_links":{"self":[{"href":"https:\/\/vinilozona.lt\/en\/wp-json\/wp\/v2\/product\/6594"}],"collection":[{"href":"https:\/\/vinilozona.lt\/en\/wp-json\/wp\/v2\/product"}],"about":[{"href":"https:\/\/vinilozona.lt\/en\/wp-json\/wp\/v2\/types\/product"}],"wp:featuredmedia":[{"embeddable":true,"href":"https:\/\/vinilozona.lt\/en\/wp-json\/wp\/v2\/media\/30616"}],"wp:attachment":[{"href":"https:\/\/vinilozona.lt\/en\/wp-json\/wp\/v2\/media?parent=6594"}],"wp:term":[{"taxonomy":"product_cat","embeddable":true,"href":"https:\/\/vinilozona.lt\/en\/wp-json\/wp\/v2\/product_cat?post=6594"},{"taxonomy":"product_tag","embeddable":true,"href":"https:\/\/vinilozona.lt\/en\/wp-json\/wp\/v2\/product_tag?post=6594"}],"curies":[{"name":"wp","href":"https:\/\/api.w.org\/{rel}","templated":true}]}}