{"id":6590,"date":"2020-03-10T12:32:06","date_gmt":"2020-03-10T10:32:06","guid":{"rendered":"https:\/\/vinilozona.lt\/?post_type=product&#038;p=6590"},"modified":"2026-02-13T12:10:21","modified_gmt":"2026-02-13T10:10:21","slug":"raimonds-pauls-%e2%80%8e-raimonda-paula-aicinajums-uz-deju","status":"publish","type":"product","link":"https:\/\/vinilozona.lt\/en\/parduotuve\/kita\/raimonds-pauls-%e2%80%8e-raimonda-paula-aicinajums-uz-deju\/","title":{"rendered":"Raimonds Pauls - Raimonds Pauls&#039; Call to Dance"},"content":{"rendered":"<p>\u0422\u0430\u043d\u0433\u043e (33)\t2:36<br \/>\n\u041c\u0435\u0434\u043b\u0435\u043d\u043d\u044b\u0439 \u0412\u0430\u043b\u044c\u0441 (30)\t3:09<br \/>\n\u041c\u0435\u0434\u043b\u0435\u043d\u043d\u044b\u0439 \u0424\u043e\u043a\u0441\u0442\u0440\u043e\u0442 (30)\t3:31<br \/>\n\u0412\u0430\u043b\u044c\u0441 (59)\t2:31<br \/>\n\u041a\u0432\u0438\u043a\u0441\u0442\u0435\u043f (51)\t2:40<br \/>\n\u0411\u043b\u044e\u0437 (18)\t3:11<br \/>\n\u0420\u0443\u043c\u0431\u0430 (28)\t3:09<br \/>\n\u0427\u0430-\u0427\u0430 (32)\t3:09<br \/>\n\u0421\u0430\u043c\u0431\u0430 (53)\t3:03<br \/>\n\u0414\u0436\u0430\u0438\u0432 (44)\t2:46<br \/>\n\u0420\u0443\u043c\u0431\u0430 (28)\t3:25<br \/>\n\u0420\u043e\u043a-\u041d-\u0420\u043e\u043b\u043b (44)\t2:34<\/p>","protected":false},"excerpt":{"rendered":"<p>\u042160 25119 009<\/p>","protected":false},"featured_media":6591,"template":"","meta":[],"product_cat":[21],"product_tag":[55],"yoast_head":"<!-- This site is optimized with the Yoast SEO plugin v23.5 - https:\/\/yoast.com\/wordpress\/plugins\/seo\/ -->\n<title>Raimonds Pauls \u200e\u2013 Raimonda Paula Aicin\u0101jums Uz Deju Vinilin\u0117 Plok\u0161tel\u0117 | Vinilozona.lt<\/title>\n<meta name=\"robots\" content=\"index, follow, max-snippet:-1, max-image-preview:large, max-video-preview:-1\" \/>\n<link rel=\"canonical\" href=\"https:\/\/vinilozona.lt\/en\/parduotuve\/kita\/raimonds-pauls-\u200e-raimonda-paula-aicinajums-uz-deju\/\" \/>\n<meta property=\"og:locale\" content=\"en_GB\" \/>\n<meta property=\"og:type\" content=\"article\" \/>\n<meta property=\"og:title\" content=\"Raimonds Pauls \u200e\u2013 Raimonda Paula Aicin\u0101jums Uz Deju Vinilin\u0117 Plok\u0161tel\u0117 | Vinilozona.lt\" \/>\n<meta property=\"og:description\" content=\"\u042160 25119 009\" \/>\n<meta property=\"og:url\" content=\"https:\/\/vinilozona.lt\/en\/parduotuve\/kita\/raimonds-pauls-\u200e-raimonda-paula-aicinajums-uz-deju\/\" \/>\n<meta property=\"og:site_name\" content=\"Vinilo Zona\" \/>\n<meta property=\"article:modified_time\" content=\"2026-02-13T10:10:21+00:00\" \/>\n<meta property=\"og:image\" content=\"https:\/\/vinilozona.lt\/wp-content\/uploads\/2020\/03\/R-4138267-1356585497-3295.jpeg.jpg\" \/>\n\t<meta property=\"og:image:width\" content=\"299\" \/>\n\t<meta property=\"og:image:height\" content=\"300\" \/>\n\t<meta property=\"og:image:type\" content=\"image\/jpeg\" \/>\n<meta name=\"twitter:card\" content=\"summary_large_image\" \/>\n<script type=\"application\/ld+json\" class=\"yoast-schema-graph\">{\"@context\":\"https:\/\/schema.org\",\"@graph\":[{\"@type\":\"WebPage\",\"@id\":\"https:\/\/vinilozona.lt\/parduotuve\/kita\/raimonds-pauls-%e2%80%8e-raimonda-paula-aicinajums-uz-deju\/\",\"url\":\"https:\/\/vinilozona.lt\/parduotuve\/kita\/raimonds-pauls-%e2%80%8e-raimonda-paula-aicinajums-uz-deju\/\",\"name\":\"Raimonds Pauls \u200e\u2013 Raimonda Paula Aicin\u0101jums Uz Deju Vinilin\u0117 Plok\u0161tel\u0117 | Vinilozona.lt\",\"isPartOf\":{\"@id\":\"https:\/\/vinilozona.lt\/#website\"},\"primaryImageOfPage\":{\"@id\":\"https:\/\/vinilozona.lt\/parduotuve\/kita\/raimonds-pauls-%e2%80%8e-raimonda-paula-aicinajums-uz-deju\/#primaryimage\"},\"image\":{\"@id\":\"https:\/\/vinilozona.lt\/parduotuve\/kita\/raimonds-pauls-%e2%80%8e-raimonda-paula-aicinajums-uz-deju\/#primaryimage\"},\"thumbnailUrl\":\"https:\/\/vinilozona.lt\/wp-content\/uploads\/2020\/03\/R-4138267-1356585497-3295.jpeg.jpg\",\"datePublished\":\"2020-03-10T10:32:06+00:00\",\"dateModified\":\"2026-02-13T10:10:21+00:00\",\"breadcrumb\":{\"@id\":\"https:\/\/vinilozona.lt\/parduotuve\/kita\/raimonds-pauls-%e2%80%8e-raimonda-paula-aicinajums-uz-deju\/#breadcrumb\"},\"inLanguage\":\"en-GB\",\"potentialAction\":[{\"@type\":\"ReadAction\",\"target\":[\"https:\/\/vinilozona.lt\/parduotuve\/kita\/raimonds-pauls-%e2%80%8e-raimonda-paula-aicinajums-uz-deju\/\"]}]},{\"@type\":\"ImageObject\",\"inLanguage\":\"en-GB\",\"@id\":\"https:\/\/vinilozona.lt\/parduotuve\/kita\/raimonds-pauls-%e2%80%8e-raimonda-paula-aicinajums-uz-deju\/#primaryimage\",\"url\":\"https:\/\/vinilozona.lt\/wp-content\/uploads\/2020\/03\/R-4138267-1356585497-3295.jpeg.jpg\",\"contentUrl\":\"https:\/\/vinilozona.lt\/wp-content\/uploads\/2020\/03\/R-4138267-1356585497-3295.jpeg.jpg\",\"width\":299,\"height\":300},{\"@type\":\"BreadcrumbList\",\"@id\":\"https:\/\/vinilozona.lt\/parduotuve\/kita\/raimonds-pauls-%e2%80%8e-raimonda-paula-aicinajums-uz-deju\/#breadcrumb\",\"itemListElement\":[{\"@type\":\"ListItem\",\"position\":1,\"name\":\"Home\",\"item\":\"https:\/\/vinilozona.lt\/\"},{\"@type\":\"ListItem\",\"position\":2,\"name\":\"Parduotuv\u0117\",\"item\":\"https:\/\/vinilozona.lt\/parduotuve\/\"},{\"@type\":\"ListItem\",\"position\":3,\"name\":\"Raimonds Pauls \u200e\u2013 Raimonda Paula Aicin\u0101jums Uz Deju\"}]},{\"@type\":\"WebSite\",\"@id\":\"https:\/\/vinilozona.lt\/#website\",\"url\":\"https:\/\/vinilozona.lt\/\",\"name\":\"Vinilo Zona\",\"description\":\"Nup\u016bsk dulkes ir klausyk LP\",\"potentialAction\":[{\"@type\":\"SearchAction\",\"target\":{\"@type\":\"EntryPoint\",\"urlTemplate\":\"https:\/\/vinilozona.lt\/?s={search_term_string}\"},\"query-input\":{\"@type\":\"PropertyValueSpecification\",\"valueRequired\":true,\"valueName\":\"search_term_string\"}}],\"inLanguage\":\"en-GB\"}]}<\/script>\n<!-- \/ Yoast SEO plugin. -->","yoast_head_json":{"title":"Raimonds Pauls \u200e\u2013 Raimonda Paula Aicin\u0101jums Uz Deju Vinilin\u0117 Plok\u0161tel\u0117 | Vinilozona.lt","robots":{"index":"index","follow":"follow","max-snippet":"max-snippet:-1","max-image-preview":"max-image-preview:large","max-video-preview":"max-video-preview:-1"},"canonical":"https:\/\/vinilozona.lt\/en\/parduotuve\/kita\/raimonds-pauls-\u200e-raimonda-paula-aicinajums-uz-deju\/","og_locale":"en_GB","og_type":"article","og_title":"Raimonds Pauls \u200e\u2013 Raimonda Paula Aicin\u0101jums Uz Deju Vinilin\u0117 Plok\u0161tel\u0117 | Vinilozona.lt","og_description":"\u042160 25119 009","og_url":"https:\/\/vinilozona.lt\/en\/parduotuve\/kita\/raimonds-pauls-\u200e-raimonda-paula-aicinajums-uz-deju\/","og_site_name":"Vinilo Zona","article_modified_time":"2026-02-13T10:10:21+00:00","og_image":[{"width":299,"height":300,"url":"https:\/\/vinilozona.lt\/wp-content\/uploads\/2020\/03\/R-4138267-1356585497-3295.jpeg.jpg","type":"image\/jpeg"}],"twitter_card":"summary_large_image","schema":{"@context":"https:\/\/schema.org","@graph":[{"@type":"WebPage","@id":"https:\/\/vinilozona.lt\/parduotuve\/kita\/raimonds-pauls-%e2%80%8e-raimonda-paula-aicinajums-uz-deju\/","url":"https:\/\/vinilozona.lt\/parduotuve\/kita\/raimonds-pauls-%e2%80%8e-raimonda-paula-aicinajums-uz-deju\/","name":"Raimonds Pauls \u200e\u2013 Raimonda Paula Aicin\u0101jums Uz Deju Vinilin\u0117 Plok\u0161tel\u0117 | Vinilozona.lt","isPartOf":{"@id":"https:\/\/vinilozona.lt\/#website"},"primaryImageOfPage":{"@id":"https:\/\/vinilozona.lt\/parduotuve\/kita\/raimonds-pauls-%e2%80%8e-raimonda-paula-aicinajums-uz-deju\/#primaryimage"},"image":{"@id":"https:\/\/vinilozona.lt\/parduotuve\/kita\/raimonds-pauls-%e2%80%8e-raimonda-paula-aicinajums-uz-deju\/#primaryimage"},"thumbnailUrl":"https:\/\/vinilozona.lt\/wp-content\/uploads\/2020\/03\/R-4138267-1356585497-3295.jpeg.jpg","datePublished":"2020-03-10T10:32:06+00:00","dateModified":"2026-02-13T10:10:21+00:00","breadcrumb":{"@id":"https:\/\/vinilozona.lt\/parduotuve\/kita\/raimonds-pauls-%e2%80%8e-raimonda-paula-aicinajums-uz-deju\/#breadcrumb"},"inLanguage":"en-GB","potentialAction":[{"@type":"ReadAction","target":["https:\/\/vinilozona.lt\/parduotuve\/kita\/raimonds-pauls-%e2%80%8e-raimonda-paula-aicinajums-uz-deju\/"]}]},{"@type":"ImageObject","inLanguage":"en-GB","@id":"https:\/\/vinilozona.lt\/parduotuve\/kita\/raimonds-pauls-%e2%80%8e-raimonda-paula-aicinajums-uz-deju\/#primaryimage","url":"https:\/\/vinilozona.lt\/wp-content\/uploads\/2020\/03\/R-4138267-1356585497-3295.jpeg.jpg","contentUrl":"https:\/\/vinilozona.lt\/wp-content\/uploads\/2020\/03\/R-4138267-1356585497-3295.jpeg.jpg","width":299,"height":300},{"@type":"BreadcrumbList","@id":"https:\/\/vinilozona.lt\/parduotuve\/kita\/raimonds-pauls-%e2%80%8e-raimonda-paula-aicinajums-uz-deju\/#breadcrumb","itemListElement":[{"@type":"ListItem","position":1,"name":"Home","item":"https:\/\/vinilozona.lt\/"},{"@type":"ListItem","position":2,"name":"Parduotuv\u0117","item":"https:\/\/vinilozona.lt\/parduotuve\/"},{"@type":"ListItem","position":3,"name":"Raimonds Pauls \u200e\u2013 Raimonda Paula Aicin\u0101jums Uz Deju"}]},{"@type":"WebSite","@id":"https:\/\/vinilozona.lt\/#website","url":"https:\/\/vinilozona.lt\/","name":"Vinilo Zona","description":"Nup\u016bsk dulkes ir klausyk LP","potentialAction":[{"@type":"SearchAction","target":{"@type":"EntryPoint","urlTemplate":"https:\/\/vinilozona.lt\/?s={search_term_string}"},"query-input":{"@type":"PropertyValueSpecification","valueRequired":true,"valueName":"search_term_string"}}],"inLanguage":"en-GB"}]}},"_links":{"self":[{"href":"https:\/\/vinilozona.lt\/en\/wp-json\/wp\/v2\/product\/6590"}],"collection":[{"href":"https:\/\/vinilozona.lt\/en\/wp-json\/wp\/v2\/product"}],"about":[{"href":"https:\/\/vinilozona.lt\/en\/wp-json\/wp\/v2\/types\/product"}],"wp:featuredmedia":[{"embeddable":true,"href":"https:\/\/vinilozona.lt\/en\/wp-json\/wp\/v2\/media\/6591"}],"wp:attachment":[{"href":"https:\/\/vinilozona.lt\/en\/wp-json\/wp\/v2\/media?parent=6590"}],"wp:term":[{"taxonomy":"product_cat","embeddable":true,"href":"https:\/\/vinilozona.lt\/en\/wp-json\/wp\/v2\/product_cat?post=6590"},{"taxonomy":"product_tag","embeddable":true,"href":"https:\/\/vinilozona.lt\/en\/wp-json\/wp\/v2\/product_tag?post=6590"}],"curies":[{"name":"wp","href":"https:\/\/api.w.org\/{rel}","templated":true}]}}