{"id":6588,"date":"2020-03-10T12:30:49","date_gmt":"2020-03-10T10:30:49","guid":{"rendered":"https:\/\/vinilozona.lt\/?post_type=product&#038;p=6588"},"modified":"2023-02-13T10:57:24","modified_gmt":"2023-02-13T08:57:24","slug":"raimonds-pauls-%e2%80%8e-mans-cels","status":"publish","type":"product","link":"https:\/\/vinilozona.lt\/en\/parduotuve\/kita\/raimonds-pauls-%e2%80%8e-mans-cels\/","title":{"rendered":"Raimonds Pauls - My Way"},"content":{"rendered":"<p>\u0423\u0432\u0435\u0441\u0435\u043b\u0438\u0442\u0435\u043b\u044c \u00b7 The Entertainer\t3:19<br \/>\n\u041a\u0430\u043a \u0412\u0435\u043b\u0438\u043a\u0430 \u0422\u0432\u043e\u044f \u041b\u044e\u0431\u043e\u0432\u044c \u00b7 How Deep Is Your Love\t3:25<br \/>\n\u0417\u0434\u0440\u0430\u0432\u0441\u0442\u0432\u0443\u0439! \u00b7 Salut!\t3:30<br \/>\n\u041c\u043e\u0439 \u041f\u0443\u0442\u044c \u00b7 My Way\t3:20<br \/>\n\u0411\u043e\u0441\u0441\u0430 \u041d\u043e\u0432\u0430 \u0421\u0428\u0410 \u00b7 Bossa Nova U.S.A.\t2:53<br \/>\n\u0411\u0443\u0433\u0438 \u00b7 Boogie\t2:44<br \/>\n\u0418 \u0415\u0441\u043b\u0438 \u0411\u044b \u0422\u0435\u0431\u044f \u041d\u0435 \u0411\u044b\u043b\u043e \u00b7 Et Si Tu N&#8217;Existais Pas\t3:08<br \/>\n\u042f \u0421\u043e\u0433\u043b\u0430\u0441\u0435\u043d \u00b7 It&#8217;s All Right With Me\t3:40<br \/>\n\u0427\u0443\u0432\u0441\u0442\u0432\u043e \u00b7 Feeling\t4:15<br \/>\n\u0416\u0438\u0442\u044c, \u0427\u0442\u043e\u0431\u044b \u0412\u044b\u0436\u0438\u0442\u044c \u00b7 Staying Alive\t3:00<\/p>","protected":false},"excerpt":{"rendered":"<p>\u0421 60\u201414211-12<\/p>","protected":false},"featured_media":6589,"template":"","meta":[],"product_cat":[21],"product_tag":[55],"yoast_head":"<!-- This site is optimized with the Yoast SEO plugin v23.5 - https:\/\/yoast.com\/wordpress\/plugins\/seo\/ -->\n<title>Raimonds Pauls \u200e\u2013 Mans Ce\u013c\u0161 Vinilin\u0117 Plok\u0161tel\u0117 | Vinilozona.lt<\/title>\n<meta name=\"robots\" content=\"index, follow, max-snippet:-1, max-image-preview:large, max-video-preview:-1\" \/>\n<link rel=\"canonical\" href=\"https:\/\/vinilozona.lt\/en\/parduotuve\/kita\/raimonds-pauls-\u200e-mans-cels\/\" \/>\n<meta property=\"og:locale\" content=\"en_GB\" \/>\n<meta property=\"og:type\" content=\"article\" \/>\n<meta property=\"og:title\" content=\"Raimonds Pauls \u200e\u2013 Mans Ce\u013c\u0161 Vinilin\u0117 Plok\u0161tel\u0117 | Vinilozona.lt\" \/>\n<meta property=\"og:description\" content=\"\u0421 60\u201414211-12\" \/>\n<meta property=\"og:url\" content=\"https:\/\/vinilozona.lt\/en\/parduotuve\/kita\/raimonds-pauls-\u200e-mans-cels\/\" \/>\n<meta property=\"og:site_name\" content=\"Vinilo Zona\" \/>\n<meta property=\"article:modified_time\" content=\"2023-02-13T08:57:24+00:00\" \/>\n<meta property=\"og:image\" content=\"https:\/\/vinilozona.lt\/wp-content\/uploads\/2020\/03\/R-1930360-1253199328.jpeg.jpg\" \/>\n\t<meta property=\"og:image:width\" content=\"296\" \/>\n\t<meta property=\"og:image:height\" content=\"300\" \/>\n\t<meta property=\"og:image:type\" content=\"image\/jpeg\" \/>\n<meta name=\"twitter:card\" content=\"summary_large_image\" \/>\n<script type=\"application\/ld+json\" class=\"yoast-schema-graph\">{\"@context\":\"https:\/\/schema.org\",\"@graph\":[{\"@type\":\"WebPage\",\"@id\":\"https:\/\/vinilozona.lt\/parduotuve\/kita\/raimonds-pauls-%e2%80%8e-mans-cels\/\",\"url\":\"https:\/\/vinilozona.lt\/parduotuve\/kita\/raimonds-pauls-%e2%80%8e-mans-cels\/\",\"name\":\"Raimonds Pauls \u200e\u2013 Mans Ce\u013c\u0161 Vinilin\u0117 Plok\u0161tel\u0117 | Vinilozona.lt\",\"isPartOf\":{\"@id\":\"https:\/\/vinilozona.lt\/#website\"},\"primaryImageOfPage\":{\"@id\":\"https:\/\/vinilozona.lt\/parduotuve\/kita\/raimonds-pauls-%e2%80%8e-mans-cels\/#primaryimage\"},\"image\":{\"@id\":\"https:\/\/vinilozona.lt\/parduotuve\/kita\/raimonds-pauls-%e2%80%8e-mans-cels\/#primaryimage\"},\"thumbnailUrl\":\"https:\/\/vinilozona.lt\/wp-content\/uploads\/2020\/03\/R-1930360-1253199328.jpeg.jpg\",\"datePublished\":\"2020-03-10T10:30:49+00:00\",\"dateModified\":\"2023-02-13T08:57:24+00:00\",\"breadcrumb\":{\"@id\":\"https:\/\/vinilozona.lt\/parduotuve\/kita\/raimonds-pauls-%e2%80%8e-mans-cels\/#breadcrumb\"},\"inLanguage\":\"en-GB\",\"potentialAction\":[{\"@type\":\"ReadAction\",\"target\":[\"https:\/\/vinilozona.lt\/parduotuve\/kita\/raimonds-pauls-%e2%80%8e-mans-cels\/\"]}]},{\"@type\":\"ImageObject\",\"inLanguage\":\"en-GB\",\"@id\":\"https:\/\/vinilozona.lt\/parduotuve\/kita\/raimonds-pauls-%e2%80%8e-mans-cels\/#primaryimage\",\"url\":\"https:\/\/vinilozona.lt\/wp-content\/uploads\/2020\/03\/R-1930360-1253199328.jpeg.jpg\",\"contentUrl\":\"https:\/\/vinilozona.lt\/wp-content\/uploads\/2020\/03\/R-1930360-1253199328.jpeg.jpg\",\"width\":296,\"height\":300},{\"@type\":\"BreadcrumbList\",\"@id\":\"https:\/\/vinilozona.lt\/parduotuve\/kita\/raimonds-pauls-%e2%80%8e-mans-cels\/#breadcrumb\",\"itemListElement\":[{\"@type\":\"ListItem\",\"position\":1,\"name\":\"Home\",\"item\":\"https:\/\/vinilozona.lt\/\"},{\"@type\":\"ListItem\",\"position\":2,\"name\":\"Parduotuv\u0117\",\"item\":\"https:\/\/vinilozona.lt\/parduotuve\/\"},{\"@type\":\"ListItem\",\"position\":3,\"name\":\"Raimonds Pauls \u200e\u2013 Mans Ce\u013c\u0161\"}]},{\"@type\":\"WebSite\",\"@id\":\"https:\/\/vinilozona.lt\/#website\",\"url\":\"https:\/\/vinilozona.lt\/\",\"name\":\"Vinilo Zona\",\"description\":\"Nup\u016bsk dulkes ir klausyk LP\",\"potentialAction\":[{\"@type\":\"SearchAction\",\"target\":{\"@type\":\"EntryPoint\",\"urlTemplate\":\"https:\/\/vinilozona.lt\/?s={search_term_string}\"},\"query-input\":{\"@type\":\"PropertyValueSpecification\",\"valueRequired\":true,\"valueName\":\"search_term_string\"}}],\"inLanguage\":\"en-GB\"}]}<\/script>\n<!-- \/ Yoast SEO plugin. -->","yoast_head_json":{"title":"Raimonds Pauls \u200e\u2013 Mans Ce\u013c\u0161 Vinilin\u0117 Plok\u0161tel\u0117 | Vinilozona.lt","robots":{"index":"index","follow":"follow","max-snippet":"max-snippet:-1","max-image-preview":"max-image-preview:large","max-video-preview":"max-video-preview:-1"},"canonical":"https:\/\/vinilozona.lt\/en\/parduotuve\/kita\/raimonds-pauls-\u200e-mans-cels\/","og_locale":"en_GB","og_type":"article","og_title":"Raimonds Pauls \u200e\u2013 Mans Ce\u013c\u0161 Vinilin\u0117 Plok\u0161tel\u0117 | Vinilozona.lt","og_description":"\u0421 60\u201414211-12","og_url":"https:\/\/vinilozona.lt\/en\/parduotuve\/kita\/raimonds-pauls-\u200e-mans-cels\/","og_site_name":"Vinilo Zona","article_modified_time":"2023-02-13T08:57:24+00:00","og_image":[{"width":296,"height":300,"url":"https:\/\/vinilozona.lt\/wp-content\/uploads\/2020\/03\/R-1930360-1253199328.jpeg.jpg","type":"image\/jpeg"}],"twitter_card":"summary_large_image","schema":{"@context":"https:\/\/schema.org","@graph":[{"@type":"WebPage","@id":"https:\/\/vinilozona.lt\/parduotuve\/kita\/raimonds-pauls-%e2%80%8e-mans-cels\/","url":"https:\/\/vinilozona.lt\/parduotuve\/kita\/raimonds-pauls-%e2%80%8e-mans-cels\/","name":"Raimonds Pauls \u200e\u2013 Mans Ce\u013c\u0161 Vinilin\u0117 Plok\u0161tel\u0117 | Vinilozona.lt","isPartOf":{"@id":"https:\/\/vinilozona.lt\/#website"},"primaryImageOfPage":{"@id":"https:\/\/vinilozona.lt\/parduotuve\/kita\/raimonds-pauls-%e2%80%8e-mans-cels\/#primaryimage"},"image":{"@id":"https:\/\/vinilozona.lt\/parduotuve\/kita\/raimonds-pauls-%e2%80%8e-mans-cels\/#primaryimage"},"thumbnailUrl":"https:\/\/vinilozona.lt\/wp-content\/uploads\/2020\/03\/R-1930360-1253199328.jpeg.jpg","datePublished":"2020-03-10T10:30:49+00:00","dateModified":"2023-02-13T08:57:24+00:00","breadcrumb":{"@id":"https:\/\/vinilozona.lt\/parduotuve\/kita\/raimonds-pauls-%e2%80%8e-mans-cels\/#breadcrumb"},"inLanguage":"en-GB","potentialAction":[{"@type":"ReadAction","target":["https:\/\/vinilozona.lt\/parduotuve\/kita\/raimonds-pauls-%e2%80%8e-mans-cels\/"]}]},{"@type":"ImageObject","inLanguage":"en-GB","@id":"https:\/\/vinilozona.lt\/parduotuve\/kita\/raimonds-pauls-%e2%80%8e-mans-cels\/#primaryimage","url":"https:\/\/vinilozona.lt\/wp-content\/uploads\/2020\/03\/R-1930360-1253199328.jpeg.jpg","contentUrl":"https:\/\/vinilozona.lt\/wp-content\/uploads\/2020\/03\/R-1930360-1253199328.jpeg.jpg","width":296,"height":300},{"@type":"BreadcrumbList","@id":"https:\/\/vinilozona.lt\/parduotuve\/kita\/raimonds-pauls-%e2%80%8e-mans-cels\/#breadcrumb","itemListElement":[{"@type":"ListItem","position":1,"name":"Home","item":"https:\/\/vinilozona.lt\/"},{"@type":"ListItem","position":2,"name":"Parduotuv\u0117","item":"https:\/\/vinilozona.lt\/parduotuve\/"},{"@type":"ListItem","position":3,"name":"Raimonds Pauls \u200e\u2013 Mans Ce\u013c\u0161"}]},{"@type":"WebSite","@id":"https:\/\/vinilozona.lt\/#website","url":"https:\/\/vinilozona.lt\/","name":"Vinilo Zona","description":"Nup\u016bsk dulkes ir klausyk LP","potentialAction":[{"@type":"SearchAction","target":{"@type":"EntryPoint","urlTemplate":"https:\/\/vinilozona.lt\/?s={search_term_string}"},"query-input":{"@type":"PropertyValueSpecification","valueRequired":true,"valueName":"search_term_string"}}],"inLanguage":"en-GB"}]}},"_links":{"self":[{"href":"https:\/\/vinilozona.lt\/en\/wp-json\/wp\/v2\/product\/6588"}],"collection":[{"href":"https:\/\/vinilozona.lt\/en\/wp-json\/wp\/v2\/product"}],"about":[{"href":"https:\/\/vinilozona.lt\/en\/wp-json\/wp\/v2\/types\/product"}],"wp:featuredmedia":[{"embeddable":true,"href":"https:\/\/vinilozona.lt\/en\/wp-json\/wp\/v2\/media\/6589"}],"wp:attachment":[{"href":"https:\/\/vinilozona.lt\/en\/wp-json\/wp\/v2\/media?parent=6588"}],"wp:term":[{"taxonomy":"product_cat","embeddable":true,"href":"https:\/\/vinilozona.lt\/en\/wp-json\/wp\/v2\/product_cat?post=6588"},{"taxonomy":"product_tag","embeddable":true,"href":"https:\/\/vinilozona.lt\/en\/wp-json\/wp\/v2\/product_tag?post=6588"}],"curies":[{"name":"wp","href":"https:\/\/api.w.org\/{rel}","templated":true}]}}