{"id":6586,"date":"2020-03-10T12:27:24","date_gmt":"2020-03-10T10:27:24","guid":{"rendered":"https:\/\/vinilozona.lt\/?post_type=product&#038;p=6586"},"modified":"2022-02-28T23:25:38","modified_gmt":"2022-02-28T21:25:38","slug":"raimonds-pauls-%e2%80%8e-klusa-nakts","status":"publish","type":"product","link":"https:\/\/vinilozona.lt\/en\/parduotuve\/kita\/raimonds-pauls-%e2%80%8e-klusa-nakts\/","title":{"rendered":"Raimonds Pauls - Silent Night"},"content":{"rendered":"<p>Klusa Nakts, Sv\u0113ta Nakts\t3:25<br \/>\nTu Maz\u0101, Klus\u0101 Betleme\t2:40<br \/>\nCik Ko\u0161i Sv\u0113tku Egle Laist\u0101s\t3:10<br \/>\nJ\u016bs, B\u0113rni\u0146i, N\u0101ciet\t3:00<br \/>\nZvani\u0146\u0161 Skan\t3:05<br \/>\nAk, Tu Priec\u012bg\u0101\t3:05<br \/>\nAk, Egl\u012bte\t3:05<br \/>\nPriec\u012bgi Ziemassv\u0113tki Kl\u0101t\t2:45<br \/>\nEs Skaistu Roz\u012bt&#8217; Zinu\t3:00<br \/>\nEj, St\u0101sti Kalnos, Lej\u0101s\t3:15<br \/>\nKas Ir \u0160is B\u0113rns?\t2:43<br \/>\nNo Debes\u012bm Es Atnesu\t2:47<\/p>","protected":false},"excerpt":{"rendered":"<p>\u042160 31933 007<\/p>","protected":false},"featured_media":6587,"template":"","meta":[],"product_cat":[21],"product_tag":[55],"yoast_head":"<!-- This site is optimized with the Yoast SEO plugin v23.5 - https:\/\/yoast.com\/wordpress\/plugins\/seo\/ -->\n<title>Raimonds Pauls \u200e\u2013 Klusa Nakts Vinilin\u0117 Plok\u0161tel\u0117 | Vinilozona.lt<\/title>\n<meta name=\"robots\" content=\"index, follow, max-snippet:-1, max-image-preview:large, max-video-preview:-1\" \/>\n<link rel=\"canonical\" href=\"https:\/\/vinilozona.lt\/en\/parduotuve\/kita\/raimonds-pauls-\u200e-klusa-nakts\/\" \/>\n<meta property=\"og:locale\" content=\"en_GB\" \/>\n<meta property=\"og:type\" content=\"article\" \/>\n<meta property=\"og:title\" content=\"Raimonds Pauls \u200e\u2013 Klusa Nakts Vinilin\u0117 Plok\u0161tel\u0117 | Vinilozona.lt\" \/>\n<meta property=\"og:description\" content=\"\u042160 31933 007\" \/>\n<meta property=\"og:url\" content=\"https:\/\/vinilozona.lt\/en\/parduotuve\/kita\/raimonds-pauls-\u200e-klusa-nakts\/\" \/>\n<meta property=\"og:site_name\" content=\"Vinilo Zona\" \/>\n<meta property=\"article:modified_time\" content=\"2022-02-28T21:25:38+00:00\" \/>\n<meta property=\"og:image\" content=\"https:\/\/vinilozona.lt\/wp-content\/uploads\/2020\/03\/R-5247454-1388741520-5665.jpeg.jpg\" \/>\n\t<meta property=\"og:image:width\" content=\"291\" \/>\n\t<meta property=\"og:image:height\" content=\"300\" \/>\n\t<meta property=\"og:image:type\" content=\"image\/jpeg\" \/>\n<meta name=\"twitter:card\" content=\"summary_large_image\" \/>\n<script type=\"application\/ld+json\" class=\"yoast-schema-graph\">{\"@context\":\"https:\/\/schema.org\",\"@graph\":[{\"@type\":\"WebPage\",\"@id\":\"https:\/\/vinilozona.lt\/parduotuve\/kita\/raimonds-pauls-%e2%80%8e-klusa-nakts\/\",\"url\":\"https:\/\/vinilozona.lt\/parduotuve\/kita\/raimonds-pauls-%e2%80%8e-klusa-nakts\/\",\"name\":\"Raimonds Pauls \u200e\u2013 Klusa Nakts Vinilin\u0117 Plok\u0161tel\u0117 | Vinilozona.lt\",\"isPartOf\":{\"@id\":\"https:\/\/vinilozona.lt\/#website\"},\"primaryImageOfPage\":{\"@id\":\"https:\/\/vinilozona.lt\/parduotuve\/kita\/raimonds-pauls-%e2%80%8e-klusa-nakts\/#primaryimage\"},\"image\":{\"@id\":\"https:\/\/vinilozona.lt\/parduotuve\/kita\/raimonds-pauls-%e2%80%8e-klusa-nakts\/#primaryimage\"},\"thumbnailUrl\":\"https:\/\/vinilozona.lt\/wp-content\/uploads\/2020\/03\/R-5247454-1388741520-5665.jpeg.jpg\",\"datePublished\":\"2020-03-10T10:27:24+00:00\",\"dateModified\":\"2022-02-28T21:25:38+00:00\",\"breadcrumb\":{\"@id\":\"https:\/\/vinilozona.lt\/parduotuve\/kita\/raimonds-pauls-%e2%80%8e-klusa-nakts\/#breadcrumb\"},\"inLanguage\":\"en-GB\",\"potentialAction\":[{\"@type\":\"ReadAction\",\"target\":[\"https:\/\/vinilozona.lt\/parduotuve\/kita\/raimonds-pauls-%e2%80%8e-klusa-nakts\/\"]}]},{\"@type\":\"ImageObject\",\"inLanguage\":\"en-GB\",\"@id\":\"https:\/\/vinilozona.lt\/parduotuve\/kita\/raimonds-pauls-%e2%80%8e-klusa-nakts\/#primaryimage\",\"url\":\"https:\/\/vinilozona.lt\/wp-content\/uploads\/2020\/03\/R-5247454-1388741520-5665.jpeg.jpg\",\"contentUrl\":\"https:\/\/vinilozona.lt\/wp-content\/uploads\/2020\/03\/R-5247454-1388741520-5665.jpeg.jpg\",\"width\":291,\"height\":300},{\"@type\":\"BreadcrumbList\",\"@id\":\"https:\/\/vinilozona.lt\/parduotuve\/kita\/raimonds-pauls-%e2%80%8e-klusa-nakts\/#breadcrumb\",\"itemListElement\":[{\"@type\":\"ListItem\",\"position\":1,\"name\":\"Home\",\"item\":\"https:\/\/vinilozona.lt\/\"},{\"@type\":\"ListItem\",\"position\":2,\"name\":\"Parduotuv\u0117\",\"item\":\"https:\/\/vinilozona.lt\/parduotuve\/\"},{\"@type\":\"ListItem\",\"position\":3,\"name\":\"Raimonds Pauls \u200e\u2013 Klusa Nakts\"}]},{\"@type\":\"WebSite\",\"@id\":\"https:\/\/vinilozona.lt\/#website\",\"url\":\"https:\/\/vinilozona.lt\/\",\"name\":\"Vinilo Zona\",\"description\":\"Nup\u016bsk dulkes ir klausyk LP\",\"potentialAction\":[{\"@type\":\"SearchAction\",\"target\":{\"@type\":\"EntryPoint\",\"urlTemplate\":\"https:\/\/vinilozona.lt\/?s={search_term_string}\"},\"query-input\":{\"@type\":\"PropertyValueSpecification\",\"valueRequired\":true,\"valueName\":\"search_term_string\"}}],\"inLanguage\":\"en-GB\"}]}<\/script>\n<!-- \/ Yoast SEO plugin. -->","yoast_head_json":{"title":"Raimonds Pauls \u200e\u2013 Klusa Nakts Vinilin\u0117 Plok\u0161tel\u0117 | Vinilozona.lt","robots":{"index":"index","follow":"follow","max-snippet":"max-snippet:-1","max-image-preview":"max-image-preview:large","max-video-preview":"max-video-preview:-1"},"canonical":"https:\/\/vinilozona.lt\/en\/parduotuve\/kita\/raimonds-pauls-\u200e-klusa-nakts\/","og_locale":"en_GB","og_type":"article","og_title":"Raimonds Pauls \u200e\u2013 Klusa Nakts Vinilin\u0117 Plok\u0161tel\u0117 | Vinilozona.lt","og_description":"\u042160 31933 007","og_url":"https:\/\/vinilozona.lt\/en\/parduotuve\/kita\/raimonds-pauls-\u200e-klusa-nakts\/","og_site_name":"Vinilo Zona","article_modified_time":"2022-02-28T21:25:38+00:00","og_image":[{"width":291,"height":300,"url":"https:\/\/vinilozona.lt\/wp-content\/uploads\/2020\/03\/R-5247454-1388741520-5665.jpeg.jpg","type":"image\/jpeg"}],"twitter_card":"summary_large_image","schema":{"@context":"https:\/\/schema.org","@graph":[{"@type":"WebPage","@id":"https:\/\/vinilozona.lt\/parduotuve\/kita\/raimonds-pauls-%e2%80%8e-klusa-nakts\/","url":"https:\/\/vinilozona.lt\/parduotuve\/kita\/raimonds-pauls-%e2%80%8e-klusa-nakts\/","name":"Raimonds Pauls \u200e\u2013 Klusa Nakts Vinilin\u0117 Plok\u0161tel\u0117 | Vinilozona.lt","isPartOf":{"@id":"https:\/\/vinilozona.lt\/#website"},"primaryImageOfPage":{"@id":"https:\/\/vinilozona.lt\/parduotuve\/kita\/raimonds-pauls-%e2%80%8e-klusa-nakts\/#primaryimage"},"image":{"@id":"https:\/\/vinilozona.lt\/parduotuve\/kita\/raimonds-pauls-%e2%80%8e-klusa-nakts\/#primaryimage"},"thumbnailUrl":"https:\/\/vinilozona.lt\/wp-content\/uploads\/2020\/03\/R-5247454-1388741520-5665.jpeg.jpg","datePublished":"2020-03-10T10:27:24+00:00","dateModified":"2022-02-28T21:25:38+00:00","breadcrumb":{"@id":"https:\/\/vinilozona.lt\/parduotuve\/kita\/raimonds-pauls-%e2%80%8e-klusa-nakts\/#breadcrumb"},"inLanguage":"en-GB","potentialAction":[{"@type":"ReadAction","target":["https:\/\/vinilozona.lt\/parduotuve\/kita\/raimonds-pauls-%e2%80%8e-klusa-nakts\/"]}]},{"@type":"ImageObject","inLanguage":"en-GB","@id":"https:\/\/vinilozona.lt\/parduotuve\/kita\/raimonds-pauls-%e2%80%8e-klusa-nakts\/#primaryimage","url":"https:\/\/vinilozona.lt\/wp-content\/uploads\/2020\/03\/R-5247454-1388741520-5665.jpeg.jpg","contentUrl":"https:\/\/vinilozona.lt\/wp-content\/uploads\/2020\/03\/R-5247454-1388741520-5665.jpeg.jpg","width":291,"height":300},{"@type":"BreadcrumbList","@id":"https:\/\/vinilozona.lt\/parduotuve\/kita\/raimonds-pauls-%e2%80%8e-klusa-nakts\/#breadcrumb","itemListElement":[{"@type":"ListItem","position":1,"name":"Home","item":"https:\/\/vinilozona.lt\/"},{"@type":"ListItem","position":2,"name":"Parduotuv\u0117","item":"https:\/\/vinilozona.lt\/parduotuve\/"},{"@type":"ListItem","position":3,"name":"Raimonds Pauls \u200e\u2013 Klusa Nakts"}]},{"@type":"WebSite","@id":"https:\/\/vinilozona.lt\/#website","url":"https:\/\/vinilozona.lt\/","name":"Vinilo Zona","description":"Nup\u016bsk dulkes ir klausyk LP","potentialAction":[{"@type":"SearchAction","target":{"@type":"EntryPoint","urlTemplate":"https:\/\/vinilozona.lt\/?s={search_term_string}"},"query-input":{"@type":"PropertyValueSpecification","valueRequired":true,"valueName":"search_term_string"}}],"inLanguage":"en-GB"}]}},"_links":{"self":[{"href":"https:\/\/vinilozona.lt\/en\/wp-json\/wp\/v2\/product\/6586"}],"collection":[{"href":"https:\/\/vinilozona.lt\/en\/wp-json\/wp\/v2\/product"}],"about":[{"href":"https:\/\/vinilozona.lt\/en\/wp-json\/wp\/v2\/types\/product"}],"wp:featuredmedia":[{"embeddable":true,"href":"https:\/\/vinilozona.lt\/en\/wp-json\/wp\/v2\/media\/6587"}],"wp:attachment":[{"href":"https:\/\/vinilozona.lt\/en\/wp-json\/wp\/v2\/media?parent=6586"}],"wp:term":[{"taxonomy":"product_cat","embeddable":true,"href":"https:\/\/vinilozona.lt\/en\/wp-json\/wp\/v2\/product_cat?post=6586"},{"taxonomy":"product_tag","embeddable":true,"href":"https:\/\/vinilozona.lt\/en\/wp-json\/wp\/v2\/product_tag?post=6586"}],"curies":[{"name":"wp","href":"https:\/\/api.w.org\/{rel}","templated":true}]}}