{"id":6331,"date":"2020-03-03T11:23:38","date_gmt":"2020-03-03T09:23:38","guid":{"rendered":"https:\/\/vinilozona.lt\/?post_type=product&#038;p=6331"},"modified":"2023-05-02T13:53:14","modified_gmt":"2023-05-02T10:53:14","slug":"mikas-vaitkevicius-%e2%80%8e-m-vaitkevicius-estradines-dainos","status":"publish","type":"product","link":"https:\/\/vinilozona.lt\/en\/parduotuve\/lietuviska\/mikas-vaitkevicius-%e2%80%8e-m-vaitkevicius-estradines-dainos\/","title":{"rendered":"Mikas Vaitkevi\u010dius \u200e\u2013 M. Vaitkevi\u010dius Estradin\u0117s Dainos"},"content":{"rendered":"<p>A1\t\tGerv\u0117s Skrenda 3:23<br \/>\nA2\t\tMotinos \u0160irdis 4:45<br \/>\nA3\t\tSodo Obel\u0117l\u0117 2:49<br \/>\nA4\t\tVasaros Nakt\u012f 4:35<br \/>\nA5\t\tPagauk Mane 4:14<br \/>\nB1\t\tDainuokit, Vyturiai 2:52<br \/>\nB2\t\tA\u0161 Saugosiu Meil\u0119 3:27<br \/>\nB3\t\tKai J\u016bra O\u0161 3:11<br \/>\nB4\t\tBob\u0173 Vasara 3:07<br \/>\nB5\t\tKai Vasar\u0105 V\u0117jai Lyd\u0117s 3:45<br \/>\nB6\t\tM\u0117nulio Sl\u0117nys 2:42<\/p>","protected":false},"excerpt":{"rendered":"<p>\u042160-15013-4<\/p>","protected":false},"featured_media":6334,"template":"","meta":[],"product_cat":[19],"product_tag":[55],"yoast_head":"<!-- This site is optimized with the Yoast SEO plugin v23.5 - https:\/\/yoast.com\/wordpress\/plugins\/seo\/ -->\n<title>Mikas Vaitkevi\u010dius \u200e\u2013 M. Vaitkevi\u010dius Estradin\u0117s Dainos Vinilin\u0117 Plok\u0161tel\u0117 | Vinilozona.lt<\/title>\n<meta name=\"robots\" content=\"index, follow, max-snippet:-1, max-image-preview:large, max-video-preview:-1\" \/>\n<link rel=\"canonical\" href=\"https:\/\/vinilozona.lt\/en\/parduotuve\/lietuviska\/mikas-vaitkevicius-\u200e-m-vaitkevicius-estradines-dainos\/\" \/>\n<meta property=\"og:locale\" content=\"en_GB\" \/>\n<meta property=\"og:type\" content=\"article\" \/>\n<meta property=\"og:title\" content=\"Mikas Vaitkevi\u010dius \u200e\u2013 M. Vaitkevi\u010dius Estradin\u0117s Dainos Vinilin\u0117 Plok\u0161tel\u0117 | Vinilozona.lt\" \/>\n<meta property=\"og:description\" content=\"\u042160-15013-4\" \/>\n<meta property=\"og:url\" content=\"https:\/\/vinilozona.lt\/en\/parduotuve\/lietuviska\/mikas-vaitkevicius-\u200e-m-vaitkevicius-estradines-dainos\/\" \/>\n<meta property=\"og:site_name\" content=\"Vinilo Zona\" \/>\n<meta property=\"article:modified_time\" content=\"2023-05-02T10:53:14+00:00\" \/>\n<meta property=\"og:image\" content=\"https:\/\/vinilozona.lt\/wp-content\/uploads\/2020\/03\/R-9465747-1481053219-7258.jpeg.jpg\" \/>\n\t<meta property=\"og:image:width\" content=\"300\" \/>\n\t<meta property=\"og:image:height\" content=\"300\" \/>\n\t<meta property=\"og:image:type\" content=\"image\/jpeg\" \/>\n<meta name=\"twitter:card\" content=\"summary_large_image\" \/>\n<script type=\"application\/ld+json\" class=\"yoast-schema-graph\">{\"@context\":\"https:\/\/schema.org\",\"@graph\":[{\"@type\":\"WebPage\",\"@id\":\"https:\/\/vinilozona.lt\/parduotuve\/lietuviska\/mikas-vaitkevicius-%e2%80%8e-m-vaitkevicius-estradines-dainos\/\",\"url\":\"https:\/\/vinilozona.lt\/parduotuve\/lietuviska\/mikas-vaitkevicius-%e2%80%8e-m-vaitkevicius-estradines-dainos\/\",\"name\":\"Mikas Vaitkevi\u010dius \u200e\u2013 M. Vaitkevi\u010dius Estradin\u0117s Dainos Vinilin\u0117 Plok\u0161tel\u0117 | Vinilozona.lt\",\"isPartOf\":{\"@id\":\"https:\/\/vinilozona.lt\/#website\"},\"primaryImageOfPage\":{\"@id\":\"https:\/\/vinilozona.lt\/parduotuve\/lietuviska\/mikas-vaitkevicius-%e2%80%8e-m-vaitkevicius-estradines-dainos\/#primaryimage\"},\"image\":{\"@id\":\"https:\/\/vinilozona.lt\/parduotuve\/lietuviska\/mikas-vaitkevicius-%e2%80%8e-m-vaitkevicius-estradines-dainos\/#primaryimage\"},\"thumbnailUrl\":\"https:\/\/vinilozona.lt\/wp-content\/uploads\/2020\/03\/R-9465747-1481053219-7258.jpeg.jpg\",\"datePublished\":\"2020-03-03T09:23:38+00:00\",\"dateModified\":\"2023-05-02T10:53:14+00:00\",\"breadcrumb\":{\"@id\":\"https:\/\/vinilozona.lt\/parduotuve\/lietuviska\/mikas-vaitkevicius-%e2%80%8e-m-vaitkevicius-estradines-dainos\/#breadcrumb\"},\"inLanguage\":\"en-GB\",\"potentialAction\":[{\"@type\":\"ReadAction\",\"target\":[\"https:\/\/vinilozona.lt\/parduotuve\/lietuviska\/mikas-vaitkevicius-%e2%80%8e-m-vaitkevicius-estradines-dainos\/\"]}]},{\"@type\":\"ImageObject\",\"inLanguage\":\"en-GB\",\"@id\":\"https:\/\/vinilozona.lt\/parduotuve\/lietuviska\/mikas-vaitkevicius-%e2%80%8e-m-vaitkevicius-estradines-dainos\/#primaryimage\",\"url\":\"https:\/\/vinilozona.lt\/wp-content\/uploads\/2020\/03\/R-9465747-1481053219-7258.jpeg.jpg\",\"contentUrl\":\"https:\/\/vinilozona.lt\/wp-content\/uploads\/2020\/03\/R-9465747-1481053219-7258.jpeg.jpg\",\"width\":300,\"height\":300},{\"@type\":\"BreadcrumbList\",\"@id\":\"https:\/\/vinilozona.lt\/parduotuve\/lietuviska\/mikas-vaitkevicius-%e2%80%8e-m-vaitkevicius-estradines-dainos\/#breadcrumb\",\"itemListElement\":[{\"@type\":\"ListItem\",\"position\":1,\"name\":\"Home\",\"item\":\"https:\/\/vinilozona.lt\/\"},{\"@type\":\"ListItem\",\"position\":2,\"name\":\"Parduotuv\u0117\",\"item\":\"https:\/\/vinilozona.lt\/parduotuve\/\"},{\"@type\":\"ListItem\",\"position\":3,\"name\":\"Mikas Vaitkevi\u010dius \u200e\u2013 M. Vaitkevi\u010dius Estradin\u0117s Dainos\"}]},{\"@type\":\"WebSite\",\"@id\":\"https:\/\/vinilozona.lt\/#website\",\"url\":\"https:\/\/vinilozona.lt\/\",\"name\":\"Vinilo Zona\",\"description\":\"Nup\u016bsk dulkes ir klausyk LP\",\"potentialAction\":[{\"@type\":\"SearchAction\",\"target\":{\"@type\":\"EntryPoint\",\"urlTemplate\":\"https:\/\/vinilozona.lt\/?s={search_term_string}\"},\"query-input\":{\"@type\":\"PropertyValueSpecification\",\"valueRequired\":true,\"valueName\":\"search_term_string\"}}],\"inLanguage\":\"en-GB\"}]}<\/script>\n<!-- \/ Yoast SEO plugin. -->","yoast_head_json":{"title":"Mikas Vaitkevi\u010dius \u200e\u2013 M. Vaitkevi\u010dius Estradin\u0117s Dainos Vinilin\u0117 Plok\u0161tel\u0117 | Vinilozona.lt","robots":{"index":"index","follow":"follow","max-snippet":"max-snippet:-1","max-image-preview":"max-image-preview:large","max-video-preview":"max-video-preview:-1"},"canonical":"https:\/\/vinilozona.lt\/en\/parduotuve\/lietuviska\/mikas-vaitkevicius-\u200e-m-vaitkevicius-estradines-dainos\/","og_locale":"en_GB","og_type":"article","og_title":"Mikas Vaitkevi\u010dius \u200e\u2013 M. Vaitkevi\u010dius Estradin\u0117s Dainos Vinilin\u0117 Plok\u0161tel\u0117 | Vinilozona.lt","og_description":"\u042160-15013-4","og_url":"https:\/\/vinilozona.lt\/en\/parduotuve\/lietuviska\/mikas-vaitkevicius-\u200e-m-vaitkevicius-estradines-dainos\/","og_site_name":"Vinilo Zona","article_modified_time":"2023-05-02T10:53:14+00:00","og_image":[{"width":300,"height":300,"url":"https:\/\/vinilozona.lt\/wp-content\/uploads\/2020\/03\/R-9465747-1481053219-7258.jpeg.jpg","type":"image\/jpeg"}],"twitter_card":"summary_large_image","schema":{"@context":"https:\/\/schema.org","@graph":[{"@type":"WebPage","@id":"https:\/\/vinilozona.lt\/parduotuve\/lietuviska\/mikas-vaitkevicius-%e2%80%8e-m-vaitkevicius-estradines-dainos\/","url":"https:\/\/vinilozona.lt\/parduotuve\/lietuviska\/mikas-vaitkevicius-%e2%80%8e-m-vaitkevicius-estradines-dainos\/","name":"Mikas Vaitkevi\u010dius \u200e\u2013 M. Vaitkevi\u010dius Estradin\u0117s Dainos Vinilin\u0117 Plok\u0161tel\u0117 | Vinilozona.lt","isPartOf":{"@id":"https:\/\/vinilozona.lt\/#website"},"primaryImageOfPage":{"@id":"https:\/\/vinilozona.lt\/parduotuve\/lietuviska\/mikas-vaitkevicius-%e2%80%8e-m-vaitkevicius-estradines-dainos\/#primaryimage"},"image":{"@id":"https:\/\/vinilozona.lt\/parduotuve\/lietuviska\/mikas-vaitkevicius-%e2%80%8e-m-vaitkevicius-estradines-dainos\/#primaryimage"},"thumbnailUrl":"https:\/\/vinilozona.lt\/wp-content\/uploads\/2020\/03\/R-9465747-1481053219-7258.jpeg.jpg","datePublished":"2020-03-03T09:23:38+00:00","dateModified":"2023-05-02T10:53:14+00:00","breadcrumb":{"@id":"https:\/\/vinilozona.lt\/parduotuve\/lietuviska\/mikas-vaitkevicius-%e2%80%8e-m-vaitkevicius-estradines-dainos\/#breadcrumb"},"inLanguage":"en-GB","potentialAction":[{"@type":"ReadAction","target":["https:\/\/vinilozona.lt\/parduotuve\/lietuviska\/mikas-vaitkevicius-%e2%80%8e-m-vaitkevicius-estradines-dainos\/"]}]},{"@type":"ImageObject","inLanguage":"en-GB","@id":"https:\/\/vinilozona.lt\/parduotuve\/lietuviska\/mikas-vaitkevicius-%e2%80%8e-m-vaitkevicius-estradines-dainos\/#primaryimage","url":"https:\/\/vinilozona.lt\/wp-content\/uploads\/2020\/03\/R-9465747-1481053219-7258.jpeg.jpg","contentUrl":"https:\/\/vinilozona.lt\/wp-content\/uploads\/2020\/03\/R-9465747-1481053219-7258.jpeg.jpg","width":300,"height":300},{"@type":"BreadcrumbList","@id":"https:\/\/vinilozona.lt\/parduotuve\/lietuviska\/mikas-vaitkevicius-%e2%80%8e-m-vaitkevicius-estradines-dainos\/#breadcrumb","itemListElement":[{"@type":"ListItem","position":1,"name":"Home","item":"https:\/\/vinilozona.lt\/"},{"@type":"ListItem","position":2,"name":"Parduotuv\u0117","item":"https:\/\/vinilozona.lt\/parduotuve\/"},{"@type":"ListItem","position":3,"name":"Mikas Vaitkevi\u010dius \u200e\u2013 M. Vaitkevi\u010dius Estradin\u0117s Dainos"}]},{"@type":"WebSite","@id":"https:\/\/vinilozona.lt\/#website","url":"https:\/\/vinilozona.lt\/","name":"Vinilo Zona","description":"Nup\u016bsk dulkes ir klausyk LP","potentialAction":[{"@type":"SearchAction","target":{"@type":"EntryPoint","urlTemplate":"https:\/\/vinilozona.lt\/?s={search_term_string}"},"query-input":{"@type":"PropertyValueSpecification","valueRequired":true,"valueName":"search_term_string"}}],"inLanguage":"en-GB"}]}},"_links":{"self":[{"href":"https:\/\/vinilozona.lt\/en\/wp-json\/wp\/v2\/product\/6331"}],"collection":[{"href":"https:\/\/vinilozona.lt\/en\/wp-json\/wp\/v2\/product"}],"about":[{"href":"https:\/\/vinilozona.lt\/en\/wp-json\/wp\/v2\/types\/product"}],"wp:featuredmedia":[{"embeddable":true,"href":"https:\/\/vinilozona.lt\/en\/wp-json\/wp\/v2\/media\/6334"}],"wp:attachment":[{"href":"https:\/\/vinilozona.lt\/en\/wp-json\/wp\/v2\/media?parent=6331"}],"wp:term":[{"taxonomy":"product_cat","embeddable":true,"href":"https:\/\/vinilozona.lt\/en\/wp-json\/wp\/v2\/product_cat?post=6331"},{"taxonomy":"product_tag","embeddable":true,"href":"https:\/\/vinilozona.lt\/en\/wp-json\/wp\/v2\/product_tag?post=6331"}],"curies":[{"name":"wp","href":"https:\/\/api.w.org\/{rel}","templated":true}]}}