{"id":6327,"date":"2020-03-03T11:19:32","date_gmt":"2020-03-03T09:19:32","guid":{"rendered":"https:\/\/vinilozona.lt\/?post_type=product&#038;p=6327"},"modified":"2025-05-23T20:44:51","modified_gmt":"2025-05-23T17:44:51","slug":"mikas-vaitkevicius-%e2%80%8e-miko-vaitkeviciaus-estradines-dainos","status":"publish","type":"product","link":"https:\/\/vinilozona.lt\/en\/parduotuve\/lietuviska\/mikas-vaitkevicius-%e2%80%8e-miko-vaitkeviciaus-estradines-dainos\/","title":{"rendered":"Mikas Vaitkevi\u010dius \u200e\u2013 Miko Vaitkevi\u010diaus Estradin\u0117s Dainos"},"content":{"rendered":"<p>A1\tT. Bal\u010dytis*\u2013\tJaunyst\u0117<br \/>\nA2\tG. Pak\u0117nait\u0117*\u2013\tTik Tav\u0119s Nebus<br \/>\nA3\tD. \u010cepas*\u2013\tPokalbis Su Gluosniu<br \/>\nA4\tS. Povilaitis*\u2013\t\u010cipolinas<br \/>\nA5\tO. Valiukevi\u010di\u016bt\u0117*\u2013\tPalyd\u0117k \u012e \u017dirm\u016bnus<br \/>\nA6\tS. Povilaitis*\u2013\tNept\u016bno \u017dem\u0117<br \/>\nA7\tD. \u010cepas*\u2013\tMergina Ir Balandis<br \/>\nB1\tD. Kubili\u016bt\u0117*\u2013\tSkausmas<br \/>\nB2\tD. \u010cepas*\u2013\tEina Mergait\u0117<br \/>\nB3\tO. Valiukevi\u010di\u016bt\u0117*\u2013\tPirmasis \u0160okis<br \/>\nB4\tT. Bal\u010dytis*\u2013\tObel\u0117l\u0117<br \/>\nB5\tO. Valiukevi\u010di\u016bt\u0117*\u2013\tT\u0117velis Gr\u012f\u017eo I\u0161 Karo<br \/>\nB6\tD. \u010cepas*\u2013\tLaum\u0117s Juosta<\/p>","protected":false},"excerpt":{"rendered":"<p>33 \u0421\u041c-03335-36<\/p>","protected":false},"featured_media":6328,"template":"","meta":[],"product_cat":[19],"product_tag":[55],"yoast_head":"<!-- This site is optimized with the Yoast SEO plugin v23.5 - https:\/\/yoast.com\/wordpress\/plugins\/seo\/ -->\n<title>Mikas Vaitkevi\u010dius \u200e\u2013 Miko Vaitkevi\u010diaus Estradin\u0117s Dainos Vinilin\u0117 Plok\u0161tel\u0117 | Vinilozona.lt<\/title>\n<meta name=\"robots\" content=\"index, follow, max-snippet:-1, max-image-preview:large, max-video-preview:-1\" \/>\n<link rel=\"canonical\" href=\"https:\/\/vinilozona.lt\/en\/parduotuve\/lietuviska\/mikas-vaitkevicius-\u200e-miko-vaitkeviciaus-estradines-dainos\/\" \/>\n<meta property=\"og:locale\" content=\"en_GB\" \/>\n<meta property=\"og:type\" content=\"article\" \/>\n<meta property=\"og:title\" content=\"Mikas Vaitkevi\u010dius \u200e\u2013 Miko Vaitkevi\u010diaus Estradin\u0117s Dainos Vinilin\u0117 Plok\u0161tel\u0117 | Vinilozona.lt\" \/>\n<meta property=\"og:description\" content=\"33 \u0421\u041c-03335-36\" \/>\n<meta property=\"og:url\" content=\"https:\/\/vinilozona.lt\/en\/parduotuve\/lietuviska\/mikas-vaitkevicius-\u200e-miko-vaitkeviciaus-estradines-dainos\/\" \/>\n<meta property=\"og:site_name\" content=\"Vinilo Zona\" \/>\n<meta property=\"article:modified_time\" content=\"2025-05-23T17:44:51+00:00\" \/>\n<meta property=\"og:image\" content=\"https:\/\/vinilozona.lt\/wp-content\/uploads\/2020\/03\/R-3127347-1325528248.jpeg.jpg\" \/>\n\t<meta property=\"og:image:width\" content=\"300\" \/>\n\t<meta property=\"og:image:height\" content=\"300\" \/>\n\t<meta property=\"og:image:type\" content=\"image\/jpeg\" \/>\n<meta name=\"twitter:card\" content=\"summary_large_image\" \/>\n<script type=\"application\/ld+json\" class=\"yoast-schema-graph\">{\"@context\":\"https:\/\/schema.org\",\"@graph\":[{\"@type\":\"WebPage\",\"@id\":\"https:\/\/vinilozona.lt\/parduotuve\/lietuviska\/mikas-vaitkevicius-%e2%80%8e-miko-vaitkeviciaus-estradines-dainos\/\",\"url\":\"https:\/\/vinilozona.lt\/parduotuve\/lietuviska\/mikas-vaitkevicius-%e2%80%8e-miko-vaitkeviciaus-estradines-dainos\/\",\"name\":\"Mikas Vaitkevi\u010dius \u200e\u2013 Miko Vaitkevi\u010diaus Estradin\u0117s Dainos Vinilin\u0117 Plok\u0161tel\u0117 | Vinilozona.lt\",\"isPartOf\":{\"@id\":\"https:\/\/vinilozona.lt\/#website\"},\"primaryImageOfPage\":{\"@id\":\"https:\/\/vinilozona.lt\/parduotuve\/lietuviska\/mikas-vaitkevicius-%e2%80%8e-miko-vaitkeviciaus-estradines-dainos\/#primaryimage\"},\"image\":{\"@id\":\"https:\/\/vinilozona.lt\/parduotuve\/lietuviska\/mikas-vaitkevicius-%e2%80%8e-miko-vaitkeviciaus-estradines-dainos\/#primaryimage\"},\"thumbnailUrl\":\"https:\/\/vinilozona.lt\/wp-content\/uploads\/2020\/03\/R-3127347-1325528248.jpeg.jpg\",\"datePublished\":\"2020-03-03T09:19:32+00:00\",\"dateModified\":\"2025-05-23T17:44:51+00:00\",\"breadcrumb\":{\"@id\":\"https:\/\/vinilozona.lt\/parduotuve\/lietuviska\/mikas-vaitkevicius-%e2%80%8e-miko-vaitkeviciaus-estradines-dainos\/#breadcrumb\"},\"inLanguage\":\"en-GB\",\"potentialAction\":[{\"@type\":\"ReadAction\",\"target\":[\"https:\/\/vinilozona.lt\/parduotuve\/lietuviska\/mikas-vaitkevicius-%e2%80%8e-miko-vaitkeviciaus-estradines-dainos\/\"]}]},{\"@type\":\"ImageObject\",\"inLanguage\":\"en-GB\",\"@id\":\"https:\/\/vinilozona.lt\/parduotuve\/lietuviska\/mikas-vaitkevicius-%e2%80%8e-miko-vaitkeviciaus-estradines-dainos\/#primaryimage\",\"url\":\"https:\/\/vinilozona.lt\/wp-content\/uploads\/2020\/03\/R-3127347-1325528248.jpeg.jpg\",\"contentUrl\":\"https:\/\/vinilozona.lt\/wp-content\/uploads\/2020\/03\/R-3127347-1325528248.jpeg.jpg\",\"width\":300,\"height\":300},{\"@type\":\"BreadcrumbList\",\"@id\":\"https:\/\/vinilozona.lt\/parduotuve\/lietuviska\/mikas-vaitkevicius-%e2%80%8e-miko-vaitkeviciaus-estradines-dainos\/#breadcrumb\",\"itemListElement\":[{\"@type\":\"ListItem\",\"position\":1,\"name\":\"Home\",\"item\":\"https:\/\/vinilozona.lt\/\"},{\"@type\":\"ListItem\",\"position\":2,\"name\":\"Parduotuv\u0117\",\"item\":\"https:\/\/vinilozona.lt\/parduotuve\/\"},{\"@type\":\"ListItem\",\"position\":3,\"name\":\"Mikas Vaitkevi\u010dius \u200e\u2013 Miko Vaitkevi\u010diaus Estradin\u0117s Dainos\"}]},{\"@type\":\"WebSite\",\"@id\":\"https:\/\/vinilozona.lt\/#website\",\"url\":\"https:\/\/vinilozona.lt\/\",\"name\":\"Vinilo Zona\",\"description\":\"Nup\u016bsk dulkes ir klausyk LP\",\"potentialAction\":[{\"@type\":\"SearchAction\",\"target\":{\"@type\":\"EntryPoint\",\"urlTemplate\":\"https:\/\/vinilozona.lt\/?s={search_term_string}\"},\"query-input\":{\"@type\":\"PropertyValueSpecification\",\"valueRequired\":true,\"valueName\":\"search_term_string\"}}],\"inLanguage\":\"en-GB\"}]}<\/script>\n<!-- \/ Yoast SEO plugin. -->","yoast_head_json":{"title":"Mikas Vaitkevi\u010dius \u200e\u2013 Miko Vaitkevi\u010diaus Estradin\u0117s Dainos Vinilin\u0117 Plok\u0161tel\u0117 | Vinilozona.lt","robots":{"index":"index","follow":"follow","max-snippet":"max-snippet:-1","max-image-preview":"max-image-preview:large","max-video-preview":"max-video-preview:-1"},"canonical":"https:\/\/vinilozona.lt\/en\/parduotuve\/lietuviska\/mikas-vaitkevicius-\u200e-miko-vaitkeviciaus-estradines-dainos\/","og_locale":"en_GB","og_type":"article","og_title":"Mikas Vaitkevi\u010dius \u200e\u2013 Miko Vaitkevi\u010diaus Estradin\u0117s Dainos Vinilin\u0117 Plok\u0161tel\u0117 | Vinilozona.lt","og_description":"33 \u0421\u041c-03335-36","og_url":"https:\/\/vinilozona.lt\/en\/parduotuve\/lietuviska\/mikas-vaitkevicius-\u200e-miko-vaitkeviciaus-estradines-dainos\/","og_site_name":"Vinilo Zona","article_modified_time":"2025-05-23T17:44:51+00:00","og_image":[{"width":300,"height":300,"url":"https:\/\/vinilozona.lt\/wp-content\/uploads\/2020\/03\/R-3127347-1325528248.jpeg.jpg","type":"image\/jpeg"}],"twitter_card":"summary_large_image","schema":{"@context":"https:\/\/schema.org","@graph":[{"@type":"WebPage","@id":"https:\/\/vinilozona.lt\/parduotuve\/lietuviska\/mikas-vaitkevicius-%e2%80%8e-miko-vaitkeviciaus-estradines-dainos\/","url":"https:\/\/vinilozona.lt\/parduotuve\/lietuviska\/mikas-vaitkevicius-%e2%80%8e-miko-vaitkeviciaus-estradines-dainos\/","name":"Mikas Vaitkevi\u010dius \u200e\u2013 Miko Vaitkevi\u010diaus Estradin\u0117s Dainos Vinilin\u0117 Plok\u0161tel\u0117 | Vinilozona.lt","isPartOf":{"@id":"https:\/\/vinilozona.lt\/#website"},"primaryImageOfPage":{"@id":"https:\/\/vinilozona.lt\/parduotuve\/lietuviska\/mikas-vaitkevicius-%e2%80%8e-miko-vaitkeviciaus-estradines-dainos\/#primaryimage"},"image":{"@id":"https:\/\/vinilozona.lt\/parduotuve\/lietuviska\/mikas-vaitkevicius-%e2%80%8e-miko-vaitkeviciaus-estradines-dainos\/#primaryimage"},"thumbnailUrl":"https:\/\/vinilozona.lt\/wp-content\/uploads\/2020\/03\/R-3127347-1325528248.jpeg.jpg","datePublished":"2020-03-03T09:19:32+00:00","dateModified":"2025-05-23T17:44:51+00:00","breadcrumb":{"@id":"https:\/\/vinilozona.lt\/parduotuve\/lietuviska\/mikas-vaitkevicius-%e2%80%8e-miko-vaitkeviciaus-estradines-dainos\/#breadcrumb"},"inLanguage":"en-GB","potentialAction":[{"@type":"ReadAction","target":["https:\/\/vinilozona.lt\/parduotuve\/lietuviska\/mikas-vaitkevicius-%e2%80%8e-miko-vaitkeviciaus-estradines-dainos\/"]}]},{"@type":"ImageObject","inLanguage":"en-GB","@id":"https:\/\/vinilozona.lt\/parduotuve\/lietuviska\/mikas-vaitkevicius-%e2%80%8e-miko-vaitkeviciaus-estradines-dainos\/#primaryimage","url":"https:\/\/vinilozona.lt\/wp-content\/uploads\/2020\/03\/R-3127347-1325528248.jpeg.jpg","contentUrl":"https:\/\/vinilozona.lt\/wp-content\/uploads\/2020\/03\/R-3127347-1325528248.jpeg.jpg","width":300,"height":300},{"@type":"BreadcrumbList","@id":"https:\/\/vinilozona.lt\/parduotuve\/lietuviska\/mikas-vaitkevicius-%e2%80%8e-miko-vaitkeviciaus-estradines-dainos\/#breadcrumb","itemListElement":[{"@type":"ListItem","position":1,"name":"Home","item":"https:\/\/vinilozona.lt\/"},{"@type":"ListItem","position":2,"name":"Parduotuv\u0117","item":"https:\/\/vinilozona.lt\/parduotuve\/"},{"@type":"ListItem","position":3,"name":"Mikas Vaitkevi\u010dius \u200e\u2013 Miko Vaitkevi\u010diaus Estradin\u0117s Dainos"}]},{"@type":"WebSite","@id":"https:\/\/vinilozona.lt\/#website","url":"https:\/\/vinilozona.lt\/","name":"Vinilo Zona","description":"Nup\u016bsk dulkes ir klausyk LP","potentialAction":[{"@type":"SearchAction","target":{"@type":"EntryPoint","urlTemplate":"https:\/\/vinilozona.lt\/?s={search_term_string}"},"query-input":{"@type":"PropertyValueSpecification","valueRequired":true,"valueName":"search_term_string"}}],"inLanguage":"en-GB"}]}},"_links":{"self":[{"href":"https:\/\/vinilozona.lt\/en\/wp-json\/wp\/v2\/product\/6327"}],"collection":[{"href":"https:\/\/vinilozona.lt\/en\/wp-json\/wp\/v2\/product"}],"about":[{"href":"https:\/\/vinilozona.lt\/en\/wp-json\/wp\/v2\/types\/product"}],"wp:featuredmedia":[{"embeddable":true,"href":"https:\/\/vinilozona.lt\/en\/wp-json\/wp\/v2\/media\/6328"}],"wp:attachment":[{"href":"https:\/\/vinilozona.lt\/en\/wp-json\/wp\/v2\/media?parent=6327"}],"wp:term":[{"taxonomy":"product_cat","embeddable":true,"href":"https:\/\/vinilozona.lt\/en\/wp-json\/wp\/v2\/product_cat?post=6327"},{"taxonomy":"product_tag","embeddable":true,"href":"https:\/\/vinilozona.lt\/en\/wp-json\/wp\/v2\/product_tag?post=6327"}],"curies":[{"name":"wp","href":"https:\/\/api.w.org\/{rel}","templated":true}]}}