{"id":6319,"date":"2020-03-03T11:01:10","date_gmt":"2020-03-03T09:01:10","guid":{"rendered":"https:\/\/vinilozona.lt\/?post_type=product&#038;p=6319"},"modified":"2026-03-03T09:07:39","modified_gmt":"2026-03-03T07:07:39","slug":"armonika-%e2%80%8e-tai-graziai-augino","status":"publish","type":"product","link":"https:\/\/vinilozona.lt\/en\/parduotuve\/lietuviska\/armonika-%e2%80%8e-tai-graziai-augino\/","title":{"rendered":"Harmonica - It&#039;s Beautifully Grown"},"content":{"rendered":"<p>A1\t\tAnt Vilniaus Kalv\u0173 3:50<br \/>\nA2\t\tPo Darb\u0173 3:00<br \/>\nA3\t\tTris Mylias Girelas 2:20<br \/>\nA4\t\tAteiki, Mergu\u017e\u0117le 2:32<br \/>\nA5.1\t\tAk, Obel\u0117le<br \/>\nA5.2\t\tAnt Kiekvieno Kalnelio<br \/>\nA5.3\t\tTai Gra\u017eiai Mane Augino<br \/>\nA5.4\t\tLop\u0161in\u0117 Gimtinei Ir Motinai<br \/>\nB1.1\t\tKaubojus \u017demaitijoje<br \/>\nB1.2\t\tKad Ilgiau Gyventume<br \/>\nB1.3\t\tBaltarank\u0117 Mergu\u017e\u0117l\u0117<br \/>\nB1.4\t\tStasio Polka<br \/>\nB2\t\tBalt\u0173 Ber\u017e\u0173 Kalva 2:40<br \/>\nB3\t\t\u017died\u0173 Gegu\u017eis 2:33<br \/>\nB4\t\tPaleisk \u017dirgel\u012f Ant Lankos 3:32<\/p>","protected":false},"excerpt":{"rendered":"<p>\u042130 23767 004<\/p>","protected":false},"featured_media":6320,"template":"","meta":[],"product_cat":[19],"product_tag":[55],"yoast_head":"<!-- This site is optimized with the Yoast SEO plugin v23.5 - https:\/\/yoast.com\/wordpress\/plugins\/seo\/ -->\n<title>Armonika \u200e\u2013 Tai Gra\u017eiai Augino Vinilin\u0117 Plok\u0161tel\u0117 | Vinilozona.lt<\/title>\n<meta name=\"robots\" content=\"index, follow, max-snippet:-1, max-image-preview:large, max-video-preview:-1\" \/>\n<link rel=\"canonical\" href=\"https:\/\/vinilozona.lt\/en\/parduotuve\/lietuviska\/armonika-\u200e-tai-graziai-augino\/\" \/>\n<meta property=\"og:locale\" content=\"en_GB\" \/>\n<meta property=\"og:type\" content=\"article\" \/>\n<meta property=\"og:title\" content=\"Armonika \u200e\u2013 Tai Gra\u017eiai Augino Vinilin\u0117 Plok\u0161tel\u0117 | Vinilozona.lt\" \/>\n<meta property=\"og:description\" content=\"\u042130 23767 004\" \/>\n<meta property=\"og:url\" content=\"https:\/\/vinilozona.lt\/en\/parduotuve\/lietuviska\/armonika-\u200e-tai-graziai-augino\/\" \/>\n<meta property=\"og:site_name\" content=\"Vinilo Zona\" \/>\n<meta property=\"article:modified_time\" content=\"2026-03-03T07:07:39+00:00\" \/>\n<meta property=\"og:image\" content=\"https:\/\/vinilozona.lt\/wp-content\/uploads\/2020\/03\/R-3758569-1343223887-6284.jpeg.jpg\" \/>\n\t<meta property=\"og:image:width\" content=\"300\" \/>\n\t<meta property=\"og:image:height\" content=\"296\" \/>\n\t<meta property=\"og:image:type\" content=\"image\/jpeg\" \/>\n<meta name=\"twitter:card\" content=\"summary_large_image\" \/>\n<meta name=\"twitter:label1\" content=\"Estimated reading time\" \/>\n\t<meta name=\"twitter:data1\" content=\"1 minute\" \/>\n<script type=\"application\/ld+json\" class=\"yoast-schema-graph\">{\"@context\":\"https:\/\/schema.org\",\"@graph\":[{\"@type\":\"WebPage\",\"@id\":\"https:\/\/vinilozona.lt\/parduotuve\/lietuviska\/armonika-%e2%80%8e-tai-graziai-augino\/\",\"url\":\"https:\/\/vinilozona.lt\/parduotuve\/lietuviska\/armonika-%e2%80%8e-tai-graziai-augino\/\",\"name\":\"Armonika \u200e\u2013 Tai Gra\u017eiai Augino Vinilin\u0117 Plok\u0161tel\u0117 | Vinilozona.lt\",\"isPartOf\":{\"@id\":\"https:\/\/vinilozona.lt\/#website\"},\"primaryImageOfPage\":{\"@id\":\"https:\/\/vinilozona.lt\/parduotuve\/lietuviska\/armonika-%e2%80%8e-tai-graziai-augino\/#primaryimage\"},\"image\":{\"@id\":\"https:\/\/vinilozona.lt\/parduotuve\/lietuviska\/armonika-%e2%80%8e-tai-graziai-augino\/#primaryimage\"},\"thumbnailUrl\":\"https:\/\/vinilozona.lt\/wp-content\/uploads\/2020\/03\/R-3758569-1343223887-6284.jpeg.jpg\",\"datePublished\":\"2020-03-03T09:01:10+00:00\",\"dateModified\":\"2026-03-03T07:07:39+00:00\",\"breadcrumb\":{\"@id\":\"https:\/\/vinilozona.lt\/parduotuve\/lietuviska\/armonika-%e2%80%8e-tai-graziai-augino\/#breadcrumb\"},\"inLanguage\":\"en-GB\",\"potentialAction\":[{\"@type\":\"ReadAction\",\"target\":[\"https:\/\/vinilozona.lt\/parduotuve\/lietuviska\/armonika-%e2%80%8e-tai-graziai-augino\/\"]}]},{\"@type\":\"ImageObject\",\"inLanguage\":\"en-GB\",\"@id\":\"https:\/\/vinilozona.lt\/parduotuve\/lietuviska\/armonika-%e2%80%8e-tai-graziai-augino\/#primaryimage\",\"url\":\"https:\/\/vinilozona.lt\/wp-content\/uploads\/2020\/03\/R-3758569-1343223887-6284.jpeg.jpg\",\"contentUrl\":\"https:\/\/vinilozona.lt\/wp-content\/uploads\/2020\/03\/R-3758569-1343223887-6284.jpeg.jpg\",\"width\":300,\"height\":296},{\"@type\":\"BreadcrumbList\",\"@id\":\"https:\/\/vinilozona.lt\/parduotuve\/lietuviska\/armonika-%e2%80%8e-tai-graziai-augino\/#breadcrumb\",\"itemListElement\":[{\"@type\":\"ListItem\",\"position\":1,\"name\":\"Home\",\"item\":\"https:\/\/vinilozona.lt\/\"},{\"@type\":\"ListItem\",\"position\":2,\"name\":\"Parduotuv\u0117\",\"item\":\"https:\/\/vinilozona.lt\/parduotuve\/\"},{\"@type\":\"ListItem\",\"position\":3,\"name\":\"Armonika \u200e\u2013 Tai Gra\u017eiai Augino\"}]},{\"@type\":\"WebSite\",\"@id\":\"https:\/\/vinilozona.lt\/#website\",\"url\":\"https:\/\/vinilozona.lt\/\",\"name\":\"Vinilo Zona\",\"description\":\"Nup\u016bsk dulkes ir klausyk LP\",\"potentialAction\":[{\"@type\":\"SearchAction\",\"target\":{\"@type\":\"EntryPoint\",\"urlTemplate\":\"https:\/\/vinilozona.lt\/?s={search_term_string}\"},\"query-input\":{\"@type\":\"PropertyValueSpecification\",\"valueRequired\":true,\"valueName\":\"search_term_string\"}}],\"inLanguage\":\"en-GB\"}]}<\/script>\n<!-- \/ Yoast SEO plugin. -->","yoast_head_json":{"title":"Armonika \u200e\u2013 Tai Gra\u017eiai Augino Vinilin\u0117 Plok\u0161tel\u0117 | Vinilozona.lt","robots":{"index":"index","follow":"follow","max-snippet":"max-snippet:-1","max-image-preview":"max-image-preview:large","max-video-preview":"max-video-preview:-1"},"canonical":"https:\/\/vinilozona.lt\/en\/parduotuve\/lietuviska\/armonika-\u200e-tai-graziai-augino\/","og_locale":"en_GB","og_type":"article","og_title":"Armonika \u200e\u2013 Tai Gra\u017eiai Augino Vinilin\u0117 Plok\u0161tel\u0117 | Vinilozona.lt","og_description":"\u042130 23767 004","og_url":"https:\/\/vinilozona.lt\/en\/parduotuve\/lietuviska\/armonika-\u200e-tai-graziai-augino\/","og_site_name":"Vinilo Zona","article_modified_time":"2026-03-03T07:07:39+00:00","og_image":[{"width":300,"height":296,"url":"https:\/\/vinilozona.lt\/wp-content\/uploads\/2020\/03\/R-3758569-1343223887-6284.jpeg.jpg","type":"image\/jpeg"}],"twitter_card":"summary_large_image","twitter_misc":{"Estimated reading time":"1 minute"},"schema":{"@context":"https:\/\/schema.org","@graph":[{"@type":"WebPage","@id":"https:\/\/vinilozona.lt\/parduotuve\/lietuviska\/armonika-%e2%80%8e-tai-graziai-augino\/","url":"https:\/\/vinilozona.lt\/parduotuve\/lietuviska\/armonika-%e2%80%8e-tai-graziai-augino\/","name":"Armonika \u200e\u2013 Tai Gra\u017eiai Augino Vinilin\u0117 Plok\u0161tel\u0117 | Vinilozona.lt","isPartOf":{"@id":"https:\/\/vinilozona.lt\/#website"},"primaryImageOfPage":{"@id":"https:\/\/vinilozona.lt\/parduotuve\/lietuviska\/armonika-%e2%80%8e-tai-graziai-augino\/#primaryimage"},"image":{"@id":"https:\/\/vinilozona.lt\/parduotuve\/lietuviska\/armonika-%e2%80%8e-tai-graziai-augino\/#primaryimage"},"thumbnailUrl":"https:\/\/vinilozona.lt\/wp-content\/uploads\/2020\/03\/R-3758569-1343223887-6284.jpeg.jpg","datePublished":"2020-03-03T09:01:10+00:00","dateModified":"2026-03-03T07:07:39+00:00","breadcrumb":{"@id":"https:\/\/vinilozona.lt\/parduotuve\/lietuviska\/armonika-%e2%80%8e-tai-graziai-augino\/#breadcrumb"},"inLanguage":"en-GB","potentialAction":[{"@type":"ReadAction","target":["https:\/\/vinilozona.lt\/parduotuve\/lietuviska\/armonika-%e2%80%8e-tai-graziai-augino\/"]}]},{"@type":"ImageObject","inLanguage":"en-GB","@id":"https:\/\/vinilozona.lt\/parduotuve\/lietuviska\/armonika-%e2%80%8e-tai-graziai-augino\/#primaryimage","url":"https:\/\/vinilozona.lt\/wp-content\/uploads\/2020\/03\/R-3758569-1343223887-6284.jpeg.jpg","contentUrl":"https:\/\/vinilozona.lt\/wp-content\/uploads\/2020\/03\/R-3758569-1343223887-6284.jpeg.jpg","width":300,"height":296},{"@type":"BreadcrumbList","@id":"https:\/\/vinilozona.lt\/parduotuve\/lietuviska\/armonika-%e2%80%8e-tai-graziai-augino\/#breadcrumb","itemListElement":[{"@type":"ListItem","position":1,"name":"Home","item":"https:\/\/vinilozona.lt\/"},{"@type":"ListItem","position":2,"name":"Parduotuv\u0117","item":"https:\/\/vinilozona.lt\/parduotuve\/"},{"@type":"ListItem","position":3,"name":"Armonika \u200e\u2013 Tai Gra\u017eiai Augino"}]},{"@type":"WebSite","@id":"https:\/\/vinilozona.lt\/#website","url":"https:\/\/vinilozona.lt\/","name":"Vinilo Zona","description":"Nup\u016bsk dulkes ir klausyk LP","potentialAction":[{"@type":"SearchAction","target":{"@type":"EntryPoint","urlTemplate":"https:\/\/vinilozona.lt\/?s={search_term_string}"},"query-input":{"@type":"PropertyValueSpecification","valueRequired":true,"valueName":"search_term_string"}}],"inLanguage":"en-GB"}]}},"_links":{"self":[{"href":"https:\/\/vinilozona.lt\/en\/wp-json\/wp\/v2\/product\/6319"}],"collection":[{"href":"https:\/\/vinilozona.lt\/en\/wp-json\/wp\/v2\/product"}],"about":[{"href":"https:\/\/vinilozona.lt\/en\/wp-json\/wp\/v2\/types\/product"}],"wp:featuredmedia":[{"embeddable":true,"href":"https:\/\/vinilozona.lt\/en\/wp-json\/wp\/v2\/media\/6320"}],"wp:attachment":[{"href":"https:\/\/vinilozona.lt\/en\/wp-json\/wp\/v2\/media?parent=6319"}],"wp:term":[{"taxonomy":"product_cat","embeddable":true,"href":"https:\/\/vinilozona.lt\/en\/wp-json\/wp\/v2\/product_cat?post=6319"},{"taxonomy":"product_tag","embeddable":true,"href":"https:\/\/vinilozona.lt\/en\/wp-json\/wp\/v2\/product_tag?post=6319"}],"curies":[{"name":"wp","href":"https:\/\/api.w.org\/{rel}","templated":true}]}}