{"id":6303,"date":"2020-03-03T10:43:26","date_gmt":"2020-03-03T08:43:26","guid":{"rendered":"https:\/\/vinilozona.lt\/?post_type=product&#038;p=6303"},"modified":"2024-01-15T11:33:37","modified_gmt":"2024-01-15T09:33:37","slug":"elena-ciudakova-%e2%80%8e-dainuoja-elena-ciudakova","status":"publish","type":"product","link":"https:\/\/vinilozona.lt\/en\/parduotuve\/lietuviska\/elena-ciudakova-%e2%80%8e-dainuoja-elena-ciudakova\/","title":{"rendered":"Elena \u010ciudakova - Sings by Elena \u010ciudakova"},"content":{"rendered":"<p>A1\t\u0412. \u0410. \u041c\u043e\u0446\u0430\u0440\u0442*\u2013\t1. Allegro. 2. Recitativo. 3. Larghetto. 4. Allegro Non Troppo<br \/>\nA2\t\u0412. \u0410. \u041c\u043e\u0446\u0430\u0440\u0442*\u2013\t\u0410\u0440\u0438\u044f \u041f\u0430\u043c\u0438\u043d\u044b (&#8222;\u0412\u043e\u043b\u0448\u0435\u0431\u043d\u0430\u044f \u0424\u043b\u0435\u0439\u0442\u0430&#8221;, \u2116 17)<br \/>\nB1\t\u0416. \u0411. \u0412\u0435\u043a\u0435\u0440\u043b\u0435\u043d*\u2013\t1. \u041b\u0438\u0437\u0435\u0442\u0442\u0430 \u0412\u0441\u0442\u0430\u043b\u0430<br \/>\nB2\t\u0416. \u0411. \u0412\u0435\u043a\u0435\u0440\u043b\u0435\u043d*\u2013\t2. \u041c\u0435\u043d\u0443\u044d\u0442 \u042d\u043a\u0437\u043e\u0434\u0435<br \/>\nB3\t\u0416. \u0411. \u0412\u0435\u043a\u0435\u0440\u043b\u0435\u043d*\u2013\t3. \u041f\u0430\u0441\u0442\u0443\u0448\u043a\u0430-\u0440\u0435\u0437\u0432\u0443\u0448\u043a\u0430<br \/>\nB4\t\u0416. \u0411. \u0412\u0435\u043a\u0435\u0440\u043b\u0435\u043d*\u2013\t4. \u0412 \u041b\u0435\u0441 \u041e\u0434\u043d\u0430 \u0423\u0436 \u041d\u0435 \u041f\u043e\u0439\u0434\u0443<br \/>\nB5\t\u0416. \u0411. \u0412\u0435\u043a\u0435\u0440\u043b\u0435\u043d*\u2013\t5. \u041f\u0440\u043e\u0431\u0443\u0436\u0434\u0435\u043d\u0438\u0435<br \/>\nB6\t\u0416. \u0411. \u0412\u0435\u043a\u0435\u0440\u043b\u0435\u043d*\u2013\t6. \u0422\u043e\u043d\u043a\u0438\u0435 \u041c\u0430\u043d\u0435\u0440\u044b<br \/>\nB7\t\u0416. \u0411. \u0412\u0435\u043a\u0435\u0440\u043b\u0435\u043d*\u2013\t7. \u0413\u043e\u0440\u043d\u044b\u0435 \u0426\u0432\u0435\u0442\u044b<br \/>\nB8\t\u0416. \u0411. \u0412\u0435\u043a\u0435\u0440\u043b\u0435\u043d*\u2013\t8. \u0414\u0435\u0432\u044b, \u0421\u043f\u0435\u0448\u0438\u0442\u0435<br \/>\nB9\t\u0416. \u0411. \u0412\u0435\u043a\u0435\u0440\u043b\u0435\u043d*\u2013\t9. \u041c\u0430\u043c\u0430, \u0427\u0442\u043e \u0422\u0430\u043a\u043e\u0435 \u041b\u044e\u0431\u043e\u0432\u044c<br \/>\nB10\t\u0416. \u0411. \u0412\u0435\u043a\u0435\u0440\u043b\u0435\u043d*\u2013\t10. \u0412\u0440\u0435\u043c\u0435\u043d\u0430 \u0413\u043e\u0434\u0430<\/p>","protected":false},"excerpt":{"rendered":"<p>33 \u0421\u041c 03553<\/p>","protected":false},"featured_media":6304,"template":"","meta":[],"product_cat":[19,22],"product_tag":[55],"yoast_head":"<!-- This site is optimized with the Yoast SEO plugin v23.5 - https:\/\/yoast.com\/wordpress\/plugins\/seo\/ -->\n<title>Elena \u010ciudakova \u200e\u2013 Dainuoja Elena \u010ciudakova Vinilin\u0117 Plok\u0161tel\u0117 | Vinilozona.lt<\/title>\n<meta name=\"robots\" content=\"index, follow, max-snippet:-1, max-image-preview:large, max-video-preview:-1\" \/>\n<link rel=\"canonical\" href=\"https:\/\/vinilozona.lt\/en\/parduotuve\/lietuviska\/elena-ciudakova-\u200e-dainuoja-elena-ciudakova\/\" \/>\n<meta property=\"og:locale\" content=\"en_GB\" \/>\n<meta property=\"og:type\" content=\"article\" \/>\n<meta property=\"og:title\" content=\"Elena \u010ciudakova \u200e\u2013 Dainuoja Elena \u010ciudakova Vinilin\u0117 Plok\u0161tel\u0117 | Vinilozona.lt\" \/>\n<meta property=\"og:description\" content=\"33 \u0421\u041c 03553\" \/>\n<meta property=\"og:url\" content=\"https:\/\/vinilozona.lt\/en\/parduotuve\/lietuviska\/elena-ciudakova-\u200e-dainuoja-elena-ciudakova\/\" \/>\n<meta property=\"og:site_name\" content=\"Vinilo Zona\" \/>\n<meta property=\"article:modified_time\" content=\"2024-01-15T09:33:37+00:00\" \/>\n<meta property=\"og:image\" content=\"https:\/\/vinilozona.lt\/wp-content\/uploads\/2020\/03\/R-4448758-1367344903-7063.jpeg.jpg\" \/>\n\t<meta property=\"og:image:width\" content=\"298\" \/>\n\t<meta property=\"og:image:height\" content=\"300\" \/>\n\t<meta property=\"og:image:type\" content=\"image\/jpeg\" \/>\n<meta name=\"twitter:card\" content=\"summary_large_image\" \/>\n<script type=\"application\/ld+json\" class=\"yoast-schema-graph\">{\"@context\":\"https:\/\/schema.org\",\"@graph\":[{\"@type\":\"WebPage\",\"@id\":\"https:\/\/vinilozona.lt\/parduotuve\/lietuviska\/elena-ciudakova-%e2%80%8e-dainuoja-elena-ciudakova\/\",\"url\":\"https:\/\/vinilozona.lt\/parduotuve\/lietuviska\/elena-ciudakova-%e2%80%8e-dainuoja-elena-ciudakova\/\",\"name\":\"Elena \u010ciudakova \u200e\u2013 Dainuoja Elena \u010ciudakova Vinilin\u0117 Plok\u0161tel\u0117 | Vinilozona.lt\",\"isPartOf\":{\"@id\":\"https:\/\/vinilozona.lt\/#website\"},\"primaryImageOfPage\":{\"@id\":\"https:\/\/vinilozona.lt\/parduotuve\/lietuviska\/elena-ciudakova-%e2%80%8e-dainuoja-elena-ciudakova\/#primaryimage\"},\"image\":{\"@id\":\"https:\/\/vinilozona.lt\/parduotuve\/lietuviska\/elena-ciudakova-%e2%80%8e-dainuoja-elena-ciudakova\/#primaryimage\"},\"thumbnailUrl\":\"https:\/\/vinilozona.lt\/wp-content\/uploads\/2020\/03\/R-4448758-1367344903-7063.jpeg.jpg\",\"datePublished\":\"2020-03-03T08:43:26+00:00\",\"dateModified\":\"2024-01-15T09:33:37+00:00\",\"breadcrumb\":{\"@id\":\"https:\/\/vinilozona.lt\/parduotuve\/lietuviska\/elena-ciudakova-%e2%80%8e-dainuoja-elena-ciudakova\/#breadcrumb\"},\"inLanguage\":\"en-GB\",\"potentialAction\":[{\"@type\":\"ReadAction\",\"target\":[\"https:\/\/vinilozona.lt\/parduotuve\/lietuviska\/elena-ciudakova-%e2%80%8e-dainuoja-elena-ciudakova\/\"]}]},{\"@type\":\"ImageObject\",\"inLanguage\":\"en-GB\",\"@id\":\"https:\/\/vinilozona.lt\/parduotuve\/lietuviska\/elena-ciudakova-%e2%80%8e-dainuoja-elena-ciudakova\/#primaryimage\",\"url\":\"https:\/\/vinilozona.lt\/wp-content\/uploads\/2020\/03\/R-4448758-1367344903-7063.jpeg.jpg\",\"contentUrl\":\"https:\/\/vinilozona.lt\/wp-content\/uploads\/2020\/03\/R-4448758-1367344903-7063.jpeg.jpg\",\"width\":298,\"height\":300},{\"@type\":\"BreadcrumbList\",\"@id\":\"https:\/\/vinilozona.lt\/parduotuve\/lietuviska\/elena-ciudakova-%e2%80%8e-dainuoja-elena-ciudakova\/#breadcrumb\",\"itemListElement\":[{\"@type\":\"ListItem\",\"position\":1,\"name\":\"Home\",\"item\":\"https:\/\/vinilozona.lt\/\"},{\"@type\":\"ListItem\",\"position\":2,\"name\":\"Parduotuv\u0117\",\"item\":\"https:\/\/vinilozona.lt\/parduotuve\/\"},{\"@type\":\"ListItem\",\"position\":3,\"name\":\"Elena \u010ciudakova \u200e\u2013 Dainuoja Elena \u010ciudakova\"}]},{\"@type\":\"WebSite\",\"@id\":\"https:\/\/vinilozona.lt\/#website\",\"url\":\"https:\/\/vinilozona.lt\/\",\"name\":\"Vinilo Zona\",\"description\":\"Nup\u016bsk dulkes ir klausyk LP\",\"potentialAction\":[{\"@type\":\"SearchAction\",\"target\":{\"@type\":\"EntryPoint\",\"urlTemplate\":\"https:\/\/vinilozona.lt\/?s={search_term_string}\"},\"query-input\":{\"@type\":\"PropertyValueSpecification\",\"valueRequired\":true,\"valueName\":\"search_term_string\"}}],\"inLanguage\":\"en-GB\"}]}<\/script>\n<!-- \/ Yoast SEO plugin. -->","yoast_head_json":{"title":"Elena \u010ciudakova \u200e\u2013 Dainuoja Elena \u010ciudakova Vinilin\u0117 Plok\u0161tel\u0117 | Vinilozona.lt","robots":{"index":"index","follow":"follow","max-snippet":"max-snippet:-1","max-image-preview":"max-image-preview:large","max-video-preview":"max-video-preview:-1"},"canonical":"https:\/\/vinilozona.lt\/en\/parduotuve\/lietuviska\/elena-ciudakova-\u200e-dainuoja-elena-ciudakova\/","og_locale":"en_GB","og_type":"article","og_title":"Elena \u010ciudakova \u200e\u2013 Dainuoja Elena \u010ciudakova Vinilin\u0117 Plok\u0161tel\u0117 | Vinilozona.lt","og_description":"33 \u0421\u041c 03553","og_url":"https:\/\/vinilozona.lt\/en\/parduotuve\/lietuviska\/elena-ciudakova-\u200e-dainuoja-elena-ciudakova\/","og_site_name":"Vinilo Zona","article_modified_time":"2024-01-15T09:33:37+00:00","og_image":[{"width":298,"height":300,"url":"https:\/\/vinilozona.lt\/wp-content\/uploads\/2020\/03\/R-4448758-1367344903-7063.jpeg.jpg","type":"image\/jpeg"}],"twitter_card":"summary_large_image","schema":{"@context":"https:\/\/schema.org","@graph":[{"@type":"WebPage","@id":"https:\/\/vinilozona.lt\/parduotuve\/lietuviska\/elena-ciudakova-%e2%80%8e-dainuoja-elena-ciudakova\/","url":"https:\/\/vinilozona.lt\/parduotuve\/lietuviska\/elena-ciudakova-%e2%80%8e-dainuoja-elena-ciudakova\/","name":"Elena \u010ciudakova \u200e\u2013 Dainuoja Elena \u010ciudakova Vinilin\u0117 Plok\u0161tel\u0117 | Vinilozona.lt","isPartOf":{"@id":"https:\/\/vinilozona.lt\/#website"},"primaryImageOfPage":{"@id":"https:\/\/vinilozona.lt\/parduotuve\/lietuviska\/elena-ciudakova-%e2%80%8e-dainuoja-elena-ciudakova\/#primaryimage"},"image":{"@id":"https:\/\/vinilozona.lt\/parduotuve\/lietuviska\/elena-ciudakova-%e2%80%8e-dainuoja-elena-ciudakova\/#primaryimage"},"thumbnailUrl":"https:\/\/vinilozona.lt\/wp-content\/uploads\/2020\/03\/R-4448758-1367344903-7063.jpeg.jpg","datePublished":"2020-03-03T08:43:26+00:00","dateModified":"2024-01-15T09:33:37+00:00","breadcrumb":{"@id":"https:\/\/vinilozona.lt\/parduotuve\/lietuviska\/elena-ciudakova-%e2%80%8e-dainuoja-elena-ciudakova\/#breadcrumb"},"inLanguage":"en-GB","potentialAction":[{"@type":"ReadAction","target":["https:\/\/vinilozona.lt\/parduotuve\/lietuviska\/elena-ciudakova-%e2%80%8e-dainuoja-elena-ciudakova\/"]}]},{"@type":"ImageObject","inLanguage":"en-GB","@id":"https:\/\/vinilozona.lt\/parduotuve\/lietuviska\/elena-ciudakova-%e2%80%8e-dainuoja-elena-ciudakova\/#primaryimage","url":"https:\/\/vinilozona.lt\/wp-content\/uploads\/2020\/03\/R-4448758-1367344903-7063.jpeg.jpg","contentUrl":"https:\/\/vinilozona.lt\/wp-content\/uploads\/2020\/03\/R-4448758-1367344903-7063.jpeg.jpg","width":298,"height":300},{"@type":"BreadcrumbList","@id":"https:\/\/vinilozona.lt\/parduotuve\/lietuviska\/elena-ciudakova-%e2%80%8e-dainuoja-elena-ciudakova\/#breadcrumb","itemListElement":[{"@type":"ListItem","position":1,"name":"Home","item":"https:\/\/vinilozona.lt\/"},{"@type":"ListItem","position":2,"name":"Parduotuv\u0117","item":"https:\/\/vinilozona.lt\/parduotuve\/"},{"@type":"ListItem","position":3,"name":"Elena \u010ciudakova \u200e\u2013 Dainuoja Elena \u010ciudakova"}]},{"@type":"WebSite","@id":"https:\/\/vinilozona.lt\/#website","url":"https:\/\/vinilozona.lt\/","name":"Vinilo Zona","description":"Nup\u016bsk dulkes ir klausyk LP","potentialAction":[{"@type":"SearchAction","target":{"@type":"EntryPoint","urlTemplate":"https:\/\/vinilozona.lt\/?s={search_term_string}"},"query-input":{"@type":"PropertyValueSpecification","valueRequired":true,"valueName":"search_term_string"}}],"inLanguage":"en-GB"}]}},"_links":{"self":[{"href":"https:\/\/vinilozona.lt\/en\/wp-json\/wp\/v2\/product\/6303"}],"collection":[{"href":"https:\/\/vinilozona.lt\/en\/wp-json\/wp\/v2\/product"}],"about":[{"href":"https:\/\/vinilozona.lt\/en\/wp-json\/wp\/v2\/types\/product"}],"wp:featuredmedia":[{"embeddable":true,"href":"https:\/\/vinilozona.lt\/en\/wp-json\/wp\/v2\/media\/6304"}],"wp:attachment":[{"href":"https:\/\/vinilozona.lt\/en\/wp-json\/wp\/v2\/media?parent=6303"}],"wp:term":[{"taxonomy":"product_cat","embeddable":true,"href":"https:\/\/vinilozona.lt\/en\/wp-json\/wp\/v2\/product_cat?post=6303"},{"taxonomy":"product_tag","embeddable":true,"href":"https:\/\/vinilozona.lt\/en\/wp-json\/wp\/v2\/product_tag?post=6303"}],"curies":[{"name":"wp","href":"https:\/\/api.w.org\/{rel}","templated":true}]}}