{"id":6129,"date":"2025-07-26T05:06:02","date_gmt":"2025-07-26T02:06:02","guid":{"rendered":"https:\/\/vinilozona.lt\/?post_type=product&#038;p=6129"},"modified":"2025-07-27T07:44:38","modified_gmt":"2025-07-27T04:44:38","slug":"ozzy-osbourne-%e2%80%8e-ordinary-man","status":"publish","type":"product","link":"https:\/\/vinilozona.lt\/en\/parduotuve\/naujos-lp\/ozzy-osbourne-%e2%80%8e-ordinary-man\/","title":{"rendered":"Ozzy Osbourne \u200e\u2013 Ordinary Man"},"content":{"rendered":"<p>A1\tStraight To Hell<br \/>\nA2\tAll My Life<br \/>\nA3\tGoodbye\t<\/p>\n<p>A4\tOrdinary Man<br \/>\nPiano \u2013 Elton John<br \/>\nVocals \u2013 Elton John<\/p>\n<p>A5\tUnder The Graveyard<br \/>\nB1\tEat Me<br \/>\nB2\tToday Is The End<br \/>\nB3\tScary Little Green Men<br \/>\nB4\tHoly For Tonight<br \/>\nB5\tIt&#8217;s A Raid<\/p>","protected":false},"excerpt":{"rendered":"<p>19439718451<\/p>","protected":false},"featured_media":6130,"template":"","meta":[],"product_cat":[23],"product_tag":[74],"yoast_head":"<!-- This site is optimized with the Yoast SEO plugin v23.5 - https:\/\/yoast.com\/wordpress\/plugins\/seo\/ -->\n<title>Ozzy Osbourne \u200e\u2013 Ordinary Man Vinilin\u0117 Plok\u0161tel\u0117 | Vinilozona.lt<\/title>\n<meta name=\"robots\" content=\"index, follow, max-snippet:-1, max-image-preview:large, max-video-preview:-1\" \/>\n<link rel=\"canonical\" href=\"https:\/\/vinilozona.lt\/en\/parduotuve\/naujos-lp\/ozzy-osbourne-\u200e-ordinary-man\/\" \/>\n<meta property=\"og:locale\" content=\"en_GB\" \/>\n<meta property=\"og:type\" content=\"article\" \/>\n<meta property=\"og:title\" content=\"Ozzy Osbourne \u200e\u2013 Ordinary Man Vinilin\u0117 Plok\u0161tel\u0117 | Vinilozona.lt\" \/>\n<meta property=\"og:description\" content=\"19439718451\" \/>\n<meta property=\"og:url\" content=\"https:\/\/vinilozona.lt\/en\/parduotuve\/naujos-lp\/ozzy-osbourne-\u200e-ordinary-man\/\" \/>\n<meta property=\"og:site_name\" content=\"Vinilo Zona\" \/>\n<meta property=\"article:modified_time\" content=\"2025-07-27T04:44:38+00:00\" \/>\n<meta property=\"og:image\" content=\"https:\/\/vinilozona.lt\/wp-content\/uploads\/2020\/02\/R-14785380-1582132216-5081.jpeg.jpg\" \/>\n\t<meta property=\"og:image:width\" content=\"600\" \/>\n\t<meta property=\"og:image:height\" content=\"600\" \/>\n\t<meta property=\"og:image:type\" content=\"image\/jpeg\" \/>\n<meta name=\"twitter:card\" content=\"summary_large_image\" \/>\n<script type=\"application\/ld+json\" class=\"yoast-schema-graph\">{\"@context\":\"https:\/\/schema.org\",\"@graph\":[{\"@type\":\"WebPage\",\"@id\":\"https:\/\/vinilozona.lt\/parduotuve\/naujos-lp\/ozzy-osbourne-%e2%80%8e-ordinary-man\/\",\"url\":\"https:\/\/vinilozona.lt\/parduotuve\/naujos-lp\/ozzy-osbourne-%e2%80%8e-ordinary-man\/\",\"name\":\"Ozzy Osbourne \u200e\u2013 Ordinary Man Vinilin\u0117 Plok\u0161tel\u0117 | Vinilozona.lt\",\"isPartOf\":{\"@id\":\"https:\/\/vinilozona.lt\/#website\"},\"primaryImageOfPage\":{\"@id\":\"https:\/\/vinilozona.lt\/parduotuve\/naujos-lp\/ozzy-osbourne-%e2%80%8e-ordinary-man\/#primaryimage\"},\"image\":{\"@id\":\"https:\/\/vinilozona.lt\/parduotuve\/naujos-lp\/ozzy-osbourne-%e2%80%8e-ordinary-man\/#primaryimage\"},\"thumbnailUrl\":\"https:\/\/vinilozona.lt\/wp-content\/uploads\/2020\/02\/R-14785380-1582132216-5081.jpeg.jpg\",\"datePublished\":\"2025-07-26T02:06:02+00:00\",\"dateModified\":\"2025-07-27T04:44:38+00:00\",\"breadcrumb\":{\"@id\":\"https:\/\/vinilozona.lt\/parduotuve\/naujos-lp\/ozzy-osbourne-%e2%80%8e-ordinary-man\/#breadcrumb\"},\"inLanguage\":\"en-GB\",\"potentialAction\":[{\"@type\":\"ReadAction\",\"target\":[\"https:\/\/vinilozona.lt\/parduotuve\/naujos-lp\/ozzy-osbourne-%e2%80%8e-ordinary-man\/\"]}]},{\"@type\":\"ImageObject\",\"inLanguage\":\"en-GB\",\"@id\":\"https:\/\/vinilozona.lt\/parduotuve\/naujos-lp\/ozzy-osbourne-%e2%80%8e-ordinary-man\/#primaryimage\",\"url\":\"https:\/\/vinilozona.lt\/wp-content\/uploads\/2020\/02\/R-14785380-1582132216-5081.jpeg.jpg\",\"contentUrl\":\"https:\/\/vinilozona.lt\/wp-content\/uploads\/2020\/02\/R-14785380-1582132216-5081.jpeg.jpg\",\"width\":600,\"height\":600},{\"@type\":\"BreadcrumbList\",\"@id\":\"https:\/\/vinilozona.lt\/parduotuve\/naujos-lp\/ozzy-osbourne-%e2%80%8e-ordinary-man\/#breadcrumb\",\"itemListElement\":[{\"@type\":\"ListItem\",\"position\":1,\"name\":\"Home\",\"item\":\"https:\/\/vinilozona.lt\/\"},{\"@type\":\"ListItem\",\"position\":2,\"name\":\"Parduotuv\u0117\",\"item\":\"https:\/\/vinilozona.lt\/parduotuve\/\"},{\"@type\":\"ListItem\",\"position\":3,\"name\":\"Ozzy Osbourne \u200e\u2013 Ordinary Man\"}]},{\"@type\":\"WebSite\",\"@id\":\"https:\/\/vinilozona.lt\/#website\",\"url\":\"https:\/\/vinilozona.lt\/\",\"name\":\"Vinilo Zona\",\"description\":\"Nup\u016bsk dulkes ir klausyk LP\",\"potentialAction\":[{\"@type\":\"SearchAction\",\"target\":{\"@type\":\"EntryPoint\",\"urlTemplate\":\"https:\/\/vinilozona.lt\/?s={search_term_string}\"},\"query-input\":{\"@type\":\"PropertyValueSpecification\",\"valueRequired\":true,\"valueName\":\"search_term_string\"}}],\"inLanguage\":\"en-GB\"}]}<\/script>\n<!-- \/ Yoast SEO plugin. -->","yoast_head_json":{"title":"Ozzy Osbourne \u200e\u2013 Ordinary Man Vinilin\u0117 Plok\u0161tel\u0117 | Vinilozona.lt","robots":{"index":"index","follow":"follow","max-snippet":"max-snippet:-1","max-image-preview":"max-image-preview:large","max-video-preview":"max-video-preview:-1"},"canonical":"https:\/\/vinilozona.lt\/en\/parduotuve\/naujos-lp\/ozzy-osbourne-\u200e-ordinary-man\/","og_locale":"en_GB","og_type":"article","og_title":"Ozzy Osbourne \u200e\u2013 Ordinary Man Vinilin\u0117 Plok\u0161tel\u0117 | Vinilozona.lt","og_description":"19439718451","og_url":"https:\/\/vinilozona.lt\/en\/parduotuve\/naujos-lp\/ozzy-osbourne-\u200e-ordinary-man\/","og_site_name":"Vinilo Zona","article_modified_time":"2025-07-27T04:44:38+00:00","og_image":[{"width":600,"height":600,"url":"https:\/\/vinilozona.lt\/wp-content\/uploads\/2020\/02\/R-14785380-1582132216-5081.jpeg.jpg","type":"image\/jpeg"}],"twitter_card":"summary_large_image","schema":{"@context":"https:\/\/schema.org","@graph":[{"@type":"WebPage","@id":"https:\/\/vinilozona.lt\/parduotuve\/naujos-lp\/ozzy-osbourne-%e2%80%8e-ordinary-man\/","url":"https:\/\/vinilozona.lt\/parduotuve\/naujos-lp\/ozzy-osbourne-%e2%80%8e-ordinary-man\/","name":"Ozzy Osbourne \u200e\u2013 Ordinary Man Vinilin\u0117 Plok\u0161tel\u0117 | Vinilozona.lt","isPartOf":{"@id":"https:\/\/vinilozona.lt\/#website"},"primaryImageOfPage":{"@id":"https:\/\/vinilozona.lt\/parduotuve\/naujos-lp\/ozzy-osbourne-%e2%80%8e-ordinary-man\/#primaryimage"},"image":{"@id":"https:\/\/vinilozona.lt\/parduotuve\/naujos-lp\/ozzy-osbourne-%e2%80%8e-ordinary-man\/#primaryimage"},"thumbnailUrl":"https:\/\/vinilozona.lt\/wp-content\/uploads\/2020\/02\/R-14785380-1582132216-5081.jpeg.jpg","datePublished":"2025-07-26T02:06:02+00:00","dateModified":"2025-07-27T04:44:38+00:00","breadcrumb":{"@id":"https:\/\/vinilozona.lt\/parduotuve\/naujos-lp\/ozzy-osbourne-%e2%80%8e-ordinary-man\/#breadcrumb"},"inLanguage":"en-GB","potentialAction":[{"@type":"ReadAction","target":["https:\/\/vinilozona.lt\/parduotuve\/naujos-lp\/ozzy-osbourne-%e2%80%8e-ordinary-man\/"]}]},{"@type":"ImageObject","inLanguage":"en-GB","@id":"https:\/\/vinilozona.lt\/parduotuve\/naujos-lp\/ozzy-osbourne-%e2%80%8e-ordinary-man\/#primaryimage","url":"https:\/\/vinilozona.lt\/wp-content\/uploads\/2020\/02\/R-14785380-1582132216-5081.jpeg.jpg","contentUrl":"https:\/\/vinilozona.lt\/wp-content\/uploads\/2020\/02\/R-14785380-1582132216-5081.jpeg.jpg","width":600,"height":600},{"@type":"BreadcrumbList","@id":"https:\/\/vinilozona.lt\/parduotuve\/naujos-lp\/ozzy-osbourne-%e2%80%8e-ordinary-man\/#breadcrumb","itemListElement":[{"@type":"ListItem","position":1,"name":"Home","item":"https:\/\/vinilozona.lt\/"},{"@type":"ListItem","position":2,"name":"Parduotuv\u0117","item":"https:\/\/vinilozona.lt\/parduotuve\/"},{"@type":"ListItem","position":3,"name":"Ozzy Osbourne \u200e\u2013 Ordinary Man"}]},{"@type":"WebSite","@id":"https:\/\/vinilozona.lt\/#website","url":"https:\/\/vinilozona.lt\/","name":"Vinilo Zona","description":"Nup\u016bsk dulkes ir klausyk LP","potentialAction":[{"@type":"SearchAction","target":{"@type":"EntryPoint","urlTemplate":"https:\/\/vinilozona.lt\/?s={search_term_string}"},"query-input":{"@type":"PropertyValueSpecification","valueRequired":true,"valueName":"search_term_string"}}],"inLanguage":"en-GB"}]}},"_links":{"self":[{"href":"https:\/\/vinilozona.lt\/en\/wp-json\/wp\/v2\/product\/6129"}],"collection":[{"href":"https:\/\/vinilozona.lt\/en\/wp-json\/wp\/v2\/product"}],"about":[{"href":"https:\/\/vinilozona.lt\/en\/wp-json\/wp\/v2\/types\/product"}],"wp:featuredmedia":[{"embeddable":true,"href":"https:\/\/vinilozona.lt\/en\/wp-json\/wp\/v2\/media\/6130"}],"wp:attachment":[{"href":"https:\/\/vinilozona.lt\/en\/wp-json\/wp\/v2\/media?parent=6129"}],"wp:term":[{"taxonomy":"product_cat","embeddable":true,"href":"https:\/\/vinilozona.lt\/en\/wp-json\/wp\/v2\/product_cat?post=6129"},{"taxonomy":"product_tag","embeddable":true,"href":"https:\/\/vinilozona.lt\/en\/wp-json\/wp\/v2\/product_tag?post=6129"}],"curies":[{"name":"wp","href":"https:\/\/api.w.org\/{rel}","templated":true}]}}