{"id":6067,"date":"2024-02-26T05:21:12","date_gmt":"2024-02-26T03:21:12","guid":{"rendered":"https:\/\/vinilozona.lt\/?post_type=product&#038;p=6067"},"modified":"2024-02-25T20:12:03","modified_gmt":"2024-02-25T18:12:03","slug":"karl-bartos-%e2%80%8e-communication","status":"publish","type":"product","link":"https:\/\/vinilozona.lt\/en\/parduotuve\/jazz\/karl-bartos-%e2%80%8e-communication\/","title":{"rendered":"Candy Dulfer \u2013 Right In My Soul (20th Anniversary Edition)"},"content":{"rendered":"<p>A1\t\tMy Love\t4:04<br \/>\nA2\t\tLet Me Show You\t3:18<br \/>\nA3\t\tRight In My Soul\t5:21<br \/>\nA4\t\tPower To The People\t6:02<br \/>\nB1\t\tIt&#8217;s My Life\t5:42<br \/>\nB2\t\tEveryday People\t5:31<br \/>\nB3\t\tPlay A Little Game\t3:21<br \/>\nC1\t\tFinsbury Park, Caf\u00e9 67\t4:43<br \/>\nC2\t\tFreak Out\t4:43<br \/>\nC3\t\tDecember\t4:27<br \/>\nC4\t\tValdez In The Country\t3:45<br \/>\nD1\t\tWhat\u00b4s In Your Head (Single Edit)\t3:32<br \/>\nD2\t\tLet Me Show You (JHQ Drum &#8216;n Bass Mix)\t4:25<br \/>\nD3\t\tLost And Gone\t6:03<\/p>","protected":false},"excerpt":{"rendered":"<p>Music On Vinyl \u2013 MOVLP3389<br \/>\nFormat:<br \/>\n2 x Vinyl, LP, Album, Limited Edition, Numbered, White Marbled Vinyl, 180g<br \/>\nCountry:\tEurope<br \/>\nReleased:\tJun 2, 2023<\/p>","protected":false},"featured_media":24269,"template":"","meta":[],"product_cat":[20,23],"product_tag":[74],"yoast_head":"<!-- This site is optimized with the Yoast SEO plugin v23.5 - https:\/\/yoast.com\/wordpress\/plugins\/seo\/ -->\n<title>Candy Dulfer \u2013 Right In My Soul (20th Anniversary Edition) Vinilin\u0117 Plok\u0161tel\u0117 | Vinilozona.lt<\/title>\n<meta name=\"robots\" content=\"index, follow, max-snippet:-1, max-image-preview:large, max-video-preview:-1\" \/>\n<link rel=\"canonical\" href=\"https:\/\/vinilozona.lt\/en\/parduotuve\/jazz\/karl-bartos-\u200e-communication\/\" \/>\n<meta property=\"og:locale\" content=\"en_GB\" \/>\n<meta property=\"og:type\" content=\"article\" \/>\n<meta property=\"og:title\" content=\"Candy Dulfer \u2013 Right In My Soul (20th Anniversary Edition) Vinilin\u0117 Plok\u0161tel\u0117 | Vinilozona.lt\" \/>\n<meta property=\"og:description\" content=\"Music On Vinyl \u2013 MOVLP3389 Format:  2 x Vinyl, LP, Album, Limited Edition, Numbered, White Marbled Vinyl, 180g Country: Europe Released: Jun 2, 2023\" \/>\n<meta property=\"og:url\" content=\"https:\/\/vinilozona.lt\/en\/parduotuve\/jazz\/karl-bartos-\u200e-communication\/\" \/>\n<meta property=\"og:site_name\" content=\"Vinilo Zona\" \/>\n<meta property=\"article:modified_time\" content=\"2024-02-25T18:12:03+00:00\" \/>\n<meta property=\"og:image\" content=\"https:\/\/vinilozona.lt\/wp-content\/uploads\/2020\/02\/R-27324264-1686257985-8792.jpg\" \/>\n\t<meta property=\"og:image:width\" content=\"599\" \/>\n\t<meta property=\"og:image:height\" content=\"600\" \/>\n\t<meta property=\"og:image:type\" content=\"image\/jpeg\" \/>\n<meta name=\"twitter:card\" content=\"summary_large_image\" \/>\n<script type=\"application\/ld+json\" class=\"yoast-schema-graph\">{\"@context\":\"https:\/\/schema.org\",\"@graph\":[{\"@type\":\"WebPage\",\"@id\":\"https:\/\/vinilozona.lt\/parduotuve\/jazz\/karl-bartos-%e2%80%8e-communication\/\",\"url\":\"https:\/\/vinilozona.lt\/parduotuve\/jazz\/karl-bartos-%e2%80%8e-communication\/\",\"name\":\"Candy Dulfer \u2013 Right In My Soul (20th Anniversary Edition) Vinilin\u0117 Plok\u0161tel\u0117 | Vinilozona.lt\",\"isPartOf\":{\"@id\":\"https:\/\/vinilozona.lt\/#website\"},\"primaryImageOfPage\":{\"@id\":\"https:\/\/vinilozona.lt\/parduotuve\/jazz\/karl-bartos-%e2%80%8e-communication\/#primaryimage\"},\"image\":{\"@id\":\"https:\/\/vinilozona.lt\/parduotuve\/jazz\/karl-bartos-%e2%80%8e-communication\/#primaryimage\"},\"thumbnailUrl\":\"https:\/\/vinilozona.lt\/wp-content\/uploads\/2020\/02\/R-27324264-1686257985-8792.jpg\",\"datePublished\":\"2024-02-26T03:21:12+00:00\",\"dateModified\":\"2024-02-25T18:12:03+00:00\",\"breadcrumb\":{\"@id\":\"https:\/\/vinilozona.lt\/parduotuve\/jazz\/karl-bartos-%e2%80%8e-communication\/#breadcrumb\"},\"inLanguage\":\"en-GB\",\"potentialAction\":[{\"@type\":\"ReadAction\",\"target\":[\"https:\/\/vinilozona.lt\/parduotuve\/jazz\/karl-bartos-%e2%80%8e-communication\/\"]}]},{\"@type\":\"ImageObject\",\"inLanguage\":\"en-GB\",\"@id\":\"https:\/\/vinilozona.lt\/parduotuve\/jazz\/karl-bartos-%e2%80%8e-communication\/#primaryimage\",\"url\":\"https:\/\/vinilozona.lt\/wp-content\/uploads\/2020\/02\/R-27324264-1686257985-8792.jpg\",\"contentUrl\":\"https:\/\/vinilozona.lt\/wp-content\/uploads\/2020\/02\/R-27324264-1686257985-8792.jpg\",\"width\":599,\"height\":600},{\"@type\":\"BreadcrumbList\",\"@id\":\"https:\/\/vinilozona.lt\/parduotuve\/jazz\/karl-bartos-%e2%80%8e-communication\/#breadcrumb\",\"itemListElement\":[{\"@type\":\"ListItem\",\"position\":1,\"name\":\"Home\",\"item\":\"https:\/\/vinilozona.lt\/\"},{\"@type\":\"ListItem\",\"position\":2,\"name\":\"Parduotuv\u0117\",\"item\":\"https:\/\/vinilozona.lt\/parduotuve\/\"},{\"@type\":\"ListItem\",\"position\":3,\"name\":\"Candy Dulfer \u2013 Right In My Soul (20th Anniversary Edition)\"}]},{\"@type\":\"WebSite\",\"@id\":\"https:\/\/vinilozona.lt\/#website\",\"url\":\"https:\/\/vinilozona.lt\/\",\"name\":\"Vinilo Zona\",\"description\":\"Nup\u016bsk dulkes ir klausyk LP\",\"potentialAction\":[{\"@type\":\"SearchAction\",\"target\":{\"@type\":\"EntryPoint\",\"urlTemplate\":\"https:\/\/vinilozona.lt\/?s={search_term_string}\"},\"query-input\":{\"@type\":\"PropertyValueSpecification\",\"valueRequired\":true,\"valueName\":\"search_term_string\"}}],\"inLanguage\":\"en-GB\"}]}<\/script>\n<!-- \/ Yoast SEO plugin. -->","yoast_head_json":{"title":"Candy Dulfer \u2013 Right In My Soul (20th Anniversary Edition) Vinilin\u0117 Plok\u0161tel\u0117 | Vinilozona.lt","robots":{"index":"index","follow":"follow","max-snippet":"max-snippet:-1","max-image-preview":"max-image-preview:large","max-video-preview":"max-video-preview:-1"},"canonical":"https:\/\/vinilozona.lt\/en\/parduotuve\/jazz\/karl-bartos-\u200e-communication\/","og_locale":"en_GB","og_type":"article","og_title":"Candy Dulfer \u2013 Right In My Soul (20th Anniversary Edition) Vinilin\u0117 Plok\u0161tel\u0117 | Vinilozona.lt","og_description":"Music On Vinyl \u2013 MOVLP3389 Format:  2 x Vinyl, LP, Album, Limited Edition, Numbered, White Marbled Vinyl, 180g Country: Europe Released: Jun 2, 2023","og_url":"https:\/\/vinilozona.lt\/en\/parduotuve\/jazz\/karl-bartos-\u200e-communication\/","og_site_name":"Vinilo Zona","article_modified_time":"2024-02-25T18:12:03+00:00","og_image":[{"width":599,"height":600,"url":"https:\/\/vinilozona.lt\/wp-content\/uploads\/2020\/02\/R-27324264-1686257985-8792.jpg","type":"image\/jpeg"}],"twitter_card":"summary_large_image","schema":{"@context":"https:\/\/schema.org","@graph":[{"@type":"WebPage","@id":"https:\/\/vinilozona.lt\/parduotuve\/jazz\/karl-bartos-%e2%80%8e-communication\/","url":"https:\/\/vinilozona.lt\/parduotuve\/jazz\/karl-bartos-%e2%80%8e-communication\/","name":"Candy Dulfer \u2013 Right In My Soul (20th Anniversary Edition) Vinilin\u0117 Plok\u0161tel\u0117 | Vinilozona.lt","isPartOf":{"@id":"https:\/\/vinilozona.lt\/#website"},"primaryImageOfPage":{"@id":"https:\/\/vinilozona.lt\/parduotuve\/jazz\/karl-bartos-%e2%80%8e-communication\/#primaryimage"},"image":{"@id":"https:\/\/vinilozona.lt\/parduotuve\/jazz\/karl-bartos-%e2%80%8e-communication\/#primaryimage"},"thumbnailUrl":"https:\/\/vinilozona.lt\/wp-content\/uploads\/2020\/02\/R-27324264-1686257985-8792.jpg","datePublished":"2024-02-26T03:21:12+00:00","dateModified":"2024-02-25T18:12:03+00:00","breadcrumb":{"@id":"https:\/\/vinilozona.lt\/parduotuve\/jazz\/karl-bartos-%e2%80%8e-communication\/#breadcrumb"},"inLanguage":"en-GB","potentialAction":[{"@type":"ReadAction","target":["https:\/\/vinilozona.lt\/parduotuve\/jazz\/karl-bartos-%e2%80%8e-communication\/"]}]},{"@type":"ImageObject","inLanguage":"en-GB","@id":"https:\/\/vinilozona.lt\/parduotuve\/jazz\/karl-bartos-%e2%80%8e-communication\/#primaryimage","url":"https:\/\/vinilozona.lt\/wp-content\/uploads\/2020\/02\/R-27324264-1686257985-8792.jpg","contentUrl":"https:\/\/vinilozona.lt\/wp-content\/uploads\/2020\/02\/R-27324264-1686257985-8792.jpg","width":599,"height":600},{"@type":"BreadcrumbList","@id":"https:\/\/vinilozona.lt\/parduotuve\/jazz\/karl-bartos-%e2%80%8e-communication\/#breadcrumb","itemListElement":[{"@type":"ListItem","position":1,"name":"Home","item":"https:\/\/vinilozona.lt\/"},{"@type":"ListItem","position":2,"name":"Parduotuv\u0117","item":"https:\/\/vinilozona.lt\/parduotuve\/"},{"@type":"ListItem","position":3,"name":"Candy Dulfer \u2013 Right In My Soul (20th Anniversary Edition)"}]},{"@type":"WebSite","@id":"https:\/\/vinilozona.lt\/#website","url":"https:\/\/vinilozona.lt\/","name":"Vinilo Zona","description":"Nup\u016bsk dulkes ir klausyk LP","potentialAction":[{"@type":"SearchAction","target":{"@type":"EntryPoint","urlTemplate":"https:\/\/vinilozona.lt\/?s={search_term_string}"},"query-input":{"@type":"PropertyValueSpecification","valueRequired":true,"valueName":"search_term_string"}}],"inLanguage":"en-GB"}]}},"_links":{"self":[{"href":"https:\/\/vinilozona.lt\/en\/wp-json\/wp\/v2\/product\/6067"}],"collection":[{"href":"https:\/\/vinilozona.lt\/en\/wp-json\/wp\/v2\/product"}],"about":[{"href":"https:\/\/vinilozona.lt\/en\/wp-json\/wp\/v2\/types\/product"}],"wp:featuredmedia":[{"embeddable":true,"href":"https:\/\/vinilozona.lt\/en\/wp-json\/wp\/v2\/media\/24269"}],"wp:attachment":[{"href":"https:\/\/vinilozona.lt\/en\/wp-json\/wp\/v2\/media?parent=6067"}],"wp:term":[{"taxonomy":"product_cat","embeddable":true,"href":"https:\/\/vinilozona.lt\/en\/wp-json\/wp\/v2\/product_cat?post=6067"},{"taxonomy":"product_tag","embeddable":true,"href":"https:\/\/vinilozona.lt\/en\/wp-json\/wp\/v2\/product_tag?post=6067"}],"curies":[{"name":"wp","href":"https:\/\/api.w.org\/{rel}","templated":true}]}}