{"id":5981,"date":"2024-05-24T05:00:20","date_gmt":"2024-05-24T02:00:20","guid":{"rendered":"https:\/\/vinilozona.lt\/?post_type=product&#038;p=5981"},"modified":"2024-05-22T16:45:23","modified_gmt":"2024-05-22T13:45:23","slug":"stevie-wonder-%e2%80%8e-in-square-circle","status":"publish","type":"product","link":"https:\/\/vinilozona.lt\/en\/parduotuve\/rock-pop\/stevie-wonder-%e2%80%8e-in-square-circle\/","title":{"rendered":"Stevie Wonder \u200e\u2013 In Square Circle"},"content":{"rendered":"<p>Part-Time Lover\t4:09<br \/>\nI Love You Too Much\t5:30<br \/>\nWhereabouts\t4:17<br \/>\nStranger On The Shore Of Love\t5:01<br \/>\nNever In Your Sun\t4:07<br \/>\nSpiritual Walkers\t5:12<br \/>\nLand Of La La\t5:14<br \/>\nGo Home\t5:18<br \/>\nOverjoyed\t3:42<br \/>\nIt&#8217;s Wrong (Apartheid)\t3:29<\/p>","protected":false},"excerpt":{"rendered":"<p>Tamla \u2013 T 6134<br \/>\nFormat:<br \/>\nVinyl, LP, Album, Quality Records Pressing Embossed, Gatefold<br \/>\nCountry:\tCanada<br \/>\nReleased:\t1985<\/p>","protected":false},"featured_media":5982,"template":"","meta":[],"product_cat":[15],"product_tag":[44],"yoast_head":"<!-- This site is optimized with the Yoast SEO plugin v23.5 - https:\/\/yoast.com\/wordpress\/plugins\/seo\/ -->\n<title>Stevie Wonder \u200e\u2013 In Square Circle Vinilin\u0117 Plok\u0161tel\u0117 | Vinilozona.lt<\/title>\n<meta name=\"robots\" content=\"index, follow, max-snippet:-1, max-image-preview:large, max-video-preview:-1\" \/>\n<link rel=\"canonical\" href=\"https:\/\/vinilozona.lt\/en\/parduotuve\/rock-pop\/stevie-wonder-\u200e-in-square-circle\/\" \/>\n<meta property=\"og:locale\" content=\"en_GB\" \/>\n<meta property=\"og:type\" content=\"article\" \/>\n<meta property=\"og:title\" content=\"Stevie Wonder \u200e\u2013 In Square Circle Vinilin\u0117 Plok\u0161tel\u0117 | Vinilozona.lt\" \/>\n<meta property=\"og:description\" content=\"Tamla \u2013 T 6134 Format:  Vinyl, LP, Album, Quality Records Pressing Embossed, Gatefold Country: Canada Released: 1985\" \/>\n<meta property=\"og:url\" content=\"https:\/\/vinilozona.lt\/en\/parduotuve\/rock-pop\/stevie-wonder-\u200e-in-square-circle\/\" \/>\n<meta property=\"og:site_name\" content=\"Vinilo Zona\" \/>\n<meta property=\"article:modified_time\" content=\"2024-05-22T13:45:23+00:00\" \/>\n<meta property=\"og:image\" content=\"https:\/\/vinilozona.lt\/wp-content\/uploads\/2020\/02\/R-469424-1580891831-1011.jpeg.jpg\" \/>\n\t<meta property=\"og:image:width\" content=\"600\" \/>\n\t<meta property=\"og:image:height\" content=\"592\" \/>\n\t<meta property=\"og:image:type\" content=\"image\/jpeg\" \/>\n<meta name=\"twitter:card\" content=\"summary_large_image\" \/>\n<script type=\"application\/ld+json\" class=\"yoast-schema-graph\">{\"@context\":\"https:\/\/schema.org\",\"@graph\":[{\"@type\":\"WebPage\",\"@id\":\"https:\/\/vinilozona.lt\/en\/parduotuve\/rock-pop\/stevie-wonder-%e2%80%8e-in-square-circle\/\",\"url\":\"https:\/\/vinilozona.lt\/en\/parduotuve\/rock-pop\/stevie-wonder-%e2%80%8e-in-square-circle\/\",\"name\":\"Stevie Wonder \u200e\u2013 In Square Circle Vinilin\u0117 Plok\u0161tel\u0117 | Vinilozona.lt\",\"isPartOf\":{\"@id\":\"https:\/\/vinilozona.lt\/#website\"},\"primaryImageOfPage\":{\"@id\":\"https:\/\/vinilozona.lt\/en\/parduotuve\/rock-pop\/stevie-wonder-%e2%80%8e-in-square-circle\/#primaryimage\"},\"image\":{\"@id\":\"https:\/\/vinilozona.lt\/en\/parduotuve\/rock-pop\/stevie-wonder-%e2%80%8e-in-square-circle\/#primaryimage\"},\"thumbnailUrl\":\"https:\/\/vinilozona.lt\/wp-content\/uploads\/2020\/02\/R-469424-1580891831-1011.jpeg.jpg\",\"datePublished\":\"2024-05-24T02:00:20+00:00\",\"dateModified\":\"2024-05-22T13:45:23+00:00\",\"breadcrumb\":{\"@id\":\"https:\/\/vinilozona.lt\/en\/parduotuve\/rock-pop\/stevie-wonder-%e2%80%8e-in-square-circle\/#breadcrumb\"},\"inLanguage\":\"en-GB\",\"potentialAction\":[{\"@type\":\"ReadAction\",\"target\":[\"https:\/\/vinilozona.lt\/en\/parduotuve\/rock-pop\/stevie-wonder-%e2%80%8e-in-square-circle\/\"]}]},{\"@type\":\"ImageObject\",\"inLanguage\":\"en-GB\",\"@id\":\"https:\/\/vinilozona.lt\/en\/parduotuve\/rock-pop\/stevie-wonder-%e2%80%8e-in-square-circle\/#primaryimage\",\"url\":\"https:\/\/vinilozona.lt\/wp-content\/uploads\/2020\/02\/R-469424-1580891831-1011.jpeg.jpg\",\"contentUrl\":\"https:\/\/vinilozona.lt\/wp-content\/uploads\/2020\/02\/R-469424-1580891831-1011.jpeg.jpg\",\"width\":600,\"height\":592},{\"@type\":\"BreadcrumbList\",\"@id\":\"https:\/\/vinilozona.lt\/en\/parduotuve\/rock-pop\/stevie-wonder-%e2%80%8e-in-square-circle\/#breadcrumb\",\"itemListElement\":[{\"@type\":\"ListItem\",\"position\":1,\"name\":\"Home\",\"item\":\"https:\/\/vinilozona.lt\/\"},{\"@type\":\"ListItem\",\"position\":2,\"name\":\"Parduotuv\u0117\",\"item\":\"https:\/\/vinilozona.lt\/parduotuve\/\"},{\"@type\":\"ListItem\",\"position\":3,\"name\":\"Stevie Wonder \u200e\u2013 In Square Circle\"}]},{\"@type\":\"WebSite\",\"@id\":\"https:\/\/vinilozona.lt\/#website\",\"url\":\"https:\/\/vinilozona.lt\/\",\"name\":\"Vinilo Zona\",\"description\":\"Nup\u016bsk dulkes ir klausyk LP\",\"potentialAction\":[{\"@type\":\"SearchAction\",\"target\":{\"@type\":\"EntryPoint\",\"urlTemplate\":\"https:\/\/vinilozona.lt\/?s={search_term_string}\"},\"query-input\":{\"@type\":\"PropertyValueSpecification\",\"valueRequired\":true,\"valueName\":\"search_term_string\"}}],\"inLanguage\":\"en-GB\"}]}<\/script>\n<!-- \/ Yoast SEO plugin. -->","yoast_head_json":{"title":"Stevie Wonder \u200e\u2013 In Square Circle Vinilin\u0117 Plok\u0161tel\u0117 | Vinilozona.lt","robots":{"index":"index","follow":"follow","max-snippet":"max-snippet:-1","max-image-preview":"max-image-preview:large","max-video-preview":"max-video-preview:-1"},"canonical":"https:\/\/vinilozona.lt\/en\/parduotuve\/rock-pop\/stevie-wonder-\u200e-in-square-circle\/","og_locale":"en_GB","og_type":"article","og_title":"Stevie Wonder \u200e\u2013 In Square Circle Vinilin\u0117 Plok\u0161tel\u0117 | Vinilozona.lt","og_description":"Tamla \u2013 T 6134 Format:  Vinyl, LP, Album, Quality Records Pressing Embossed, Gatefold Country: Canada Released: 1985","og_url":"https:\/\/vinilozona.lt\/en\/parduotuve\/rock-pop\/stevie-wonder-\u200e-in-square-circle\/","og_site_name":"Vinilo Zona","article_modified_time":"2024-05-22T13:45:23+00:00","og_image":[{"width":600,"height":592,"url":"https:\/\/vinilozona.lt\/wp-content\/uploads\/2020\/02\/R-469424-1580891831-1011.jpeg.jpg","type":"image\/jpeg"}],"twitter_card":"summary_large_image","schema":{"@context":"https:\/\/schema.org","@graph":[{"@type":"WebPage","@id":"https:\/\/vinilozona.lt\/en\/parduotuve\/rock-pop\/stevie-wonder-%e2%80%8e-in-square-circle\/","url":"https:\/\/vinilozona.lt\/en\/parduotuve\/rock-pop\/stevie-wonder-%e2%80%8e-in-square-circle\/","name":"Stevie Wonder \u200e\u2013 In Square Circle Vinilin\u0117 Plok\u0161tel\u0117 | Vinilozona.lt","isPartOf":{"@id":"https:\/\/vinilozona.lt\/#website"},"primaryImageOfPage":{"@id":"https:\/\/vinilozona.lt\/en\/parduotuve\/rock-pop\/stevie-wonder-%e2%80%8e-in-square-circle\/#primaryimage"},"image":{"@id":"https:\/\/vinilozona.lt\/en\/parduotuve\/rock-pop\/stevie-wonder-%e2%80%8e-in-square-circle\/#primaryimage"},"thumbnailUrl":"https:\/\/vinilozona.lt\/wp-content\/uploads\/2020\/02\/R-469424-1580891831-1011.jpeg.jpg","datePublished":"2024-05-24T02:00:20+00:00","dateModified":"2024-05-22T13:45:23+00:00","breadcrumb":{"@id":"https:\/\/vinilozona.lt\/en\/parduotuve\/rock-pop\/stevie-wonder-%e2%80%8e-in-square-circle\/#breadcrumb"},"inLanguage":"en-GB","potentialAction":[{"@type":"ReadAction","target":["https:\/\/vinilozona.lt\/en\/parduotuve\/rock-pop\/stevie-wonder-%e2%80%8e-in-square-circle\/"]}]},{"@type":"ImageObject","inLanguage":"en-GB","@id":"https:\/\/vinilozona.lt\/en\/parduotuve\/rock-pop\/stevie-wonder-%e2%80%8e-in-square-circle\/#primaryimage","url":"https:\/\/vinilozona.lt\/wp-content\/uploads\/2020\/02\/R-469424-1580891831-1011.jpeg.jpg","contentUrl":"https:\/\/vinilozona.lt\/wp-content\/uploads\/2020\/02\/R-469424-1580891831-1011.jpeg.jpg","width":600,"height":592},{"@type":"BreadcrumbList","@id":"https:\/\/vinilozona.lt\/en\/parduotuve\/rock-pop\/stevie-wonder-%e2%80%8e-in-square-circle\/#breadcrumb","itemListElement":[{"@type":"ListItem","position":1,"name":"Home","item":"https:\/\/vinilozona.lt\/"},{"@type":"ListItem","position":2,"name":"Parduotuv\u0117","item":"https:\/\/vinilozona.lt\/parduotuve\/"},{"@type":"ListItem","position":3,"name":"Stevie Wonder \u200e\u2013 In Square Circle"}]},{"@type":"WebSite","@id":"https:\/\/vinilozona.lt\/#website","url":"https:\/\/vinilozona.lt\/","name":"Vinilo Zona","description":"Nup\u016bsk dulkes ir klausyk LP","potentialAction":[{"@type":"SearchAction","target":{"@type":"EntryPoint","urlTemplate":"https:\/\/vinilozona.lt\/?s={search_term_string}"},"query-input":{"@type":"PropertyValueSpecification","valueRequired":true,"valueName":"search_term_string"}}],"inLanguage":"en-GB"}]}},"_links":{"self":[{"href":"https:\/\/vinilozona.lt\/en\/wp-json\/wp\/v2\/product\/5981"}],"collection":[{"href":"https:\/\/vinilozona.lt\/en\/wp-json\/wp\/v2\/product"}],"about":[{"href":"https:\/\/vinilozona.lt\/en\/wp-json\/wp\/v2\/types\/product"}],"wp:featuredmedia":[{"embeddable":true,"href":"https:\/\/vinilozona.lt\/en\/wp-json\/wp\/v2\/media\/5982"}],"wp:attachment":[{"href":"https:\/\/vinilozona.lt\/en\/wp-json\/wp\/v2\/media?parent=5981"}],"wp:term":[{"taxonomy":"product_cat","embeddable":true,"href":"https:\/\/vinilozona.lt\/en\/wp-json\/wp\/v2\/product_cat?post=5981"},{"taxonomy":"product_tag","embeddable":true,"href":"https:\/\/vinilozona.lt\/en\/wp-json\/wp\/v2\/product_tag?post=5981"}],"curies":[{"name":"wp","href":"https:\/\/api.w.org\/{rel}","templated":true}]}}