{"id":5979,"date":"2023-03-17T05:21:50","date_gmt":"2023-03-17T03:21:50","guid":{"rendered":"https:\/\/vinilozona.lt\/?post_type=product&#038;p=5979"},"modified":"2023-04-09T07:23:43","modified_gmt":"2023-04-09T04:23:43","slug":"janis-joplin-%e2%80%8e-pearl","status":"publish","type":"product","link":"https:\/\/vinilozona.lt\/en\/parduotuve\/naujos-lp\/janis-joplin-%e2%80%8e-pearl\/","title":{"rendered":"Janis Joplin \u200e\u2013 Pearl"},"content":{"rendered":"<p>Move Over\t3:40<br \/>\nCry Baby\t3:55<br \/>\nA Woman Left Lonely\t3:26<br \/>\nHalf Moon\t3:50<br \/>\nBuried Alive In The Blues\t2:23<br \/>\nMy Baby\t3:43<br \/>\nMe &#038; Bobby McGee\t4:28<br \/>\nMercedes Benz\t1:45<br \/>\nTrust Me\t3:14<br \/>\nGet It While You Can\t3:22<\/p>","protected":false},"excerpt":{"rendered":"<p>Columbia \u2013 88697 97825 1<br \/>\nFormat:<br \/>\nVinyl, LP, Album, Reissue, 180g<br \/>\nCountry:\tEU<br \/>\nReleased:\t2020<\/p>","protected":false},"featured_media":5980,"template":"","meta":[],"product_cat":[23],"product_tag":[44],"yoast_head":"<!-- This site is optimized with the Yoast SEO plugin v23.5 - https:\/\/yoast.com\/wordpress\/plugins\/seo\/ -->\n<title>Janis Joplin \u200e\u2013 Pearl Vinilin\u0117 Plok\u0161tel\u0117 | Vinilozona.lt<\/title>\n<meta name=\"robots\" content=\"index, follow, max-snippet:-1, max-image-preview:large, max-video-preview:-1\" \/>\n<link rel=\"canonical\" href=\"https:\/\/vinilozona.lt\/en\/parduotuve\/naujos-lp\/janis-joplin-\u200e-pearl\/\" \/>\n<meta property=\"og:locale\" content=\"en_GB\" \/>\n<meta property=\"og:type\" content=\"article\" \/>\n<meta property=\"og:title\" content=\"Janis Joplin \u200e\u2013 Pearl Vinilin\u0117 Plok\u0161tel\u0117 | Vinilozona.lt\" \/>\n<meta property=\"og:description\" content=\"Columbia \u2013 88697 97825 1 Format:  Vinyl, LP, Album, Reissue, 180g Country: EU Released: 2020\" \/>\n<meta property=\"og:url\" content=\"https:\/\/vinilozona.lt\/en\/parduotuve\/naujos-lp\/janis-joplin-\u200e-pearl\/\" \/>\n<meta property=\"og:site_name\" content=\"Vinilo Zona\" \/>\n<meta property=\"article:modified_time\" content=\"2023-04-09T04:23:43+00:00\" \/>\n<meta property=\"og:image\" content=\"https:\/\/vinilozona.lt\/wp-content\/uploads\/2020\/02\/R-518863-1504891480-7191.jpeg.jpg\" \/>\n\t<meta property=\"og:image:width\" content=\"599\" \/>\n\t<meta property=\"og:image:height\" content=\"607\" \/>\n\t<meta property=\"og:image:type\" content=\"image\/jpeg\" \/>\n<meta name=\"twitter:card\" content=\"summary_large_image\" \/>\n<script type=\"application\/ld+json\" class=\"yoast-schema-graph\">{\"@context\":\"https:\/\/schema.org\",\"@graph\":[{\"@type\":\"WebPage\",\"@id\":\"https:\/\/vinilozona.lt\/parduotuve\/naujos-lp\/janis-joplin-%e2%80%8e-pearl\/\",\"url\":\"https:\/\/vinilozona.lt\/parduotuve\/naujos-lp\/janis-joplin-%e2%80%8e-pearl\/\",\"name\":\"Janis Joplin \u200e\u2013 Pearl Vinilin\u0117 Plok\u0161tel\u0117 | Vinilozona.lt\",\"isPartOf\":{\"@id\":\"https:\/\/vinilozona.lt\/#website\"},\"primaryImageOfPage\":{\"@id\":\"https:\/\/vinilozona.lt\/parduotuve\/naujos-lp\/janis-joplin-%e2%80%8e-pearl\/#primaryimage\"},\"image\":{\"@id\":\"https:\/\/vinilozona.lt\/parduotuve\/naujos-lp\/janis-joplin-%e2%80%8e-pearl\/#primaryimage\"},\"thumbnailUrl\":\"https:\/\/vinilozona.lt\/wp-content\/uploads\/2020\/02\/R-518863-1504891480-7191.jpeg.jpg\",\"datePublished\":\"2023-03-17T03:21:50+00:00\",\"dateModified\":\"2023-04-09T04:23:43+00:00\",\"breadcrumb\":{\"@id\":\"https:\/\/vinilozona.lt\/parduotuve\/naujos-lp\/janis-joplin-%e2%80%8e-pearl\/#breadcrumb\"},\"inLanguage\":\"en-GB\",\"potentialAction\":[{\"@type\":\"ReadAction\",\"target\":[\"https:\/\/vinilozona.lt\/parduotuve\/naujos-lp\/janis-joplin-%e2%80%8e-pearl\/\"]}]},{\"@type\":\"ImageObject\",\"inLanguage\":\"en-GB\",\"@id\":\"https:\/\/vinilozona.lt\/parduotuve\/naujos-lp\/janis-joplin-%e2%80%8e-pearl\/#primaryimage\",\"url\":\"https:\/\/vinilozona.lt\/wp-content\/uploads\/2020\/02\/R-518863-1504891480-7191.jpeg.jpg\",\"contentUrl\":\"https:\/\/vinilozona.lt\/wp-content\/uploads\/2020\/02\/R-518863-1504891480-7191.jpeg.jpg\",\"width\":599,\"height\":607},{\"@type\":\"BreadcrumbList\",\"@id\":\"https:\/\/vinilozona.lt\/parduotuve\/naujos-lp\/janis-joplin-%e2%80%8e-pearl\/#breadcrumb\",\"itemListElement\":[{\"@type\":\"ListItem\",\"position\":1,\"name\":\"Home\",\"item\":\"https:\/\/vinilozona.lt\/\"},{\"@type\":\"ListItem\",\"position\":2,\"name\":\"Parduotuv\u0117\",\"item\":\"https:\/\/vinilozona.lt\/parduotuve\/\"},{\"@type\":\"ListItem\",\"position\":3,\"name\":\"Janis Joplin \u200e\u2013 Pearl\"}]},{\"@type\":\"WebSite\",\"@id\":\"https:\/\/vinilozona.lt\/#website\",\"url\":\"https:\/\/vinilozona.lt\/\",\"name\":\"Vinilo Zona\",\"description\":\"Nup\u016bsk dulkes ir klausyk LP\",\"potentialAction\":[{\"@type\":\"SearchAction\",\"target\":{\"@type\":\"EntryPoint\",\"urlTemplate\":\"https:\/\/vinilozona.lt\/?s={search_term_string}\"},\"query-input\":{\"@type\":\"PropertyValueSpecification\",\"valueRequired\":true,\"valueName\":\"search_term_string\"}}],\"inLanguage\":\"en-GB\"}]}<\/script>\n<!-- \/ Yoast SEO plugin. -->","yoast_head_json":{"title":"Janis Joplin \u200e\u2013 Pearl Vinilin\u0117 Plok\u0161tel\u0117 | Vinilozona.lt","robots":{"index":"index","follow":"follow","max-snippet":"max-snippet:-1","max-image-preview":"max-image-preview:large","max-video-preview":"max-video-preview:-1"},"canonical":"https:\/\/vinilozona.lt\/en\/parduotuve\/naujos-lp\/janis-joplin-\u200e-pearl\/","og_locale":"en_GB","og_type":"article","og_title":"Janis Joplin \u200e\u2013 Pearl Vinilin\u0117 Plok\u0161tel\u0117 | Vinilozona.lt","og_description":"Columbia \u2013 88697 97825 1 Format:  Vinyl, LP, Album, Reissue, 180g Country: EU Released: 2020","og_url":"https:\/\/vinilozona.lt\/en\/parduotuve\/naujos-lp\/janis-joplin-\u200e-pearl\/","og_site_name":"Vinilo Zona","article_modified_time":"2023-04-09T04:23:43+00:00","og_image":[{"width":599,"height":607,"url":"https:\/\/vinilozona.lt\/wp-content\/uploads\/2020\/02\/R-518863-1504891480-7191.jpeg.jpg","type":"image\/jpeg"}],"twitter_card":"summary_large_image","schema":{"@context":"https:\/\/schema.org","@graph":[{"@type":"WebPage","@id":"https:\/\/vinilozona.lt\/parduotuve\/naujos-lp\/janis-joplin-%e2%80%8e-pearl\/","url":"https:\/\/vinilozona.lt\/parduotuve\/naujos-lp\/janis-joplin-%e2%80%8e-pearl\/","name":"Janis Joplin \u200e\u2013 Pearl Vinilin\u0117 Plok\u0161tel\u0117 | Vinilozona.lt","isPartOf":{"@id":"https:\/\/vinilozona.lt\/#website"},"primaryImageOfPage":{"@id":"https:\/\/vinilozona.lt\/parduotuve\/naujos-lp\/janis-joplin-%e2%80%8e-pearl\/#primaryimage"},"image":{"@id":"https:\/\/vinilozona.lt\/parduotuve\/naujos-lp\/janis-joplin-%e2%80%8e-pearl\/#primaryimage"},"thumbnailUrl":"https:\/\/vinilozona.lt\/wp-content\/uploads\/2020\/02\/R-518863-1504891480-7191.jpeg.jpg","datePublished":"2023-03-17T03:21:50+00:00","dateModified":"2023-04-09T04:23:43+00:00","breadcrumb":{"@id":"https:\/\/vinilozona.lt\/parduotuve\/naujos-lp\/janis-joplin-%e2%80%8e-pearl\/#breadcrumb"},"inLanguage":"en-GB","potentialAction":[{"@type":"ReadAction","target":["https:\/\/vinilozona.lt\/parduotuve\/naujos-lp\/janis-joplin-%e2%80%8e-pearl\/"]}]},{"@type":"ImageObject","inLanguage":"en-GB","@id":"https:\/\/vinilozona.lt\/parduotuve\/naujos-lp\/janis-joplin-%e2%80%8e-pearl\/#primaryimage","url":"https:\/\/vinilozona.lt\/wp-content\/uploads\/2020\/02\/R-518863-1504891480-7191.jpeg.jpg","contentUrl":"https:\/\/vinilozona.lt\/wp-content\/uploads\/2020\/02\/R-518863-1504891480-7191.jpeg.jpg","width":599,"height":607},{"@type":"BreadcrumbList","@id":"https:\/\/vinilozona.lt\/parduotuve\/naujos-lp\/janis-joplin-%e2%80%8e-pearl\/#breadcrumb","itemListElement":[{"@type":"ListItem","position":1,"name":"Home","item":"https:\/\/vinilozona.lt\/"},{"@type":"ListItem","position":2,"name":"Parduotuv\u0117","item":"https:\/\/vinilozona.lt\/parduotuve\/"},{"@type":"ListItem","position":3,"name":"Janis Joplin \u200e\u2013 Pearl"}]},{"@type":"WebSite","@id":"https:\/\/vinilozona.lt\/#website","url":"https:\/\/vinilozona.lt\/","name":"Vinilo Zona","description":"Nup\u016bsk dulkes ir klausyk LP","potentialAction":[{"@type":"SearchAction","target":{"@type":"EntryPoint","urlTemplate":"https:\/\/vinilozona.lt\/?s={search_term_string}"},"query-input":{"@type":"PropertyValueSpecification","valueRequired":true,"valueName":"search_term_string"}}],"inLanguage":"en-GB"}]}},"_links":{"self":[{"href":"https:\/\/vinilozona.lt\/en\/wp-json\/wp\/v2\/product\/5979"}],"collection":[{"href":"https:\/\/vinilozona.lt\/en\/wp-json\/wp\/v2\/product"}],"about":[{"href":"https:\/\/vinilozona.lt\/en\/wp-json\/wp\/v2\/types\/product"}],"wp:featuredmedia":[{"embeddable":true,"href":"https:\/\/vinilozona.lt\/en\/wp-json\/wp\/v2\/media\/5980"}],"wp:attachment":[{"href":"https:\/\/vinilozona.lt\/en\/wp-json\/wp\/v2\/media?parent=5979"}],"wp:term":[{"taxonomy":"product_cat","embeddable":true,"href":"https:\/\/vinilozona.lt\/en\/wp-json\/wp\/v2\/product_cat?post=5979"},{"taxonomy":"product_tag","embeddable":true,"href":"https:\/\/vinilozona.lt\/en\/wp-json\/wp\/v2\/product_tag?post=5979"}],"curies":[{"name":"wp","href":"https:\/\/api.w.org\/{rel}","templated":true}]}}