{"id":5885,"date":"2020-02-23T17:34:31","date_gmt":"2020-02-23T15:34:31","guid":{"rendered":"https:\/\/vinilozona.lt\/?post_type=product&#038;p=5885"},"modified":"2020-03-06T06:31:37","modified_gmt":"2020-03-06T04:31:37","slug":"gentle-giant-%e2%80%8e-in-a-glass-house","status":"publish","type":"product","link":"https:\/\/vinilozona.lt\/en\/parduotuve\/rock-pop\/gentle-giant-%e2%80%8e-in-a-glass-house\/","title":{"rendered":"Gentle Giant \u200e\u2013 In A Glass House"},"content":{"rendered":"","protected":false},"excerpt":{"rendered":"<p>TA 2003 <\/p>","protected":false},"featured_media":5886,"template":"","meta":[],"product_cat":[15,21],"product_tag":[44],"yoast_head":"<!-- This site is optimized with the Yoast SEO plugin v23.5 - https:\/\/yoast.com\/wordpress\/plugins\/seo\/ -->\n<title>Gentle Giant \u200e\u2013 In A Glass House Vinilin\u0117 Plok\u0161tel\u0117 | Vinilozona.lt<\/title>\n<meta name=\"robots\" content=\"index, follow, max-snippet:-1, max-image-preview:large, max-video-preview:-1\" \/>\n<link rel=\"canonical\" href=\"https:\/\/vinilozona.lt\/en\/parduotuve\/rock-pop\/gentle-giant-\u200e-in-a-glass-house\/\" \/>\n<meta property=\"og:locale\" content=\"en_GB\" \/>\n<meta property=\"og:type\" content=\"article\" \/>\n<meta property=\"og:title\" content=\"Gentle Giant \u200e\u2013 In A Glass House Vinilin\u0117 Plok\u0161tel\u0117 | Vinilozona.lt\" \/>\n<meta property=\"og:description\" content=\"TA 2003\" \/>\n<meta property=\"og:url\" content=\"https:\/\/vinilozona.lt\/en\/parduotuve\/rock-pop\/gentle-giant-\u200e-in-a-glass-house\/\" \/>\n<meta property=\"og:site_name\" content=\"Vinilo Zona\" \/>\n<meta property=\"article:modified_time\" content=\"2020-03-06T04:31:37+00:00\" \/>\n<meta property=\"og:image\" content=\"https:\/\/vinilozona.lt\/wp-content\/uploads\/2020\/02\/R-3261445-1322844690.jpeg.jpg\" \/>\n\t<meta property=\"og:image:width\" content=\"500\" \/>\n\t<meta property=\"og:image:height\" content=\"497\" \/>\n\t<meta property=\"og:image:type\" content=\"image\/jpeg\" \/>\n<meta name=\"twitter:card\" content=\"summary_large_image\" \/>\n<script type=\"application\/ld+json\" class=\"yoast-schema-graph\">{\"@context\":\"https:\/\/schema.org\",\"@graph\":[{\"@type\":\"WebPage\",\"@id\":\"https:\/\/vinilozona.lt\/parduotuve\/rock-pop\/gentle-giant-%e2%80%8e-in-a-glass-house\/\",\"url\":\"https:\/\/vinilozona.lt\/parduotuve\/rock-pop\/gentle-giant-%e2%80%8e-in-a-glass-house\/\",\"name\":\"Gentle Giant \u200e\u2013 In A Glass House Vinilin\u0117 Plok\u0161tel\u0117 | Vinilozona.lt\",\"isPartOf\":{\"@id\":\"https:\/\/vinilozona.lt\/#website\"},\"primaryImageOfPage\":{\"@id\":\"https:\/\/vinilozona.lt\/parduotuve\/rock-pop\/gentle-giant-%e2%80%8e-in-a-glass-house\/#primaryimage\"},\"image\":{\"@id\":\"https:\/\/vinilozona.lt\/parduotuve\/rock-pop\/gentle-giant-%e2%80%8e-in-a-glass-house\/#primaryimage\"},\"thumbnailUrl\":\"https:\/\/vinilozona.lt\/wp-content\/uploads\/2020\/02\/R-3261445-1322844690.jpeg.jpg\",\"datePublished\":\"2020-02-23T15:34:31+00:00\",\"dateModified\":\"2020-03-06T04:31:37+00:00\",\"breadcrumb\":{\"@id\":\"https:\/\/vinilozona.lt\/parduotuve\/rock-pop\/gentle-giant-%e2%80%8e-in-a-glass-house\/#breadcrumb\"},\"inLanguage\":\"en-GB\",\"potentialAction\":[{\"@type\":\"ReadAction\",\"target\":[\"https:\/\/vinilozona.lt\/parduotuve\/rock-pop\/gentle-giant-%e2%80%8e-in-a-glass-house\/\"]}]},{\"@type\":\"ImageObject\",\"inLanguage\":\"en-GB\",\"@id\":\"https:\/\/vinilozona.lt\/parduotuve\/rock-pop\/gentle-giant-%e2%80%8e-in-a-glass-house\/#primaryimage\",\"url\":\"https:\/\/vinilozona.lt\/wp-content\/uploads\/2020\/02\/R-3261445-1322844690.jpeg.jpg\",\"contentUrl\":\"https:\/\/vinilozona.lt\/wp-content\/uploads\/2020\/02\/R-3261445-1322844690.jpeg.jpg\",\"width\":500,\"height\":497},{\"@type\":\"BreadcrumbList\",\"@id\":\"https:\/\/vinilozona.lt\/parduotuve\/rock-pop\/gentle-giant-%e2%80%8e-in-a-glass-house\/#breadcrumb\",\"itemListElement\":[{\"@type\":\"ListItem\",\"position\":1,\"name\":\"Home\",\"item\":\"https:\/\/vinilozona.lt\/\"},{\"@type\":\"ListItem\",\"position\":2,\"name\":\"Parduotuv\u0117\",\"item\":\"https:\/\/vinilozona.lt\/parduotuve\/\"},{\"@type\":\"ListItem\",\"position\":3,\"name\":\"Gentle Giant \u200e\u2013 In A Glass House\"}]},{\"@type\":\"WebSite\",\"@id\":\"https:\/\/vinilozona.lt\/#website\",\"url\":\"https:\/\/vinilozona.lt\/\",\"name\":\"Vinilo Zona\",\"description\":\"Nup\u016bsk dulkes ir klausyk LP\",\"potentialAction\":[{\"@type\":\"SearchAction\",\"target\":{\"@type\":\"EntryPoint\",\"urlTemplate\":\"https:\/\/vinilozona.lt\/?s={search_term_string}\"},\"query-input\":{\"@type\":\"PropertyValueSpecification\",\"valueRequired\":true,\"valueName\":\"search_term_string\"}}],\"inLanguage\":\"en-GB\"}]}<\/script>\n<!-- \/ Yoast SEO plugin. -->","yoast_head_json":{"title":"Gentle Giant \u200e\u2013 In A Glass House Vinilin\u0117 Plok\u0161tel\u0117 | Vinilozona.lt","robots":{"index":"index","follow":"follow","max-snippet":"max-snippet:-1","max-image-preview":"max-image-preview:large","max-video-preview":"max-video-preview:-1"},"canonical":"https:\/\/vinilozona.lt\/en\/parduotuve\/rock-pop\/gentle-giant-\u200e-in-a-glass-house\/","og_locale":"en_GB","og_type":"article","og_title":"Gentle Giant \u200e\u2013 In A Glass House Vinilin\u0117 Plok\u0161tel\u0117 | Vinilozona.lt","og_description":"TA 2003","og_url":"https:\/\/vinilozona.lt\/en\/parduotuve\/rock-pop\/gentle-giant-\u200e-in-a-glass-house\/","og_site_name":"Vinilo Zona","article_modified_time":"2020-03-06T04:31:37+00:00","og_image":[{"width":500,"height":497,"url":"https:\/\/vinilozona.lt\/wp-content\/uploads\/2020\/02\/R-3261445-1322844690.jpeg.jpg","type":"image\/jpeg"}],"twitter_card":"summary_large_image","schema":{"@context":"https:\/\/schema.org","@graph":[{"@type":"WebPage","@id":"https:\/\/vinilozona.lt\/parduotuve\/rock-pop\/gentle-giant-%e2%80%8e-in-a-glass-house\/","url":"https:\/\/vinilozona.lt\/parduotuve\/rock-pop\/gentle-giant-%e2%80%8e-in-a-glass-house\/","name":"Gentle Giant \u200e\u2013 In A Glass House Vinilin\u0117 Plok\u0161tel\u0117 | Vinilozona.lt","isPartOf":{"@id":"https:\/\/vinilozona.lt\/#website"},"primaryImageOfPage":{"@id":"https:\/\/vinilozona.lt\/parduotuve\/rock-pop\/gentle-giant-%e2%80%8e-in-a-glass-house\/#primaryimage"},"image":{"@id":"https:\/\/vinilozona.lt\/parduotuve\/rock-pop\/gentle-giant-%e2%80%8e-in-a-glass-house\/#primaryimage"},"thumbnailUrl":"https:\/\/vinilozona.lt\/wp-content\/uploads\/2020\/02\/R-3261445-1322844690.jpeg.jpg","datePublished":"2020-02-23T15:34:31+00:00","dateModified":"2020-03-06T04:31:37+00:00","breadcrumb":{"@id":"https:\/\/vinilozona.lt\/parduotuve\/rock-pop\/gentle-giant-%e2%80%8e-in-a-glass-house\/#breadcrumb"},"inLanguage":"en-GB","potentialAction":[{"@type":"ReadAction","target":["https:\/\/vinilozona.lt\/parduotuve\/rock-pop\/gentle-giant-%e2%80%8e-in-a-glass-house\/"]}]},{"@type":"ImageObject","inLanguage":"en-GB","@id":"https:\/\/vinilozona.lt\/parduotuve\/rock-pop\/gentle-giant-%e2%80%8e-in-a-glass-house\/#primaryimage","url":"https:\/\/vinilozona.lt\/wp-content\/uploads\/2020\/02\/R-3261445-1322844690.jpeg.jpg","contentUrl":"https:\/\/vinilozona.lt\/wp-content\/uploads\/2020\/02\/R-3261445-1322844690.jpeg.jpg","width":500,"height":497},{"@type":"BreadcrumbList","@id":"https:\/\/vinilozona.lt\/parduotuve\/rock-pop\/gentle-giant-%e2%80%8e-in-a-glass-house\/#breadcrumb","itemListElement":[{"@type":"ListItem","position":1,"name":"Home","item":"https:\/\/vinilozona.lt\/"},{"@type":"ListItem","position":2,"name":"Parduotuv\u0117","item":"https:\/\/vinilozona.lt\/parduotuve\/"},{"@type":"ListItem","position":3,"name":"Gentle Giant \u200e\u2013 In A Glass House"}]},{"@type":"WebSite","@id":"https:\/\/vinilozona.lt\/#website","url":"https:\/\/vinilozona.lt\/","name":"Vinilo Zona","description":"Nup\u016bsk dulkes ir klausyk LP","potentialAction":[{"@type":"SearchAction","target":{"@type":"EntryPoint","urlTemplate":"https:\/\/vinilozona.lt\/?s={search_term_string}"},"query-input":{"@type":"PropertyValueSpecification","valueRequired":true,"valueName":"search_term_string"}}],"inLanguage":"en-GB"}]}},"_links":{"self":[{"href":"https:\/\/vinilozona.lt\/en\/wp-json\/wp\/v2\/product\/5885"}],"collection":[{"href":"https:\/\/vinilozona.lt\/en\/wp-json\/wp\/v2\/product"}],"about":[{"href":"https:\/\/vinilozona.lt\/en\/wp-json\/wp\/v2\/types\/product"}],"wp:featuredmedia":[{"embeddable":true,"href":"https:\/\/vinilozona.lt\/en\/wp-json\/wp\/v2\/media\/5886"}],"wp:attachment":[{"href":"https:\/\/vinilozona.lt\/en\/wp-json\/wp\/v2\/media?parent=5885"}],"wp:term":[{"taxonomy":"product_cat","embeddable":true,"href":"https:\/\/vinilozona.lt\/en\/wp-json\/wp\/v2\/product_cat?post=5885"},{"taxonomy":"product_tag","embeddable":true,"href":"https:\/\/vinilozona.lt\/en\/wp-json\/wp\/v2\/product_tag?post=5885"}],"curies":[{"name":"wp","href":"https:\/\/api.w.org\/{rel}","templated":true}]}}