{"id":5877,"date":"2025-03-07T05:10:50","date_gmt":"2025-03-07T03:10:50","guid":{"rendered":"https:\/\/vinilozona.lt\/?post_type=product&#038;p=5877"},"modified":"2025-03-07T06:46:35","modified_gmt":"2025-03-07T04:46:35","slug":"axel-rudi-pell-%e2%80%8e-live-on-fire-circle-of-the-oath-tour-2012","status":"publish","type":"product","link":"https:\/\/vinilozona.lt\/en\/parduotuve\/naujos-lp\/axel-rudi-pell-%e2%80%8e-live-on-fire-circle-of-the-oath-tour-2012\/","title":{"rendered":"Vangelis \u2013 His Ultimate Collection"},"content":{"rendered":"<p>A1\t\tTo The Unknown Man<br \/>\nA2\t\tPulstar<br \/>\nA3\t\tLa Petite Fille De La Mer<br \/>\nA4\t\tSword Of Orion<br \/>\nA5\t\tAlbedo 0.39<br \/>\nB1\t\tSpiral<br \/>\nB2\t\tTheme From The TV-Series &#8222;Cosmos&#8221; (Heaven And Hell, 3rd Movement)<br \/>\nB3\t\tAlpha<br \/>\nB4\t\t12 O&#8217;Clock<br \/>\nB5\t\tSo Long Ago, So Clear<\/p>","protected":false},"excerpt":{"rendered":"<p>RCA \u2013 19439946201, Sony Music \u2013 19439946201<br \/>\nSeries:\tThe Ultimate Collection<br \/>\nFormat:<br \/>\nVinyl, LP, Compilation, Stereo<br \/>\nCountry:\tEurope<br \/>\nReleased:\tNov 26, 2021<\/p>","protected":false},"featured_media":23589,"template":"","meta":[],"product_cat":[23],"product_tag":[74],"yoast_head":"<!-- This site is optimized with the Yoast SEO plugin v23.5 - https:\/\/yoast.com\/wordpress\/plugins\/seo\/ -->\n<title>Vangelis \u2013 His Ultimate Collection Vinilin\u0117 Plok\u0161tel\u0117 | Vinilozona.lt<\/title>\n<meta name=\"robots\" content=\"index, follow, max-snippet:-1, max-image-preview:large, max-video-preview:-1\" \/>\n<link rel=\"canonical\" href=\"https:\/\/vinilozona.lt\/en\/parduotuve\/naujos-lp\/axel-rudi-pell-\u200e-live-on-fire-circle-of-the-oath-tour-2012\/\" \/>\n<meta property=\"og:locale\" content=\"en_GB\" \/>\n<meta property=\"og:type\" content=\"article\" \/>\n<meta property=\"og:title\" content=\"Vangelis \u2013 His Ultimate Collection Vinilin\u0117 Plok\u0161tel\u0117 | Vinilozona.lt\" \/>\n<meta property=\"og:description\" content=\"RCA \u2013 19439946201, Sony Music \u2013 19439946201 Series: The Ultimate Collection  Format:  Vinyl, LP, Compilation, Stereo Country: Europe Released: Nov 26, 2021\" \/>\n<meta property=\"og:url\" content=\"https:\/\/vinilozona.lt\/en\/parduotuve\/naujos-lp\/axel-rudi-pell-\u200e-live-on-fire-circle-of-the-oath-tour-2012\/\" \/>\n<meta property=\"og:site_name\" content=\"Vinilo Zona\" \/>\n<meta property=\"article:modified_time\" content=\"2025-03-07T04:46:35+00:00\" \/>\n<meta property=\"og:image\" content=\"https:\/\/vinilozona.lt\/wp-content\/uploads\/2023\/10\/R-21157360-1638125731-5244.jpg\" \/>\n\t<meta property=\"og:image:width\" content=\"598\" \/>\n\t<meta property=\"og:image:height\" content=\"600\" \/>\n\t<meta property=\"og:image:type\" content=\"image\/jpeg\" \/>\n<meta name=\"twitter:card\" content=\"summary_large_image\" \/>\n<meta name=\"twitter:label1\" content=\"Estimated reading time\" \/>\n\t<meta name=\"twitter:data1\" content=\"1 minute\" \/>\n<script type=\"application\/ld+json\" class=\"yoast-schema-graph\">{\"@context\":\"https:\/\/schema.org\",\"@graph\":[{\"@type\":\"WebPage\",\"@id\":\"https:\/\/vinilozona.lt\/parduotuve\/naujos-lp\/axel-rudi-pell-%e2%80%8e-live-on-fire-circle-of-the-oath-tour-2012\/\",\"url\":\"https:\/\/vinilozona.lt\/parduotuve\/naujos-lp\/axel-rudi-pell-%e2%80%8e-live-on-fire-circle-of-the-oath-tour-2012\/\",\"name\":\"Vangelis \u2013 His Ultimate Collection Vinilin\u0117 Plok\u0161tel\u0117 | Vinilozona.lt\",\"isPartOf\":{\"@id\":\"https:\/\/vinilozona.lt\/#website\"},\"primaryImageOfPage\":{\"@id\":\"https:\/\/vinilozona.lt\/parduotuve\/naujos-lp\/axel-rudi-pell-%e2%80%8e-live-on-fire-circle-of-the-oath-tour-2012\/#primaryimage\"},\"image\":{\"@id\":\"https:\/\/vinilozona.lt\/parduotuve\/naujos-lp\/axel-rudi-pell-%e2%80%8e-live-on-fire-circle-of-the-oath-tour-2012\/#primaryimage\"},\"thumbnailUrl\":\"https:\/\/vinilozona.lt\/wp-content\/uploads\/2023\/10\/R-21157360-1638125731-5244.jpg\",\"datePublished\":\"2025-03-07T03:10:50+00:00\",\"dateModified\":\"2025-03-07T04:46:35+00:00\",\"breadcrumb\":{\"@id\":\"https:\/\/vinilozona.lt\/parduotuve\/naujos-lp\/axel-rudi-pell-%e2%80%8e-live-on-fire-circle-of-the-oath-tour-2012\/#breadcrumb\"},\"inLanguage\":\"en-GB\",\"potentialAction\":[{\"@type\":\"ReadAction\",\"target\":[\"https:\/\/vinilozona.lt\/parduotuve\/naujos-lp\/axel-rudi-pell-%e2%80%8e-live-on-fire-circle-of-the-oath-tour-2012\/\"]}]},{\"@type\":\"ImageObject\",\"inLanguage\":\"en-GB\",\"@id\":\"https:\/\/vinilozona.lt\/parduotuve\/naujos-lp\/axel-rudi-pell-%e2%80%8e-live-on-fire-circle-of-the-oath-tour-2012\/#primaryimage\",\"url\":\"https:\/\/vinilozona.lt\/wp-content\/uploads\/2023\/10\/R-21157360-1638125731-5244.jpg\",\"contentUrl\":\"https:\/\/vinilozona.lt\/wp-content\/uploads\/2023\/10\/R-21157360-1638125731-5244.jpg\",\"width\":598,\"height\":600},{\"@type\":\"BreadcrumbList\",\"@id\":\"https:\/\/vinilozona.lt\/parduotuve\/naujos-lp\/axel-rudi-pell-%e2%80%8e-live-on-fire-circle-of-the-oath-tour-2012\/#breadcrumb\",\"itemListElement\":[{\"@type\":\"ListItem\",\"position\":1,\"name\":\"Home\",\"item\":\"https:\/\/vinilozona.lt\/\"},{\"@type\":\"ListItem\",\"position\":2,\"name\":\"Parduotuv\u0117\",\"item\":\"https:\/\/vinilozona.lt\/parduotuve\/\"},{\"@type\":\"ListItem\",\"position\":3,\"name\":\"Vangelis \u2013 His Ultimate Collection\"}]},{\"@type\":\"WebSite\",\"@id\":\"https:\/\/vinilozona.lt\/#website\",\"url\":\"https:\/\/vinilozona.lt\/\",\"name\":\"Vinilo Zona\",\"description\":\"Nup\u016bsk dulkes ir klausyk LP\",\"potentialAction\":[{\"@type\":\"SearchAction\",\"target\":{\"@type\":\"EntryPoint\",\"urlTemplate\":\"https:\/\/vinilozona.lt\/?s={search_term_string}\"},\"query-input\":{\"@type\":\"PropertyValueSpecification\",\"valueRequired\":true,\"valueName\":\"search_term_string\"}}],\"inLanguage\":\"en-GB\"}]}<\/script>\n<!-- \/ Yoast SEO plugin. -->","yoast_head_json":{"title":"Vangelis \u2013 His Ultimate Collection Vinilin\u0117 Plok\u0161tel\u0117 | Vinilozona.lt","robots":{"index":"index","follow":"follow","max-snippet":"max-snippet:-1","max-image-preview":"max-image-preview:large","max-video-preview":"max-video-preview:-1"},"canonical":"https:\/\/vinilozona.lt\/en\/parduotuve\/naujos-lp\/axel-rudi-pell-\u200e-live-on-fire-circle-of-the-oath-tour-2012\/","og_locale":"en_GB","og_type":"article","og_title":"Vangelis \u2013 His Ultimate Collection Vinilin\u0117 Plok\u0161tel\u0117 | Vinilozona.lt","og_description":"RCA \u2013 19439946201, Sony Music \u2013 19439946201 Series: The Ultimate Collection  Format:  Vinyl, LP, Compilation, Stereo Country: Europe Released: Nov 26, 2021","og_url":"https:\/\/vinilozona.lt\/en\/parduotuve\/naujos-lp\/axel-rudi-pell-\u200e-live-on-fire-circle-of-the-oath-tour-2012\/","og_site_name":"Vinilo Zona","article_modified_time":"2025-03-07T04:46:35+00:00","og_image":[{"width":598,"height":600,"url":"https:\/\/vinilozona.lt\/wp-content\/uploads\/2023\/10\/R-21157360-1638125731-5244.jpg","type":"image\/jpeg"}],"twitter_card":"summary_large_image","twitter_misc":{"Estimated reading time":"1 minute"},"schema":{"@context":"https:\/\/schema.org","@graph":[{"@type":"WebPage","@id":"https:\/\/vinilozona.lt\/parduotuve\/naujos-lp\/axel-rudi-pell-%e2%80%8e-live-on-fire-circle-of-the-oath-tour-2012\/","url":"https:\/\/vinilozona.lt\/parduotuve\/naujos-lp\/axel-rudi-pell-%e2%80%8e-live-on-fire-circle-of-the-oath-tour-2012\/","name":"Vangelis \u2013 His Ultimate Collection Vinilin\u0117 Plok\u0161tel\u0117 | Vinilozona.lt","isPartOf":{"@id":"https:\/\/vinilozona.lt\/#website"},"primaryImageOfPage":{"@id":"https:\/\/vinilozona.lt\/parduotuve\/naujos-lp\/axel-rudi-pell-%e2%80%8e-live-on-fire-circle-of-the-oath-tour-2012\/#primaryimage"},"image":{"@id":"https:\/\/vinilozona.lt\/parduotuve\/naujos-lp\/axel-rudi-pell-%e2%80%8e-live-on-fire-circle-of-the-oath-tour-2012\/#primaryimage"},"thumbnailUrl":"https:\/\/vinilozona.lt\/wp-content\/uploads\/2023\/10\/R-21157360-1638125731-5244.jpg","datePublished":"2025-03-07T03:10:50+00:00","dateModified":"2025-03-07T04:46:35+00:00","breadcrumb":{"@id":"https:\/\/vinilozona.lt\/parduotuve\/naujos-lp\/axel-rudi-pell-%e2%80%8e-live-on-fire-circle-of-the-oath-tour-2012\/#breadcrumb"},"inLanguage":"en-GB","potentialAction":[{"@type":"ReadAction","target":["https:\/\/vinilozona.lt\/parduotuve\/naujos-lp\/axel-rudi-pell-%e2%80%8e-live-on-fire-circle-of-the-oath-tour-2012\/"]}]},{"@type":"ImageObject","inLanguage":"en-GB","@id":"https:\/\/vinilozona.lt\/parduotuve\/naujos-lp\/axel-rudi-pell-%e2%80%8e-live-on-fire-circle-of-the-oath-tour-2012\/#primaryimage","url":"https:\/\/vinilozona.lt\/wp-content\/uploads\/2023\/10\/R-21157360-1638125731-5244.jpg","contentUrl":"https:\/\/vinilozona.lt\/wp-content\/uploads\/2023\/10\/R-21157360-1638125731-5244.jpg","width":598,"height":600},{"@type":"BreadcrumbList","@id":"https:\/\/vinilozona.lt\/parduotuve\/naujos-lp\/axel-rudi-pell-%e2%80%8e-live-on-fire-circle-of-the-oath-tour-2012\/#breadcrumb","itemListElement":[{"@type":"ListItem","position":1,"name":"Home","item":"https:\/\/vinilozona.lt\/"},{"@type":"ListItem","position":2,"name":"Parduotuv\u0117","item":"https:\/\/vinilozona.lt\/parduotuve\/"},{"@type":"ListItem","position":3,"name":"Vangelis \u2013 His Ultimate Collection"}]},{"@type":"WebSite","@id":"https:\/\/vinilozona.lt\/#website","url":"https:\/\/vinilozona.lt\/","name":"Vinilo Zona","description":"Nup\u016bsk dulkes ir klausyk LP","potentialAction":[{"@type":"SearchAction","target":{"@type":"EntryPoint","urlTemplate":"https:\/\/vinilozona.lt\/?s={search_term_string}"},"query-input":{"@type":"PropertyValueSpecification","valueRequired":true,"valueName":"search_term_string"}}],"inLanguage":"en-GB"}]}},"_links":{"self":[{"href":"https:\/\/vinilozona.lt\/en\/wp-json\/wp\/v2\/product\/5877"}],"collection":[{"href":"https:\/\/vinilozona.lt\/en\/wp-json\/wp\/v2\/product"}],"about":[{"href":"https:\/\/vinilozona.lt\/en\/wp-json\/wp\/v2\/types\/product"}],"wp:featuredmedia":[{"embeddable":true,"href":"https:\/\/vinilozona.lt\/en\/wp-json\/wp\/v2\/media\/23589"}],"wp:attachment":[{"href":"https:\/\/vinilozona.lt\/en\/wp-json\/wp\/v2\/media?parent=5877"}],"wp:term":[{"taxonomy":"product_cat","embeddable":true,"href":"https:\/\/vinilozona.lt\/en\/wp-json\/wp\/v2\/product_cat?post=5877"},{"taxonomy":"product_tag","embeddable":true,"href":"https:\/\/vinilozona.lt\/en\/wp-json\/wp\/v2\/product_tag?post=5877"}],"curies":[{"name":"wp","href":"https:\/\/api.w.org\/{rel}","templated":true}]}}