{"id":5476,"date":"2021-11-04T10:41:28","date_gmt":"2021-11-04T08:41:28","guid":{"rendered":"https:\/\/vinilozona.lt\/?post_type=product&#038;p=5476"},"modified":"2022-12-25T14:08:37","modified_gmt":"2022-12-25T12:08:37","slug":"fleetwood-mac-%e2%80%8e-peter-greens-fleetwood-mac","status":"publish","type":"product","link":"https:\/\/vinilozona.lt\/en\/parduotuve\/rock-pop\/fleetwood-mac-%e2%80%8e-peter-greens-fleetwood-mac\/","title":{"rendered":"Fleetwood Mac \u200e\u2013 Peter Green&#8217;s Fleetwood Mac"},"content":{"rendered":"<p>My Heart Beat Like A Hammer\t2:55<br \/>\nMerry Go Round\t4:05<br \/>\nLong Grey Mare\t2:15<br \/>\nHellhound On My Trail\t2:00<br \/>\nShake Your Moneymaker\t2:55<br \/>\nLooking For Somebody\t2:50<br \/>\nNo Place To Go\t3:20<br \/>\nMy Baby&#8217;s Good To Me\t2:50<br \/>\nI Loved Another Woman\t2:55<br \/>\nCold Black Night\t3:15<br \/>\nThe World Keep On Turning\t2:30<br \/>\nGot To Move\t3:20<\/p>","protected":false},"excerpt":{"rendered":"<p>EMB 31036 <\/p>","protected":false},"featured_media":5477,"template":"","meta":[],"product_cat":[15],"product_tag":[44],"yoast_head":"<!-- This site is optimized with the Yoast SEO plugin v23.5 - https:\/\/yoast.com\/wordpress\/plugins\/seo\/ -->\n<title>Fleetwood Mac \u200e\u2013 Peter Green&#039;s Fleetwood Mac Vinilin\u0117 Plok\u0161tel\u0117 | Vinilozona.lt<\/title>\n<meta name=\"robots\" content=\"index, follow, max-snippet:-1, max-image-preview:large, max-video-preview:-1\" \/>\n<link rel=\"canonical\" href=\"https:\/\/vinilozona.lt\/en\/parduotuve\/rock-pop\/fleetwood-mac-\u200e-peter-greens-fleetwood-mac\/\" \/>\n<meta property=\"og:locale\" content=\"en_GB\" \/>\n<meta property=\"og:type\" content=\"article\" \/>\n<meta property=\"og:title\" content=\"Fleetwood Mac \u200e\u2013 Peter Green&#039;s Fleetwood Mac Vinilin\u0117 Plok\u0161tel\u0117 | Vinilozona.lt\" \/>\n<meta property=\"og:description\" content=\"EMB 31036\" \/>\n<meta property=\"og:url\" content=\"https:\/\/vinilozona.lt\/en\/parduotuve\/rock-pop\/fleetwood-mac-\u200e-peter-greens-fleetwood-mac\/\" \/>\n<meta property=\"og:site_name\" content=\"Vinilo Zona\" \/>\n<meta property=\"article:modified_time\" content=\"2022-12-25T12:08:37+00:00\" \/>\n<meta property=\"og:image\" content=\"https:\/\/vinilozona.lt\/wp-content\/uploads\/2020\/02\/R-4842314-1377201004-7984.jpeg.jpg\" \/>\n\t<meta property=\"og:image:width\" content=\"300\" \/>\n\t<meta property=\"og:image:height\" content=\"299\" \/>\n\t<meta property=\"og:image:type\" content=\"image\/jpeg\" \/>\n<meta name=\"twitter:card\" content=\"summary_large_image\" \/>\n<script type=\"application\/ld+json\" class=\"yoast-schema-graph\">{\"@context\":\"https:\/\/schema.org\",\"@graph\":[{\"@type\":\"WebPage\",\"@id\":\"https:\/\/vinilozona.lt\/parduotuve\/rock-pop\/fleetwood-mac-%e2%80%8e-peter-greens-fleetwood-mac\/\",\"url\":\"https:\/\/vinilozona.lt\/parduotuve\/rock-pop\/fleetwood-mac-%e2%80%8e-peter-greens-fleetwood-mac\/\",\"name\":\"Fleetwood Mac \u200e\u2013 Peter Green's Fleetwood Mac Vinilin\u0117 Plok\u0161tel\u0117 | Vinilozona.lt\",\"isPartOf\":{\"@id\":\"https:\/\/vinilozona.lt\/#website\"},\"primaryImageOfPage\":{\"@id\":\"https:\/\/vinilozona.lt\/parduotuve\/rock-pop\/fleetwood-mac-%e2%80%8e-peter-greens-fleetwood-mac\/#primaryimage\"},\"image\":{\"@id\":\"https:\/\/vinilozona.lt\/parduotuve\/rock-pop\/fleetwood-mac-%e2%80%8e-peter-greens-fleetwood-mac\/#primaryimage\"},\"thumbnailUrl\":\"https:\/\/vinilozona.lt\/wp-content\/uploads\/2020\/02\/R-4842314-1377201004-7984.jpeg.jpg\",\"datePublished\":\"2021-11-04T08:41:28+00:00\",\"dateModified\":\"2022-12-25T12:08:37+00:00\",\"breadcrumb\":{\"@id\":\"https:\/\/vinilozona.lt\/parduotuve\/rock-pop\/fleetwood-mac-%e2%80%8e-peter-greens-fleetwood-mac\/#breadcrumb\"},\"inLanguage\":\"en-GB\",\"potentialAction\":[{\"@type\":\"ReadAction\",\"target\":[\"https:\/\/vinilozona.lt\/parduotuve\/rock-pop\/fleetwood-mac-%e2%80%8e-peter-greens-fleetwood-mac\/\"]}]},{\"@type\":\"ImageObject\",\"inLanguage\":\"en-GB\",\"@id\":\"https:\/\/vinilozona.lt\/parduotuve\/rock-pop\/fleetwood-mac-%e2%80%8e-peter-greens-fleetwood-mac\/#primaryimage\",\"url\":\"https:\/\/vinilozona.lt\/wp-content\/uploads\/2020\/02\/R-4842314-1377201004-7984.jpeg.jpg\",\"contentUrl\":\"https:\/\/vinilozona.lt\/wp-content\/uploads\/2020\/02\/R-4842314-1377201004-7984.jpeg.jpg\",\"width\":300,\"height\":299},{\"@type\":\"BreadcrumbList\",\"@id\":\"https:\/\/vinilozona.lt\/parduotuve\/rock-pop\/fleetwood-mac-%e2%80%8e-peter-greens-fleetwood-mac\/#breadcrumb\",\"itemListElement\":[{\"@type\":\"ListItem\",\"position\":1,\"name\":\"Home\",\"item\":\"https:\/\/vinilozona.lt\/\"},{\"@type\":\"ListItem\",\"position\":2,\"name\":\"Parduotuv\u0117\",\"item\":\"https:\/\/vinilozona.lt\/parduotuve\/\"},{\"@type\":\"ListItem\",\"position\":3,\"name\":\"Fleetwood Mac \u200e\u2013 Peter Green&#8217;s Fleetwood Mac\"}]},{\"@type\":\"WebSite\",\"@id\":\"https:\/\/vinilozona.lt\/#website\",\"url\":\"https:\/\/vinilozona.lt\/\",\"name\":\"Vinilo Zona\",\"description\":\"Nup\u016bsk dulkes ir klausyk LP\",\"potentialAction\":[{\"@type\":\"SearchAction\",\"target\":{\"@type\":\"EntryPoint\",\"urlTemplate\":\"https:\/\/vinilozona.lt\/?s={search_term_string}\"},\"query-input\":{\"@type\":\"PropertyValueSpecification\",\"valueRequired\":true,\"valueName\":\"search_term_string\"}}],\"inLanguage\":\"en-GB\"}]}<\/script>\n<!-- \/ Yoast SEO plugin. -->","yoast_head_json":{"title":"Fleetwood Mac \u200e\u2013 Peter Green's Fleetwood Mac Vinilin\u0117 Plok\u0161tel\u0117 | Vinilozona.lt","robots":{"index":"index","follow":"follow","max-snippet":"max-snippet:-1","max-image-preview":"max-image-preview:large","max-video-preview":"max-video-preview:-1"},"canonical":"https:\/\/vinilozona.lt\/en\/parduotuve\/rock-pop\/fleetwood-mac-\u200e-peter-greens-fleetwood-mac\/","og_locale":"en_GB","og_type":"article","og_title":"Fleetwood Mac \u200e\u2013 Peter Green's Fleetwood Mac Vinilin\u0117 Plok\u0161tel\u0117 | Vinilozona.lt","og_description":"EMB 31036","og_url":"https:\/\/vinilozona.lt\/en\/parduotuve\/rock-pop\/fleetwood-mac-\u200e-peter-greens-fleetwood-mac\/","og_site_name":"Vinilo Zona","article_modified_time":"2022-12-25T12:08:37+00:00","og_image":[{"width":300,"height":299,"url":"https:\/\/vinilozona.lt\/wp-content\/uploads\/2020\/02\/R-4842314-1377201004-7984.jpeg.jpg","type":"image\/jpeg"}],"twitter_card":"summary_large_image","schema":{"@context":"https:\/\/schema.org","@graph":[{"@type":"WebPage","@id":"https:\/\/vinilozona.lt\/parduotuve\/rock-pop\/fleetwood-mac-%e2%80%8e-peter-greens-fleetwood-mac\/","url":"https:\/\/vinilozona.lt\/parduotuve\/rock-pop\/fleetwood-mac-%e2%80%8e-peter-greens-fleetwood-mac\/","name":"Fleetwood Mac \u200e\u2013 Peter Green's Fleetwood Mac Vinilin\u0117 Plok\u0161tel\u0117 | Vinilozona.lt","isPartOf":{"@id":"https:\/\/vinilozona.lt\/#website"},"primaryImageOfPage":{"@id":"https:\/\/vinilozona.lt\/parduotuve\/rock-pop\/fleetwood-mac-%e2%80%8e-peter-greens-fleetwood-mac\/#primaryimage"},"image":{"@id":"https:\/\/vinilozona.lt\/parduotuve\/rock-pop\/fleetwood-mac-%e2%80%8e-peter-greens-fleetwood-mac\/#primaryimage"},"thumbnailUrl":"https:\/\/vinilozona.lt\/wp-content\/uploads\/2020\/02\/R-4842314-1377201004-7984.jpeg.jpg","datePublished":"2021-11-04T08:41:28+00:00","dateModified":"2022-12-25T12:08:37+00:00","breadcrumb":{"@id":"https:\/\/vinilozona.lt\/parduotuve\/rock-pop\/fleetwood-mac-%e2%80%8e-peter-greens-fleetwood-mac\/#breadcrumb"},"inLanguage":"en-GB","potentialAction":[{"@type":"ReadAction","target":["https:\/\/vinilozona.lt\/parduotuve\/rock-pop\/fleetwood-mac-%e2%80%8e-peter-greens-fleetwood-mac\/"]}]},{"@type":"ImageObject","inLanguage":"en-GB","@id":"https:\/\/vinilozona.lt\/parduotuve\/rock-pop\/fleetwood-mac-%e2%80%8e-peter-greens-fleetwood-mac\/#primaryimage","url":"https:\/\/vinilozona.lt\/wp-content\/uploads\/2020\/02\/R-4842314-1377201004-7984.jpeg.jpg","contentUrl":"https:\/\/vinilozona.lt\/wp-content\/uploads\/2020\/02\/R-4842314-1377201004-7984.jpeg.jpg","width":300,"height":299},{"@type":"BreadcrumbList","@id":"https:\/\/vinilozona.lt\/parduotuve\/rock-pop\/fleetwood-mac-%e2%80%8e-peter-greens-fleetwood-mac\/#breadcrumb","itemListElement":[{"@type":"ListItem","position":1,"name":"Home","item":"https:\/\/vinilozona.lt\/"},{"@type":"ListItem","position":2,"name":"Parduotuv\u0117","item":"https:\/\/vinilozona.lt\/parduotuve\/"},{"@type":"ListItem","position":3,"name":"Fleetwood Mac \u200e\u2013 Peter Green&#8217;s Fleetwood Mac"}]},{"@type":"WebSite","@id":"https:\/\/vinilozona.lt\/#website","url":"https:\/\/vinilozona.lt\/","name":"Vinilo Zona","description":"Nup\u016bsk dulkes ir klausyk LP","potentialAction":[{"@type":"SearchAction","target":{"@type":"EntryPoint","urlTemplate":"https:\/\/vinilozona.lt\/?s={search_term_string}"},"query-input":{"@type":"PropertyValueSpecification","valueRequired":true,"valueName":"search_term_string"}}],"inLanguage":"en-GB"}]}},"_links":{"self":[{"href":"https:\/\/vinilozona.lt\/en\/wp-json\/wp\/v2\/product\/5476"}],"collection":[{"href":"https:\/\/vinilozona.lt\/en\/wp-json\/wp\/v2\/product"}],"about":[{"href":"https:\/\/vinilozona.lt\/en\/wp-json\/wp\/v2\/types\/product"}],"wp:featuredmedia":[{"embeddable":true,"href":"https:\/\/vinilozona.lt\/en\/wp-json\/wp\/v2\/media\/5477"}],"wp:attachment":[{"href":"https:\/\/vinilozona.lt\/en\/wp-json\/wp\/v2\/media?parent=5476"}],"wp:term":[{"taxonomy":"product_cat","embeddable":true,"href":"https:\/\/vinilozona.lt\/en\/wp-json\/wp\/v2\/product_cat?post=5476"},{"taxonomy":"product_tag","embeddable":true,"href":"https:\/\/vinilozona.lt\/en\/wp-json\/wp\/v2\/product_tag?post=5476"}],"curies":[{"name":"wp","href":"https:\/\/api.w.org\/{rel}","templated":true}]}}