{"id":5197,"date":"2023-12-19T05:10:18","date_gmt":"2023-12-19T03:10:18","guid":{"rendered":"https:\/\/vinilozona.lt\/?post_type=product&#038;p=5197"},"modified":"2023-12-22T12:48:25","modified_gmt":"2023-12-22T10:48:25","slug":"john-lennon-yoko-ono-%e2%80%8e-double-fantasy","status":"publish","type":"product","link":"https:\/\/vinilozona.lt\/en\/parduotuve\/rock-pop\/john-lennon-yoko-ono-%e2%80%8e-double-fantasy\/","title":{"rendered":"Vinnie Vincent Invasion \u2013 Vinnie Vincent Invasion"},"content":{"rendered":"<p>A1\t\tBoyz Are Gonna Rock\t4:56<br \/>\nA2\t\tShoot U Full Of Love\t4:42<br \/>\nA3\t\tNo Substitute\t3:52<br \/>\nA4\t\tAnimal\t5:33<br \/>\nA5\t\tTwisted\t4:48<br \/>\nB1\t\tDo You Wanna Make Love  3:22<br \/>\nB2\t\tBack On The Streets  4:48<br \/>\nB3\t\tI Wanna Be Your Victim\t4:35<br \/>\nB4\t\tBaby-O\t3:44<br \/>\nB5\t\tInvasion  5:24<\/p>","protected":false},"excerpt":{"rendered":"<p>Chrysalis \u2013 207 856<br \/>\nFormat:<br \/>\nVinyl, LP, Album<br \/>\nCountry:\tGermany<br \/>\nReleased:\t1986<\/p>","protected":false},"featured_media":23863,"template":"","meta":[],"product_cat":[15],"product_tag":[44],"yoast_head":"<!-- This site is optimized with the Yoast SEO plugin v23.5 - https:\/\/yoast.com\/wordpress\/plugins\/seo\/ -->\n<title>Vinnie Vincent Invasion \u2013 Vinnie Vincent Invasion Vinilin\u0117 Plok\u0161tel\u0117 | Vinilozona.lt<\/title>\n<meta name=\"robots\" content=\"index, follow, max-snippet:-1, max-image-preview:large, max-video-preview:-1\" \/>\n<link rel=\"canonical\" href=\"https:\/\/vinilozona.lt\/en\/parduotuve\/rock-pop\/john-lennon-yoko-ono-\u200e-double-fantasy\/\" \/>\n<meta property=\"og:locale\" content=\"en_GB\" \/>\n<meta property=\"og:type\" content=\"article\" \/>\n<meta property=\"og:title\" content=\"Vinnie Vincent Invasion \u2013 Vinnie Vincent Invasion Vinilin\u0117 Plok\u0161tel\u0117 | Vinilozona.lt\" \/>\n<meta property=\"og:description\" content=\"Chrysalis \u2013 207 856 Format:  Vinyl, LP, Album Country: Germany Released: 1986\" \/>\n<meta property=\"og:url\" content=\"https:\/\/vinilozona.lt\/en\/parduotuve\/rock-pop\/john-lennon-yoko-ono-\u200e-double-fantasy\/\" \/>\n<meta property=\"og:site_name\" content=\"Vinilo Zona\" \/>\n<meta property=\"article:modified_time\" content=\"2023-12-22T10:48:25+00:00\" \/>\n<meta property=\"og:image\" content=\"https:\/\/vinilozona.lt\/wp-content\/uploads\/2023\/12\/R-1653077-1435594424-2367.jpg\" \/>\n\t<meta property=\"og:image:width\" content=\"599\" \/>\n\t<meta property=\"og:image:height\" content=\"595\" \/>\n\t<meta property=\"og:image:type\" content=\"image\/jpeg\" \/>\n<meta name=\"twitter:card\" content=\"summary_large_image\" \/>\n<script type=\"application\/ld+json\" class=\"yoast-schema-graph\">{\"@context\":\"https:\/\/schema.org\",\"@graph\":[{\"@type\":\"WebPage\",\"@id\":\"https:\/\/vinilozona.lt\/parduotuve\/rock-pop\/john-lennon-yoko-ono-%e2%80%8e-double-fantasy\/\",\"url\":\"https:\/\/vinilozona.lt\/parduotuve\/rock-pop\/john-lennon-yoko-ono-%e2%80%8e-double-fantasy\/\",\"name\":\"Vinnie Vincent Invasion \u2013 Vinnie Vincent Invasion Vinilin\u0117 Plok\u0161tel\u0117 | Vinilozona.lt\",\"isPartOf\":{\"@id\":\"https:\/\/vinilozona.lt\/#website\"},\"primaryImageOfPage\":{\"@id\":\"https:\/\/vinilozona.lt\/parduotuve\/rock-pop\/john-lennon-yoko-ono-%e2%80%8e-double-fantasy\/#primaryimage\"},\"image\":{\"@id\":\"https:\/\/vinilozona.lt\/parduotuve\/rock-pop\/john-lennon-yoko-ono-%e2%80%8e-double-fantasy\/#primaryimage\"},\"thumbnailUrl\":\"https:\/\/vinilozona.lt\/wp-content\/uploads\/2023\/12\/R-1653077-1435594424-2367.jpg\",\"datePublished\":\"2023-12-19T03:10:18+00:00\",\"dateModified\":\"2023-12-22T10:48:25+00:00\",\"breadcrumb\":{\"@id\":\"https:\/\/vinilozona.lt\/parduotuve\/rock-pop\/john-lennon-yoko-ono-%e2%80%8e-double-fantasy\/#breadcrumb\"},\"inLanguage\":\"en-GB\",\"potentialAction\":[{\"@type\":\"ReadAction\",\"target\":[\"https:\/\/vinilozona.lt\/parduotuve\/rock-pop\/john-lennon-yoko-ono-%e2%80%8e-double-fantasy\/\"]}]},{\"@type\":\"ImageObject\",\"inLanguage\":\"en-GB\",\"@id\":\"https:\/\/vinilozona.lt\/parduotuve\/rock-pop\/john-lennon-yoko-ono-%e2%80%8e-double-fantasy\/#primaryimage\",\"url\":\"https:\/\/vinilozona.lt\/wp-content\/uploads\/2023\/12\/R-1653077-1435594424-2367.jpg\",\"contentUrl\":\"https:\/\/vinilozona.lt\/wp-content\/uploads\/2023\/12\/R-1653077-1435594424-2367.jpg\",\"width\":599,\"height\":595},{\"@type\":\"BreadcrumbList\",\"@id\":\"https:\/\/vinilozona.lt\/parduotuve\/rock-pop\/john-lennon-yoko-ono-%e2%80%8e-double-fantasy\/#breadcrumb\",\"itemListElement\":[{\"@type\":\"ListItem\",\"position\":1,\"name\":\"Home\",\"item\":\"https:\/\/vinilozona.lt\/\"},{\"@type\":\"ListItem\",\"position\":2,\"name\":\"Parduotuv\u0117\",\"item\":\"https:\/\/vinilozona.lt\/parduotuve\/\"},{\"@type\":\"ListItem\",\"position\":3,\"name\":\"Vinnie Vincent Invasion \u2013 Vinnie Vincent Invasion\"}]},{\"@type\":\"WebSite\",\"@id\":\"https:\/\/vinilozona.lt\/#website\",\"url\":\"https:\/\/vinilozona.lt\/\",\"name\":\"Vinilo Zona\",\"description\":\"Nup\u016bsk dulkes ir klausyk LP\",\"potentialAction\":[{\"@type\":\"SearchAction\",\"target\":{\"@type\":\"EntryPoint\",\"urlTemplate\":\"https:\/\/vinilozona.lt\/?s={search_term_string}\"},\"query-input\":{\"@type\":\"PropertyValueSpecification\",\"valueRequired\":true,\"valueName\":\"search_term_string\"}}],\"inLanguage\":\"en-GB\"}]}<\/script>\n<!-- \/ Yoast SEO plugin. -->","yoast_head_json":{"title":"Vinnie Vincent Invasion \u2013 Vinnie Vincent Invasion Vinilin\u0117 Plok\u0161tel\u0117 | Vinilozona.lt","robots":{"index":"index","follow":"follow","max-snippet":"max-snippet:-1","max-image-preview":"max-image-preview:large","max-video-preview":"max-video-preview:-1"},"canonical":"https:\/\/vinilozona.lt\/en\/parduotuve\/rock-pop\/john-lennon-yoko-ono-\u200e-double-fantasy\/","og_locale":"en_GB","og_type":"article","og_title":"Vinnie Vincent Invasion \u2013 Vinnie Vincent Invasion Vinilin\u0117 Plok\u0161tel\u0117 | Vinilozona.lt","og_description":"Chrysalis \u2013 207 856 Format:  Vinyl, LP, Album Country: Germany Released: 1986","og_url":"https:\/\/vinilozona.lt\/en\/parduotuve\/rock-pop\/john-lennon-yoko-ono-\u200e-double-fantasy\/","og_site_name":"Vinilo Zona","article_modified_time":"2023-12-22T10:48:25+00:00","og_image":[{"width":599,"height":595,"url":"https:\/\/vinilozona.lt\/wp-content\/uploads\/2023\/12\/R-1653077-1435594424-2367.jpg","type":"image\/jpeg"}],"twitter_card":"summary_large_image","schema":{"@context":"https:\/\/schema.org","@graph":[{"@type":"WebPage","@id":"https:\/\/vinilozona.lt\/parduotuve\/rock-pop\/john-lennon-yoko-ono-%e2%80%8e-double-fantasy\/","url":"https:\/\/vinilozona.lt\/parduotuve\/rock-pop\/john-lennon-yoko-ono-%e2%80%8e-double-fantasy\/","name":"Vinnie Vincent Invasion \u2013 Vinnie Vincent Invasion Vinilin\u0117 Plok\u0161tel\u0117 | Vinilozona.lt","isPartOf":{"@id":"https:\/\/vinilozona.lt\/#website"},"primaryImageOfPage":{"@id":"https:\/\/vinilozona.lt\/parduotuve\/rock-pop\/john-lennon-yoko-ono-%e2%80%8e-double-fantasy\/#primaryimage"},"image":{"@id":"https:\/\/vinilozona.lt\/parduotuve\/rock-pop\/john-lennon-yoko-ono-%e2%80%8e-double-fantasy\/#primaryimage"},"thumbnailUrl":"https:\/\/vinilozona.lt\/wp-content\/uploads\/2023\/12\/R-1653077-1435594424-2367.jpg","datePublished":"2023-12-19T03:10:18+00:00","dateModified":"2023-12-22T10:48:25+00:00","breadcrumb":{"@id":"https:\/\/vinilozona.lt\/parduotuve\/rock-pop\/john-lennon-yoko-ono-%e2%80%8e-double-fantasy\/#breadcrumb"},"inLanguage":"en-GB","potentialAction":[{"@type":"ReadAction","target":["https:\/\/vinilozona.lt\/parduotuve\/rock-pop\/john-lennon-yoko-ono-%e2%80%8e-double-fantasy\/"]}]},{"@type":"ImageObject","inLanguage":"en-GB","@id":"https:\/\/vinilozona.lt\/parduotuve\/rock-pop\/john-lennon-yoko-ono-%e2%80%8e-double-fantasy\/#primaryimage","url":"https:\/\/vinilozona.lt\/wp-content\/uploads\/2023\/12\/R-1653077-1435594424-2367.jpg","contentUrl":"https:\/\/vinilozona.lt\/wp-content\/uploads\/2023\/12\/R-1653077-1435594424-2367.jpg","width":599,"height":595},{"@type":"BreadcrumbList","@id":"https:\/\/vinilozona.lt\/parduotuve\/rock-pop\/john-lennon-yoko-ono-%e2%80%8e-double-fantasy\/#breadcrumb","itemListElement":[{"@type":"ListItem","position":1,"name":"Home","item":"https:\/\/vinilozona.lt\/"},{"@type":"ListItem","position":2,"name":"Parduotuv\u0117","item":"https:\/\/vinilozona.lt\/parduotuve\/"},{"@type":"ListItem","position":3,"name":"Vinnie Vincent Invasion \u2013 Vinnie Vincent Invasion"}]},{"@type":"WebSite","@id":"https:\/\/vinilozona.lt\/#website","url":"https:\/\/vinilozona.lt\/","name":"Vinilo Zona","description":"Nup\u016bsk dulkes ir klausyk LP","potentialAction":[{"@type":"SearchAction","target":{"@type":"EntryPoint","urlTemplate":"https:\/\/vinilozona.lt\/?s={search_term_string}"},"query-input":{"@type":"PropertyValueSpecification","valueRequired":true,"valueName":"search_term_string"}}],"inLanguage":"en-GB"}]}},"_links":{"self":[{"href":"https:\/\/vinilozona.lt\/en\/wp-json\/wp\/v2\/product\/5197"}],"collection":[{"href":"https:\/\/vinilozona.lt\/en\/wp-json\/wp\/v2\/product"}],"about":[{"href":"https:\/\/vinilozona.lt\/en\/wp-json\/wp\/v2\/types\/product"}],"wp:featuredmedia":[{"embeddable":true,"href":"https:\/\/vinilozona.lt\/en\/wp-json\/wp\/v2\/media\/23863"}],"wp:attachment":[{"href":"https:\/\/vinilozona.lt\/en\/wp-json\/wp\/v2\/media?parent=5197"}],"wp:term":[{"taxonomy":"product_cat","embeddable":true,"href":"https:\/\/vinilozona.lt\/en\/wp-json\/wp\/v2\/product_cat?post=5197"},{"taxonomy":"product_tag","embeddable":true,"href":"https:\/\/vinilozona.lt\/en\/wp-json\/wp\/v2\/product_tag?post=5197"}],"curies":[{"name":"wp","href":"https:\/\/api.w.org\/{rel}","templated":true}]}}