{"id":5129,"date":"2024-02-13T05:07:13","date_gmt":"2024-02-13T03:07:13","guid":{"rendered":"https:\/\/vinilozona.lt\/?post_type=product&#038;p=5129"},"modified":"2025-03-15T11:03:09","modified_gmt":"2025-03-15T09:03:09","slug":"cheap-trick-%e2%80%8e-bang-zoom-crazy-hello","status":"publish","type":"product","link":"https:\/\/vinilozona.lt\/en\/parduotuve\/rock-pop\/cheap-trick-%e2%80%8e-bang-zoom-crazy-hello\/","title":{"rendered":"Billy Squier \u2013 Don&#8217;t Say No"},"content":{"rendered":"<p>A1\t\tIn The Dark\t4:08<br \/>\nA2\t\tThe Stroke\t3:37<br \/>\nA3\t\tMy Kind Of Lover\t3:33<br \/>\nA4\t\tYou Know What I Like\t2:56<br \/>\nA5\t\tToo Daze Gone\t4:03<br \/>\nB1\t\tLonely Is The Night  4:39<br \/>\nB2\t\tWhadda You Want From Me\t3:44<br \/>\nB3\t\tNobody Knows\t4:19<br \/>\nB4\t\tI Need You\t3:52<br \/>\nB5\t\tDon&#8217;t Say No\t3:20<\/p>","protected":false},"excerpt":{"rendered":"<p>Capitol Records \u2013 EST 12146, Capitol Records \u2013 OC 062-400 002<br \/>\nFormat:<br \/>\nVinyl, LP, Album<br \/>\nCountry:\tUK<br \/>\nReleased:\t1981<\/p>","protected":false},"featured_media":24178,"template":"","meta":[],"product_cat":[15],"product_tag":[44],"yoast_head":"<!-- This site is optimized with the Yoast SEO plugin v23.5 - https:\/\/yoast.com\/wordpress\/plugins\/seo\/ -->\n<title>Billy Squier \u2013 Don&#039;t Say No Vinilin\u0117 Plok\u0161tel\u0117 | Vinilozona.lt<\/title>\n<meta name=\"robots\" content=\"index, follow, max-snippet:-1, max-image-preview:large, max-video-preview:-1\" \/>\n<link rel=\"canonical\" href=\"https:\/\/vinilozona.lt\/en\/parduotuve\/rock-pop\/cheap-trick-\u200e-bang-zoom-crazy-hello\/\" \/>\n<meta property=\"og:locale\" content=\"en_GB\" \/>\n<meta property=\"og:type\" content=\"article\" \/>\n<meta property=\"og:title\" content=\"Billy Squier \u2013 Don&#039;t Say No Vinilin\u0117 Plok\u0161tel\u0117 | Vinilozona.lt\" \/>\n<meta property=\"og:description\" content=\"Capitol Records \u2013 EST 12146, Capitol Records \u2013 OC 062-400 002 Format:  Vinyl, LP, Album Country: UK Released: 1981\" \/>\n<meta property=\"og:url\" content=\"https:\/\/vinilozona.lt\/en\/parduotuve\/rock-pop\/cheap-trick-\u200e-bang-zoom-crazy-hello\/\" \/>\n<meta property=\"og:site_name\" content=\"Vinilo Zona\" \/>\n<meta property=\"article:modified_time\" content=\"2025-03-15T09:03:09+00:00\" \/>\n<meta property=\"og:image\" content=\"https:\/\/vinilozona.lt\/wp-content\/uploads\/2024\/01\/R-3568918-1570150285-1920.jpg\" \/>\n\t<meta property=\"og:image:width\" content=\"600\" \/>\n\t<meta property=\"og:image:height\" content=\"600\" \/>\n\t<meta property=\"og:image:type\" content=\"image\/jpeg\" \/>\n<meta name=\"twitter:card\" content=\"summary_large_image\" \/>\n<script type=\"application\/ld+json\" class=\"yoast-schema-graph\">{\"@context\":\"https:\/\/schema.org\",\"@graph\":[{\"@type\":\"WebPage\",\"@id\":\"https:\/\/vinilozona.lt\/parduotuve\/rock-pop\/cheap-trick-%e2%80%8e-bang-zoom-crazy-hello\/\",\"url\":\"https:\/\/vinilozona.lt\/parduotuve\/rock-pop\/cheap-trick-%e2%80%8e-bang-zoom-crazy-hello\/\",\"name\":\"Billy Squier \u2013 Don't Say No Vinilin\u0117 Plok\u0161tel\u0117 | Vinilozona.lt\",\"isPartOf\":{\"@id\":\"https:\/\/vinilozona.lt\/#website\"},\"primaryImageOfPage\":{\"@id\":\"https:\/\/vinilozona.lt\/parduotuve\/rock-pop\/cheap-trick-%e2%80%8e-bang-zoom-crazy-hello\/#primaryimage\"},\"image\":{\"@id\":\"https:\/\/vinilozona.lt\/parduotuve\/rock-pop\/cheap-trick-%e2%80%8e-bang-zoom-crazy-hello\/#primaryimage\"},\"thumbnailUrl\":\"https:\/\/vinilozona.lt\/wp-content\/uploads\/2024\/01\/R-3568918-1570150285-1920.jpg\",\"datePublished\":\"2024-02-13T03:07:13+00:00\",\"dateModified\":\"2025-03-15T09:03:09+00:00\",\"breadcrumb\":{\"@id\":\"https:\/\/vinilozona.lt\/parduotuve\/rock-pop\/cheap-trick-%e2%80%8e-bang-zoom-crazy-hello\/#breadcrumb\"},\"inLanguage\":\"en-GB\",\"potentialAction\":[{\"@type\":\"ReadAction\",\"target\":[\"https:\/\/vinilozona.lt\/parduotuve\/rock-pop\/cheap-trick-%e2%80%8e-bang-zoom-crazy-hello\/\"]}]},{\"@type\":\"ImageObject\",\"inLanguage\":\"en-GB\",\"@id\":\"https:\/\/vinilozona.lt\/parduotuve\/rock-pop\/cheap-trick-%e2%80%8e-bang-zoom-crazy-hello\/#primaryimage\",\"url\":\"https:\/\/vinilozona.lt\/wp-content\/uploads\/2024\/01\/R-3568918-1570150285-1920.jpg\",\"contentUrl\":\"https:\/\/vinilozona.lt\/wp-content\/uploads\/2024\/01\/R-3568918-1570150285-1920.jpg\",\"width\":600,\"height\":600},{\"@type\":\"BreadcrumbList\",\"@id\":\"https:\/\/vinilozona.lt\/parduotuve\/rock-pop\/cheap-trick-%e2%80%8e-bang-zoom-crazy-hello\/#breadcrumb\",\"itemListElement\":[{\"@type\":\"ListItem\",\"position\":1,\"name\":\"Home\",\"item\":\"https:\/\/vinilozona.lt\/\"},{\"@type\":\"ListItem\",\"position\":2,\"name\":\"Parduotuv\u0117\",\"item\":\"https:\/\/vinilozona.lt\/parduotuve\/\"},{\"@type\":\"ListItem\",\"position\":3,\"name\":\"Billy Squier \u2013 Don&#8217;t Say No\"}]},{\"@type\":\"WebSite\",\"@id\":\"https:\/\/vinilozona.lt\/#website\",\"url\":\"https:\/\/vinilozona.lt\/\",\"name\":\"Vinilo Zona\",\"description\":\"Nup\u016bsk dulkes ir klausyk LP\",\"potentialAction\":[{\"@type\":\"SearchAction\",\"target\":{\"@type\":\"EntryPoint\",\"urlTemplate\":\"https:\/\/vinilozona.lt\/?s={search_term_string}\"},\"query-input\":{\"@type\":\"PropertyValueSpecification\",\"valueRequired\":true,\"valueName\":\"search_term_string\"}}],\"inLanguage\":\"en-GB\"}]}<\/script>\n<!-- \/ Yoast SEO plugin. -->","yoast_head_json":{"title":"Billy Squier \u2013 Don't Say No Vinilin\u0117 Plok\u0161tel\u0117 | Vinilozona.lt","robots":{"index":"index","follow":"follow","max-snippet":"max-snippet:-1","max-image-preview":"max-image-preview:large","max-video-preview":"max-video-preview:-1"},"canonical":"https:\/\/vinilozona.lt\/en\/parduotuve\/rock-pop\/cheap-trick-\u200e-bang-zoom-crazy-hello\/","og_locale":"en_GB","og_type":"article","og_title":"Billy Squier \u2013 Don't Say No Vinilin\u0117 Plok\u0161tel\u0117 | Vinilozona.lt","og_description":"Capitol Records \u2013 EST 12146, Capitol Records \u2013 OC 062-400 002 Format:  Vinyl, LP, Album Country: UK Released: 1981","og_url":"https:\/\/vinilozona.lt\/en\/parduotuve\/rock-pop\/cheap-trick-\u200e-bang-zoom-crazy-hello\/","og_site_name":"Vinilo Zona","article_modified_time":"2025-03-15T09:03:09+00:00","og_image":[{"width":600,"height":600,"url":"https:\/\/vinilozona.lt\/wp-content\/uploads\/2024\/01\/R-3568918-1570150285-1920.jpg","type":"image\/jpeg"}],"twitter_card":"summary_large_image","schema":{"@context":"https:\/\/schema.org","@graph":[{"@type":"WebPage","@id":"https:\/\/vinilozona.lt\/parduotuve\/rock-pop\/cheap-trick-%e2%80%8e-bang-zoom-crazy-hello\/","url":"https:\/\/vinilozona.lt\/parduotuve\/rock-pop\/cheap-trick-%e2%80%8e-bang-zoom-crazy-hello\/","name":"Billy Squier \u2013 Don't Say No Vinilin\u0117 Plok\u0161tel\u0117 | Vinilozona.lt","isPartOf":{"@id":"https:\/\/vinilozona.lt\/#website"},"primaryImageOfPage":{"@id":"https:\/\/vinilozona.lt\/parduotuve\/rock-pop\/cheap-trick-%e2%80%8e-bang-zoom-crazy-hello\/#primaryimage"},"image":{"@id":"https:\/\/vinilozona.lt\/parduotuve\/rock-pop\/cheap-trick-%e2%80%8e-bang-zoom-crazy-hello\/#primaryimage"},"thumbnailUrl":"https:\/\/vinilozona.lt\/wp-content\/uploads\/2024\/01\/R-3568918-1570150285-1920.jpg","datePublished":"2024-02-13T03:07:13+00:00","dateModified":"2025-03-15T09:03:09+00:00","breadcrumb":{"@id":"https:\/\/vinilozona.lt\/parduotuve\/rock-pop\/cheap-trick-%e2%80%8e-bang-zoom-crazy-hello\/#breadcrumb"},"inLanguage":"en-GB","potentialAction":[{"@type":"ReadAction","target":["https:\/\/vinilozona.lt\/parduotuve\/rock-pop\/cheap-trick-%e2%80%8e-bang-zoom-crazy-hello\/"]}]},{"@type":"ImageObject","inLanguage":"en-GB","@id":"https:\/\/vinilozona.lt\/parduotuve\/rock-pop\/cheap-trick-%e2%80%8e-bang-zoom-crazy-hello\/#primaryimage","url":"https:\/\/vinilozona.lt\/wp-content\/uploads\/2024\/01\/R-3568918-1570150285-1920.jpg","contentUrl":"https:\/\/vinilozona.lt\/wp-content\/uploads\/2024\/01\/R-3568918-1570150285-1920.jpg","width":600,"height":600},{"@type":"BreadcrumbList","@id":"https:\/\/vinilozona.lt\/parduotuve\/rock-pop\/cheap-trick-%e2%80%8e-bang-zoom-crazy-hello\/#breadcrumb","itemListElement":[{"@type":"ListItem","position":1,"name":"Home","item":"https:\/\/vinilozona.lt\/"},{"@type":"ListItem","position":2,"name":"Parduotuv\u0117","item":"https:\/\/vinilozona.lt\/parduotuve\/"},{"@type":"ListItem","position":3,"name":"Billy Squier \u2013 Don&#8217;t Say No"}]},{"@type":"WebSite","@id":"https:\/\/vinilozona.lt\/#website","url":"https:\/\/vinilozona.lt\/","name":"Vinilo Zona","description":"Nup\u016bsk dulkes ir klausyk LP","potentialAction":[{"@type":"SearchAction","target":{"@type":"EntryPoint","urlTemplate":"https:\/\/vinilozona.lt\/?s={search_term_string}"},"query-input":{"@type":"PropertyValueSpecification","valueRequired":true,"valueName":"search_term_string"}}],"inLanguage":"en-GB"}]}},"_links":{"self":[{"href":"https:\/\/vinilozona.lt\/en\/wp-json\/wp\/v2\/product\/5129"}],"collection":[{"href":"https:\/\/vinilozona.lt\/en\/wp-json\/wp\/v2\/product"}],"about":[{"href":"https:\/\/vinilozona.lt\/en\/wp-json\/wp\/v2\/types\/product"}],"wp:featuredmedia":[{"embeddable":true,"href":"https:\/\/vinilozona.lt\/en\/wp-json\/wp\/v2\/media\/24178"}],"wp:attachment":[{"href":"https:\/\/vinilozona.lt\/en\/wp-json\/wp\/v2\/media?parent=5129"}],"wp:term":[{"taxonomy":"product_cat","embeddable":true,"href":"https:\/\/vinilozona.lt\/en\/wp-json\/wp\/v2\/product_cat?post=5129"},{"taxonomy":"product_tag","embeddable":true,"href":"https:\/\/vinilozona.lt\/en\/wp-json\/wp\/v2\/product_tag?post=5129"}],"curies":[{"name":"wp","href":"https:\/\/api.w.org\/{rel}","templated":true}]}}