{"id":4791,"date":"2023-07-04T05:31:31","date_gmt":"2023-07-04T02:31:31","guid":{"rendered":"https:\/\/vinilozona.lt\/?post_type=product&#038;p=4791"},"modified":"2023-07-24T13:14:06","modified_gmt":"2023-07-24T10:14:06","slug":"various-%e2%80%8e-funk-masters-classics-by-the-legends-of-funky-music","status":"publish","type":"product","link":"https:\/\/vinilozona.lt\/en\/parduotuve\/naujos-lp\/various-%e2%80%8e-funk-masters-classics-by-the-legends-of-funky-music\/","title":{"rendered":"Tina Turner \u2013 Simply The Best"},"content":{"rendered":"<p>A1\tTina Turner\u2013\tThe Best  4:08<br \/>\nA2\tTina Turner\u2013\tI Can&#8217;t Stand The Rain  3:42<br \/>\nA3\tTina Turner\u2013\tWhat&#8217;s Love Got To Do With It  3:48<br \/>\nA4\tTina Turner\u2013\tI Don&#8217;t Wanna Lose You  4:18<br \/>\nA5\tTina Turner\u2013\tLet&#8217;s Stay Together  3:37<br \/>\nB1\tTina Turner\u2013\tSteamy Windows  4:03<br \/>\nB2\tTina Turner\u2013\tTypical Male  4:15<br \/>\nB3\tTina Turner\u2013\tWe Don&#8217;t Need Another Hero (Thunderdome)  4:14<br \/>\nB4\tTina Turner\u2013\tPrivate Dancer  4:00<br \/>\nB5\tTina Turner\u2013\tBetter Be Good To Me  3:38<br \/>\nC1\tTina Turner\u2013\tNutbush City Limits (The 90&#8217;s Version)  3:42<br \/>\nC2\tTina Turner Duet With Rod Stewart\u2013\tIt Takes Two  4:11<br \/>\nC3\tTina Turner\u2013\tRiver Deep-Mountain High  3:38<br \/>\nC4\tTina Turner\u2013\tBe Tender With Me Baby  4:16<br \/>\nD1\tTina Turner\u2013\tAddicted To Love (Live In London, 1987)  5:03<br \/>\nD2\tTina Turner\u2013\tI Want You Near Me  3:52<br \/>\nD3\tTina Turner\u2013\tWay Of The World  4:24<br \/>\nD4\tTina Turner\u2013\tLove Thing  4:27<\/p>","protected":false},"excerpt":{"rendered":"<p>Parlophone \u2013 0190295378134, Parlophone \u2013 ESTV 1<br \/>\nFormat:<br \/>\n2 x Vinyl, LP, Compilation, Reissue, Stereo<br \/>\nCountry:\tUSA &#038; Europe<br \/>\nReleased:\tNov 22, 2019<\/p>","protected":false},"featured_media":22351,"template":"","meta":[],"product_cat":[23],"product_tag":[74],"yoast_head":"<!-- This site is optimized with the Yoast SEO plugin v23.5 - https:\/\/yoast.com\/wordpress\/plugins\/seo\/ -->\n<title>Tina Turner \u2013 Simply The Best Vinilin\u0117 Plok\u0161tel\u0117 | Vinilozona.lt<\/title>\n<meta name=\"robots\" content=\"index, follow, max-snippet:-1, max-image-preview:large, max-video-preview:-1\" \/>\n<link rel=\"canonical\" href=\"https:\/\/vinilozona.lt\/en\/parduotuve\/naujos-lp\/various-\u200e-funk-masters-classics-by-the-legends-of-funky-music\/\" \/>\n<meta property=\"og:locale\" content=\"en_GB\" \/>\n<meta property=\"og:type\" content=\"article\" \/>\n<meta property=\"og:title\" content=\"Tina Turner \u2013 Simply The Best Vinilin\u0117 Plok\u0161tel\u0117 | Vinilozona.lt\" \/>\n<meta property=\"og:description\" content=\"Parlophone \u2013 0190295378134, Parlophone \u2013 ESTV 1 Format:  2 x Vinyl, LP, Compilation, Reissue, Stereo Country: USA &amp; Europe Released: Nov 22, 2019\" \/>\n<meta property=\"og:url\" content=\"https:\/\/vinilozona.lt\/en\/parduotuve\/naujos-lp\/various-\u200e-funk-masters-classics-by-the-legends-of-funky-music\/\" \/>\n<meta property=\"og:site_name\" content=\"Vinilo Zona\" \/>\n<meta property=\"article:modified_time\" content=\"2023-07-24T10:14:06+00:00\" \/>\n<meta property=\"og:image\" content=\"https:\/\/vinilozona.lt\/wp-content\/uploads\/2020\/01\/R-14432136-1574422492-1045.jpg\" \/>\n\t<meta property=\"og:image:width\" content=\"600\" \/>\n\t<meta property=\"og:image:height\" content=\"600\" \/>\n\t<meta property=\"og:image:type\" content=\"image\/jpeg\" \/>\n<meta name=\"twitter:card\" content=\"summary_large_image\" \/>\n<meta name=\"twitter:label1\" content=\"Estimated reading time\" \/>\n\t<meta name=\"twitter:data1\" content=\"1 minute\" \/>\n<script type=\"application\/ld+json\" class=\"yoast-schema-graph\">{\"@context\":\"https:\/\/schema.org\",\"@graph\":[{\"@type\":\"WebPage\",\"@id\":\"https:\/\/vinilozona.lt\/parduotuve\/naujos-lp\/various-%e2%80%8e-funk-masters-classics-by-the-legends-of-funky-music\/\",\"url\":\"https:\/\/vinilozona.lt\/parduotuve\/naujos-lp\/various-%e2%80%8e-funk-masters-classics-by-the-legends-of-funky-music\/\",\"name\":\"Tina Turner \u2013 Simply The Best Vinilin\u0117 Plok\u0161tel\u0117 | Vinilozona.lt\",\"isPartOf\":{\"@id\":\"https:\/\/vinilozona.lt\/#website\"},\"primaryImageOfPage\":{\"@id\":\"https:\/\/vinilozona.lt\/parduotuve\/naujos-lp\/various-%e2%80%8e-funk-masters-classics-by-the-legends-of-funky-music\/#primaryimage\"},\"image\":{\"@id\":\"https:\/\/vinilozona.lt\/parduotuve\/naujos-lp\/various-%e2%80%8e-funk-masters-classics-by-the-legends-of-funky-music\/#primaryimage\"},\"thumbnailUrl\":\"https:\/\/vinilozona.lt\/wp-content\/uploads\/2020\/01\/R-14432136-1574422492-1045.jpg\",\"datePublished\":\"2023-07-04T02:31:31+00:00\",\"dateModified\":\"2023-07-24T10:14:06+00:00\",\"breadcrumb\":{\"@id\":\"https:\/\/vinilozona.lt\/parduotuve\/naujos-lp\/various-%e2%80%8e-funk-masters-classics-by-the-legends-of-funky-music\/#breadcrumb\"},\"inLanguage\":\"en-GB\",\"potentialAction\":[{\"@type\":\"ReadAction\",\"target\":[\"https:\/\/vinilozona.lt\/parduotuve\/naujos-lp\/various-%e2%80%8e-funk-masters-classics-by-the-legends-of-funky-music\/\"]}]},{\"@type\":\"ImageObject\",\"inLanguage\":\"en-GB\",\"@id\":\"https:\/\/vinilozona.lt\/parduotuve\/naujos-lp\/various-%e2%80%8e-funk-masters-classics-by-the-legends-of-funky-music\/#primaryimage\",\"url\":\"https:\/\/vinilozona.lt\/wp-content\/uploads\/2020\/01\/R-14432136-1574422492-1045.jpg\",\"contentUrl\":\"https:\/\/vinilozona.lt\/wp-content\/uploads\/2020\/01\/R-14432136-1574422492-1045.jpg\",\"width\":600,\"height\":600},{\"@type\":\"BreadcrumbList\",\"@id\":\"https:\/\/vinilozona.lt\/parduotuve\/naujos-lp\/various-%e2%80%8e-funk-masters-classics-by-the-legends-of-funky-music\/#breadcrumb\",\"itemListElement\":[{\"@type\":\"ListItem\",\"position\":1,\"name\":\"Home\",\"item\":\"https:\/\/vinilozona.lt\/\"},{\"@type\":\"ListItem\",\"position\":2,\"name\":\"Parduotuv\u0117\",\"item\":\"https:\/\/vinilozona.lt\/parduotuve\/\"},{\"@type\":\"ListItem\",\"position\":3,\"name\":\"Tina Turner \u2013 Simply The Best\"}]},{\"@type\":\"WebSite\",\"@id\":\"https:\/\/vinilozona.lt\/#website\",\"url\":\"https:\/\/vinilozona.lt\/\",\"name\":\"Vinilo Zona\",\"description\":\"Nup\u016bsk dulkes ir klausyk LP\",\"potentialAction\":[{\"@type\":\"SearchAction\",\"target\":{\"@type\":\"EntryPoint\",\"urlTemplate\":\"https:\/\/vinilozona.lt\/?s={search_term_string}\"},\"query-input\":{\"@type\":\"PropertyValueSpecification\",\"valueRequired\":true,\"valueName\":\"search_term_string\"}}],\"inLanguage\":\"en-GB\"}]}<\/script>\n<!-- \/ Yoast SEO plugin. -->","yoast_head_json":{"title":"Tina Turner \u2013 Simply The Best Vinilin\u0117 Plok\u0161tel\u0117 | Vinilozona.lt","robots":{"index":"index","follow":"follow","max-snippet":"max-snippet:-1","max-image-preview":"max-image-preview:large","max-video-preview":"max-video-preview:-1"},"canonical":"https:\/\/vinilozona.lt\/en\/parduotuve\/naujos-lp\/various-\u200e-funk-masters-classics-by-the-legends-of-funky-music\/","og_locale":"en_GB","og_type":"article","og_title":"Tina Turner \u2013 Simply The Best Vinilin\u0117 Plok\u0161tel\u0117 | Vinilozona.lt","og_description":"Parlophone \u2013 0190295378134, Parlophone \u2013 ESTV 1 Format:  2 x Vinyl, LP, Compilation, Reissue, Stereo Country: USA & Europe Released: Nov 22, 2019","og_url":"https:\/\/vinilozona.lt\/en\/parduotuve\/naujos-lp\/various-\u200e-funk-masters-classics-by-the-legends-of-funky-music\/","og_site_name":"Vinilo Zona","article_modified_time":"2023-07-24T10:14:06+00:00","og_image":[{"width":600,"height":600,"url":"https:\/\/vinilozona.lt\/wp-content\/uploads\/2020\/01\/R-14432136-1574422492-1045.jpg","type":"image\/jpeg"}],"twitter_card":"summary_large_image","twitter_misc":{"Estimated reading time":"1 minute"},"schema":{"@context":"https:\/\/schema.org","@graph":[{"@type":"WebPage","@id":"https:\/\/vinilozona.lt\/parduotuve\/naujos-lp\/various-%e2%80%8e-funk-masters-classics-by-the-legends-of-funky-music\/","url":"https:\/\/vinilozona.lt\/parduotuve\/naujos-lp\/various-%e2%80%8e-funk-masters-classics-by-the-legends-of-funky-music\/","name":"Tina Turner \u2013 Simply The Best Vinilin\u0117 Plok\u0161tel\u0117 | Vinilozona.lt","isPartOf":{"@id":"https:\/\/vinilozona.lt\/#website"},"primaryImageOfPage":{"@id":"https:\/\/vinilozona.lt\/parduotuve\/naujos-lp\/various-%e2%80%8e-funk-masters-classics-by-the-legends-of-funky-music\/#primaryimage"},"image":{"@id":"https:\/\/vinilozona.lt\/parduotuve\/naujos-lp\/various-%e2%80%8e-funk-masters-classics-by-the-legends-of-funky-music\/#primaryimage"},"thumbnailUrl":"https:\/\/vinilozona.lt\/wp-content\/uploads\/2020\/01\/R-14432136-1574422492-1045.jpg","datePublished":"2023-07-04T02:31:31+00:00","dateModified":"2023-07-24T10:14:06+00:00","breadcrumb":{"@id":"https:\/\/vinilozona.lt\/parduotuve\/naujos-lp\/various-%e2%80%8e-funk-masters-classics-by-the-legends-of-funky-music\/#breadcrumb"},"inLanguage":"en-GB","potentialAction":[{"@type":"ReadAction","target":["https:\/\/vinilozona.lt\/parduotuve\/naujos-lp\/various-%e2%80%8e-funk-masters-classics-by-the-legends-of-funky-music\/"]}]},{"@type":"ImageObject","inLanguage":"en-GB","@id":"https:\/\/vinilozona.lt\/parduotuve\/naujos-lp\/various-%e2%80%8e-funk-masters-classics-by-the-legends-of-funky-music\/#primaryimage","url":"https:\/\/vinilozona.lt\/wp-content\/uploads\/2020\/01\/R-14432136-1574422492-1045.jpg","contentUrl":"https:\/\/vinilozona.lt\/wp-content\/uploads\/2020\/01\/R-14432136-1574422492-1045.jpg","width":600,"height":600},{"@type":"BreadcrumbList","@id":"https:\/\/vinilozona.lt\/parduotuve\/naujos-lp\/various-%e2%80%8e-funk-masters-classics-by-the-legends-of-funky-music\/#breadcrumb","itemListElement":[{"@type":"ListItem","position":1,"name":"Home","item":"https:\/\/vinilozona.lt\/"},{"@type":"ListItem","position":2,"name":"Parduotuv\u0117","item":"https:\/\/vinilozona.lt\/parduotuve\/"},{"@type":"ListItem","position":3,"name":"Tina Turner \u2013 Simply The Best"}]},{"@type":"WebSite","@id":"https:\/\/vinilozona.lt\/#website","url":"https:\/\/vinilozona.lt\/","name":"Vinilo Zona","description":"Nup\u016bsk dulkes ir klausyk LP","potentialAction":[{"@type":"SearchAction","target":{"@type":"EntryPoint","urlTemplate":"https:\/\/vinilozona.lt\/?s={search_term_string}"},"query-input":{"@type":"PropertyValueSpecification","valueRequired":true,"valueName":"search_term_string"}}],"inLanguage":"en-GB"}]}},"_links":{"self":[{"href":"https:\/\/vinilozona.lt\/en\/wp-json\/wp\/v2\/product\/4791"}],"collection":[{"href":"https:\/\/vinilozona.lt\/en\/wp-json\/wp\/v2\/product"}],"about":[{"href":"https:\/\/vinilozona.lt\/en\/wp-json\/wp\/v2\/types\/product"}],"wp:featuredmedia":[{"embeddable":true,"href":"https:\/\/vinilozona.lt\/en\/wp-json\/wp\/v2\/media\/22351"}],"wp:attachment":[{"href":"https:\/\/vinilozona.lt\/en\/wp-json\/wp\/v2\/media?parent=4791"}],"wp:term":[{"taxonomy":"product_cat","embeddable":true,"href":"https:\/\/vinilozona.lt\/en\/wp-json\/wp\/v2\/product_cat?post=4791"},{"taxonomy":"product_tag","embeddable":true,"href":"https:\/\/vinilozona.lt\/en\/wp-json\/wp\/v2\/product_tag?post=4791"}],"curies":[{"name":"wp","href":"https:\/\/api.w.org\/{rel}","templated":true}]}}