{"id":4765,"date":"2023-11-09T05:07:09","date_gmt":"2023-11-09T03:07:09","guid":{"rendered":"https:\/\/vinilozona.lt\/?post_type=product&#038;p=4765"},"modified":"2023-11-09T11:38:11","modified_gmt":"2023-11-09T09:38:11","slug":"king-diamond-%e2%80%8e-them-2","status":"publish","type":"product","link":"https:\/\/vinilozona.lt\/en\/parduotuve\/naujos-lp\/king-diamond-%e2%80%8e-them-2\/","title":{"rendered":"Steve Lukather \u2013 I Found The Sun Again"},"content":{"rendered":"<p>A1\t\tAlong For The Ride<br \/>\nA2\t\tSerpent Soul<br \/>\nB1\t\tThe Low Spark Of High Heeled Boys<br \/>\nB2\t\tJourney Through<br \/>\nC1\t\tWelcome To The Club<br \/>\nC2\t\tI Found The Sun Again<br \/>\nD1\t\tRun To Me<br \/>\nD2\t\tBridge Of Sighs<\/p>","protected":false},"excerpt":{"rendered":"<p>The Players Club \u2013 TPC 7631 1, The Players Club \u2013 TPC76311<br \/>\nFormat:<br \/>\n2 x Vinyl, LP, Album, 180 Gram, Blue<br \/>\nCountry:\tWorldwide<br \/>\nReleased:\tFeb 26, 2021<\/p>","protected":false},"featured_media":23466,"template":"","meta":[],"product_cat":[23],"product_tag":[74],"yoast_head":"<!-- This site is optimized with the Yoast SEO plugin v23.5 - https:\/\/yoast.com\/wordpress\/plugins\/seo\/ -->\n<title>Steve Lukather \u2013 I Found The Sun Again Vinilin\u0117 Plok\u0161tel\u0117 | Vinilozona.lt<\/title>\n<meta name=\"robots\" content=\"index, follow, max-snippet:-1, max-image-preview:large, max-video-preview:-1\" \/>\n<link rel=\"canonical\" href=\"https:\/\/vinilozona.lt\/en\/parduotuve\/naujos-lp\/king-diamond-\u200e-them-2\/\" \/>\n<meta property=\"og:locale\" content=\"en_GB\" \/>\n<meta property=\"og:type\" content=\"article\" \/>\n<meta property=\"og:title\" content=\"Steve Lukather \u2013 I Found The Sun Again Vinilin\u0117 Plok\u0161tel\u0117 | Vinilozona.lt\" \/>\n<meta property=\"og:description\" content=\"The Players Club \u2013 TPC 7631 1, The Players Club \u2013 TPC76311 Format:  2 x Vinyl, LP, Album, 180 Gram, Blue Country: Worldwide Released: Feb 26, 2021\" \/>\n<meta property=\"og:url\" content=\"https:\/\/vinilozona.lt\/en\/parduotuve\/naujos-lp\/king-diamond-\u200e-them-2\/\" \/>\n<meta property=\"og:site_name\" content=\"Vinilo Zona\" \/>\n<meta property=\"article:modified_time\" content=\"2023-11-09T09:38:11+00:00\" \/>\n<meta property=\"og:image\" content=\"https:\/\/vinilozona.lt\/wp-content\/uploads\/2020\/01\/R-17585014-1615064685-6954.jpg\" \/>\n\t<meta property=\"og:image:width\" content=\"600\" \/>\n\t<meta property=\"og:image:height\" content=\"583\" \/>\n\t<meta property=\"og:image:type\" content=\"image\/jpeg\" \/>\n<meta name=\"twitter:card\" content=\"summary_large_image\" \/>\n<script type=\"application\/ld+json\" class=\"yoast-schema-graph\">{\"@context\":\"https:\/\/schema.org\",\"@graph\":[{\"@type\":\"WebPage\",\"@id\":\"https:\/\/vinilozona.lt\/parduotuve\/naujos-lp\/king-diamond-%e2%80%8e-them-2\/\",\"url\":\"https:\/\/vinilozona.lt\/parduotuve\/naujos-lp\/king-diamond-%e2%80%8e-them-2\/\",\"name\":\"Steve Lukather \u2013 I Found The Sun Again Vinilin\u0117 Plok\u0161tel\u0117 | Vinilozona.lt\",\"isPartOf\":{\"@id\":\"https:\/\/vinilozona.lt\/#website\"},\"primaryImageOfPage\":{\"@id\":\"https:\/\/vinilozona.lt\/parduotuve\/naujos-lp\/king-diamond-%e2%80%8e-them-2\/#primaryimage\"},\"image\":{\"@id\":\"https:\/\/vinilozona.lt\/parduotuve\/naujos-lp\/king-diamond-%e2%80%8e-them-2\/#primaryimage\"},\"thumbnailUrl\":\"https:\/\/vinilozona.lt\/wp-content\/uploads\/2020\/01\/R-17585014-1615064685-6954.jpg\",\"datePublished\":\"2023-11-09T03:07:09+00:00\",\"dateModified\":\"2023-11-09T09:38:11+00:00\",\"breadcrumb\":{\"@id\":\"https:\/\/vinilozona.lt\/parduotuve\/naujos-lp\/king-diamond-%e2%80%8e-them-2\/#breadcrumb\"},\"inLanguage\":\"en-GB\",\"potentialAction\":[{\"@type\":\"ReadAction\",\"target\":[\"https:\/\/vinilozona.lt\/parduotuve\/naujos-lp\/king-diamond-%e2%80%8e-them-2\/\"]}]},{\"@type\":\"ImageObject\",\"inLanguage\":\"en-GB\",\"@id\":\"https:\/\/vinilozona.lt\/parduotuve\/naujos-lp\/king-diamond-%e2%80%8e-them-2\/#primaryimage\",\"url\":\"https:\/\/vinilozona.lt\/wp-content\/uploads\/2020\/01\/R-17585014-1615064685-6954.jpg\",\"contentUrl\":\"https:\/\/vinilozona.lt\/wp-content\/uploads\/2020\/01\/R-17585014-1615064685-6954.jpg\",\"width\":600,\"height\":583},{\"@type\":\"BreadcrumbList\",\"@id\":\"https:\/\/vinilozona.lt\/parduotuve\/naujos-lp\/king-diamond-%e2%80%8e-them-2\/#breadcrumb\",\"itemListElement\":[{\"@type\":\"ListItem\",\"position\":1,\"name\":\"Home\",\"item\":\"https:\/\/vinilozona.lt\/\"},{\"@type\":\"ListItem\",\"position\":2,\"name\":\"Parduotuv\u0117\",\"item\":\"https:\/\/vinilozona.lt\/parduotuve\/\"},{\"@type\":\"ListItem\",\"position\":3,\"name\":\"Steve Lukather \u2013 I Found The Sun Again\"}]},{\"@type\":\"WebSite\",\"@id\":\"https:\/\/vinilozona.lt\/#website\",\"url\":\"https:\/\/vinilozona.lt\/\",\"name\":\"Vinilo Zona\",\"description\":\"Nup\u016bsk dulkes ir klausyk LP\",\"potentialAction\":[{\"@type\":\"SearchAction\",\"target\":{\"@type\":\"EntryPoint\",\"urlTemplate\":\"https:\/\/vinilozona.lt\/?s={search_term_string}\"},\"query-input\":{\"@type\":\"PropertyValueSpecification\",\"valueRequired\":true,\"valueName\":\"search_term_string\"}}],\"inLanguage\":\"en-GB\"}]}<\/script>\n<!-- \/ Yoast SEO plugin. -->","yoast_head_json":{"title":"Steve Lukather \u2013 I Found The Sun Again Vinilin\u0117 Plok\u0161tel\u0117 | Vinilozona.lt","robots":{"index":"index","follow":"follow","max-snippet":"max-snippet:-1","max-image-preview":"max-image-preview:large","max-video-preview":"max-video-preview:-1"},"canonical":"https:\/\/vinilozona.lt\/en\/parduotuve\/naujos-lp\/king-diamond-\u200e-them-2\/","og_locale":"en_GB","og_type":"article","og_title":"Steve Lukather \u2013 I Found The Sun Again Vinilin\u0117 Plok\u0161tel\u0117 | Vinilozona.lt","og_description":"The Players Club \u2013 TPC 7631 1, The Players Club \u2013 TPC76311 Format:  2 x Vinyl, LP, Album, 180 Gram, Blue Country: Worldwide Released: Feb 26, 2021","og_url":"https:\/\/vinilozona.lt\/en\/parduotuve\/naujos-lp\/king-diamond-\u200e-them-2\/","og_site_name":"Vinilo Zona","article_modified_time":"2023-11-09T09:38:11+00:00","og_image":[{"width":600,"height":583,"url":"https:\/\/vinilozona.lt\/wp-content\/uploads\/2020\/01\/R-17585014-1615064685-6954.jpg","type":"image\/jpeg"}],"twitter_card":"summary_large_image","schema":{"@context":"https:\/\/schema.org","@graph":[{"@type":"WebPage","@id":"https:\/\/vinilozona.lt\/parduotuve\/naujos-lp\/king-diamond-%e2%80%8e-them-2\/","url":"https:\/\/vinilozona.lt\/parduotuve\/naujos-lp\/king-diamond-%e2%80%8e-them-2\/","name":"Steve Lukather \u2013 I Found The Sun Again Vinilin\u0117 Plok\u0161tel\u0117 | Vinilozona.lt","isPartOf":{"@id":"https:\/\/vinilozona.lt\/#website"},"primaryImageOfPage":{"@id":"https:\/\/vinilozona.lt\/parduotuve\/naujos-lp\/king-diamond-%e2%80%8e-them-2\/#primaryimage"},"image":{"@id":"https:\/\/vinilozona.lt\/parduotuve\/naujos-lp\/king-diamond-%e2%80%8e-them-2\/#primaryimage"},"thumbnailUrl":"https:\/\/vinilozona.lt\/wp-content\/uploads\/2020\/01\/R-17585014-1615064685-6954.jpg","datePublished":"2023-11-09T03:07:09+00:00","dateModified":"2023-11-09T09:38:11+00:00","breadcrumb":{"@id":"https:\/\/vinilozona.lt\/parduotuve\/naujos-lp\/king-diamond-%e2%80%8e-them-2\/#breadcrumb"},"inLanguage":"en-GB","potentialAction":[{"@type":"ReadAction","target":["https:\/\/vinilozona.lt\/parduotuve\/naujos-lp\/king-diamond-%e2%80%8e-them-2\/"]}]},{"@type":"ImageObject","inLanguage":"en-GB","@id":"https:\/\/vinilozona.lt\/parduotuve\/naujos-lp\/king-diamond-%e2%80%8e-them-2\/#primaryimage","url":"https:\/\/vinilozona.lt\/wp-content\/uploads\/2020\/01\/R-17585014-1615064685-6954.jpg","contentUrl":"https:\/\/vinilozona.lt\/wp-content\/uploads\/2020\/01\/R-17585014-1615064685-6954.jpg","width":600,"height":583},{"@type":"BreadcrumbList","@id":"https:\/\/vinilozona.lt\/parduotuve\/naujos-lp\/king-diamond-%e2%80%8e-them-2\/#breadcrumb","itemListElement":[{"@type":"ListItem","position":1,"name":"Home","item":"https:\/\/vinilozona.lt\/"},{"@type":"ListItem","position":2,"name":"Parduotuv\u0117","item":"https:\/\/vinilozona.lt\/parduotuve\/"},{"@type":"ListItem","position":3,"name":"Steve Lukather \u2013 I Found The Sun Again"}]},{"@type":"WebSite","@id":"https:\/\/vinilozona.lt\/#website","url":"https:\/\/vinilozona.lt\/","name":"Vinilo Zona","description":"Nup\u016bsk dulkes ir klausyk LP","potentialAction":[{"@type":"SearchAction","target":{"@type":"EntryPoint","urlTemplate":"https:\/\/vinilozona.lt\/?s={search_term_string}"},"query-input":{"@type":"PropertyValueSpecification","valueRequired":true,"valueName":"search_term_string"}}],"inLanguage":"en-GB"}]}},"_links":{"self":[{"href":"https:\/\/vinilozona.lt\/en\/wp-json\/wp\/v2\/product\/4765"}],"collection":[{"href":"https:\/\/vinilozona.lt\/en\/wp-json\/wp\/v2\/product"}],"about":[{"href":"https:\/\/vinilozona.lt\/en\/wp-json\/wp\/v2\/types\/product"}],"wp:featuredmedia":[{"embeddable":true,"href":"https:\/\/vinilozona.lt\/en\/wp-json\/wp\/v2\/media\/23466"}],"wp:attachment":[{"href":"https:\/\/vinilozona.lt\/en\/wp-json\/wp\/v2\/media?parent=4765"}],"wp:term":[{"taxonomy":"product_cat","embeddable":true,"href":"https:\/\/vinilozona.lt\/en\/wp-json\/wp\/v2\/product_cat?post=4765"},{"taxonomy":"product_tag","embeddable":true,"href":"https:\/\/vinilozona.lt\/en\/wp-json\/wp\/v2\/product_tag?post=4765"}],"curies":[{"name":"wp","href":"https:\/\/api.w.org\/{rel}","templated":true}]}}