{"id":4752,"date":"2024-06-21T05:00:14","date_gmt":"2024-06-21T02:00:14","guid":{"rendered":"https:\/\/vinilozona.lt\/?post_type=product&#038;p=4752"},"modified":"2024-06-18T06:49:33","modified_gmt":"2024-06-18T03:49:33","slug":"status-quo-%e2%80%8e-v-i-p","status":"publish","type":"product","link":"https:\/\/vinilozona.lt\/en\/parduotuve\/rock-pop\/status-quo-%e2%80%8e-v-i-p\/","title":{"rendered":"Status Quo \u2013 Rocking All Over The Years"},"content":{"rendered":"<p>A1\t\tPictures Of Matchstick Men  3:07<br \/>\nA2\t\tIce In The Sun  2:00<br \/>\nA3\t\tPaper Plane  2:51<br \/>\nA4\t\tCaroline  3:40<br \/>\nA5\t\tBreak The Rules  3:37<br \/>\nA6\t\tDown Down  3:45<br \/>\nB1\t\tRoll Over Lay Down  4:41<br \/>\nB2\t\tRain  4:24<br \/>\nB3\t\tWild Side Of Life  3:13<br \/>\nB4\t\tRockin&#8217; All Over The World  3:24<br \/>\nB5\t\tWhatever You Want  3:48<br \/>\nC1\t\tWhat You&#8217;re Proposin&#8217;  3:50<br \/>\nC2\t\tSomething &#8216;Bout You Baby I Like  2:38<br \/>\nC3\t\tRock &#8216;N&#8217; Roll  3:48<br \/>\nC4\t\tDear John  3:11<br \/>\nC5\t\tOl&#8217; Rag Blues  2:47<br \/>\nC6\t\tMarguerita Time  3:19<br \/>\nD1\t\tThe Wanderer   3:19<br \/>\nD2\t\tRollin&#8217; Home  3:58<br \/>\nD3\t\tIn The Army Now  3:38<br \/>\nD4\t\tBurning Bridges  3:51<br \/>\nAnniversary Waltz (Part One)\t(5:00)<br \/>\nD5.a\t\tLet&#8217;s Dance<br \/>\nD5.b\t\tRed River Rock<br \/>\nD5.c\t\tNo Particular Place To Go<br \/>\nD5.d\t\tThe Wanderer<br \/>\nD5.e\t\tI Hear You Knocking<br \/>\nD5.f\t\tLucille<br \/>\nD5.g\t\tGreat Balls Of Fire<\/p>","protected":false},"excerpt":{"rendered":"<p>Vertigo \u2013 846 797-1, Phonogram \u2013 846 797-1<br \/>\nFormat:<br \/>\n2 x Vinyl, LP, Album, Compilation<br \/>\nCountry:\tUK<br \/>\nReleased:\t1990<\/p>","protected":false},"featured_media":22790,"template":"","meta":[],"product_cat":[15],"product_tag":[44],"yoast_head":"<!-- This site is optimized with the Yoast SEO plugin v23.5 - https:\/\/yoast.com\/wordpress\/plugins\/seo\/ -->\n<title>Status Quo \u2013 Rocking All Over The Years Vinilin\u0117 Plok\u0161tel\u0117 | Vinilozona.lt<\/title>\n<meta name=\"robots\" content=\"index, follow, max-snippet:-1, max-image-preview:large, max-video-preview:-1\" \/>\n<link rel=\"canonical\" href=\"https:\/\/vinilozona.lt\/en\/parduotuve\/rock-pop\/status-quo-\u200e-v-i-p\/\" \/>\n<meta property=\"og:locale\" content=\"en_GB\" \/>\n<meta property=\"og:type\" content=\"article\" \/>\n<meta property=\"og:title\" content=\"Status Quo \u2013 Rocking All Over The Years Vinilin\u0117 Plok\u0161tel\u0117 | Vinilozona.lt\" \/>\n<meta property=\"og:description\" content=\"Vertigo \u2013 846 797-1, Phonogram \u2013 846 797-1 Format:  2 x Vinyl, LP, Album, Compilation Country: UK Released: 1990\" \/>\n<meta property=\"og:url\" content=\"https:\/\/vinilozona.lt\/en\/parduotuve\/rock-pop\/status-quo-\u200e-v-i-p\/\" \/>\n<meta property=\"og:site_name\" content=\"Vinilo Zona\" \/>\n<meta property=\"article:modified_time\" content=\"2024-06-18T03:49:33+00:00\" \/>\n<meta property=\"og:image\" content=\"https:\/\/vinilozona.lt\/wp-content\/uploads\/2020\/01\/R-1092859-1378748488-3842.jpg\" \/>\n\t<meta property=\"og:image:width\" content=\"600\" \/>\n\t<meta property=\"og:image:height\" content=\"597\" \/>\n\t<meta property=\"og:image:type\" content=\"image\/jpeg\" \/>\n<meta name=\"twitter:card\" content=\"summary_large_image\" \/>\n<meta name=\"twitter:label1\" content=\"Estimated reading time\" \/>\n\t<meta name=\"twitter:data1\" content=\"1 minute\" \/>\n<script type=\"application\/ld+json\" class=\"yoast-schema-graph\">{\"@context\":\"https:\/\/schema.org\",\"@graph\":[{\"@type\":\"WebPage\",\"@id\":\"https:\/\/vinilozona.lt\/parduotuve\/rock-pop\/status-quo-%e2%80%8e-v-i-p\/\",\"url\":\"https:\/\/vinilozona.lt\/parduotuve\/rock-pop\/status-quo-%e2%80%8e-v-i-p\/\",\"name\":\"Status Quo \u2013 Rocking All Over The Years Vinilin\u0117 Plok\u0161tel\u0117 | Vinilozona.lt\",\"isPartOf\":{\"@id\":\"https:\/\/vinilozona.lt\/#website\"},\"primaryImageOfPage\":{\"@id\":\"https:\/\/vinilozona.lt\/parduotuve\/rock-pop\/status-quo-%e2%80%8e-v-i-p\/#primaryimage\"},\"image\":{\"@id\":\"https:\/\/vinilozona.lt\/parduotuve\/rock-pop\/status-quo-%e2%80%8e-v-i-p\/#primaryimage\"},\"thumbnailUrl\":\"https:\/\/vinilozona.lt\/wp-content\/uploads\/2020\/01\/R-1092859-1378748488-3842.jpg\",\"datePublished\":\"2024-06-21T02:00:14+00:00\",\"dateModified\":\"2024-06-18T03:49:33+00:00\",\"breadcrumb\":{\"@id\":\"https:\/\/vinilozona.lt\/parduotuve\/rock-pop\/status-quo-%e2%80%8e-v-i-p\/#breadcrumb\"},\"inLanguage\":\"en-GB\",\"potentialAction\":[{\"@type\":\"ReadAction\",\"target\":[\"https:\/\/vinilozona.lt\/parduotuve\/rock-pop\/status-quo-%e2%80%8e-v-i-p\/\"]}]},{\"@type\":\"ImageObject\",\"inLanguage\":\"en-GB\",\"@id\":\"https:\/\/vinilozona.lt\/parduotuve\/rock-pop\/status-quo-%e2%80%8e-v-i-p\/#primaryimage\",\"url\":\"https:\/\/vinilozona.lt\/wp-content\/uploads\/2020\/01\/R-1092859-1378748488-3842.jpg\",\"contentUrl\":\"https:\/\/vinilozona.lt\/wp-content\/uploads\/2020\/01\/R-1092859-1378748488-3842.jpg\",\"width\":600,\"height\":597},{\"@type\":\"BreadcrumbList\",\"@id\":\"https:\/\/vinilozona.lt\/parduotuve\/rock-pop\/status-quo-%e2%80%8e-v-i-p\/#breadcrumb\",\"itemListElement\":[{\"@type\":\"ListItem\",\"position\":1,\"name\":\"Home\",\"item\":\"https:\/\/vinilozona.lt\/\"},{\"@type\":\"ListItem\",\"position\":2,\"name\":\"Parduotuv\u0117\",\"item\":\"https:\/\/vinilozona.lt\/parduotuve\/\"},{\"@type\":\"ListItem\",\"position\":3,\"name\":\"Status Quo \u2013 Rocking All Over The Years\"}]},{\"@type\":\"WebSite\",\"@id\":\"https:\/\/vinilozona.lt\/#website\",\"url\":\"https:\/\/vinilozona.lt\/\",\"name\":\"Vinilo Zona\",\"description\":\"Nup\u016bsk dulkes ir klausyk LP\",\"potentialAction\":[{\"@type\":\"SearchAction\",\"target\":{\"@type\":\"EntryPoint\",\"urlTemplate\":\"https:\/\/vinilozona.lt\/?s={search_term_string}\"},\"query-input\":{\"@type\":\"PropertyValueSpecification\",\"valueRequired\":true,\"valueName\":\"search_term_string\"}}],\"inLanguage\":\"en-GB\"}]}<\/script>\n<!-- \/ Yoast SEO plugin. -->","yoast_head_json":{"title":"Status Quo \u2013 Rocking All Over The Years Vinilin\u0117 Plok\u0161tel\u0117 | Vinilozona.lt","robots":{"index":"index","follow":"follow","max-snippet":"max-snippet:-1","max-image-preview":"max-image-preview:large","max-video-preview":"max-video-preview:-1"},"canonical":"https:\/\/vinilozona.lt\/en\/parduotuve\/rock-pop\/status-quo-\u200e-v-i-p\/","og_locale":"en_GB","og_type":"article","og_title":"Status Quo \u2013 Rocking All Over The Years Vinilin\u0117 Plok\u0161tel\u0117 | Vinilozona.lt","og_description":"Vertigo \u2013 846 797-1, Phonogram \u2013 846 797-1 Format:  2 x Vinyl, LP, Album, Compilation Country: UK Released: 1990","og_url":"https:\/\/vinilozona.lt\/en\/parduotuve\/rock-pop\/status-quo-\u200e-v-i-p\/","og_site_name":"Vinilo Zona","article_modified_time":"2024-06-18T03:49:33+00:00","og_image":[{"width":600,"height":597,"url":"https:\/\/vinilozona.lt\/wp-content\/uploads\/2020\/01\/R-1092859-1378748488-3842.jpg","type":"image\/jpeg"}],"twitter_card":"summary_large_image","twitter_misc":{"Estimated reading time":"1 minute"},"schema":{"@context":"https:\/\/schema.org","@graph":[{"@type":"WebPage","@id":"https:\/\/vinilozona.lt\/parduotuve\/rock-pop\/status-quo-%e2%80%8e-v-i-p\/","url":"https:\/\/vinilozona.lt\/parduotuve\/rock-pop\/status-quo-%e2%80%8e-v-i-p\/","name":"Status Quo \u2013 Rocking All Over The Years Vinilin\u0117 Plok\u0161tel\u0117 | Vinilozona.lt","isPartOf":{"@id":"https:\/\/vinilozona.lt\/#website"},"primaryImageOfPage":{"@id":"https:\/\/vinilozona.lt\/parduotuve\/rock-pop\/status-quo-%e2%80%8e-v-i-p\/#primaryimage"},"image":{"@id":"https:\/\/vinilozona.lt\/parduotuve\/rock-pop\/status-quo-%e2%80%8e-v-i-p\/#primaryimage"},"thumbnailUrl":"https:\/\/vinilozona.lt\/wp-content\/uploads\/2020\/01\/R-1092859-1378748488-3842.jpg","datePublished":"2024-06-21T02:00:14+00:00","dateModified":"2024-06-18T03:49:33+00:00","breadcrumb":{"@id":"https:\/\/vinilozona.lt\/parduotuve\/rock-pop\/status-quo-%e2%80%8e-v-i-p\/#breadcrumb"},"inLanguage":"en-GB","potentialAction":[{"@type":"ReadAction","target":["https:\/\/vinilozona.lt\/parduotuve\/rock-pop\/status-quo-%e2%80%8e-v-i-p\/"]}]},{"@type":"ImageObject","inLanguage":"en-GB","@id":"https:\/\/vinilozona.lt\/parduotuve\/rock-pop\/status-quo-%e2%80%8e-v-i-p\/#primaryimage","url":"https:\/\/vinilozona.lt\/wp-content\/uploads\/2020\/01\/R-1092859-1378748488-3842.jpg","contentUrl":"https:\/\/vinilozona.lt\/wp-content\/uploads\/2020\/01\/R-1092859-1378748488-3842.jpg","width":600,"height":597},{"@type":"BreadcrumbList","@id":"https:\/\/vinilozona.lt\/parduotuve\/rock-pop\/status-quo-%e2%80%8e-v-i-p\/#breadcrumb","itemListElement":[{"@type":"ListItem","position":1,"name":"Home","item":"https:\/\/vinilozona.lt\/"},{"@type":"ListItem","position":2,"name":"Parduotuv\u0117","item":"https:\/\/vinilozona.lt\/parduotuve\/"},{"@type":"ListItem","position":3,"name":"Status Quo \u2013 Rocking All Over The Years"}]},{"@type":"WebSite","@id":"https:\/\/vinilozona.lt\/#website","url":"https:\/\/vinilozona.lt\/","name":"Vinilo Zona","description":"Nup\u016bsk dulkes ir klausyk LP","potentialAction":[{"@type":"SearchAction","target":{"@type":"EntryPoint","urlTemplate":"https:\/\/vinilozona.lt\/?s={search_term_string}"},"query-input":{"@type":"PropertyValueSpecification","valueRequired":true,"valueName":"search_term_string"}}],"inLanguage":"en-GB"}]}},"_links":{"self":[{"href":"https:\/\/vinilozona.lt\/en\/wp-json\/wp\/v2\/product\/4752"}],"collection":[{"href":"https:\/\/vinilozona.lt\/en\/wp-json\/wp\/v2\/product"}],"about":[{"href":"https:\/\/vinilozona.lt\/en\/wp-json\/wp\/v2\/types\/product"}],"wp:featuredmedia":[{"embeddable":true,"href":"https:\/\/vinilozona.lt\/en\/wp-json\/wp\/v2\/media\/22790"}],"wp:attachment":[{"href":"https:\/\/vinilozona.lt\/en\/wp-json\/wp\/v2\/media?parent=4752"}],"wp:term":[{"taxonomy":"product_cat","embeddable":true,"href":"https:\/\/vinilozona.lt\/en\/wp-json\/wp\/v2\/product_cat?post=4752"},{"taxonomy":"product_tag","embeddable":true,"href":"https:\/\/vinilozona.lt\/en\/wp-json\/wp\/v2\/product_tag?post=4752"}],"curies":[{"name":"wp","href":"https:\/\/api.w.org\/{rel}","templated":true}]}}