{"id":4745,"date":"2025-05-29T05:00:49","date_gmt":"2025-05-29T02:00:49","guid":{"rendered":"https:\/\/vinilozona.lt\/?post_type=product&#038;p=4745"},"modified":"2025-05-29T06:21:15","modified_gmt":"2025-05-29T03:21:15","slug":"alberto-y-lost-trios-paranoias-%e2%80%8e-italians-from-outer-space","status":"publish","type":"product","link":"https:\/\/vinilozona.lt\/en\/parduotuve\/rock-pop\/alberto-y-lost-trios-paranoias-%e2%80%8e-italians-from-outer-space\/","title":{"rendered":"Alberto Y Lost Trios Paranoias - Italians From Outer Space"},"content":{"rendered":"<p>A1\t\tOld Trust\t3:22<br \/>\nA2\t\tBrrr!\t0:41<br \/>\nA3\t\tI&#8217;ll Come If You Let Me\t2:09<br \/>\nA4\t\tInvocation Of The Fundamental Orifice Of St. Agnes\t0:51<br \/>\nA5\t\tNo Change\t1:13<br \/>\nA6\t\tPeon In The Neck\t1:46<br \/>\nA7\t\tHappy To Be On (An Island Away From) Demis Roussos\t2:06<br \/>\nA8\t\tTeenager In Schtuck\t2:50<br \/>\nA9\t\tItalians From Outer Space: (A) The Ballad Of Colonel Callan (B) A Fistful Of Spaghetti\t5:38<br \/>\nB1\t\tMandrax Sunset Variations Part VI\t1:38<br \/>\nB2\t\tNeville\t2:31<br \/>\nB3\t\tBreakfast\t1:15<br \/>\nB4\t\tWholefood Love\t2:20<br \/>\nB5\t\tHoliday Frog\t2:46<br \/>\nB6\t\tTeenage Paradise\t2:33<br \/>\nB7\t\tWillie Baxter&#8217;s Blues\/It Never Rains In El Paso (Medley)\t3:55<br \/>\nB8\t\tWhispering Grass\t2:12<br \/>\nB9\t\tDeath Of Rock And Roll\t2:50<\/p>","protected":false},"excerpt":{"rendered":"<p>Transatlantic Records \u2013 TRA 349<br \/>\nFormat:<br \/>\nVinyl, LP<br \/>\nCountry:<br \/>\nUK<br \/>\nReleased:<br \/>\n1977<\/p>","protected":false},"featured_media":4746,"template":"","meta":[],"product_cat":[15],"product_tag":[55],"yoast_head":"<!-- This site is optimized with the Yoast SEO plugin v23.5 - https:\/\/yoast.com\/wordpress\/plugins\/seo\/ -->\n<title>Alberto Y Lost Trios Paranoias \u200e\u2013 Italians From Outer Space Vinilin\u0117 Plok\u0161tel\u0117 | Vinilozona.lt<\/title>\n<meta name=\"robots\" content=\"index, follow, max-snippet:-1, max-image-preview:large, max-video-preview:-1\" \/>\n<link rel=\"canonical\" href=\"https:\/\/vinilozona.lt\/en\/parduotuve\/rock-pop\/alberto-y-lost-trios-paranoias-\u200e-italians-from-outer-space\/\" \/>\n<meta property=\"og:locale\" content=\"en_GB\" \/>\n<meta property=\"og:type\" content=\"article\" \/>\n<meta property=\"og:title\" content=\"Alberto Y Lost Trios Paranoias \u200e\u2013 Italians From Outer Space Vinilin\u0117 Plok\u0161tel\u0117 | Vinilozona.lt\" \/>\n<meta property=\"og:description\" content=\"Transatlantic Records \u2013 TRA 349 Format: Vinyl, LP Country: UK Released: 1977\" \/>\n<meta property=\"og:url\" content=\"https:\/\/vinilozona.lt\/en\/parduotuve\/rock-pop\/alberto-y-lost-trios-paranoias-\u200e-italians-from-outer-space\/\" \/>\n<meta property=\"og:site_name\" content=\"Vinilo Zona\" \/>\n<meta property=\"article:modified_time\" content=\"2025-05-29T03:21:15+00:00\" \/>\n<meta property=\"og:image\" content=\"https:\/\/vinilozona.lt\/wp-content\/uploads\/2020\/01\/R-823018-1183291109.jpeg.jpg\" \/>\n\t<meta property=\"og:image:width\" content=\"300\" \/>\n\t<meta property=\"og:image:height\" content=\"300\" \/>\n\t<meta property=\"og:image:type\" content=\"image\/jpeg\" \/>\n<meta name=\"twitter:card\" content=\"summary_large_image\" \/>\n<meta name=\"twitter:label1\" content=\"Estimated reading time\" \/>\n\t<meta name=\"twitter:data1\" content=\"1 minute\" \/>\n<script type=\"application\/ld+json\" class=\"yoast-schema-graph\">{\"@context\":\"https:\/\/schema.org\",\"@graph\":[{\"@type\":\"WebPage\",\"@id\":\"https:\/\/vinilozona.lt\/parduotuve\/rock-pop\/alberto-y-lost-trios-paranoias-%e2%80%8e-italians-from-outer-space\/\",\"url\":\"https:\/\/vinilozona.lt\/parduotuve\/rock-pop\/alberto-y-lost-trios-paranoias-%e2%80%8e-italians-from-outer-space\/\",\"name\":\"Alberto Y Lost Trios Paranoias \u200e\u2013 Italians From Outer Space Vinilin\u0117 Plok\u0161tel\u0117 | Vinilozona.lt\",\"isPartOf\":{\"@id\":\"https:\/\/vinilozona.lt\/#website\"},\"primaryImageOfPage\":{\"@id\":\"https:\/\/vinilozona.lt\/parduotuve\/rock-pop\/alberto-y-lost-trios-paranoias-%e2%80%8e-italians-from-outer-space\/#primaryimage\"},\"image\":{\"@id\":\"https:\/\/vinilozona.lt\/parduotuve\/rock-pop\/alberto-y-lost-trios-paranoias-%e2%80%8e-italians-from-outer-space\/#primaryimage\"},\"thumbnailUrl\":\"https:\/\/vinilozona.lt\/wp-content\/uploads\/2020\/01\/R-823018-1183291109.jpeg.jpg\",\"datePublished\":\"2025-05-29T02:00:49+00:00\",\"dateModified\":\"2025-05-29T03:21:15+00:00\",\"breadcrumb\":{\"@id\":\"https:\/\/vinilozona.lt\/parduotuve\/rock-pop\/alberto-y-lost-trios-paranoias-%e2%80%8e-italians-from-outer-space\/#breadcrumb\"},\"inLanguage\":\"en-GB\",\"potentialAction\":[{\"@type\":\"ReadAction\",\"target\":[\"https:\/\/vinilozona.lt\/parduotuve\/rock-pop\/alberto-y-lost-trios-paranoias-%e2%80%8e-italians-from-outer-space\/\"]}]},{\"@type\":\"ImageObject\",\"inLanguage\":\"en-GB\",\"@id\":\"https:\/\/vinilozona.lt\/parduotuve\/rock-pop\/alberto-y-lost-trios-paranoias-%e2%80%8e-italians-from-outer-space\/#primaryimage\",\"url\":\"https:\/\/vinilozona.lt\/wp-content\/uploads\/2020\/01\/R-823018-1183291109.jpeg.jpg\",\"contentUrl\":\"https:\/\/vinilozona.lt\/wp-content\/uploads\/2020\/01\/R-823018-1183291109.jpeg.jpg\",\"width\":300,\"height\":300},{\"@type\":\"BreadcrumbList\",\"@id\":\"https:\/\/vinilozona.lt\/parduotuve\/rock-pop\/alberto-y-lost-trios-paranoias-%e2%80%8e-italians-from-outer-space\/#breadcrumb\",\"itemListElement\":[{\"@type\":\"ListItem\",\"position\":1,\"name\":\"Home\",\"item\":\"https:\/\/vinilozona.lt\/\"},{\"@type\":\"ListItem\",\"position\":2,\"name\":\"Parduotuv\u0117\",\"item\":\"https:\/\/vinilozona.lt\/parduotuve\/\"},{\"@type\":\"ListItem\",\"position\":3,\"name\":\"Alberto Y Lost Trios Paranoias \u200e\u2013 Italians From Outer Space\"}]},{\"@type\":\"WebSite\",\"@id\":\"https:\/\/vinilozona.lt\/#website\",\"url\":\"https:\/\/vinilozona.lt\/\",\"name\":\"Vinilo Zona\",\"description\":\"Nup\u016bsk dulkes ir klausyk LP\",\"potentialAction\":[{\"@type\":\"SearchAction\",\"target\":{\"@type\":\"EntryPoint\",\"urlTemplate\":\"https:\/\/vinilozona.lt\/?s={search_term_string}\"},\"query-input\":{\"@type\":\"PropertyValueSpecification\",\"valueRequired\":true,\"valueName\":\"search_term_string\"}}],\"inLanguage\":\"en-GB\"}]}<\/script>\n<!-- \/ Yoast SEO plugin. -->","yoast_head_json":{"title":"Alberto Y Lost Trios Paranoias \u200e\u2013 Italians From Outer Space Vinilin\u0117 Plok\u0161tel\u0117 | Vinilozona.lt","robots":{"index":"index","follow":"follow","max-snippet":"max-snippet:-1","max-image-preview":"max-image-preview:large","max-video-preview":"max-video-preview:-1"},"canonical":"https:\/\/vinilozona.lt\/en\/parduotuve\/rock-pop\/alberto-y-lost-trios-paranoias-\u200e-italians-from-outer-space\/","og_locale":"en_GB","og_type":"article","og_title":"Alberto Y Lost Trios Paranoias \u200e\u2013 Italians From Outer Space Vinilin\u0117 Plok\u0161tel\u0117 | Vinilozona.lt","og_description":"Transatlantic Records \u2013 TRA 349 Format: Vinyl, LP Country: UK Released: 1977","og_url":"https:\/\/vinilozona.lt\/en\/parduotuve\/rock-pop\/alberto-y-lost-trios-paranoias-\u200e-italians-from-outer-space\/","og_site_name":"Vinilo Zona","article_modified_time":"2025-05-29T03:21:15+00:00","og_image":[{"width":300,"height":300,"url":"https:\/\/vinilozona.lt\/wp-content\/uploads\/2020\/01\/R-823018-1183291109.jpeg.jpg","type":"image\/jpeg"}],"twitter_card":"summary_large_image","twitter_misc":{"Estimated reading time":"1 minute"},"schema":{"@context":"https:\/\/schema.org","@graph":[{"@type":"WebPage","@id":"https:\/\/vinilozona.lt\/parduotuve\/rock-pop\/alberto-y-lost-trios-paranoias-%e2%80%8e-italians-from-outer-space\/","url":"https:\/\/vinilozona.lt\/parduotuve\/rock-pop\/alberto-y-lost-trios-paranoias-%e2%80%8e-italians-from-outer-space\/","name":"Alberto Y Lost Trios Paranoias \u200e\u2013 Italians From Outer Space Vinilin\u0117 Plok\u0161tel\u0117 | Vinilozona.lt","isPartOf":{"@id":"https:\/\/vinilozona.lt\/#website"},"primaryImageOfPage":{"@id":"https:\/\/vinilozona.lt\/parduotuve\/rock-pop\/alberto-y-lost-trios-paranoias-%e2%80%8e-italians-from-outer-space\/#primaryimage"},"image":{"@id":"https:\/\/vinilozona.lt\/parduotuve\/rock-pop\/alberto-y-lost-trios-paranoias-%e2%80%8e-italians-from-outer-space\/#primaryimage"},"thumbnailUrl":"https:\/\/vinilozona.lt\/wp-content\/uploads\/2020\/01\/R-823018-1183291109.jpeg.jpg","datePublished":"2025-05-29T02:00:49+00:00","dateModified":"2025-05-29T03:21:15+00:00","breadcrumb":{"@id":"https:\/\/vinilozona.lt\/parduotuve\/rock-pop\/alberto-y-lost-trios-paranoias-%e2%80%8e-italians-from-outer-space\/#breadcrumb"},"inLanguage":"en-GB","potentialAction":[{"@type":"ReadAction","target":["https:\/\/vinilozona.lt\/parduotuve\/rock-pop\/alberto-y-lost-trios-paranoias-%e2%80%8e-italians-from-outer-space\/"]}]},{"@type":"ImageObject","inLanguage":"en-GB","@id":"https:\/\/vinilozona.lt\/parduotuve\/rock-pop\/alberto-y-lost-trios-paranoias-%e2%80%8e-italians-from-outer-space\/#primaryimage","url":"https:\/\/vinilozona.lt\/wp-content\/uploads\/2020\/01\/R-823018-1183291109.jpeg.jpg","contentUrl":"https:\/\/vinilozona.lt\/wp-content\/uploads\/2020\/01\/R-823018-1183291109.jpeg.jpg","width":300,"height":300},{"@type":"BreadcrumbList","@id":"https:\/\/vinilozona.lt\/parduotuve\/rock-pop\/alberto-y-lost-trios-paranoias-%e2%80%8e-italians-from-outer-space\/#breadcrumb","itemListElement":[{"@type":"ListItem","position":1,"name":"Home","item":"https:\/\/vinilozona.lt\/"},{"@type":"ListItem","position":2,"name":"Parduotuv\u0117","item":"https:\/\/vinilozona.lt\/parduotuve\/"},{"@type":"ListItem","position":3,"name":"Alberto Y Lost Trios Paranoias \u200e\u2013 Italians From Outer Space"}]},{"@type":"WebSite","@id":"https:\/\/vinilozona.lt\/#website","url":"https:\/\/vinilozona.lt\/","name":"Vinilo Zona","description":"Nup\u016bsk dulkes ir klausyk LP","potentialAction":[{"@type":"SearchAction","target":{"@type":"EntryPoint","urlTemplate":"https:\/\/vinilozona.lt\/?s={search_term_string}"},"query-input":{"@type":"PropertyValueSpecification","valueRequired":true,"valueName":"search_term_string"}}],"inLanguage":"en-GB"}]}},"_links":{"self":[{"href":"https:\/\/vinilozona.lt\/en\/wp-json\/wp\/v2\/product\/4745"}],"collection":[{"href":"https:\/\/vinilozona.lt\/en\/wp-json\/wp\/v2\/product"}],"about":[{"href":"https:\/\/vinilozona.lt\/en\/wp-json\/wp\/v2\/types\/product"}],"wp:featuredmedia":[{"embeddable":true,"href":"https:\/\/vinilozona.lt\/en\/wp-json\/wp\/v2\/media\/4746"}],"wp:attachment":[{"href":"https:\/\/vinilozona.lt\/en\/wp-json\/wp\/v2\/media?parent=4745"}],"wp:term":[{"taxonomy":"product_cat","embeddable":true,"href":"https:\/\/vinilozona.lt\/en\/wp-json\/wp\/v2\/product_cat?post=4745"},{"taxonomy":"product_tag","embeddable":true,"href":"https:\/\/vinilozona.lt\/en\/wp-json\/wp\/v2\/product_tag?post=4745"}],"curies":[{"name":"wp","href":"https:\/\/api.w.org\/{rel}","templated":true}]}}