{"id":4376,"date":"2025-05-07T05:15:20","date_gmt":"2025-05-07T02:15:20","guid":{"rendered":"https:\/\/vinilozona.lt\/?post_type=product&#038;p=4376"},"modified":"2025-05-07T12:06:09","modified_gmt":"2025-05-07T09:06:09","slug":"todd-rundgren-%e2%80%8e-runt","status":"publish","type":"product","link":"https:\/\/vinilozona.lt\/en\/parduotuve\/rock-pop\/todd-rundgren-%e2%80%8e-runt\/","title":{"rendered":"Todd Rundgren \u200e\u2013 Runt"},"content":{"rendered":"<p>Broke Down And Busted\t4:32<br \/>\nBelieve In Me\t2:04<br \/>\nWe Gotta Get You A Woman\t2:52<br \/>\nWho&#8217;s That Man\t2:59<br \/>\nOnce Burned\t2:09<br \/>\nDevil&#8217;s Bite\t3:53<br \/>\nI&#8217;m In The Clique\t4:57<br \/>\nThere Are No Words\t2:12<br \/>\nBaby, Let&#8217;s Swing \/ The Last Thing You Said \/ Don&#8217;t Tie My Hands\t5:28<br \/>\nBirthday Carol\t9:14<\/p>","protected":false},"excerpt":{"rendered":"<p>Charter Line \u2013 CTR 25 501<br \/>\nFormat:<br \/>\nVinyl, LP, Album<br \/>\nCountry:<br \/>\nItaly<\/p>","protected":false},"featured_media":4377,"template":"","meta":[],"product_cat":[15],"product_tag":[55],"yoast_head":"<!-- This site is optimized with the Yoast SEO plugin v23.5 - https:\/\/yoast.com\/wordpress\/plugins\/seo\/ -->\n<title>Todd Rundgren \u200e\u2013 Runt Vinilin\u0117 Plok\u0161tel\u0117 | Vinilozona.lt<\/title>\n<meta name=\"robots\" content=\"index, follow, max-snippet:-1, max-image-preview:large, max-video-preview:-1\" \/>\n<link rel=\"canonical\" href=\"https:\/\/vinilozona.lt\/en\/parduotuve\/rock-pop\/todd-rundgren-\u200e-runt\/\" \/>\n<meta property=\"og:locale\" content=\"en_GB\" \/>\n<meta property=\"og:type\" content=\"article\" \/>\n<meta property=\"og:title\" content=\"Todd Rundgren \u200e\u2013 Runt Vinilin\u0117 Plok\u0161tel\u0117 | Vinilozona.lt\" \/>\n<meta property=\"og:description\" content=\"Charter Line \u2013 CTR 25 501 Format: Vinyl, LP, Album Country: Italy\" \/>\n<meta property=\"og:url\" content=\"https:\/\/vinilozona.lt\/en\/parduotuve\/rock-pop\/todd-rundgren-\u200e-runt\/\" \/>\n<meta property=\"og:site_name\" content=\"Vinilo Zona\" \/>\n<meta property=\"article:modified_time\" content=\"2025-05-07T09:06:09+00:00\" \/>\n<meta property=\"og:image\" content=\"https:\/\/vinilozona.lt\/wp-content\/uploads\/2020\/01\/R-2649262-1294926107.jpeg.jpg\" \/>\n\t<meta property=\"og:image:width\" content=\"550\" \/>\n\t<meta property=\"og:image:height\" content=\"563\" \/>\n\t<meta property=\"og:image:type\" content=\"image\/jpeg\" \/>\n<meta name=\"twitter:card\" content=\"summary_large_image\" \/>\n<meta name=\"twitter:label1\" content=\"Estimated reading time\" \/>\n\t<meta name=\"twitter:data1\" content=\"1 minute\" \/>\n<script type=\"application\/ld+json\" class=\"yoast-schema-graph\">{\"@context\":\"https:\/\/schema.org\",\"@graph\":[{\"@type\":\"WebPage\",\"@id\":\"https:\/\/vinilozona.lt\/parduotuve\/rock-pop\/todd-rundgren-%e2%80%8e-runt\/\",\"url\":\"https:\/\/vinilozona.lt\/parduotuve\/rock-pop\/todd-rundgren-%e2%80%8e-runt\/\",\"name\":\"Todd Rundgren \u200e\u2013 Runt Vinilin\u0117 Plok\u0161tel\u0117 | Vinilozona.lt\",\"isPartOf\":{\"@id\":\"https:\/\/vinilozona.lt\/#website\"},\"primaryImageOfPage\":{\"@id\":\"https:\/\/vinilozona.lt\/parduotuve\/rock-pop\/todd-rundgren-%e2%80%8e-runt\/#primaryimage\"},\"image\":{\"@id\":\"https:\/\/vinilozona.lt\/parduotuve\/rock-pop\/todd-rundgren-%e2%80%8e-runt\/#primaryimage\"},\"thumbnailUrl\":\"https:\/\/vinilozona.lt\/wp-content\/uploads\/2020\/01\/R-2649262-1294926107.jpeg.jpg\",\"datePublished\":\"2025-05-07T02:15:20+00:00\",\"dateModified\":\"2025-05-07T09:06:09+00:00\",\"breadcrumb\":{\"@id\":\"https:\/\/vinilozona.lt\/parduotuve\/rock-pop\/todd-rundgren-%e2%80%8e-runt\/#breadcrumb\"},\"inLanguage\":\"en-GB\",\"potentialAction\":[{\"@type\":\"ReadAction\",\"target\":[\"https:\/\/vinilozona.lt\/parduotuve\/rock-pop\/todd-rundgren-%e2%80%8e-runt\/\"]}]},{\"@type\":\"ImageObject\",\"inLanguage\":\"en-GB\",\"@id\":\"https:\/\/vinilozona.lt\/parduotuve\/rock-pop\/todd-rundgren-%e2%80%8e-runt\/#primaryimage\",\"url\":\"https:\/\/vinilozona.lt\/wp-content\/uploads\/2020\/01\/R-2649262-1294926107.jpeg.jpg\",\"contentUrl\":\"https:\/\/vinilozona.lt\/wp-content\/uploads\/2020\/01\/R-2649262-1294926107.jpeg.jpg\",\"width\":550,\"height\":563},{\"@type\":\"BreadcrumbList\",\"@id\":\"https:\/\/vinilozona.lt\/parduotuve\/rock-pop\/todd-rundgren-%e2%80%8e-runt\/#breadcrumb\",\"itemListElement\":[{\"@type\":\"ListItem\",\"position\":1,\"name\":\"Home\",\"item\":\"https:\/\/vinilozona.lt\/\"},{\"@type\":\"ListItem\",\"position\":2,\"name\":\"Parduotuv\u0117\",\"item\":\"https:\/\/vinilozona.lt\/parduotuve\/\"},{\"@type\":\"ListItem\",\"position\":3,\"name\":\"Todd Rundgren \u200e\u2013 Runt\"}]},{\"@type\":\"WebSite\",\"@id\":\"https:\/\/vinilozona.lt\/#website\",\"url\":\"https:\/\/vinilozona.lt\/\",\"name\":\"Vinilo Zona\",\"description\":\"Nup\u016bsk dulkes ir klausyk LP\",\"potentialAction\":[{\"@type\":\"SearchAction\",\"target\":{\"@type\":\"EntryPoint\",\"urlTemplate\":\"https:\/\/vinilozona.lt\/?s={search_term_string}\"},\"query-input\":{\"@type\":\"PropertyValueSpecification\",\"valueRequired\":true,\"valueName\":\"search_term_string\"}}],\"inLanguage\":\"en-GB\"}]}<\/script>\n<!-- \/ Yoast SEO plugin. -->","yoast_head_json":{"title":"Todd Rundgren \u200e\u2013 Runt Vinilin\u0117 Plok\u0161tel\u0117 | Vinilozona.lt","robots":{"index":"index","follow":"follow","max-snippet":"max-snippet:-1","max-image-preview":"max-image-preview:large","max-video-preview":"max-video-preview:-1"},"canonical":"https:\/\/vinilozona.lt\/en\/parduotuve\/rock-pop\/todd-rundgren-\u200e-runt\/","og_locale":"en_GB","og_type":"article","og_title":"Todd Rundgren \u200e\u2013 Runt Vinilin\u0117 Plok\u0161tel\u0117 | Vinilozona.lt","og_description":"Charter Line \u2013 CTR 25 501 Format: Vinyl, LP, Album Country: Italy","og_url":"https:\/\/vinilozona.lt\/en\/parduotuve\/rock-pop\/todd-rundgren-\u200e-runt\/","og_site_name":"Vinilo Zona","article_modified_time":"2025-05-07T09:06:09+00:00","og_image":[{"width":550,"height":563,"url":"https:\/\/vinilozona.lt\/wp-content\/uploads\/2020\/01\/R-2649262-1294926107.jpeg.jpg","type":"image\/jpeg"}],"twitter_card":"summary_large_image","twitter_misc":{"Estimated reading time":"1 minute"},"schema":{"@context":"https:\/\/schema.org","@graph":[{"@type":"WebPage","@id":"https:\/\/vinilozona.lt\/parduotuve\/rock-pop\/todd-rundgren-%e2%80%8e-runt\/","url":"https:\/\/vinilozona.lt\/parduotuve\/rock-pop\/todd-rundgren-%e2%80%8e-runt\/","name":"Todd Rundgren \u200e\u2013 Runt Vinilin\u0117 Plok\u0161tel\u0117 | Vinilozona.lt","isPartOf":{"@id":"https:\/\/vinilozona.lt\/#website"},"primaryImageOfPage":{"@id":"https:\/\/vinilozona.lt\/parduotuve\/rock-pop\/todd-rundgren-%e2%80%8e-runt\/#primaryimage"},"image":{"@id":"https:\/\/vinilozona.lt\/parduotuve\/rock-pop\/todd-rundgren-%e2%80%8e-runt\/#primaryimage"},"thumbnailUrl":"https:\/\/vinilozona.lt\/wp-content\/uploads\/2020\/01\/R-2649262-1294926107.jpeg.jpg","datePublished":"2025-05-07T02:15:20+00:00","dateModified":"2025-05-07T09:06:09+00:00","breadcrumb":{"@id":"https:\/\/vinilozona.lt\/parduotuve\/rock-pop\/todd-rundgren-%e2%80%8e-runt\/#breadcrumb"},"inLanguage":"en-GB","potentialAction":[{"@type":"ReadAction","target":["https:\/\/vinilozona.lt\/parduotuve\/rock-pop\/todd-rundgren-%e2%80%8e-runt\/"]}]},{"@type":"ImageObject","inLanguage":"en-GB","@id":"https:\/\/vinilozona.lt\/parduotuve\/rock-pop\/todd-rundgren-%e2%80%8e-runt\/#primaryimage","url":"https:\/\/vinilozona.lt\/wp-content\/uploads\/2020\/01\/R-2649262-1294926107.jpeg.jpg","contentUrl":"https:\/\/vinilozona.lt\/wp-content\/uploads\/2020\/01\/R-2649262-1294926107.jpeg.jpg","width":550,"height":563},{"@type":"BreadcrumbList","@id":"https:\/\/vinilozona.lt\/parduotuve\/rock-pop\/todd-rundgren-%e2%80%8e-runt\/#breadcrumb","itemListElement":[{"@type":"ListItem","position":1,"name":"Home","item":"https:\/\/vinilozona.lt\/"},{"@type":"ListItem","position":2,"name":"Parduotuv\u0117","item":"https:\/\/vinilozona.lt\/parduotuve\/"},{"@type":"ListItem","position":3,"name":"Todd Rundgren \u200e\u2013 Runt"}]},{"@type":"WebSite","@id":"https:\/\/vinilozona.lt\/#website","url":"https:\/\/vinilozona.lt\/","name":"Vinilo Zona","description":"Nup\u016bsk dulkes ir klausyk LP","potentialAction":[{"@type":"SearchAction","target":{"@type":"EntryPoint","urlTemplate":"https:\/\/vinilozona.lt\/?s={search_term_string}"},"query-input":{"@type":"PropertyValueSpecification","valueRequired":true,"valueName":"search_term_string"}}],"inLanguage":"en-GB"}]}},"_links":{"self":[{"href":"https:\/\/vinilozona.lt\/en\/wp-json\/wp\/v2\/product\/4376"}],"collection":[{"href":"https:\/\/vinilozona.lt\/en\/wp-json\/wp\/v2\/product"}],"about":[{"href":"https:\/\/vinilozona.lt\/en\/wp-json\/wp\/v2\/types\/product"}],"wp:featuredmedia":[{"embeddable":true,"href":"https:\/\/vinilozona.lt\/en\/wp-json\/wp\/v2\/media\/4377"}],"wp:attachment":[{"href":"https:\/\/vinilozona.lt\/en\/wp-json\/wp\/v2\/media?parent=4376"}],"wp:term":[{"taxonomy":"product_cat","embeddable":true,"href":"https:\/\/vinilozona.lt\/en\/wp-json\/wp\/v2\/product_cat?post=4376"},{"taxonomy":"product_tag","embeddable":true,"href":"https:\/\/vinilozona.lt\/en\/wp-json\/wp\/v2\/product_tag?post=4376"}],"curies":[{"name":"wp","href":"https:\/\/api.w.org\/{rel}","templated":true}]}}