{"id":4137,"date":"2025-08-08T09:01:23","date_gmt":"2025-08-08T06:01:23","guid":{"rendered":"https:\/\/vinylhome.lt\/?post_type=product&#038;p=4137"},"modified":"2025-08-08T16:02:02","modified_gmt":"2025-08-08T13:02:02","slug":"shakin-stevens-%e2%80%8e-shaky","status":"publish","type":"product","link":"https:\/\/vinilozona.lt\/en\/parduotuve\/rock-pop\/shakin-stevens-%e2%80%8e-shaky\/","title":{"rendered":"Shakin&#8217; Stevens \u200e\u2013 Shaky"},"content":{"rendered":"<p>Mona Lisa\t2:12<br \/>\nYou Drive Me Crazy\t2:46<br \/>\nBaby I&#8217;m Knockin&#8217;\t2:46<br \/>\nIt&#8217;s Raining\t3:13<br \/>\nDon&#8217;t She Look Good\t2:06<br \/>\nGreen Door\t3:09<br \/>\nDon&#8217;t Bug Me Baby\t2:47<br \/>\nDon&#8217;t Tell Me Your Troubles\t2:25<br \/>\nI&#8217;m Gonna Sit Right Down And Write Myself A Letter\t3:18<br \/>\nThis Time\t2:47<br \/>\nBaby You&#8217;re A Child\t2:36<br \/>\nDon&#8217;t Turn Your Back\t2:57<br \/>\nLet Me Show You How\t2:47<br \/>\nI&#8217;m Lookin&#8217;\t2:40<\/p>","protected":false},"excerpt":{"rendered":"<p>EPIC 85298<\/p>","protected":false},"featured_media":4138,"template":"","meta":[],"product_cat":[15],"product_tag":[55],"yoast_head":"<!-- This site is optimized with the Yoast SEO plugin v23.5 - https:\/\/yoast.com\/wordpress\/plugins\/seo\/ -->\n<title>Shakin&#039; Stevens \u200e\u2013 Shaky Vinilin\u0117 Plok\u0161tel\u0117 | Vinilozona.lt<\/title>\n<meta name=\"robots\" content=\"index, follow, max-snippet:-1, max-image-preview:large, max-video-preview:-1\" \/>\n<link rel=\"canonical\" href=\"https:\/\/vinilozona.lt\/en\/parduotuve\/rock-pop\/shakin-stevens-\u200e-shaky\/\" \/>\n<meta property=\"og:locale\" content=\"en_GB\" \/>\n<meta property=\"og:type\" content=\"article\" \/>\n<meta property=\"og:title\" content=\"Shakin&#039; Stevens \u200e\u2013 Shaky Vinilin\u0117 Plok\u0161tel\u0117 | Vinilozona.lt\" \/>\n<meta property=\"og:description\" content=\"EPIC 85298\" \/>\n<meta property=\"og:url\" content=\"https:\/\/vinilozona.lt\/en\/parduotuve\/rock-pop\/shakin-stevens-\u200e-shaky\/\" \/>\n<meta property=\"og:site_name\" content=\"Vinilo Zona\" \/>\n<meta property=\"article:modified_time\" content=\"2025-08-08T13:02:02+00:00\" \/>\n<meta property=\"og:image\" content=\"https:\/\/vinilozona.lt\/wp-content\/uploads\/2020\/01\/shakin-stevens-shaky-1.jpg\" \/>\n\t<meta property=\"og:image:width\" content=\"803\" \/>\n\t<meta property=\"og:image:height\" content=\"602\" \/>\n\t<meta property=\"og:image:type\" content=\"image\/jpeg\" \/>\n<meta name=\"twitter:card\" content=\"summary_large_image\" \/>\n<meta name=\"twitter:label1\" content=\"Estimated reading time\" \/>\n\t<meta name=\"twitter:data1\" content=\"1 minute\" \/>\n<script type=\"application\/ld+json\" class=\"yoast-schema-graph\">{\"@context\":\"https:\/\/schema.org\",\"@graph\":[{\"@type\":\"WebPage\",\"@id\":\"https:\/\/vinilozona.lt\/parduotuve\/rock-pop\/shakin-stevens-%e2%80%8e-shaky\/\",\"url\":\"https:\/\/vinilozona.lt\/parduotuve\/rock-pop\/shakin-stevens-%e2%80%8e-shaky\/\",\"name\":\"Shakin' Stevens \u200e\u2013 Shaky Vinilin\u0117 Plok\u0161tel\u0117 | Vinilozona.lt\",\"isPartOf\":{\"@id\":\"https:\/\/vinilozona.lt\/#website\"},\"primaryImageOfPage\":{\"@id\":\"https:\/\/vinilozona.lt\/parduotuve\/rock-pop\/shakin-stevens-%e2%80%8e-shaky\/#primaryimage\"},\"image\":{\"@id\":\"https:\/\/vinilozona.lt\/parduotuve\/rock-pop\/shakin-stevens-%e2%80%8e-shaky\/#primaryimage\"},\"thumbnailUrl\":\"https:\/\/vinilozona.lt\/wp-content\/uploads\/2020\/01\/shakin-stevens-shaky-1.jpg\",\"datePublished\":\"2025-08-08T06:01:23+00:00\",\"dateModified\":\"2025-08-08T13:02:02+00:00\",\"breadcrumb\":{\"@id\":\"https:\/\/vinilozona.lt\/parduotuve\/rock-pop\/shakin-stevens-%e2%80%8e-shaky\/#breadcrumb\"},\"inLanguage\":\"en-GB\",\"potentialAction\":[{\"@type\":\"ReadAction\",\"target\":[\"https:\/\/vinilozona.lt\/parduotuve\/rock-pop\/shakin-stevens-%e2%80%8e-shaky\/\"]}]},{\"@type\":\"ImageObject\",\"inLanguage\":\"en-GB\",\"@id\":\"https:\/\/vinilozona.lt\/parduotuve\/rock-pop\/shakin-stevens-%e2%80%8e-shaky\/#primaryimage\",\"url\":\"https:\/\/vinilozona.lt\/wp-content\/uploads\/2020\/01\/shakin-stevens-shaky-1.jpg\",\"contentUrl\":\"https:\/\/vinilozona.lt\/wp-content\/uploads\/2020\/01\/shakin-stevens-shaky-1.jpg\",\"width\":803,\"height\":602},{\"@type\":\"BreadcrumbList\",\"@id\":\"https:\/\/vinilozona.lt\/parduotuve\/rock-pop\/shakin-stevens-%e2%80%8e-shaky\/#breadcrumb\",\"itemListElement\":[{\"@type\":\"ListItem\",\"position\":1,\"name\":\"Home\",\"item\":\"https:\/\/vinilozona.lt\/\"},{\"@type\":\"ListItem\",\"position\":2,\"name\":\"Parduotuv\u0117\",\"item\":\"https:\/\/vinilozona.lt\/parduotuve\/\"},{\"@type\":\"ListItem\",\"position\":3,\"name\":\"Shakin&#8217; Stevens \u200e\u2013 Shaky\"}]},{\"@type\":\"WebSite\",\"@id\":\"https:\/\/vinilozona.lt\/#website\",\"url\":\"https:\/\/vinilozona.lt\/\",\"name\":\"Vinilo Zona\",\"description\":\"Nup\u016bsk dulkes ir klausyk LP\",\"potentialAction\":[{\"@type\":\"SearchAction\",\"target\":{\"@type\":\"EntryPoint\",\"urlTemplate\":\"https:\/\/vinilozona.lt\/?s={search_term_string}\"},\"query-input\":{\"@type\":\"PropertyValueSpecification\",\"valueRequired\":true,\"valueName\":\"search_term_string\"}}],\"inLanguage\":\"en-GB\"}]}<\/script>\n<!-- \/ Yoast SEO plugin. -->","yoast_head_json":{"title":"Shakin' Stevens \u200e\u2013 Shaky Vinilin\u0117 Plok\u0161tel\u0117 | Vinilozona.lt","robots":{"index":"index","follow":"follow","max-snippet":"max-snippet:-1","max-image-preview":"max-image-preview:large","max-video-preview":"max-video-preview:-1"},"canonical":"https:\/\/vinilozona.lt\/en\/parduotuve\/rock-pop\/shakin-stevens-\u200e-shaky\/","og_locale":"en_GB","og_type":"article","og_title":"Shakin' Stevens \u200e\u2013 Shaky Vinilin\u0117 Plok\u0161tel\u0117 | Vinilozona.lt","og_description":"EPIC 85298","og_url":"https:\/\/vinilozona.lt\/en\/parduotuve\/rock-pop\/shakin-stevens-\u200e-shaky\/","og_site_name":"Vinilo Zona","article_modified_time":"2025-08-08T13:02:02+00:00","og_image":[{"width":803,"height":602,"url":"https:\/\/vinilozona.lt\/wp-content\/uploads\/2020\/01\/shakin-stevens-shaky-1.jpg","type":"image\/jpeg"}],"twitter_card":"summary_large_image","twitter_misc":{"Estimated reading time":"1 minute"},"schema":{"@context":"https:\/\/schema.org","@graph":[{"@type":"WebPage","@id":"https:\/\/vinilozona.lt\/parduotuve\/rock-pop\/shakin-stevens-%e2%80%8e-shaky\/","url":"https:\/\/vinilozona.lt\/parduotuve\/rock-pop\/shakin-stevens-%e2%80%8e-shaky\/","name":"Shakin' Stevens \u200e\u2013 Shaky Vinilin\u0117 Plok\u0161tel\u0117 | Vinilozona.lt","isPartOf":{"@id":"https:\/\/vinilozona.lt\/#website"},"primaryImageOfPage":{"@id":"https:\/\/vinilozona.lt\/parduotuve\/rock-pop\/shakin-stevens-%e2%80%8e-shaky\/#primaryimage"},"image":{"@id":"https:\/\/vinilozona.lt\/parduotuve\/rock-pop\/shakin-stevens-%e2%80%8e-shaky\/#primaryimage"},"thumbnailUrl":"https:\/\/vinilozona.lt\/wp-content\/uploads\/2020\/01\/shakin-stevens-shaky-1.jpg","datePublished":"2025-08-08T06:01:23+00:00","dateModified":"2025-08-08T13:02:02+00:00","breadcrumb":{"@id":"https:\/\/vinilozona.lt\/parduotuve\/rock-pop\/shakin-stevens-%e2%80%8e-shaky\/#breadcrumb"},"inLanguage":"en-GB","potentialAction":[{"@type":"ReadAction","target":["https:\/\/vinilozona.lt\/parduotuve\/rock-pop\/shakin-stevens-%e2%80%8e-shaky\/"]}]},{"@type":"ImageObject","inLanguage":"en-GB","@id":"https:\/\/vinilozona.lt\/parduotuve\/rock-pop\/shakin-stevens-%e2%80%8e-shaky\/#primaryimage","url":"https:\/\/vinilozona.lt\/wp-content\/uploads\/2020\/01\/shakin-stevens-shaky-1.jpg","contentUrl":"https:\/\/vinilozona.lt\/wp-content\/uploads\/2020\/01\/shakin-stevens-shaky-1.jpg","width":803,"height":602},{"@type":"BreadcrumbList","@id":"https:\/\/vinilozona.lt\/parduotuve\/rock-pop\/shakin-stevens-%e2%80%8e-shaky\/#breadcrumb","itemListElement":[{"@type":"ListItem","position":1,"name":"Home","item":"https:\/\/vinilozona.lt\/"},{"@type":"ListItem","position":2,"name":"Parduotuv\u0117","item":"https:\/\/vinilozona.lt\/parduotuve\/"},{"@type":"ListItem","position":3,"name":"Shakin&#8217; Stevens \u200e\u2013 Shaky"}]},{"@type":"WebSite","@id":"https:\/\/vinilozona.lt\/#website","url":"https:\/\/vinilozona.lt\/","name":"Vinilo Zona","description":"Nup\u016bsk dulkes ir klausyk LP","potentialAction":[{"@type":"SearchAction","target":{"@type":"EntryPoint","urlTemplate":"https:\/\/vinilozona.lt\/?s={search_term_string}"},"query-input":{"@type":"PropertyValueSpecification","valueRequired":true,"valueName":"search_term_string"}}],"inLanguage":"en-GB"}]}},"_links":{"self":[{"href":"https:\/\/vinilozona.lt\/en\/wp-json\/wp\/v2\/product\/4137"}],"collection":[{"href":"https:\/\/vinilozona.lt\/en\/wp-json\/wp\/v2\/product"}],"about":[{"href":"https:\/\/vinilozona.lt\/en\/wp-json\/wp\/v2\/types\/product"}],"wp:featuredmedia":[{"embeddable":true,"href":"https:\/\/vinilozona.lt\/en\/wp-json\/wp\/v2\/media\/4138"}],"wp:attachment":[{"href":"https:\/\/vinilozona.lt\/en\/wp-json\/wp\/v2\/media?parent=4137"}],"wp:term":[{"taxonomy":"product_cat","embeddable":true,"href":"https:\/\/vinilozona.lt\/en\/wp-json\/wp\/v2\/product_cat?post=4137"},{"taxonomy":"product_tag","embeddable":true,"href":"https:\/\/vinilozona.lt\/en\/wp-json\/wp\/v2\/product_tag?post=4137"}],"curies":[{"name":"wp","href":"https:\/\/api.w.org\/{rel}","templated":true}]}}