{"id":4125,"date":"2024-10-21T05:13:38","date_gmt":"2024-10-21T02:13:38","guid":{"rendered":"https:\/\/vinylhome.lt\/?post_type=product&#038;p=4125"},"modified":"2024-10-20T07:16:37","modified_gmt":"2024-10-20T04:16:37","slug":"simple-minds-%e2%80%8e-real-life","status":"publish","type":"product","link":"https:\/\/vinilozona.lt\/en\/parduotuve\/rock-pop\/simple-minds-%e2%80%8e-real-life\/","title":{"rendered":"Simple Minds \u2013 Real To Real Cacophony"},"content":{"rendered":"<p>A1\t\tReal To Real\t2:47<br \/>\nA2\t\tNaked Eye\t2:22<br \/>\nA3\t\tCitizen (Dance Of Youth)\t2:53<br \/>\nA4\t\tCarnival (Shelter In A Suitcase)\t2:50<br \/>\nA5\t\tFactory\t4:13<br \/>\nA6\t\tCacophony\t1:40<br \/>\nA7\t\tVeldt\t3:30<br \/>\nB1\t\tPremonition\t5:28<br \/>\nB2\t\tChangeling\t4:11<br \/>\nB3\t\tFilm Theme\t2:25<br \/>\nB4\t\tCalling Your Name\t5:06<br \/>\nB5\t\tScar\t3:31<\/p>","protected":false},"excerpt":{"rendered":"<p>Virgin \u2013 204 938, OVED 124,  7 90859-1<br \/>\nFormat:<br \/>\nVinyl, LP, Album,<br \/>\nCountry:\tUS<br \/>\nReleased:\t1982<\/p>","protected":false},"featured_media":24782,"template":"","meta":[],"product_cat":[15],"product_tag":[44],"yoast_head":"<!-- This site is optimized with the Yoast SEO plugin v23.5 - https:\/\/yoast.com\/wordpress\/plugins\/seo\/ -->\n<title>Simple Minds \u2013 Real To Real Cacophony Vinilin\u0117 Plok\u0161tel\u0117 | Vinilozona.lt<\/title>\n<meta name=\"robots\" content=\"index, follow, max-snippet:-1, max-image-preview:large, max-video-preview:-1\" \/>\n<link rel=\"canonical\" href=\"https:\/\/vinilozona.lt\/en\/parduotuve\/rock-pop\/simple-minds-\u200e-real-life\/\" \/>\n<meta property=\"og:locale\" content=\"en_GB\" \/>\n<meta property=\"og:type\" content=\"article\" \/>\n<meta property=\"og:title\" content=\"Simple Minds \u2013 Real To Real Cacophony Vinilin\u0117 Plok\u0161tel\u0117 | Vinilozona.lt\" \/>\n<meta property=\"og:description\" content=\"Virgin \u2013 204 938, OVED 124, 7 90859-1 Format:  Vinyl, LP, Album,  Country: US Released: 1982\" \/>\n<meta property=\"og:url\" content=\"https:\/\/vinilozona.lt\/en\/parduotuve\/rock-pop\/simple-minds-\u200e-real-life\/\" \/>\n<meta property=\"og:site_name\" content=\"Vinilo Zona\" \/>\n<meta property=\"article:modified_time\" content=\"2024-10-20T04:16:37+00:00\" \/>\n<meta property=\"og:image\" content=\"https:\/\/vinilozona.lt\/wp-content\/uploads\/2020\/01\/R-1824052-1388945509-5194.jpg\" \/>\n\t<meta property=\"og:image:width\" content=\"454\" \/>\n\t<meta property=\"og:image:height\" content=\"454\" \/>\n\t<meta property=\"og:image:type\" content=\"image\/jpeg\" \/>\n<meta name=\"twitter:card\" content=\"summary_large_image\" \/>\n<meta name=\"twitter:label1\" content=\"Estimated reading time\" \/>\n\t<meta name=\"twitter:data1\" content=\"1 minute\" \/>\n<script type=\"application\/ld+json\" class=\"yoast-schema-graph\">{\"@context\":\"https:\/\/schema.org\",\"@graph\":[{\"@type\":\"WebPage\",\"@id\":\"https:\/\/vinilozona.lt\/parduotuve\/rock-pop\/simple-minds-%e2%80%8e-real-life\/\",\"url\":\"https:\/\/vinilozona.lt\/parduotuve\/rock-pop\/simple-minds-%e2%80%8e-real-life\/\",\"name\":\"Simple Minds \u2013 Real To Real Cacophony Vinilin\u0117 Plok\u0161tel\u0117 | Vinilozona.lt\",\"isPartOf\":{\"@id\":\"https:\/\/vinilozona.lt\/#website\"},\"primaryImageOfPage\":{\"@id\":\"https:\/\/vinilozona.lt\/parduotuve\/rock-pop\/simple-minds-%e2%80%8e-real-life\/#primaryimage\"},\"image\":{\"@id\":\"https:\/\/vinilozona.lt\/parduotuve\/rock-pop\/simple-minds-%e2%80%8e-real-life\/#primaryimage\"},\"thumbnailUrl\":\"https:\/\/vinilozona.lt\/wp-content\/uploads\/2020\/01\/R-1824052-1388945509-5194.jpg\",\"datePublished\":\"2024-10-21T02:13:38+00:00\",\"dateModified\":\"2024-10-20T04:16:37+00:00\",\"breadcrumb\":{\"@id\":\"https:\/\/vinilozona.lt\/parduotuve\/rock-pop\/simple-minds-%e2%80%8e-real-life\/#breadcrumb\"},\"inLanguage\":\"en-GB\",\"potentialAction\":[{\"@type\":\"ReadAction\",\"target\":[\"https:\/\/vinilozona.lt\/parduotuve\/rock-pop\/simple-minds-%e2%80%8e-real-life\/\"]}]},{\"@type\":\"ImageObject\",\"inLanguage\":\"en-GB\",\"@id\":\"https:\/\/vinilozona.lt\/parduotuve\/rock-pop\/simple-minds-%e2%80%8e-real-life\/#primaryimage\",\"url\":\"https:\/\/vinilozona.lt\/wp-content\/uploads\/2020\/01\/R-1824052-1388945509-5194.jpg\",\"contentUrl\":\"https:\/\/vinilozona.lt\/wp-content\/uploads\/2020\/01\/R-1824052-1388945509-5194.jpg\",\"width\":454,\"height\":454},{\"@type\":\"BreadcrumbList\",\"@id\":\"https:\/\/vinilozona.lt\/parduotuve\/rock-pop\/simple-minds-%e2%80%8e-real-life\/#breadcrumb\",\"itemListElement\":[{\"@type\":\"ListItem\",\"position\":1,\"name\":\"Home\",\"item\":\"https:\/\/vinilozona.lt\/\"},{\"@type\":\"ListItem\",\"position\":2,\"name\":\"Parduotuv\u0117\",\"item\":\"https:\/\/vinilozona.lt\/parduotuve\/\"},{\"@type\":\"ListItem\",\"position\":3,\"name\":\"Simple Minds \u2013 Real To Real Cacophony\"}]},{\"@type\":\"WebSite\",\"@id\":\"https:\/\/vinilozona.lt\/#website\",\"url\":\"https:\/\/vinilozona.lt\/\",\"name\":\"Vinilo Zona\",\"description\":\"Nup\u016bsk dulkes ir klausyk LP\",\"potentialAction\":[{\"@type\":\"SearchAction\",\"target\":{\"@type\":\"EntryPoint\",\"urlTemplate\":\"https:\/\/vinilozona.lt\/?s={search_term_string}\"},\"query-input\":{\"@type\":\"PropertyValueSpecification\",\"valueRequired\":true,\"valueName\":\"search_term_string\"}}],\"inLanguage\":\"en-GB\"}]}<\/script>\n<!-- \/ Yoast SEO plugin. -->","yoast_head_json":{"title":"Simple Minds \u2013 Real To Real Cacophony Vinilin\u0117 Plok\u0161tel\u0117 | Vinilozona.lt","robots":{"index":"index","follow":"follow","max-snippet":"max-snippet:-1","max-image-preview":"max-image-preview:large","max-video-preview":"max-video-preview:-1"},"canonical":"https:\/\/vinilozona.lt\/en\/parduotuve\/rock-pop\/simple-minds-\u200e-real-life\/","og_locale":"en_GB","og_type":"article","og_title":"Simple Minds \u2013 Real To Real Cacophony Vinilin\u0117 Plok\u0161tel\u0117 | Vinilozona.lt","og_description":"Virgin \u2013 204 938, OVED 124, 7 90859-1 Format:  Vinyl, LP, Album,  Country: US Released: 1982","og_url":"https:\/\/vinilozona.lt\/en\/parduotuve\/rock-pop\/simple-minds-\u200e-real-life\/","og_site_name":"Vinilo Zona","article_modified_time":"2024-10-20T04:16:37+00:00","og_image":[{"width":454,"height":454,"url":"https:\/\/vinilozona.lt\/wp-content\/uploads\/2020\/01\/R-1824052-1388945509-5194.jpg","type":"image\/jpeg"}],"twitter_card":"summary_large_image","twitter_misc":{"Estimated reading time":"1 minute"},"schema":{"@context":"https:\/\/schema.org","@graph":[{"@type":"WebPage","@id":"https:\/\/vinilozona.lt\/parduotuve\/rock-pop\/simple-minds-%e2%80%8e-real-life\/","url":"https:\/\/vinilozona.lt\/parduotuve\/rock-pop\/simple-minds-%e2%80%8e-real-life\/","name":"Simple Minds \u2013 Real To Real Cacophony Vinilin\u0117 Plok\u0161tel\u0117 | Vinilozona.lt","isPartOf":{"@id":"https:\/\/vinilozona.lt\/#website"},"primaryImageOfPage":{"@id":"https:\/\/vinilozona.lt\/parduotuve\/rock-pop\/simple-minds-%e2%80%8e-real-life\/#primaryimage"},"image":{"@id":"https:\/\/vinilozona.lt\/parduotuve\/rock-pop\/simple-minds-%e2%80%8e-real-life\/#primaryimage"},"thumbnailUrl":"https:\/\/vinilozona.lt\/wp-content\/uploads\/2020\/01\/R-1824052-1388945509-5194.jpg","datePublished":"2024-10-21T02:13:38+00:00","dateModified":"2024-10-20T04:16:37+00:00","breadcrumb":{"@id":"https:\/\/vinilozona.lt\/parduotuve\/rock-pop\/simple-minds-%e2%80%8e-real-life\/#breadcrumb"},"inLanguage":"en-GB","potentialAction":[{"@type":"ReadAction","target":["https:\/\/vinilozona.lt\/parduotuve\/rock-pop\/simple-minds-%e2%80%8e-real-life\/"]}]},{"@type":"ImageObject","inLanguage":"en-GB","@id":"https:\/\/vinilozona.lt\/parduotuve\/rock-pop\/simple-minds-%e2%80%8e-real-life\/#primaryimage","url":"https:\/\/vinilozona.lt\/wp-content\/uploads\/2020\/01\/R-1824052-1388945509-5194.jpg","contentUrl":"https:\/\/vinilozona.lt\/wp-content\/uploads\/2020\/01\/R-1824052-1388945509-5194.jpg","width":454,"height":454},{"@type":"BreadcrumbList","@id":"https:\/\/vinilozona.lt\/parduotuve\/rock-pop\/simple-minds-%e2%80%8e-real-life\/#breadcrumb","itemListElement":[{"@type":"ListItem","position":1,"name":"Home","item":"https:\/\/vinilozona.lt\/"},{"@type":"ListItem","position":2,"name":"Parduotuv\u0117","item":"https:\/\/vinilozona.lt\/parduotuve\/"},{"@type":"ListItem","position":3,"name":"Simple Minds \u2013 Real To Real Cacophony"}]},{"@type":"WebSite","@id":"https:\/\/vinilozona.lt\/#website","url":"https:\/\/vinilozona.lt\/","name":"Vinilo Zona","description":"Nup\u016bsk dulkes ir klausyk LP","potentialAction":[{"@type":"SearchAction","target":{"@type":"EntryPoint","urlTemplate":"https:\/\/vinilozona.lt\/?s={search_term_string}"},"query-input":{"@type":"PropertyValueSpecification","valueRequired":true,"valueName":"search_term_string"}}],"inLanguage":"en-GB"}]}},"_links":{"self":[{"href":"https:\/\/vinilozona.lt\/en\/wp-json\/wp\/v2\/product\/4125"}],"collection":[{"href":"https:\/\/vinilozona.lt\/en\/wp-json\/wp\/v2\/product"}],"about":[{"href":"https:\/\/vinilozona.lt\/en\/wp-json\/wp\/v2\/types\/product"}],"wp:featuredmedia":[{"embeddable":true,"href":"https:\/\/vinilozona.lt\/en\/wp-json\/wp\/v2\/media\/24782"}],"wp:attachment":[{"href":"https:\/\/vinilozona.lt\/en\/wp-json\/wp\/v2\/media?parent=4125"}],"wp:term":[{"taxonomy":"product_cat","embeddable":true,"href":"https:\/\/vinilozona.lt\/en\/wp-json\/wp\/v2\/product_cat?post=4125"},{"taxonomy":"product_tag","embeddable":true,"href":"https:\/\/vinilozona.lt\/en\/wp-json\/wp\/v2\/product_tag?post=4125"}],"curies":[{"name":"wp","href":"https:\/\/api.w.org\/{rel}","templated":true}]}}