{"id":4086,"date":"2021-01-20T12:49:40","date_gmt":"2021-01-20T10:49:40","guid":{"rendered":"https:\/\/vinylhome.lt\/?post_type=product&#038;p=4086"},"modified":"2021-05-24T09:48:10","modified_gmt":"2021-05-24T06:48:10","slug":"status-quo-%e2%80%8e-rockin-all-over-the-world","status":"publish","type":"product","link":"https:\/\/vinilozona.lt\/en\/parduotuve\/rock-pop\/status-quo-%e2%80%8e-rockin-all-over-the-world\/","title":{"rendered":"Status Quo \u200e\u2013 Rockin&#8217; All Over The World"},"content":{"rendered":"<p>A1 \tHard Time<br \/>\nA2 \tCan&#8217;t Give You More<br \/>\nA3 \tLet&#8217;s Ride<br \/>\nA4 \tBaby Boy<br \/>\nA5 \tYou Don&#8217;t Own Me<br \/>\nA6 \tRockers Rollin&#8217;<\/p>\n<p>B1 \tRockin&#8217; All Over The World<br \/>\nB2 \tWho Am I?<br \/>\nB3 \tToo Far Gone<br \/>\nB4 \tFor You<br \/>\nB5 \tDirty Water<br \/>\nB6 \tHold You Back<\/p>","protected":false},"excerpt":{"rendered":"<p>Phonogram Ltd. 9102 014-1<\/p>","protected":false},"featured_media":4087,"template":"","meta":[],"product_cat":[15],"product_tag":[44],"yoast_head":"<!-- This site is optimized with the Yoast SEO plugin v23.5 - https:\/\/yoast.com\/wordpress\/plugins\/seo\/ -->\n<title>Status Quo \u200e\u2013 Rockin&#039; All Over The World Vinilin\u0117 Plok\u0161tel\u0117 | Vinilozona.lt<\/title>\n<meta name=\"robots\" content=\"index, follow, max-snippet:-1, max-image-preview:large, max-video-preview:-1\" \/>\n<link rel=\"canonical\" href=\"https:\/\/vinilozona.lt\/en\/parduotuve\/rock-pop\/status-quo-\u200e-rockin-all-over-the-world\/\" \/>\n<meta property=\"og:locale\" content=\"en_GB\" \/>\n<meta property=\"og:type\" content=\"article\" \/>\n<meta property=\"og:title\" content=\"Status Quo \u200e\u2013 Rockin&#039; All Over The World Vinilin\u0117 Plok\u0161tel\u0117 | Vinilozona.lt\" \/>\n<meta property=\"og:description\" content=\"Phonogram Ltd. 9102 014-1\" \/>\n<meta property=\"og:url\" content=\"https:\/\/vinilozona.lt\/en\/parduotuve\/rock-pop\/status-quo-\u200e-rockin-all-over-the-world\/\" \/>\n<meta property=\"og:site_name\" content=\"Vinilo Zona\" \/>\n<meta property=\"article:modified_time\" content=\"2021-05-24T06:48:10+00:00\" \/>\n<meta property=\"og:image\" content=\"https:\/\/vinilozona.lt\/wp-content\/uploads\/2020\/01\/status-quo-rockin-all-over-the-world-1.jpg\" \/>\n\t<meta property=\"og:image:width\" content=\"467\" \/>\n\t<meta property=\"og:image:height\" content=\"350\" \/>\n\t<meta property=\"og:image:type\" content=\"image\/jpeg\" \/>\n<meta name=\"twitter:card\" content=\"summary_large_image\" \/>\n<script type=\"application\/ld+json\" class=\"yoast-schema-graph\">{\"@context\":\"https:\/\/schema.org\",\"@graph\":[{\"@type\":\"WebPage\",\"@id\":\"https:\/\/vinilozona.lt\/parduotuve\/rock-pop\/status-quo-%e2%80%8e-rockin-all-over-the-world\/\",\"url\":\"https:\/\/vinilozona.lt\/parduotuve\/rock-pop\/status-quo-%e2%80%8e-rockin-all-over-the-world\/\",\"name\":\"Status Quo \u200e\u2013 Rockin' All Over The World Vinilin\u0117 Plok\u0161tel\u0117 | Vinilozona.lt\",\"isPartOf\":{\"@id\":\"https:\/\/vinilozona.lt\/#website\"},\"primaryImageOfPage\":{\"@id\":\"https:\/\/vinilozona.lt\/parduotuve\/rock-pop\/status-quo-%e2%80%8e-rockin-all-over-the-world\/#primaryimage\"},\"image\":{\"@id\":\"https:\/\/vinilozona.lt\/parduotuve\/rock-pop\/status-quo-%e2%80%8e-rockin-all-over-the-world\/#primaryimage\"},\"thumbnailUrl\":\"https:\/\/vinilozona.lt\/wp-content\/uploads\/2020\/01\/status-quo-rockin-all-over-the-world-1.jpg\",\"datePublished\":\"2021-01-20T10:49:40+00:00\",\"dateModified\":\"2021-05-24T06:48:10+00:00\",\"breadcrumb\":{\"@id\":\"https:\/\/vinilozona.lt\/parduotuve\/rock-pop\/status-quo-%e2%80%8e-rockin-all-over-the-world\/#breadcrumb\"},\"inLanguage\":\"en-GB\",\"potentialAction\":[{\"@type\":\"ReadAction\",\"target\":[\"https:\/\/vinilozona.lt\/parduotuve\/rock-pop\/status-quo-%e2%80%8e-rockin-all-over-the-world\/\"]}]},{\"@type\":\"ImageObject\",\"inLanguage\":\"en-GB\",\"@id\":\"https:\/\/vinilozona.lt\/parduotuve\/rock-pop\/status-quo-%e2%80%8e-rockin-all-over-the-world\/#primaryimage\",\"url\":\"https:\/\/vinilozona.lt\/wp-content\/uploads\/2020\/01\/status-quo-rockin-all-over-the-world-1.jpg\",\"contentUrl\":\"https:\/\/vinilozona.lt\/wp-content\/uploads\/2020\/01\/status-quo-rockin-all-over-the-world-1.jpg\",\"width\":467,\"height\":350},{\"@type\":\"BreadcrumbList\",\"@id\":\"https:\/\/vinilozona.lt\/parduotuve\/rock-pop\/status-quo-%e2%80%8e-rockin-all-over-the-world\/#breadcrumb\",\"itemListElement\":[{\"@type\":\"ListItem\",\"position\":1,\"name\":\"Home\",\"item\":\"https:\/\/vinilozona.lt\/\"},{\"@type\":\"ListItem\",\"position\":2,\"name\":\"Parduotuv\u0117\",\"item\":\"https:\/\/vinilozona.lt\/parduotuve\/\"},{\"@type\":\"ListItem\",\"position\":3,\"name\":\"Status Quo \u200e\u2013 Rockin&#8217; All Over The World\"}]},{\"@type\":\"WebSite\",\"@id\":\"https:\/\/vinilozona.lt\/#website\",\"url\":\"https:\/\/vinilozona.lt\/\",\"name\":\"Vinilo Zona\",\"description\":\"Nup\u016bsk dulkes ir klausyk LP\",\"potentialAction\":[{\"@type\":\"SearchAction\",\"target\":{\"@type\":\"EntryPoint\",\"urlTemplate\":\"https:\/\/vinilozona.lt\/?s={search_term_string}\"},\"query-input\":{\"@type\":\"PropertyValueSpecification\",\"valueRequired\":true,\"valueName\":\"search_term_string\"}}],\"inLanguage\":\"en-GB\"}]}<\/script>\n<!-- \/ Yoast SEO plugin. -->","yoast_head_json":{"title":"Status Quo \u200e\u2013 Rockin' All Over The World Vinilin\u0117 Plok\u0161tel\u0117 | Vinilozona.lt","robots":{"index":"index","follow":"follow","max-snippet":"max-snippet:-1","max-image-preview":"max-image-preview:large","max-video-preview":"max-video-preview:-1"},"canonical":"https:\/\/vinilozona.lt\/en\/parduotuve\/rock-pop\/status-quo-\u200e-rockin-all-over-the-world\/","og_locale":"en_GB","og_type":"article","og_title":"Status Quo \u200e\u2013 Rockin' All Over The World Vinilin\u0117 Plok\u0161tel\u0117 | Vinilozona.lt","og_description":"Phonogram Ltd. 9102 014-1","og_url":"https:\/\/vinilozona.lt\/en\/parduotuve\/rock-pop\/status-quo-\u200e-rockin-all-over-the-world\/","og_site_name":"Vinilo Zona","article_modified_time":"2021-05-24T06:48:10+00:00","og_image":[{"width":467,"height":350,"url":"https:\/\/vinilozona.lt\/wp-content\/uploads\/2020\/01\/status-quo-rockin-all-over-the-world-1.jpg","type":"image\/jpeg"}],"twitter_card":"summary_large_image","schema":{"@context":"https:\/\/schema.org","@graph":[{"@type":"WebPage","@id":"https:\/\/vinilozona.lt\/parduotuve\/rock-pop\/status-quo-%e2%80%8e-rockin-all-over-the-world\/","url":"https:\/\/vinilozona.lt\/parduotuve\/rock-pop\/status-quo-%e2%80%8e-rockin-all-over-the-world\/","name":"Status Quo \u200e\u2013 Rockin' All Over The World Vinilin\u0117 Plok\u0161tel\u0117 | Vinilozona.lt","isPartOf":{"@id":"https:\/\/vinilozona.lt\/#website"},"primaryImageOfPage":{"@id":"https:\/\/vinilozona.lt\/parduotuve\/rock-pop\/status-quo-%e2%80%8e-rockin-all-over-the-world\/#primaryimage"},"image":{"@id":"https:\/\/vinilozona.lt\/parduotuve\/rock-pop\/status-quo-%e2%80%8e-rockin-all-over-the-world\/#primaryimage"},"thumbnailUrl":"https:\/\/vinilozona.lt\/wp-content\/uploads\/2020\/01\/status-quo-rockin-all-over-the-world-1.jpg","datePublished":"2021-01-20T10:49:40+00:00","dateModified":"2021-05-24T06:48:10+00:00","breadcrumb":{"@id":"https:\/\/vinilozona.lt\/parduotuve\/rock-pop\/status-quo-%e2%80%8e-rockin-all-over-the-world\/#breadcrumb"},"inLanguage":"en-GB","potentialAction":[{"@type":"ReadAction","target":["https:\/\/vinilozona.lt\/parduotuve\/rock-pop\/status-quo-%e2%80%8e-rockin-all-over-the-world\/"]}]},{"@type":"ImageObject","inLanguage":"en-GB","@id":"https:\/\/vinilozona.lt\/parduotuve\/rock-pop\/status-quo-%e2%80%8e-rockin-all-over-the-world\/#primaryimage","url":"https:\/\/vinilozona.lt\/wp-content\/uploads\/2020\/01\/status-quo-rockin-all-over-the-world-1.jpg","contentUrl":"https:\/\/vinilozona.lt\/wp-content\/uploads\/2020\/01\/status-quo-rockin-all-over-the-world-1.jpg","width":467,"height":350},{"@type":"BreadcrumbList","@id":"https:\/\/vinilozona.lt\/parduotuve\/rock-pop\/status-quo-%e2%80%8e-rockin-all-over-the-world\/#breadcrumb","itemListElement":[{"@type":"ListItem","position":1,"name":"Home","item":"https:\/\/vinilozona.lt\/"},{"@type":"ListItem","position":2,"name":"Parduotuv\u0117","item":"https:\/\/vinilozona.lt\/parduotuve\/"},{"@type":"ListItem","position":3,"name":"Status Quo \u200e\u2013 Rockin&#8217; All Over The World"}]},{"@type":"WebSite","@id":"https:\/\/vinilozona.lt\/#website","url":"https:\/\/vinilozona.lt\/","name":"Vinilo Zona","description":"Nup\u016bsk dulkes ir klausyk LP","potentialAction":[{"@type":"SearchAction","target":{"@type":"EntryPoint","urlTemplate":"https:\/\/vinilozona.lt\/?s={search_term_string}"},"query-input":{"@type":"PropertyValueSpecification","valueRequired":true,"valueName":"search_term_string"}}],"inLanguage":"en-GB"}]}},"_links":{"self":[{"href":"https:\/\/vinilozona.lt\/en\/wp-json\/wp\/v2\/product\/4086"}],"collection":[{"href":"https:\/\/vinilozona.lt\/en\/wp-json\/wp\/v2\/product"}],"about":[{"href":"https:\/\/vinilozona.lt\/en\/wp-json\/wp\/v2\/types\/product"}],"wp:featuredmedia":[{"embeddable":true,"href":"https:\/\/vinilozona.lt\/en\/wp-json\/wp\/v2\/media\/4087"}],"wp:attachment":[{"href":"https:\/\/vinilozona.lt\/en\/wp-json\/wp\/v2\/media?parent=4086"}],"wp:term":[{"taxonomy":"product_cat","embeddable":true,"href":"https:\/\/vinilozona.lt\/en\/wp-json\/wp\/v2\/product_cat?post=4086"},{"taxonomy":"product_tag","embeddable":true,"href":"https:\/\/vinilozona.lt\/en\/wp-json\/wp\/v2\/product_tag?post=4086"}],"curies":[{"name":"wp","href":"https:\/\/api.w.org\/{rel}","templated":true}]}}