{"id":4050,"date":"2025-01-31T05:17:52","date_gmt":"2025-01-31T03:17:52","guid":{"rendered":"https:\/\/vinylhome.lt\/?post_type=product&#038;p=4050"},"modified":"2026-03-02T07:07:43","modified_gmt":"2026-03-02T05:07:43","slug":"supertramp-%e2%80%8e-paris","status":"publish","type":"product","link":"https:\/\/vinilozona.lt\/en\/parduotuve\/rock-pop\/supertramp-%e2%80%8e-paris\/","title":{"rendered":"Supertramp \u200e\u2013 Paris 2LP"},"content":{"rendered":"<p>A1\tSchool\t5:20<br \/>\nA2\tAin&#8217;t Nobody But Me\t4:53<br \/>\nA3\tThe Logical Song\t3:41<br \/>\nA4\tBloody Well Right\t6:11<br \/>\nB1\tBreakfast In America\t2:36<br \/>\nB2\tYou Started Laughing\t3:50<br \/>\nB3\tHide In Your Shell\t6:36<br \/>\nB4\tFrom Now On\t6:44<br \/>\nC1\tDreamer\t3:15<br \/>\nC2\tRudy\t6:51<br \/>\nC3\tA Soapbox Opera\t4:33<br \/>\nC4\tAsylum\t6:41<br \/>\nD1\tTake The Long Way Home\t4:35<br \/>\nD2\tFools Overture\t10:14<br \/>\nD3\tTwo Of Us\t1:23<br \/>\nD4\tCrime Of The Century\t6:14<\/p>","protected":false},"excerpt":{"rendered":"<p>A&#038;M Records \u2013 AMLM 66702<br \/>\nFormat:<br \/>\n2 x Vinyl, LP, Album, Gatefold<br \/>\nCountry: EU<br \/>\nReleased:<br \/>\n1980<\/p>","protected":false},"featured_media":4051,"template":"","meta":[],"product_cat":[15],"product_tag":[44],"yoast_head":"<!-- This site is optimized with the Yoast SEO plugin v23.5 - https:\/\/yoast.com\/wordpress\/plugins\/seo\/ -->\n<title>Supertramp \u200e\u2013 Paris 2LP Vinilin\u0117 Plok\u0161tel\u0117 | Vinilozona.lt<\/title>\n<meta name=\"robots\" content=\"index, follow, max-snippet:-1, max-image-preview:large, max-video-preview:-1\" \/>\n<link rel=\"canonical\" href=\"https:\/\/vinilozona.lt\/en\/parduotuve\/rock-pop\/supertramp-\u200e-paris\/\" \/>\n<meta property=\"og:locale\" content=\"en_GB\" \/>\n<meta property=\"og:type\" content=\"article\" \/>\n<meta property=\"og:title\" content=\"Supertramp \u200e\u2013 Paris 2LP Vinilin\u0117 Plok\u0161tel\u0117 | Vinilozona.lt\" \/>\n<meta property=\"og:description\" content=\"A&amp;M Records \u2013 AMLM 66702 Format: 2 x Vinyl, LP, Album, Gatefold Country: EU Released: 1980\" \/>\n<meta property=\"og:url\" content=\"https:\/\/vinilozona.lt\/en\/parduotuve\/rock-pop\/supertramp-\u200e-paris\/\" \/>\n<meta property=\"og:site_name\" content=\"Vinilo Zona\" \/>\n<meta property=\"article:modified_time\" content=\"2026-03-02T05:07:43+00:00\" \/>\n<meta property=\"og:image\" content=\"https:\/\/vinilozona.lt\/wp-content\/uploads\/2020\/01\/supertramp-paris-1.jpg\" \/>\n\t<meta property=\"og:image:width\" content=\"705\" \/>\n\t<meta property=\"og:image:height\" content=\"529\" \/>\n\t<meta property=\"og:image:type\" content=\"image\/jpeg\" \/>\n<meta name=\"twitter:card\" content=\"summary_large_image\" \/>\n<meta name=\"twitter:label1\" content=\"Estimated reading time\" \/>\n\t<meta name=\"twitter:data1\" content=\"1 minute\" \/>\n<script type=\"application\/ld+json\" class=\"yoast-schema-graph\">{\"@context\":\"https:\/\/schema.org\",\"@graph\":[{\"@type\":\"WebPage\",\"@id\":\"https:\/\/vinilozona.lt\/parduotuve\/rock-pop\/supertramp-%e2%80%8e-paris\/\",\"url\":\"https:\/\/vinilozona.lt\/parduotuve\/rock-pop\/supertramp-%e2%80%8e-paris\/\",\"name\":\"Supertramp \u200e\u2013 Paris 2LP Vinilin\u0117 Plok\u0161tel\u0117 | Vinilozona.lt\",\"isPartOf\":{\"@id\":\"https:\/\/vinilozona.lt\/#website\"},\"primaryImageOfPage\":{\"@id\":\"https:\/\/vinilozona.lt\/parduotuve\/rock-pop\/supertramp-%e2%80%8e-paris\/#primaryimage\"},\"image\":{\"@id\":\"https:\/\/vinilozona.lt\/parduotuve\/rock-pop\/supertramp-%e2%80%8e-paris\/#primaryimage\"},\"thumbnailUrl\":\"https:\/\/vinilozona.lt\/wp-content\/uploads\/2020\/01\/supertramp-paris-1.jpg\",\"datePublished\":\"2025-01-31T03:17:52+00:00\",\"dateModified\":\"2026-03-02T05:07:43+00:00\",\"breadcrumb\":{\"@id\":\"https:\/\/vinilozona.lt\/parduotuve\/rock-pop\/supertramp-%e2%80%8e-paris\/#breadcrumb\"},\"inLanguage\":\"en-GB\",\"potentialAction\":[{\"@type\":\"ReadAction\",\"target\":[\"https:\/\/vinilozona.lt\/parduotuve\/rock-pop\/supertramp-%e2%80%8e-paris\/\"]}]},{\"@type\":\"ImageObject\",\"inLanguage\":\"en-GB\",\"@id\":\"https:\/\/vinilozona.lt\/parduotuve\/rock-pop\/supertramp-%e2%80%8e-paris\/#primaryimage\",\"url\":\"https:\/\/vinilozona.lt\/wp-content\/uploads\/2020\/01\/supertramp-paris-1.jpg\",\"contentUrl\":\"https:\/\/vinilozona.lt\/wp-content\/uploads\/2020\/01\/supertramp-paris-1.jpg\",\"width\":705,\"height\":529},{\"@type\":\"BreadcrumbList\",\"@id\":\"https:\/\/vinilozona.lt\/parduotuve\/rock-pop\/supertramp-%e2%80%8e-paris\/#breadcrumb\",\"itemListElement\":[{\"@type\":\"ListItem\",\"position\":1,\"name\":\"Home\",\"item\":\"https:\/\/vinilozona.lt\/\"},{\"@type\":\"ListItem\",\"position\":2,\"name\":\"Parduotuv\u0117\",\"item\":\"https:\/\/vinilozona.lt\/parduotuve\/\"},{\"@type\":\"ListItem\",\"position\":3,\"name\":\"Supertramp \u200e\u2013 Paris 2LP\"}]},{\"@type\":\"WebSite\",\"@id\":\"https:\/\/vinilozona.lt\/#website\",\"url\":\"https:\/\/vinilozona.lt\/\",\"name\":\"Vinilo Zona\",\"description\":\"Nup\u016bsk dulkes ir klausyk LP\",\"potentialAction\":[{\"@type\":\"SearchAction\",\"target\":{\"@type\":\"EntryPoint\",\"urlTemplate\":\"https:\/\/vinilozona.lt\/?s={search_term_string}\"},\"query-input\":{\"@type\":\"PropertyValueSpecification\",\"valueRequired\":true,\"valueName\":\"search_term_string\"}}],\"inLanguage\":\"en-GB\"}]}<\/script>\n<!-- \/ Yoast SEO plugin. -->","yoast_head_json":{"title":"Supertramp \u200e\u2013 Paris 2LP Vinilin\u0117 Plok\u0161tel\u0117 | Vinilozona.lt","robots":{"index":"index","follow":"follow","max-snippet":"max-snippet:-1","max-image-preview":"max-image-preview:large","max-video-preview":"max-video-preview:-1"},"canonical":"https:\/\/vinilozona.lt\/en\/parduotuve\/rock-pop\/supertramp-\u200e-paris\/","og_locale":"en_GB","og_type":"article","og_title":"Supertramp \u200e\u2013 Paris 2LP Vinilin\u0117 Plok\u0161tel\u0117 | Vinilozona.lt","og_description":"A&M Records \u2013 AMLM 66702 Format: 2 x Vinyl, LP, Album, Gatefold Country: EU Released: 1980","og_url":"https:\/\/vinilozona.lt\/en\/parduotuve\/rock-pop\/supertramp-\u200e-paris\/","og_site_name":"Vinilo Zona","article_modified_time":"2026-03-02T05:07:43+00:00","og_image":[{"width":705,"height":529,"url":"https:\/\/vinilozona.lt\/wp-content\/uploads\/2020\/01\/supertramp-paris-1.jpg","type":"image\/jpeg"}],"twitter_card":"summary_large_image","twitter_misc":{"Estimated reading time":"1 minute"},"schema":{"@context":"https:\/\/schema.org","@graph":[{"@type":"WebPage","@id":"https:\/\/vinilozona.lt\/parduotuve\/rock-pop\/supertramp-%e2%80%8e-paris\/","url":"https:\/\/vinilozona.lt\/parduotuve\/rock-pop\/supertramp-%e2%80%8e-paris\/","name":"Supertramp \u200e\u2013 Paris 2LP Vinilin\u0117 Plok\u0161tel\u0117 | Vinilozona.lt","isPartOf":{"@id":"https:\/\/vinilozona.lt\/#website"},"primaryImageOfPage":{"@id":"https:\/\/vinilozona.lt\/parduotuve\/rock-pop\/supertramp-%e2%80%8e-paris\/#primaryimage"},"image":{"@id":"https:\/\/vinilozona.lt\/parduotuve\/rock-pop\/supertramp-%e2%80%8e-paris\/#primaryimage"},"thumbnailUrl":"https:\/\/vinilozona.lt\/wp-content\/uploads\/2020\/01\/supertramp-paris-1.jpg","datePublished":"2025-01-31T03:17:52+00:00","dateModified":"2026-03-02T05:07:43+00:00","breadcrumb":{"@id":"https:\/\/vinilozona.lt\/parduotuve\/rock-pop\/supertramp-%e2%80%8e-paris\/#breadcrumb"},"inLanguage":"en-GB","potentialAction":[{"@type":"ReadAction","target":["https:\/\/vinilozona.lt\/parduotuve\/rock-pop\/supertramp-%e2%80%8e-paris\/"]}]},{"@type":"ImageObject","inLanguage":"en-GB","@id":"https:\/\/vinilozona.lt\/parduotuve\/rock-pop\/supertramp-%e2%80%8e-paris\/#primaryimage","url":"https:\/\/vinilozona.lt\/wp-content\/uploads\/2020\/01\/supertramp-paris-1.jpg","contentUrl":"https:\/\/vinilozona.lt\/wp-content\/uploads\/2020\/01\/supertramp-paris-1.jpg","width":705,"height":529},{"@type":"BreadcrumbList","@id":"https:\/\/vinilozona.lt\/parduotuve\/rock-pop\/supertramp-%e2%80%8e-paris\/#breadcrumb","itemListElement":[{"@type":"ListItem","position":1,"name":"Home","item":"https:\/\/vinilozona.lt\/"},{"@type":"ListItem","position":2,"name":"Parduotuv\u0117","item":"https:\/\/vinilozona.lt\/parduotuve\/"},{"@type":"ListItem","position":3,"name":"Supertramp \u200e\u2013 Paris 2LP"}]},{"@type":"WebSite","@id":"https:\/\/vinilozona.lt\/#website","url":"https:\/\/vinilozona.lt\/","name":"Vinilo Zona","description":"Nup\u016bsk dulkes ir klausyk LP","potentialAction":[{"@type":"SearchAction","target":{"@type":"EntryPoint","urlTemplate":"https:\/\/vinilozona.lt\/?s={search_term_string}"},"query-input":{"@type":"PropertyValueSpecification","valueRequired":true,"valueName":"search_term_string"}}],"inLanguage":"en-GB"}]}},"_links":{"self":[{"href":"https:\/\/vinilozona.lt\/en\/wp-json\/wp\/v2\/product\/4050"}],"collection":[{"href":"https:\/\/vinilozona.lt\/en\/wp-json\/wp\/v2\/product"}],"about":[{"href":"https:\/\/vinilozona.lt\/en\/wp-json\/wp\/v2\/types\/product"}],"wp:featuredmedia":[{"embeddable":true,"href":"https:\/\/vinilozona.lt\/en\/wp-json\/wp\/v2\/media\/4051"}],"wp:attachment":[{"href":"https:\/\/vinilozona.lt\/en\/wp-json\/wp\/v2\/media?parent=4050"}],"wp:term":[{"taxonomy":"product_cat","embeddable":true,"href":"https:\/\/vinilozona.lt\/en\/wp-json\/wp\/v2\/product_cat?post=4050"},{"taxonomy":"product_tag","embeddable":true,"href":"https:\/\/vinilozona.lt\/en\/wp-json\/wp\/v2\/product_tag?post=4050"}],"curies":[{"name":"wp","href":"https:\/\/api.w.org\/{rel}","templated":true}]}}