{"id":4038,"date":"2023-03-17T05:24:58","date_gmt":"2023-03-17T03:24:58","guid":{"rendered":"https:\/\/vinylhome.lt\/?post_type=product&#038;p=4038"},"modified":"2023-11-11T14:06:55","modified_gmt":"2023-11-11T12:06:55","slug":"tangerine-dream-alpha-centauri-atem","status":"publish","type":"product","link":"https:\/\/vinilozona.lt\/en\/parduotuve\/naujos-lp\/tangerine-dream-alpha-centauri-atem\/","title":{"rendered":"Tangerine Dream \u2013 Out Of This World"},"content":{"rendered":"<p>A1\t\tPassing All Signs<br \/>\nA2\t\tRed Blood Connection<br \/>\nA3\t\tVision Of The Blue Birds<br \/>\nB1\t\tTrauma<br \/>\nB2\t\tFay Bewitching The Moon<br \/>\nC1\t\tGanymede&#8217;s Kiss<br \/>\nC2\t\tLa Vision<br \/>\nD1\t\tOracular World<br \/>\nD2\t\tThe Bleeding Angel<br \/>\nD3\t\tHuckabee&#8217;s Dream<\/p>","protected":false},"excerpt":{"rendered":"<p>Invisible Hands Music \u2013 IH65<br \/>\nFormat:<br \/>\n2 x Vinyl, LP, Compilation, Limited Edition, Numbered, Stereo, Tangerine<br \/>\nCountry:\tUK<br \/>\nReleased:\t2015<\/p>","protected":false},"featured_media":21807,"template":"","meta":[],"product_cat":[23],"product_tag":[74],"yoast_head":"<!-- This site is optimized with the Yoast SEO plugin v23.5 - https:\/\/yoast.com\/wordpress\/plugins\/seo\/ -->\n<title>Tangerine Dream \u2013 Out Of This World Vinilin\u0117 Plok\u0161tel\u0117 | Vinilozona.lt<\/title>\n<meta name=\"robots\" content=\"index, follow, max-snippet:-1, max-image-preview:large, max-video-preview:-1\" \/>\n<link rel=\"canonical\" href=\"https:\/\/vinilozona.lt\/en\/parduotuve\/naujos-lp\/tangerine-dream-alpha-centauri-atem\/\" \/>\n<meta property=\"og:locale\" content=\"en_GB\" \/>\n<meta property=\"og:type\" content=\"article\" \/>\n<meta property=\"og:title\" content=\"Tangerine Dream \u2013 Out Of This World Vinilin\u0117 Plok\u0161tel\u0117 | Vinilozona.lt\" \/>\n<meta property=\"og:description\" content=\"Invisible Hands Music \u2013 IH65 Format:  2 x Vinyl, LP, Compilation, Limited Edition, Numbered, Stereo, Tangerine Country: UK Released: 2015\" \/>\n<meta property=\"og:url\" content=\"https:\/\/vinilozona.lt\/en\/parduotuve\/naujos-lp\/tangerine-dream-alpha-centauri-atem\/\" \/>\n<meta property=\"og:site_name\" content=\"Vinilo Zona\" \/>\n<meta property=\"article:modified_time\" content=\"2023-11-11T12:06:55+00:00\" \/>\n<meta property=\"og:image\" content=\"https:\/\/vinilozona.lt\/wp-content\/uploads\/2020\/01\/R-7844554-1451394911-7849.jpg\" \/>\n\t<meta property=\"og:image:width\" content=\"600\" \/>\n\t<meta property=\"og:image:height\" content=\"600\" \/>\n\t<meta property=\"og:image:type\" content=\"image\/jpeg\" \/>\n<meta name=\"twitter:card\" content=\"summary_large_image\" \/>\n<script type=\"application\/ld+json\" class=\"yoast-schema-graph\">{\"@context\":\"https:\/\/schema.org\",\"@graph\":[{\"@type\":\"WebPage\",\"@id\":\"https:\/\/vinilozona.lt\/parduotuve\/naujos-lp\/tangerine-dream-alpha-centauri-atem\/\",\"url\":\"https:\/\/vinilozona.lt\/parduotuve\/naujos-lp\/tangerine-dream-alpha-centauri-atem\/\",\"name\":\"Tangerine Dream \u2013 Out Of This World Vinilin\u0117 Plok\u0161tel\u0117 | Vinilozona.lt\",\"isPartOf\":{\"@id\":\"https:\/\/vinilozona.lt\/#website\"},\"primaryImageOfPage\":{\"@id\":\"https:\/\/vinilozona.lt\/parduotuve\/naujos-lp\/tangerine-dream-alpha-centauri-atem\/#primaryimage\"},\"image\":{\"@id\":\"https:\/\/vinilozona.lt\/parduotuve\/naujos-lp\/tangerine-dream-alpha-centauri-atem\/#primaryimage\"},\"thumbnailUrl\":\"https:\/\/vinilozona.lt\/wp-content\/uploads\/2020\/01\/R-7844554-1451394911-7849.jpg\",\"datePublished\":\"2023-03-17T03:24:58+00:00\",\"dateModified\":\"2023-11-11T12:06:55+00:00\",\"breadcrumb\":{\"@id\":\"https:\/\/vinilozona.lt\/parduotuve\/naujos-lp\/tangerine-dream-alpha-centauri-atem\/#breadcrumb\"},\"inLanguage\":\"en-GB\",\"potentialAction\":[{\"@type\":\"ReadAction\",\"target\":[\"https:\/\/vinilozona.lt\/parduotuve\/naujos-lp\/tangerine-dream-alpha-centauri-atem\/\"]}]},{\"@type\":\"ImageObject\",\"inLanguage\":\"en-GB\",\"@id\":\"https:\/\/vinilozona.lt\/parduotuve\/naujos-lp\/tangerine-dream-alpha-centauri-atem\/#primaryimage\",\"url\":\"https:\/\/vinilozona.lt\/wp-content\/uploads\/2020\/01\/R-7844554-1451394911-7849.jpg\",\"contentUrl\":\"https:\/\/vinilozona.lt\/wp-content\/uploads\/2020\/01\/R-7844554-1451394911-7849.jpg\",\"width\":600,\"height\":600},{\"@type\":\"BreadcrumbList\",\"@id\":\"https:\/\/vinilozona.lt\/parduotuve\/naujos-lp\/tangerine-dream-alpha-centauri-atem\/#breadcrumb\",\"itemListElement\":[{\"@type\":\"ListItem\",\"position\":1,\"name\":\"Home\",\"item\":\"https:\/\/vinilozona.lt\/\"},{\"@type\":\"ListItem\",\"position\":2,\"name\":\"Parduotuv\u0117\",\"item\":\"https:\/\/vinilozona.lt\/parduotuve\/\"},{\"@type\":\"ListItem\",\"position\":3,\"name\":\"Tangerine Dream \u2013 Out Of This World\"}]},{\"@type\":\"WebSite\",\"@id\":\"https:\/\/vinilozona.lt\/#website\",\"url\":\"https:\/\/vinilozona.lt\/\",\"name\":\"Vinilo Zona\",\"description\":\"Nup\u016bsk dulkes ir klausyk LP\",\"potentialAction\":[{\"@type\":\"SearchAction\",\"target\":{\"@type\":\"EntryPoint\",\"urlTemplate\":\"https:\/\/vinilozona.lt\/?s={search_term_string}\"},\"query-input\":{\"@type\":\"PropertyValueSpecification\",\"valueRequired\":true,\"valueName\":\"search_term_string\"}}],\"inLanguage\":\"en-GB\"}]}<\/script>\n<!-- \/ Yoast SEO plugin. -->","yoast_head_json":{"title":"Tangerine Dream \u2013 Out Of This World Vinilin\u0117 Plok\u0161tel\u0117 | Vinilozona.lt","robots":{"index":"index","follow":"follow","max-snippet":"max-snippet:-1","max-image-preview":"max-image-preview:large","max-video-preview":"max-video-preview:-1"},"canonical":"https:\/\/vinilozona.lt\/en\/parduotuve\/naujos-lp\/tangerine-dream-alpha-centauri-atem\/","og_locale":"en_GB","og_type":"article","og_title":"Tangerine Dream \u2013 Out Of This World Vinilin\u0117 Plok\u0161tel\u0117 | Vinilozona.lt","og_description":"Invisible Hands Music \u2013 IH65 Format:  2 x Vinyl, LP, Compilation, Limited Edition, Numbered, Stereo, Tangerine Country: UK Released: 2015","og_url":"https:\/\/vinilozona.lt\/en\/parduotuve\/naujos-lp\/tangerine-dream-alpha-centauri-atem\/","og_site_name":"Vinilo Zona","article_modified_time":"2023-11-11T12:06:55+00:00","og_image":[{"width":600,"height":600,"url":"https:\/\/vinilozona.lt\/wp-content\/uploads\/2020\/01\/R-7844554-1451394911-7849.jpg","type":"image\/jpeg"}],"twitter_card":"summary_large_image","schema":{"@context":"https:\/\/schema.org","@graph":[{"@type":"WebPage","@id":"https:\/\/vinilozona.lt\/parduotuve\/naujos-lp\/tangerine-dream-alpha-centauri-atem\/","url":"https:\/\/vinilozona.lt\/parduotuve\/naujos-lp\/tangerine-dream-alpha-centauri-atem\/","name":"Tangerine Dream \u2013 Out Of This World Vinilin\u0117 Plok\u0161tel\u0117 | Vinilozona.lt","isPartOf":{"@id":"https:\/\/vinilozona.lt\/#website"},"primaryImageOfPage":{"@id":"https:\/\/vinilozona.lt\/parduotuve\/naujos-lp\/tangerine-dream-alpha-centauri-atem\/#primaryimage"},"image":{"@id":"https:\/\/vinilozona.lt\/parduotuve\/naujos-lp\/tangerine-dream-alpha-centauri-atem\/#primaryimage"},"thumbnailUrl":"https:\/\/vinilozona.lt\/wp-content\/uploads\/2020\/01\/R-7844554-1451394911-7849.jpg","datePublished":"2023-03-17T03:24:58+00:00","dateModified":"2023-11-11T12:06:55+00:00","breadcrumb":{"@id":"https:\/\/vinilozona.lt\/parduotuve\/naujos-lp\/tangerine-dream-alpha-centauri-atem\/#breadcrumb"},"inLanguage":"en-GB","potentialAction":[{"@type":"ReadAction","target":["https:\/\/vinilozona.lt\/parduotuve\/naujos-lp\/tangerine-dream-alpha-centauri-atem\/"]}]},{"@type":"ImageObject","inLanguage":"en-GB","@id":"https:\/\/vinilozona.lt\/parduotuve\/naujos-lp\/tangerine-dream-alpha-centauri-atem\/#primaryimage","url":"https:\/\/vinilozona.lt\/wp-content\/uploads\/2020\/01\/R-7844554-1451394911-7849.jpg","contentUrl":"https:\/\/vinilozona.lt\/wp-content\/uploads\/2020\/01\/R-7844554-1451394911-7849.jpg","width":600,"height":600},{"@type":"BreadcrumbList","@id":"https:\/\/vinilozona.lt\/parduotuve\/naujos-lp\/tangerine-dream-alpha-centauri-atem\/#breadcrumb","itemListElement":[{"@type":"ListItem","position":1,"name":"Home","item":"https:\/\/vinilozona.lt\/"},{"@type":"ListItem","position":2,"name":"Parduotuv\u0117","item":"https:\/\/vinilozona.lt\/parduotuve\/"},{"@type":"ListItem","position":3,"name":"Tangerine Dream \u2013 Out Of This World"}]},{"@type":"WebSite","@id":"https:\/\/vinilozona.lt\/#website","url":"https:\/\/vinilozona.lt\/","name":"Vinilo Zona","description":"Nup\u016bsk dulkes ir klausyk LP","potentialAction":[{"@type":"SearchAction","target":{"@type":"EntryPoint","urlTemplate":"https:\/\/vinilozona.lt\/?s={search_term_string}"},"query-input":{"@type":"PropertyValueSpecification","valueRequired":true,"valueName":"search_term_string"}}],"inLanguage":"en-GB"}]}},"_links":{"self":[{"href":"https:\/\/vinilozona.lt\/en\/wp-json\/wp\/v2\/product\/4038"}],"collection":[{"href":"https:\/\/vinilozona.lt\/en\/wp-json\/wp\/v2\/product"}],"about":[{"href":"https:\/\/vinilozona.lt\/en\/wp-json\/wp\/v2\/types\/product"}],"wp:featuredmedia":[{"embeddable":true,"href":"https:\/\/vinilozona.lt\/en\/wp-json\/wp\/v2\/media\/21807"}],"wp:attachment":[{"href":"https:\/\/vinilozona.lt\/en\/wp-json\/wp\/v2\/media?parent=4038"}],"wp:term":[{"taxonomy":"product_cat","embeddable":true,"href":"https:\/\/vinilozona.lt\/en\/wp-json\/wp\/v2\/product_cat?post=4038"},{"taxonomy":"product_tag","embeddable":true,"href":"https:\/\/vinilozona.lt\/en\/wp-json\/wp\/v2\/product_tag?post=4038"}],"curies":[{"name":"wp","href":"https:\/\/api.w.org\/{rel}","templated":true}]}}