{"id":3982,"date":"2023-08-22T05:09:31","date_gmt":"2023-08-22T02:09:31","guid":{"rendered":"https:\/\/vinylhome.lt\/?post_type=product&#038;p=3982"},"modified":"2023-11-28T15:20:30","modified_gmt":"2023-11-28T13:20:30","slug":"ten-years-after-alvin-lee-company","status":"publish","type":"product","link":"https:\/\/vinilozona.lt\/en\/parduotuve\/rock-pop\/ten-years-after-alvin-lee-company\/","title":{"rendered":"Ten Years After \u2013 The Collection"},"content":{"rendered":"<p>A1\t\tHear Me Calling<br \/>\nA2\t\tNo Title<br \/>\nA3\t\tSpoonful<br \/>\nA4\t\tI Can&#8217;t Keep From Crying Sometimes<br \/>\nA5\t\tStanding At The Crossroads<br \/>\nA6\t\tPortable People<br \/>\nB1\t\tRock Your Mama<br \/>\nB2\t\tLove Like A Man (Long Version)<br \/>\nB3\t\tI Want To Know<br \/>\nB4\t\tSpeed Kills<br \/>\nB5\t\tBoogie On<br \/>\nC1\t\tI May Be Wrong But I Won&#8217;t Be Wrong Always<br \/>\nC2\t\tAt The Woodchopper&#8217;s Ball<br \/>\nD1\t\tSpider In My Web<br \/>\nD2\t\tSummertime<br \/>\nD3\t\tShantung Cabbage<br \/>\nD4\t\tI&#8217;m Going Home<\/p>","protected":false},"excerpt":{"rendered":"<p>Castle Communications \u2013 CCSLP 115<br \/>\nSeries:\tThe Collector Series<br \/>\nFormat:<br \/>\n2 x Vinyl, LP, Compilation, Gatefold<br \/>\nCountry:\tUK<\/p>","protected":false},"featured_media":22788,"template":"","meta":[],"product_cat":[15],"product_tag":[44],"yoast_head":"<!-- This site is optimized with the Yoast SEO plugin v23.5 - https:\/\/yoast.com\/wordpress\/plugins\/seo\/ -->\n<title>Ten Years After \u2013 The Collection Vinilin\u0117 Plok\u0161tel\u0117 | Vinilozona.lt<\/title>\n<meta name=\"robots\" content=\"index, follow, max-snippet:-1, max-image-preview:large, max-video-preview:-1\" \/>\n<link rel=\"canonical\" href=\"https:\/\/vinilozona.lt\/en\/parduotuve\/rock-pop\/ten-years-after-alvin-lee-company\/\" \/>\n<meta property=\"og:locale\" content=\"en_GB\" \/>\n<meta property=\"og:type\" content=\"article\" \/>\n<meta property=\"og:title\" content=\"Ten Years After \u2013 The Collection Vinilin\u0117 Plok\u0161tel\u0117 | Vinilozona.lt\" \/>\n<meta property=\"og:description\" content=\"Castle Communications \u2013 CCSLP 115 Series: The Collector Series Format:  2 x Vinyl, LP, Compilation, Gatefold Country: UK\" \/>\n<meta property=\"og:url\" content=\"https:\/\/vinilozona.lt\/en\/parduotuve\/rock-pop\/ten-years-after-alvin-lee-company\/\" \/>\n<meta property=\"og:site_name\" content=\"Vinilo Zona\" \/>\n<meta property=\"article:modified_time\" content=\"2023-11-28T13:20:30+00:00\" \/>\n<meta property=\"og:image\" content=\"https:\/\/vinilozona.lt\/wp-content\/uploads\/2020\/01\/R-1942925-1348353214-1066.jpg\" \/>\n\t<meta property=\"og:image:width\" content=\"450\" \/>\n\t<meta property=\"og:image:height\" content=\"472\" \/>\n\t<meta property=\"og:image:type\" content=\"image\/jpeg\" \/>\n<meta name=\"twitter:card\" content=\"summary_large_image\" \/>\n<script type=\"application\/ld+json\" class=\"yoast-schema-graph\">{\"@context\":\"https:\/\/schema.org\",\"@graph\":[{\"@type\":\"WebPage\",\"@id\":\"https:\/\/vinilozona.lt\/parduotuve\/rock-pop\/ten-years-after-alvin-lee-company\/\",\"url\":\"https:\/\/vinilozona.lt\/parduotuve\/rock-pop\/ten-years-after-alvin-lee-company\/\",\"name\":\"Ten Years After \u2013 The Collection Vinilin\u0117 Plok\u0161tel\u0117 | Vinilozona.lt\",\"isPartOf\":{\"@id\":\"https:\/\/vinilozona.lt\/#website\"},\"primaryImageOfPage\":{\"@id\":\"https:\/\/vinilozona.lt\/parduotuve\/rock-pop\/ten-years-after-alvin-lee-company\/#primaryimage\"},\"image\":{\"@id\":\"https:\/\/vinilozona.lt\/parduotuve\/rock-pop\/ten-years-after-alvin-lee-company\/#primaryimage\"},\"thumbnailUrl\":\"https:\/\/vinilozona.lt\/wp-content\/uploads\/2020\/01\/R-1942925-1348353214-1066.jpg\",\"datePublished\":\"2023-08-22T02:09:31+00:00\",\"dateModified\":\"2023-11-28T13:20:30+00:00\",\"breadcrumb\":{\"@id\":\"https:\/\/vinilozona.lt\/parduotuve\/rock-pop\/ten-years-after-alvin-lee-company\/#breadcrumb\"},\"inLanguage\":\"en-GB\",\"potentialAction\":[{\"@type\":\"ReadAction\",\"target\":[\"https:\/\/vinilozona.lt\/parduotuve\/rock-pop\/ten-years-after-alvin-lee-company\/\"]}]},{\"@type\":\"ImageObject\",\"inLanguage\":\"en-GB\",\"@id\":\"https:\/\/vinilozona.lt\/parduotuve\/rock-pop\/ten-years-after-alvin-lee-company\/#primaryimage\",\"url\":\"https:\/\/vinilozona.lt\/wp-content\/uploads\/2020\/01\/R-1942925-1348353214-1066.jpg\",\"contentUrl\":\"https:\/\/vinilozona.lt\/wp-content\/uploads\/2020\/01\/R-1942925-1348353214-1066.jpg\",\"width\":450,\"height\":472},{\"@type\":\"BreadcrumbList\",\"@id\":\"https:\/\/vinilozona.lt\/parduotuve\/rock-pop\/ten-years-after-alvin-lee-company\/#breadcrumb\",\"itemListElement\":[{\"@type\":\"ListItem\",\"position\":1,\"name\":\"Home\",\"item\":\"https:\/\/vinilozona.lt\/\"},{\"@type\":\"ListItem\",\"position\":2,\"name\":\"Parduotuv\u0117\",\"item\":\"https:\/\/vinilozona.lt\/parduotuve\/\"},{\"@type\":\"ListItem\",\"position\":3,\"name\":\"Ten Years After \u2013 The Collection\"}]},{\"@type\":\"WebSite\",\"@id\":\"https:\/\/vinilozona.lt\/#website\",\"url\":\"https:\/\/vinilozona.lt\/\",\"name\":\"Vinilo Zona\",\"description\":\"Nup\u016bsk dulkes ir klausyk LP\",\"potentialAction\":[{\"@type\":\"SearchAction\",\"target\":{\"@type\":\"EntryPoint\",\"urlTemplate\":\"https:\/\/vinilozona.lt\/?s={search_term_string}\"},\"query-input\":{\"@type\":\"PropertyValueSpecification\",\"valueRequired\":true,\"valueName\":\"search_term_string\"}}],\"inLanguage\":\"en-GB\"}]}<\/script>\n<!-- \/ Yoast SEO plugin. -->","yoast_head_json":{"title":"Ten Years After \u2013 The Collection Vinilin\u0117 Plok\u0161tel\u0117 | Vinilozona.lt","robots":{"index":"index","follow":"follow","max-snippet":"max-snippet:-1","max-image-preview":"max-image-preview:large","max-video-preview":"max-video-preview:-1"},"canonical":"https:\/\/vinilozona.lt\/en\/parduotuve\/rock-pop\/ten-years-after-alvin-lee-company\/","og_locale":"en_GB","og_type":"article","og_title":"Ten Years After \u2013 The Collection Vinilin\u0117 Plok\u0161tel\u0117 | Vinilozona.lt","og_description":"Castle Communications \u2013 CCSLP 115 Series: The Collector Series Format:  2 x Vinyl, LP, Compilation, Gatefold Country: UK","og_url":"https:\/\/vinilozona.lt\/en\/parduotuve\/rock-pop\/ten-years-after-alvin-lee-company\/","og_site_name":"Vinilo Zona","article_modified_time":"2023-11-28T13:20:30+00:00","og_image":[{"width":450,"height":472,"url":"https:\/\/vinilozona.lt\/wp-content\/uploads\/2020\/01\/R-1942925-1348353214-1066.jpg","type":"image\/jpeg"}],"twitter_card":"summary_large_image","schema":{"@context":"https:\/\/schema.org","@graph":[{"@type":"WebPage","@id":"https:\/\/vinilozona.lt\/parduotuve\/rock-pop\/ten-years-after-alvin-lee-company\/","url":"https:\/\/vinilozona.lt\/parduotuve\/rock-pop\/ten-years-after-alvin-lee-company\/","name":"Ten Years After \u2013 The Collection Vinilin\u0117 Plok\u0161tel\u0117 | Vinilozona.lt","isPartOf":{"@id":"https:\/\/vinilozona.lt\/#website"},"primaryImageOfPage":{"@id":"https:\/\/vinilozona.lt\/parduotuve\/rock-pop\/ten-years-after-alvin-lee-company\/#primaryimage"},"image":{"@id":"https:\/\/vinilozona.lt\/parduotuve\/rock-pop\/ten-years-after-alvin-lee-company\/#primaryimage"},"thumbnailUrl":"https:\/\/vinilozona.lt\/wp-content\/uploads\/2020\/01\/R-1942925-1348353214-1066.jpg","datePublished":"2023-08-22T02:09:31+00:00","dateModified":"2023-11-28T13:20:30+00:00","breadcrumb":{"@id":"https:\/\/vinilozona.lt\/parduotuve\/rock-pop\/ten-years-after-alvin-lee-company\/#breadcrumb"},"inLanguage":"en-GB","potentialAction":[{"@type":"ReadAction","target":["https:\/\/vinilozona.lt\/parduotuve\/rock-pop\/ten-years-after-alvin-lee-company\/"]}]},{"@type":"ImageObject","inLanguage":"en-GB","@id":"https:\/\/vinilozona.lt\/parduotuve\/rock-pop\/ten-years-after-alvin-lee-company\/#primaryimage","url":"https:\/\/vinilozona.lt\/wp-content\/uploads\/2020\/01\/R-1942925-1348353214-1066.jpg","contentUrl":"https:\/\/vinilozona.lt\/wp-content\/uploads\/2020\/01\/R-1942925-1348353214-1066.jpg","width":450,"height":472},{"@type":"BreadcrumbList","@id":"https:\/\/vinilozona.lt\/parduotuve\/rock-pop\/ten-years-after-alvin-lee-company\/#breadcrumb","itemListElement":[{"@type":"ListItem","position":1,"name":"Home","item":"https:\/\/vinilozona.lt\/"},{"@type":"ListItem","position":2,"name":"Parduotuv\u0117","item":"https:\/\/vinilozona.lt\/parduotuve\/"},{"@type":"ListItem","position":3,"name":"Ten Years After \u2013 The Collection"}]},{"@type":"WebSite","@id":"https:\/\/vinilozona.lt\/#website","url":"https:\/\/vinilozona.lt\/","name":"Vinilo Zona","description":"Nup\u016bsk dulkes ir klausyk LP","potentialAction":[{"@type":"SearchAction","target":{"@type":"EntryPoint","urlTemplate":"https:\/\/vinilozona.lt\/?s={search_term_string}"},"query-input":{"@type":"PropertyValueSpecification","valueRequired":true,"valueName":"search_term_string"}}],"inLanguage":"en-GB"}]}},"_links":{"self":[{"href":"https:\/\/vinilozona.lt\/en\/wp-json\/wp\/v2\/product\/3982"}],"collection":[{"href":"https:\/\/vinilozona.lt\/en\/wp-json\/wp\/v2\/product"}],"about":[{"href":"https:\/\/vinilozona.lt\/en\/wp-json\/wp\/v2\/types\/product"}],"wp:featuredmedia":[{"embeddable":true,"href":"https:\/\/vinilozona.lt\/en\/wp-json\/wp\/v2\/media\/22788"}],"wp:attachment":[{"href":"https:\/\/vinilozona.lt\/en\/wp-json\/wp\/v2\/media?parent=3982"}],"wp:term":[{"taxonomy":"product_cat","embeddable":true,"href":"https:\/\/vinilozona.lt\/en\/wp-json\/wp\/v2\/product_cat?post=3982"},{"taxonomy":"product_tag","embeddable":true,"href":"https:\/\/vinilozona.lt\/en\/wp-json\/wp\/v2\/product_tag?post=3982"}],"curies":[{"name":"wp","href":"https:\/\/api.w.org\/{rel}","templated":true}]}}