{"id":3966,"date":"2025-01-20T05:14:05","date_gmt":"2025-01-20T03:14:05","guid":{"rendered":"https:\/\/vinylhome.lt\/?post_type=product&#038;p=3966"},"modified":"2025-01-19T09:14:07","modified_gmt":"2025-01-19T07:14:07","slug":"beach-boys-%e2%80%8e-the-beach-boys-in-concert","status":"publish","type":"product","link":"https:\/\/vinilozona.lt\/en\/parduotuve\/rock-pop\/beach-boys-%e2%80%8e-the-beach-boys-in-concert\/","title":{"rendered":"Beach Boys \u2013 All Time Greatest Hits  2 LP"},"content":{"rendered":"<p>A1\t\tSurfin&#8217; Safari\t2:05<br \/>\nA2\t\t409\t1:58<br \/>\nA3\t\tSurfin&#8217; U.S.A.\t2:20<br \/>\nA4\t\tShut Down\t1:59<br \/>\nA5\t\tLittle Deuce Coupe\t1:50<br \/>\nA6\t\tSurfer Girl\t2:24<br \/>\nA7\t\tFun, Fun, Fun\t2:16<br \/>\nA8\t\tIn My Room\t2:11<br \/>\nB1\t\tI Get Around\t2:10<br \/>\nB2\t\tWendy\t2:20<br \/>\nB3\t\tLittle Honda\t1:50<br \/>\nB4\t\tDance, Dance, Dance\t2:05<br \/>\nB5\t\tDo You Wanna Dance\t2:17<br \/>\nB6\t\tHelp Me Rhonda\t3:07<br \/>\nB7\t\tCalifornia Girls\t2:37<br \/>\nC1\t\tThen I Kissed Her\t2:15<br \/>\nC2\t\tBarbara Ann\t2:53<br \/>\nC3\t\tSloop John B.\t2:57<br \/>\nC4\t\tYou&#8217;re So Good To Me\t2:14<br \/>\nC5\t\tGood Vibrations\t3:55<br \/>\nC6\t\tGod Only Knows\t2:46<br \/>\nC7\t\tWouldn&#8217;t It Be Nice\t2:22<br \/>\nC8\t\tHeroes And Villains\t3:36<br \/>\nD1\t\tWild Honey\t2:36<br \/>\nD2\t\tDarlin&#8217;\t2:11<br \/>\nD3\t\tDo It Again\t2:24<br \/>\nD4\t\tBluebirds Over The Mountain\t2:53<br \/>\nD5\t\tI Can Hear Music\t2:38<br \/>\nD6\t\tBreak Away\t2:54<br \/>\nD7\t\tCotton Fields\t2:18<\/p>","protected":false},"excerpt":{"rendered":"<p>Capitol Records \u2013 134 EVC 81 675\/76, Crystal (5) \u2013 134 EVC 81 675\/76<br \/>\nFormat:<br \/>\n2 x Vinyl, LP, Compilation<br \/>\nCountry:<br \/>\nGermany<\/p>","protected":false},"featured_media":27246,"template":"","meta":[],"product_cat":[15],"product_tag":[44],"yoast_head":"<!-- This site is optimized with the Yoast SEO plugin v23.5 - https:\/\/yoast.com\/wordpress\/plugins\/seo\/ -->\n<title>Beach Boys \u2013 All Time Greatest Hits 2 LP Vinilin\u0117 Plok\u0161tel\u0117 | Vinilozona.lt<\/title>\n<meta name=\"robots\" content=\"index, follow, max-snippet:-1, max-image-preview:large, max-video-preview:-1\" \/>\n<link rel=\"canonical\" href=\"https:\/\/vinilozona.lt\/en\/parduotuve\/rock-pop\/beach-boys-\u200e-the-beach-boys-in-concert\/\" \/>\n<meta property=\"og:locale\" content=\"en_GB\" \/>\n<meta property=\"og:type\" content=\"article\" \/>\n<meta property=\"og:title\" content=\"Beach Boys \u2013 All Time Greatest Hits 2 LP Vinilin\u0117 Plok\u0161tel\u0117 | Vinilozona.lt\" \/>\n<meta property=\"og:description\" content=\"Capitol Records \u2013 134 EVC 81 675\/76, Crystal (5) \u2013 134 EVC 81 675\/76 Format: 2 x Vinyl, LP, Compilation Country: Germany\" \/>\n<meta property=\"og:url\" content=\"https:\/\/vinilozona.lt\/en\/parduotuve\/rock-pop\/beach-boys-\u200e-the-beach-boys-in-concert\/\" \/>\n<meta property=\"og:site_name\" content=\"Vinilo Zona\" \/>\n<meta property=\"article:modified_time\" content=\"2025-01-19T07:14:07+00:00\" \/>\n<meta property=\"og:image\" content=\"https:\/\/vinilozona.lt\/wp-content\/uploads\/2025\/01\/R-523415-1308652183.jpg\" \/>\n\t<meta property=\"og:image:width\" content=\"600\" \/>\n\t<meta property=\"og:image:height\" content=\"595\" \/>\n\t<meta property=\"og:image:type\" content=\"image\/jpeg\" \/>\n<meta name=\"twitter:card\" content=\"summary_large_image\" \/>\n<meta name=\"twitter:label1\" content=\"Estimated reading time\" \/>\n\t<meta name=\"twitter:data1\" content=\"1 minute\" \/>\n<script type=\"application\/ld+json\" class=\"yoast-schema-graph\">{\"@context\":\"https:\/\/schema.org\",\"@graph\":[{\"@type\":\"WebPage\",\"@id\":\"https:\/\/vinilozona.lt\/parduotuve\/rock-pop\/beach-boys-%e2%80%8e-the-beach-boys-in-concert\/\",\"url\":\"https:\/\/vinilozona.lt\/parduotuve\/rock-pop\/beach-boys-%e2%80%8e-the-beach-boys-in-concert\/\",\"name\":\"Beach Boys \u2013 All Time Greatest Hits 2 LP Vinilin\u0117 Plok\u0161tel\u0117 | Vinilozona.lt\",\"isPartOf\":{\"@id\":\"https:\/\/vinilozona.lt\/#website\"},\"primaryImageOfPage\":{\"@id\":\"https:\/\/vinilozona.lt\/parduotuve\/rock-pop\/beach-boys-%e2%80%8e-the-beach-boys-in-concert\/#primaryimage\"},\"image\":{\"@id\":\"https:\/\/vinilozona.lt\/parduotuve\/rock-pop\/beach-boys-%e2%80%8e-the-beach-boys-in-concert\/#primaryimage\"},\"thumbnailUrl\":\"https:\/\/vinilozona.lt\/wp-content\/uploads\/2025\/01\/R-523415-1308652183.jpg\",\"datePublished\":\"2025-01-20T03:14:05+00:00\",\"dateModified\":\"2025-01-19T07:14:07+00:00\",\"breadcrumb\":{\"@id\":\"https:\/\/vinilozona.lt\/parduotuve\/rock-pop\/beach-boys-%e2%80%8e-the-beach-boys-in-concert\/#breadcrumb\"},\"inLanguage\":\"en-GB\",\"potentialAction\":[{\"@type\":\"ReadAction\",\"target\":[\"https:\/\/vinilozona.lt\/parduotuve\/rock-pop\/beach-boys-%e2%80%8e-the-beach-boys-in-concert\/\"]}]},{\"@type\":\"ImageObject\",\"inLanguage\":\"en-GB\",\"@id\":\"https:\/\/vinilozona.lt\/parduotuve\/rock-pop\/beach-boys-%e2%80%8e-the-beach-boys-in-concert\/#primaryimage\",\"url\":\"https:\/\/vinilozona.lt\/wp-content\/uploads\/2025\/01\/R-523415-1308652183.jpg\",\"contentUrl\":\"https:\/\/vinilozona.lt\/wp-content\/uploads\/2025\/01\/R-523415-1308652183.jpg\",\"width\":600,\"height\":595},{\"@type\":\"BreadcrumbList\",\"@id\":\"https:\/\/vinilozona.lt\/parduotuve\/rock-pop\/beach-boys-%e2%80%8e-the-beach-boys-in-concert\/#breadcrumb\",\"itemListElement\":[{\"@type\":\"ListItem\",\"position\":1,\"name\":\"Home\",\"item\":\"https:\/\/vinilozona.lt\/\"},{\"@type\":\"ListItem\",\"position\":2,\"name\":\"Parduotuv\u0117\",\"item\":\"https:\/\/vinilozona.lt\/parduotuve\/\"},{\"@type\":\"ListItem\",\"position\":3,\"name\":\"Beach Boys \u2013 All Time Greatest Hits 2 LP\"}]},{\"@type\":\"WebSite\",\"@id\":\"https:\/\/vinilozona.lt\/#website\",\"url\":\"https:\/\/vinilozona.lt\/\",\"name\":\"Vinilo Zona\",\"description\":\"Nup\u016bsk dulkes ir klausyk LP\",\"potentialAction\":[{\"@type\":\"SearchAction\",\"target\":{\"@type\":\"EntryPoint\",\"urlTemplate\":\"https:\/\/vinilozona.lt\/?s={search_term_string}\"},\"query-input\":{\"@type\":\"PropertyValueSpecification\",\"valueRequired\":true,\"valueName\":\"search_term_string\"}}],\"inLanguage\":\"en-GB\"}]}<\/script>\n<!-- \/ Yoast SEO plugin. -->","yoast_head_json":{"title":"Beach Boys \u2013 All Time Greatest Hits 2 LP Vinilin\u0117 Plok\u0161tel\u0117 | Vinilozona.lt","robots":{"index":"index","follow":"follow","max-snippet":"max-snippet:-1","max-image-preview":"max-image-preview:large","max-video-preview":"max-video-preview:-1"},"canonical":"https:\/\/vinilozona.lt\/en\/parduotuve\/rock-pop\/beach-boys-\u200e-the-beach-boys-in-concert\/","og_locale":"en_GB","og_type":"article","og_title":"Beach Boys \u2013 All Time Greatest Hits 2 LP Vinilin\u0117 Plok\u0161tel\u0117 | Vinilozona.lt","og_description":"Capitol Records \u2013 134 EVC 81 675\/76, Crystal (5) \u2013 134 EVC 81 675\/76 Format: 2 x Vinyl, LP, Compilation Country: Germany","og_url":"https:\/\/vinilozona.lt\/en\/parduotuve\/rock-pop\/beach-boys-\u200e-the-beach-boys-in-concert\/","og_site_name":"Vinilo Zona","article_modified_time":"2025-01-19T07:14:07+00:00","og_image":[{"width":600,"height":595,"url":"https:\/\/vinilozona.lt\/wp-content\/uploads\/2025\/01\/R-523415-1308652183.jpg","type":"image\/jpeg"}],"twitter_card":"summary_large_image","twitter_misc":{"Estimated reading time":"1 minute"},"schema":{"@context":"https:\/\/schema.org","@graph":[{"@type":"WebPage","@id":"https:\/\/vinilozona.lt\/parduotuve\/rock-pop\/beach-boys-%e2%80%8e-the-beach-boys-in-concert\/","url":"https:\/\/vinilozona.lt\/parduotuve\/rock-pop\/beach-boys-%e2%80%8e-the-beach-boys-in-concert\/","name":"Beach Boys \u2013 All Time Greatest Hits 2 LP Vinilin\u0117 Plok\u0161tel\u0117 | Vinilozona.lt","isPartOf":{"@id":"https:\/\/vinilozona.lt\/#website"},"primaryImageOfPage":{"@id":"https:\/\/vinilozona.lt\/parduotuve\/rock-pop\/beach-boys-%e2%80%8e-the-beach-boys-in-concert\/#primaryimage"},"image":{"@id":"https:\/\/vinilozona.lt\/parduotuve\/rock-pop\/beach-boys-%e2%80%8e-the-beach-boys-in-concert\/#primaryimage"},"thumbnailUrl":"https:\/\/vinilozona.lt\/wp-content\/uploads\/2025\/01\/R-523415-1308652183.jpg","datePublished":"2025-01-20T03:14:05+00:00","dateModified":"2025-01-19T07:14:07+00:00","breadcrumb":{"@id":"https:\/\/vinilozona.lt\/parduotuve\/rock-pop\/beach-boys-%e2%80%8e-the-beach-boys-in-concert\/#breadcrumb"},"inLanguage":"en-GB","potentialAction":[{"@type":"ReadAction","target":["https:\/\/vinilozona.lt\/parduotuve\/rock-pop\/beach-boys-%e2%80%8e-the-beach-boys-in-concert\/"]}]},{"@type":"ImageObject","inLanguage":"en-GB","@id":"https:\/\/vinilozona.lt\/parduotuve\/rock-pop\/beach-boys-%e2%80%8e-the-beach-boys-in-concert\/#primaryimage","url":"https:\/\/vinilozona.lt\/wp-content\/uploads\/2025\/01\/R-523415-1308652183.jpg","contentUrl":"https:\/\/vinilozona.lt\/wp-content\/uploads\/2025\/01\/R-523415-1308652183.jpg","width":600,"height":595},{"@type":"BreadcrumbList","@id":"https:\/\/vinilozona.lt\/parduotuve\/rock-pop\/beach-boys-%e2%80%8e-the-beach-boys-in-concert\/#breadcrumb","itemListElement":[{"@type":"ListItem","position":1,"name":"Home","item":"https:\/\/vinilozona.lt\/"},{"@type":"ListItem","position":2,"name":"Parduotuv\u0117","item":"https:\/\/vinilozona.lt\/parduotuve\/"},{"@type":"ListItem","position":3,"name":"Beach Boys \u2013 All Time Greatest Hits 2 LP"}]},{"@type":"WebSite","@id":"https:\/\/vinilozona.lt\/#website","url":"https:\/\/vinilozona.lt\/","name":"Vinilo Zona","description":"Nup\u016bsk dulkes ir klausyk LP","potentialAction":[{"@type":"SearchAction","target":{"@type":"EntryPoint","urlTemplate":"https:\/\/vinilozona.lt\/?s={search_term_string}"},"query-input":{"@type":"PropertyValueSpecification","valueRequired":true,"valueName":"search_term_string"}}],"inLanguage":"en-GB"}]}},"_links":{"self":[{"href":"https:\/\/vinilozona.lt\/en\/wp-json\/wp\/v2\/product\/3966"}],"collection":[{"href":"https:\/\/vinilozona.lt\/en\/wp-json\/wp\/v2\/product"}],"about":[{"href":"https:\/\/vinilozona.lt\/en\/wp-json\/wp\/v2\/types\/product"}],"wp:featuredmedia":[{"embeddable":true,"href":"https:\/\/vinilozona.lt\/en\/wp-json\/wp\/v2\/media\/27246"}],"wp:attachment":[{"href":"https:\/\/vinilozona.lt\/en\/wp-json\/wp\/v2\/media?parent=3966"}],"wp:term":[{"taxonomy":"product_cat","embeddable":true,"href":"https:\/\/vinilozona.lt\/en\/wp-json\/wp\/v2\/product_cat?post=3966"},{"taxonomy":"product_tag","embeddable":true,"href":"https:\/\/vinilozona.lt\/en\/wp-json\/wp\/v2\/product_tag?post=3966"}],"curies":[{"name":"wp","href":"https:\/\/api.w.org\/{rel}","templated":true}]}}