{"id":3882,"date":"2025-05-02T05:11:50","date_gmt":"2025-05-02T02:11:50","guid":{"rendered":"https:\/\/vinylhome.lt\/?post_type=product&#038;p=3882"},"modified":"2025-04-28T07:28:03","modified_gmt":"2025-04-28T04:28:03","slug":"doobie-brothers-%e2%80%8e-what-were-once-vices-are-now-habits","status":"publish","type":"product","link":"https:\/\/vinilozona.lt\/en\/parduotuve\/rock-pop\/doobie-brothers-%e2%80%8e-what-were-once-vices-are-now-habits\/","title":{"rendered":"Doobie Brothers \u200e\u2013 What Were Once Vices Are Now Habits"},"content":{"rendered":"<p>A1\t\tSong To See You Through\t4:06<br \/>\nA2\t\tSpirit\t3:15<br \/>\nA3\t\tPursuit On 53rd. St.\t2:33<br \/>\nA4\t\tBlack Water\t4:17<br \/>\nA5\t\tEyes Of Silver\t2:57<br \/>\nA6\t\tRoad Angel\t4:49<br \/>\nB1\t\tYou Just Can&#8217;t Stop It\t3:28<br \/>\nB2\t\tTell Me What You Want (And I&#8217;ll Give You What You Need)\t3:53<br \/>\nB3\t\tDown In The Track\t4:15<br \/>\nB4\t\tAnother Park, Another Sunday\t4:27<br \/>\nB5\t\tDaughters Of The Sea\t4:29<br \/>\nB6\t\tFlying Cloud\t2:00<\/p>","protected":false},"excerpt":{"rendered":"<p>Warner Bros. Records \u2013 WB 56026 (W2750)<br \/>\nFormat:<br \/>\nVinyl, LP, Album<br \/>\nCountry:<br \/>\nGermany<br \/>\nReleased:<br \/>\n1974<\/p>","protected":false},"featured_media":3891,"template":"","meta":[],"product_cat":[15],"product_tag":[44],"yoast_head":"<!-- This site is optimized with the Yoast SEO plugin v23.5 - https:\/\/yoast.com\/wordpress\/plugins\/seo\/ -->\n<title>Doobie Brothers \u200e\u2013 What Were Once Vices Are Now Habits Vinilin\u0117 Plok\u0161tel\u0117 | Vinilozona.lt<\/title>\n<meta name=\"robots\" content=\"index, follow, max-snippet:-1, max-image-preview:large, max-video-preview:-1\" \/>\n<link rel=\"canonical\" href=\"https:\/\/vinilozona.lt\/en\/parduotuve\/rock-pop\/doobie-brothers-\u200e-what-were-once-vices-are-now-habits\/\" \/>\n<meta property=\"og:locale\" content=\"en_GB\" \/>\n<meta property=\"og:type\" content=\"article\" \/>\n<meta property=\"og:title\" content=\"Doobie Brothers \u200e\u2013 What Were Once Vices Are Now Habits Vinilin\u0117 Plok\u0161tel\u0117 | Vinilozona.lt\" \/>\n<meta property=\"og:description\" content=\"Warner Bros. Records \u2013 WB 56026 (W2750) Format: Vinyl, LP, Album Country: Germany Released: 1974\" \/>\n<meta property=\"og:url\" content=\"https:\/\/vinilozona.lt\/en\/parduotuve\/rock-pop\/doobie-brothers-\u200e-what-were-once-vices-are-now-habits\/\" \/>\n<meta property=\"og:site_name\" content=\"Vinilo Zona\" \/>\n<meta property=\"article:modified_time\" content=\"2025-04-28T04:28:03+00:00\" \/>\n<meta property=\"og:image\" content=\"https:\/\/vinilozona.lt\/wp-content\/uploads\/2020\/01\/the-doobie-brothers-what-were-once-vices-are-now-habits-1-1.jpg\" \/>\n\t<meta property=\"og:image:width\" content=\"800\" \/>\n\t<meta property=\"og:image:height\" content=\"600\" \/>\n\t<meta property=\"og:image:type\" content=\"image\/jpeg\" \/>\n<meta name=\"twitter:card\" content=\"summary_large_image\" \/>\n<meta name=\"twitter:label1\" content=\"Estimated reading time\" \/>\n\t<meta name=\"twitter:data1\" content=\"1 minute\" \/>\n<script type=\"application\/ld+json\" class=\"yoast-schema-graph\">{\"@context\":\"https:\/\/schema.org\",\"@graph\":[{\"@type\":\"WebPage\",\"@id\":\"https:\/\/vinilozona.lt\/parduotuve\/rock-pop\/doobie-brothers-%e2%80%8e-what-were-once-vices-are-now-habits\/\",\"url\":\"https:\/\/vinilozona.lt\/parduotuve\/rock-pop\/doobie-brothers-%e2%80%8e-what-were-once-vices-are-now-habits\/\",\"name\":\"Doobie Brothers \u200e\u2013 What Were Once Vices Are Now Habits Vinilin\u0117 Plok\u0161tel\u0117 | Vinilozona.lt\",\"isPartOf\":{\"@id\":\"https:\/\/vinilozona.lt\/#website\"},\"primaryImageOfPage\":{\"@id\":\"https:\/\/vinilozona.lt\/parduotuve\/rock-pop\/doobie-brothers-%e2%80%8e-what-were-once-vices-are-now-habits\/#primaryimage\"},\"image\":{\"@id\":\"https:\/\/vinilozona.lt\/parduotuve\/rock-pop\/doobie-brothers-%e2%80%8e-what-were-once-vices-are-now-habits\/#primaryimage\"},\"thumbnailUrl\":\"https:\/\/vinilozona.lt\/wp-content\/uploads\/2020\/01\/the-doobie-brothers-what-were-once-vices-are-now-habits-1-1.jpg\",\"datePublished\":\"2025-05-02T02:11:50+00:00\",\"dateModified\":\"2025-04-28T04:28:03+00:00\",\"breadcrumb\":{\"@id\":\"https:\/\/vinilozona.lt\/parduotuve\/rock-pop\/doobie-brothers-%e2%80%8e-what-were-once-vices-are-now-habits\/#breadcrumb\"},\"inLanguage\":\"en-GB\",\"potentialAction\":[{\"@type\":\"ReadAction\",\"target\":[\"https:\/\/vinilozona.lt\/parduotuve\/rock-pop\/doobie-brothers-%e2%80%8e-what-were-once-vices-are-now-habits\/\"]}]},{\"@type\":\"ImageObject\",\"inLanguage\":\"en-GB\",\"@id\":\"https:\/\/vinilozona.lt\/parduotuve\/rock-pop\/doobie-brothers-%e2%80%8e-what-were-once-vices-are-now-habits\/#primaryimage\",\"url\":\"https:\/\/vinilozona.lt\/wp-content\/uploads\/2020\/01\/the-doobie-brothers-what-were-once-vices-are-now-habits-1-1.jpg\",\"contentUrl\":\"https:\/\/vinilozona.lt\/wp-content\/uploads\/2020\/01\/the-doobie-brothers-what-were-once-vices-are-now-habits-1-1.jpg\",\"width\":800,\"height\":600},{\"@type\":\"BreadcrumbList\",\"@id\":\"https:\/\/vinilozona.lt\/parduotuve\/rock-pop\/doobie-brothers-%e2%80%8e-what-were-once-vices-are-now-habits\/#breadcrumb\",\"itemListElement\":[{\"@type\":\"ListItem\",\"position\":1,\"name\":\"Home\",\"item\":\"https:\/\/vinilozona.lt\/\"},{\"@type\":\"ListItem\",\"position\":2,\"name\":\"Parduotuv\u0117\",\"item\":\"https:\/\/vinilozona.lt\/parduotuve\/\"},{\"@type\":\"ListItem\",\"position\":3,\"name\":\"Doobie Brothers \u200e\u2013 What Were Once Vices Are Now Habits\"}]},{\"@type\":\"WebSite\",\"@id\":\"https:\/\/vinilozona.lt\/#website\",\"url\":\"https:\/\/vinilozona.lt\/\",\"name\":\"Vinilo Zona\",\"description\":\"Nup\u016bsk dulkes ir klausyk LP\",\"potentialAction\":[{\"@type\":\"SearchAction\",\"target\":{\"@type\":\"EntryPoint\",\"urlTemplate\":\"https:\/\/vinilozona.lt\/?s={search_term_string}\"},\"query-input\":{\"@type\":\"PropertyValueSpecification\",\"valueRequired\":true,\"valueName\":\"search_term_string\"}}],\"inLanguage\":\"en-GB\"}]}<\/script>\n<!-- \/ Yoast SEO plugin. -->","yoast_head_json":{"title":"Doobie Brothers \u200e\u2013 What Were Once Vices Are Now Habits Vinilin\u0117 Plok\u0161tel\u0117 | Vinilozona.lt","robots":{"index":"index","follow":"follow","max-snippet":"max-snippet:-1","max-image-preview":"max-image-preview:large","max-video-preview":"max-video-preview:-1"},"canonical":"https:\/\/vinilozona.lt\/en\/parduotuve\/rock-pop\/doobie-brothers-\u200e-what-were-once-vices-are-now-habits\/","og_locale":"en_GB","og_type":"article","og_title":"Doobie Brothers \u200e\u2013 What Were Once Vices Are Now Habits Vinilin\u0117 Plok\u0161tel\u0117 | Vinilozona.lt","og_description":"Warner Bros. Records \u2013 WB 56026 (W2750) Format: Vinyl, LP, Album Country: Germany Released: 1974","og_url":"https:\/\/vinilozona.lt\/en\/parduotuve\/rock-pop\/doobie-brothers-\u200e-what-were-once-vices-are-now-habits\/","og_site_name":"Vinilo Zona","article_modified_time":"2025-04-28T04:28:03+00:00","og_image":[{"width":800,"height":600,"url":"https:\/\/vinilozona.lt\/wp-content\/uploads\/2020\/01\/the-doobie-brothers-what-were-once-vices-are-now-habits-1-1.jpg","type":"image\/jpeg"}],"twitter_card":"summary_large_image","twitter_misc":{"Estimated reading time":"1 minute"},"schema":{"@context":"https:\/\/schema.org","@graph":[{"@type":"WebPage","@id":"https:\/\/vinilozona.lt\/parduotuve\/rock-pop\/doobie-brothers-%e2%80%8e-what-were-once-vices-are-now-habits\/","url":"https:\/\/vinilozona.lt\/parduotuve\/rock-pop\/doobie-brothers-%e2%80%8e-what-were-once-vices-are-now-habits\/","name":"Doobie Brothers \u200e\u2013 What Were Once Vices Are Now Habits Vinilin\u0117 Plok\u0161tel\u0117 | Vinilozona.lt","isPartOf":{"@id":"https:\/\/vinilozona.lt\/#website"},"primaryImageOfPage":{"@id":"https:\/\/vinilozona.lt\/parduotuve\/rock-pop\/doobie-brothers-%e2%80%8e-what-were-once-vices-are-now-habits\/#primaryimage"},"image":{"@id":"https:\/\/vinilozona.lt\/parduotuve\/rock-pop\/doobie-brothers-%e2%80%8e-what-were-once-vices-are-now-habits\/#primaryimage"},"thumbnailUrl":"https:\/\/vinilozona.lt\/wp-content\/uploads\/2020\/01\/the-doobie-brothers-what-were-once-vices-are-now-habits-1-1.jpg","datePublished":"2025-05-02T02:11:50+00:00","dateModified":"2025-04-28T04:28:03+00:00","breadcrumb":{"@id":"https:\/\/vinilozona.lt\/parduotuve\/rock-pop\/doobie-brothers-%e2%80%8e-what-were-once-vices-are-now-habits\/#breadcrumb"},"inLanguage":"en-GB","potentialAction":[{"@type":"ReadAction","target":["https:\/\/vinilozona.lt\/parduotuve\/rock-pop\/doobie-brothers-%e2%80%8e-what-were-once-vices-are-now-habits\/"]}]},{"@type":"ImageObject","inLanguage":"en-GB","@id":"https:\/\/vinilozona.lt\/parduotuve\/rock-pop\/doobie-brothers-%e2%80%8e-what-were-once-vices-are-now-habits\/#primaryimage","url":"https:\/\/vinilozona.lt\/wp-content\/uploads\/2020\/01\/the-doobie-brothers-what-were-once-vices-are-now-habits-1-1.jpg","contentUrl":"https:\/\/vinilozona.lt\/wp-content\/uploads\/2020\/01\/the-doobie-brothers-what-were-once-vices-are-now-habits-1-1.jpg","width":800,"height":600},{"@type":"BreadcrumbList","@id":"https:\/\/vinilozona.lt\/parduotuve\/rock-pop\/doobie-brothers-%e2%80%8e-what-were-once-vices-are-now-habits\/#breadcrumb","itemListElement":[{"@type":"ListItem","position":1,"name":"Home","item":"https:\/\/vinilozona.lt\/"},{"@type":"ListItem","position":2,"name":"Parduotuv\u0117","item":"https:\/\/vinilozona.lt\/parduotuve\/"},{"@type":"ListItem","position":3,"name":"Doobie Brothers \u200e\u2013 What Were Once Vices Are Now Habits"}]},{"@type":"WebSite","@id":"https:\/\/vinilozona.lt\/#website","url":"https:\/\/vinilozona.lt\/","name":"Vinilo Zona","description":"Nup\u016bsk dulkes ir klausyk LP","potentialAction":[{"@type":"SearchAction","target":{"@type":"EntryPoint","urlTemplate":"https:\/\/vinilozona.lt\/?s={search_term_string}"},"query-input":{"@type":"PropertyValueSpecification","valueRequired":true,"valueName":"search_term_string"}}],"inLanguage":"en-GB"}]}},"_links":{"self":[{"href":"https:\/\/vinilozona.lt\/en\/wp-json\/wp\/v2\/product\/3882"}],"collection":[{"href":"https:\/\/vinilozona.lt\/en\/wp-json\/wp\/v2\/product"}],"about":[{"href":"https:\/\/vinilozona.lt\/en\/wp-json\/wp\/v2\/types\/product"}],"wp:featuredmedia":[{"embeddable":true,"href":"https:\/\/vinilozona.lt\/en\/wp-json\/wp\/v2\/media\/3891"}],"wp:attachment":[{"href":"https:\/\/vinilozona.lt\/en\/wp-json\/wp\/v2\/media?parent=3882"}],"wp:term":[{"taxonomy":"product_cat","embeddable":true,"href":"https:\/\/vinilozona.lt\/en\/wp-json\/wp\/v2\/product_cat?post=3882"},{"taxonomy":"product_tag","embeddable":true,"href":"https:\/\/vinilozona.lt\/en\/wp-json\/wp\/v2\/product_tag?post=3882"}],"curies":[{"name":"wp","href":"https:\/\/api.w.org\/{rel}","templated":true}]}}