{"id":3878,"date":"2023-02-16T05:25:20","date_gmt":"2023-02-16T03:25:20","guid":{"rendered":"https:\/\/vinylhome.lt\/?post_type=product&#038;p=3878"},"modified":"2023-02-27T13:28:32","modified_gmt":"2023-02-27T11:28:32","slug":"hollies-%e2%80%8e-20-golden-greats","status":"publish","type":"product","link":"https:\/\/vinilozona.lt\/en\/parduotuve\/rock-pop\/hollies-%e2%80%8e-20-golden-greats\/","title":{"rendered":"Hollies \u2013 The Hollies"},"content":{"rendered":"<p>A1\t\tLong Cool Woman<br \/>\n3:17<br \/>\nA2\t\tCarrie-Anne  2:55<br \/>\nA3\t\tI&#8217;m Down  4:11<br \/>\nA4\t\tI Can&#8217;t Tell The Bottom From The Top  3:47<br \/>\nA5\t\tWrite On  4:48<br \/>\nA6\t\tHe Ain&#8217;t Heavy, He&#8217;s My Brother  4:15<br \/>\nB1\t\tOn A Carousel  3:11<br \/>\nB2\t\tSorry Suzanne  2:59<br \/>\nB3\t\tThe Air That I Breathe  4:11<br \/>\nB4\t\tListen To Me  2:37<br \/>\nB5\t\tJennifer Eccles  3:10<br \/>\nB6\t\tSandy (4th Of July, Asbury Park)  4:07<br \/>\nB7\t\tDaddy Don&#8217;t Mind  3:40<\/p>","protected":false},"excerpt":{"rendered":"<p>AMIGA \u2013 8 56 126<br \/>\nFormat:<br \/>\nVinyl, LP, Compilation, Stereo<br \/>\nCountry:\tGerman Democratic Republic (GDR)<br \/>\nReleased:\t1985<\/p>","protected":false},"featured_media":21502,"template":"","meta":[],"product_cat":[15],"product_tag":[44],"yoast_head":"<!-- This site is optimized with the Yoast SEO plugin v23.5 - https:\/\/yoast.com\/wordpress\/plugins\/seo\/ -->\n<title>Hollies \u2013 The Hollies Vinilin\u0117 Plok\u0161tel\u0117 | Vinilozona.lt<\/title>\n<meta name=\"robots\" content=\"index, follow, max-snippet:-1, max-image-preview:large, max-video-preview:-1\" \/>\n<link rel=\"canonical\" href=\"https:\/\/vinilozona.lt\/en\/parduotuve\/rock-pop\/hollies-\u200e-20-golden-greats\/\" \/>\n<meta property=\"og:locale\" content=\"en_GB\" \/>\n<meta property=\"og:type\" content=\"article\" \/>\n<meta property=\"og:title\" content=\"Hollies \u2013 The Hollies Vinilin\u0117 Plok\u0161tel\u0117 | Vinilozona.lt\" \/>\n<meta property=\"og:description\" content=\"AMIGA \u2013 8 56 126 Format:  Vinyl, LP, Compilation, Stereo Country: German Democratic Republic (GDR) Released: 1985\" \/>\n<meta property=\"og:url\" content=\"https:\/\/vinilozona.lt\/en\/parduotuve\/rock-pop\/hollies-\u200e-20-golden-greats\/\" \/>\n<meta property=\"og:site_name\" content=\"Vinilo Zona\" \/>\n<meta property=\"article:modified_time\" content=\"2023-02-27T11:28:32+00:00\" \/>\n<meta property=\"og:image\" content=\"https:\/\/vinilozona.lt\/wp-content\/uploads\/2020\/01\/R-522673-1539262719-4282.jpg\" \/>\n\t<meta property=\"og:image:width\" content=\"600\" \/>\n\t<meta property=\"og:image:height\" content=\"600\" \/>\n\t<meta property=\"og:image:type\" content=\"image\/jpeg\" \/>\n<meta name=\"twitter:card\" content=\"summary_large_image\" \/>\n<script type=\"application\/ld+json\" class=\"yoast-schema-graph\">{\"@context\":\"https:\/\/schema.org\",\"@graph\":[{\"@type\":\"WebPage\",\"@id\":\"https:\/\/vinilozona.lt\/parduotuve\/rock-pop\/hollies-%e2%80%8e-20-golden-greats\/\",\"url\":\"https:\/\/vinilozona.lt\/parduotuve\/rock-pop\/hollies-%e2%80%8e-20-golden-greats\/\",\"name\":\"Hollies \u2013 The Hollies Vinilin\u0117 Plok\u0161tel\u0117 | Vinilozona.lt\",\"isPartOf\":{\"@id\":\"https:\/\/vinilozona.lt\/#website\"},\"primaryImageOfPage\":{\"@id\":\"https:\/\/vinilozona.lt\/parduotuve\/rock-pop\/hollies-%e2%80%8e-20-golden-greats\/#primaryimage\"},\"image\":{\"@id\":\"https:\/\/vinilozona.lt\/parduotuve\/rock-pop\/hollies-%e2%80%8e-20-golden-greats\/#primaryimage\"},\"thumbnailUrl\":\"https:\/\/vinilozona.lt\/wp-content\/uploads\/2020\/01\/R-522673-1539262719-4282.jpg\",\"datePublished\":\"2023-02-16T03:25:20+00:00\",\"dateModified\":\"2023-02-27T11:28:32+00:00\",\"breadcrumb\":{\"@id\":\"https:\/\/vinilozona.lt\/parduotuve\/rock-pop\/hollies-%e2%80%8e-20-golden-greats\/#breadcrumb\"},\"inLanguage\":\"en-GB\",\"potentialAction\":[{\"@type\":\"ReadAction\",\"target\":[\"https:\/\/vinilozona.lt\/parduotuve\/rock-pop\/hollies-%e2%80%8e-20-golden-greats\/\"]}]},{\"@type\":\"ImageObject\",\"inLanguage\":\"en-GB\",\"@id\":\"https:\/\/vinilozona.lt\/parduotuve\/rock-pop\/hollies-%e2%80%8e-20-golden-greats\/#primaryimage\",\"url\":\"https:\/\/vinilozona.lt\/wp-content\/uploads\/2020\/01\/R-522673-1539262719-4282.jpg\",\"contentUrl\":\"https:\/\/vinilozona.lt\/wp-content\/uploads\/2020\/01\/R-522673-1539262719-4282.jpg\",\"width\":600,\"height\":600},{\"@type\":\"BreadcrumbList\",\"@id\":\"https:\/\/vinilozona.lt\/parduotuve\/rock-pop\/hollies-%e2%80%8e-20-golden-greats\/#breadcrumb\",\"itemListElement\":[{\"@type\":\"ListItem\",\"position\":1,\"name\":\"Home\",\"item\":\"https:\/\/vinilozona.lt\/\"},{\"@type\":\"ListItem\",\"position\":2,\"name\":\"Parduotuv\u0117\",\"item\":\"https:\/\/vinilozona.lt\/parduotuve\/\"},{\"@type\":\"ListItem\",\"position\":3,\"name\":\"Hollies \u2013 The Hollies\"}]},{\"@type\":\"WebSite\",\"@id\":\"https:\/\/vinilozona.lt\/#website\",\"url\":\"https:\/\/vinilozona.lt\/\",\"name\":\"Vinilo Zona\",\"description\":\"Nup\u016bsk dulkes ir klausyk LP\",\"potentialAction\":[{\"@type\":\"SearchAction\",\"target\":{\"@type\":\"EntryPoint\",\"urlTemplate\":\"https:\/\/vinilozona.lt\/?s={search_term_string}\"},\"query-input\":{\"@type\":\"PropertyValueSpecification\",\"valueRequired\":true,\"valueName\":\"search_term_string\"}}],\"inLanguage\":\"en-GB\"}]}<\/script>\n<!-- \/ Yoast SEO plugin. -->","yoast_head_json":{"title":"Hollies \u2013 The Hollies Vinilin\u0117 Plok\u0161tel\u0117 | Vinilozona.lt","robots":{"index":"index","follow":"follow","max-snippet":"max-snippet:-1","max-image-preview":"max-image-preview:large","max-video-preview":"max-video-preview:-1"},"canonical":"https:\/\/vinilozona.lt\/en\/parduotuve\/rock-pop\/hollies-\u200e-20-golden-greats\/","og_locale":"en_GB","og_type":"article","og_title":"Hollies \u2013 The Hollies Vinilin\u0117 Plok\u0161tel\u0117 | Vinilozona.lt","og_description":"AMIGA \u2013 8 56 126 Format:  Vinyl, LP, Compilation, Stereo Country: German Democratic Republic (GDR) Released: 1985","og_url":"https:\/\/vinilozona.lt\/en\/parduotuve\/rock-pop\/hollies-\u200e-20-golden-greats\/","og_site_name":"Vinilo Zona","article_modified_time":"2023-02-27T11:28:32+00:00","og_image":[{"width":600,"height":600,"url":"https:\/\/vinilozona.lt\/wp-content\/uploads\/2020\/01\/R-522673-1539262719-4282.jpg","type":"image\/jpeg"}],"twitter_card":"summary_large_image","schema":{"@context":"https:\/\/schema.org","@graph":[{"@type":"WebPage","@id":"https:\/\/vinilozona.lt\/parduotuve\/rock-pop\/hollies-%e2%80%8e-20-golden-greats\/","url":"https:\/\/vinilozona.lt\/parduotuve\/rock-pop\/hollies-%e2%80%8e-20-golden-greats\/","name":"Hollies \u2013 The Hollies Vinilin\u0117 Plok\u0161tel\u0117 | Vinilozona.lt","isPartOf":{"@id":"https:\/\/vinilozona.lt\/#website"},"primaryImageOfPage":{"@id":"https:\/\/vinilozona.lt\/parduotuve\/rock-pop\/hollies-%e2%80%8e-20-golden-greats\/#primaryimage"},"image":{"@id":"https:\/\/vinilozona.lt\/parduotuve\/rock-pop\/hollies-%e2%80%8e-20-golden-greats\/#primaryimage"},"thumbnailUrl":"https:\/\/vinilozona.lt\/wp-content\/uploads\/2020\/01\/R-522673-1539262719-4282.jpg","datePublished":"2023-02-16T03:25:20+00:00","dateModified":"2023-02-27T11:28:32+00:00","breadcrumb":{"@id":"https:\/\/vinilozona.lt\/parduotuve\/rock-pop\/hollies-%e2%80%8e-20-golden-greats\/#breadcrumb"},"inLanguage":"en-GB","potentialAction":[{"@type":"ReadAction","target":["https:\/\/vinilozona.lt\/parduotuve\/rock-pop\/hollies-%e2%80%8e-20-golden-greats\/"]}]},{"@type":"ImageObject","inLanguage":"en-GB","@id":"https:\/\/vinilozona.lt\/parduotuve\/rock-pop\/hollies-%e2%80%8e-20-golden-greats\/#primaryimage","url":"https:\/\/vinilozona.lt\/wp-content\/uploads\/2020\/01\/R-522673-1539262719-4282.jpg","contentUrl":"https:\/\/vinilozona.lt\/wp-content\/uploads\/2020\/01\/R-522673-1539262719-4282.jpg","width":600,"height":600},{"@type":"BreadcrumbList","@id":"https:\/\/vinilozona.lt\/parduotuve\/rock-pop\/hollies-%e2%80%8e-20-golden-greats\/#breadcrumb","itemListElement":[{"@type":"ListItem","position":1,"name":"Home","item":"https:\/\/vinilozona.lt\/"},{"@type":"ListItem","position":2,"name":"Parduotuv\u0117","item":"https:\/\/vinilozona.lt\/parduotuve\/"},{"@type":"ListItem","position":3,"name":"Hollies \u2013 The Hollies"}]},{"@type":"WebSite","@id":"https:\/\/vinilozona.lt\/#website","url":"https:\/\/vinilozona.lt\/","name":"Vinilo Zona","description":"Nup\u016bsk dulkes ir klausyk LP","potentialAction":[{"@type":"SearchAction","target":{"@type":"EntryPoint","urlTemplate":"https:\/\/vinilozona.lt\/?s={search_term_string}"},"query-input":{"@type":"PropertyValueSpecification","valueRequired":true,"valueName":"search_term_string"}}],"inLanguage":"en-GB"}]}},"_links":{"self":[{"href":"https:\/\/vinilozona.lt\/en\/wp-json\/wp\/v2\/product\/3878"}],"collection":[{"href":"https:\/\/vinilozona.lt\/en\/wp-json\/wp\/v2\/product"}],"about":[{"href":"https:\/\/vinilozona.lt\/en\/wp-json\/wp\/v2\/types\/product"}],"wp:featuredmedia":[{"embeddable":true,"href":"https:\/\/vinilozona.lt\/en\/wp-json\/wp\/v2\/media\/21502"}],"wp:attachment":[{"href":"https:\/\/vinilozona.lt\/en\/wp-json\/wp\/v2\/media?parent=3878"}],"wp:term":[{"taxonomy":"product_cat","embeddable":true,"href":"https:\/\/vinilozona.lt\/en\/wp-json\/wp\/v2\/product_cat?post=3878"},{"taxonomy":"product_tag","embeddable":true,"href":"https:\/\/vinilozona.lt\/en\/wp-json\/wp\/v2\/product_tag?post=3878"}],"curies":[{"name":"wp","href":"https:\/\/api.w.org\/{rel}","templated":true}]}}