{"id":3840,"date":"2024-02-28T05:08:28","date_gmt":"2024-02-28T03:08:28","guid":{"rendered":"https:\/\/vinylhome.lt\/?post_type=product&#038;p=3840"},"modified":"2026-02-20T18:02:05","modified_gmt":"2026-02-20T16:02:05","slug":"rammstein-rosenrot","status":"publish","type":"product","link":"https:\/\/vinilozona.lt\/en\/parduotuve\/naujos-lp\/rammstein-rosenrot\/","title":{"rendered":"Saxon \u2013 Decade Of The Eagle: The Anthology 1979-1988  4Lp"},"content":{"rendered":"<p>A1\t\tStallions Of The Highway<br \/>\nA2\t\tBig Teaser<br \/>\nA3\t\tBacks To The Wall<br \/>\nA4\t\tMilitia Guard<br \/>\nA5\t\tWheels Of Steel<br \/>\nB1\t\t747 (Strangers In The Night)<br \/>\nB2\t\tSuzie Hold On<br \/>\nB3\t\tMotorcycle Man (Live)<br \/>\nB4\t\tStrong Arm Of The Law<br \/>\nC1\t\tHeavy Metal Thunder<br \/>\nC2\t\t20,000ft (Live)<br \/>\nC3\t\tDallas 1PM<br \/>\nC4\t\tAnd The Bands Played On<br \/>\nC5\t\tNever Surrender<br \/>\nD1\t\tDenim And Leather<br \/>\nD2\t\tFire In The Sky (Live)<br \/>\nD3\t\tPrincess Of The Night<br \/>\nD4\t\tPower And The Glory<br \/>\nE1\t\tThis Town Rocks<br \/>\nE2\t\tThe Eagle Has Landed<br \/>\nE3\t\tMidas Touch<br \/>\nE4\t\tSailing To America<br \/>\nF1\t\tCrusader<br \/>\nF2\t\tDevil Rides Out<br \/>\nF3\t\tBack On The Streets<br \/>\nF4\t\tRockin&#8217; Again<br \/>\nG1\t\tRock N Roll Gypsy<br \/>\nG2\t\tBroken Heroes<br \/>\nG3\t\tWaiting For The Night<br \/>\nG4\t\tRock The Nations<br \/>\nH1\t\tNorthern Lady<br \/>\nH2\t\tBattle Cry<br \/>\nH3\t\tRide Like The Wind<br \/>\nH4\t\tRed Alert<\/p>","protected":false},"excerpt":{"rendered":"<p>BMG \u2013 BMGCAT146QLP, Union Square Music \u2013 BMGCAT146QLP<br \/>\nFormat:<br \/>\n4 x Vinyl, LP, Compilation<br \/>\nCountry:\tEurope<br \/>\nReleased:\tNov 24, 2017<\/p>","protected":false},"featured_media":24300,"template":"","meta":[],"product_cat":[23],"product_tag":[74],"yoast_head":"<!-- This site is optimized with the Yoast SEO plugin v23.5 - https:\/\/yoast.com\/wordpress\/plugins\/seo\/ -->\n<title>Saxon \u2013 Decade Of The Eagle: The Anthology 1979-1988 4Lp Vinilin\u0117 Plok\u0161tel\u0117 | Vinilozona.lt<\/title>\n<meta name=\"robots\" content=\"index, follow, max-snippet:-1, max-image-preview:large, max-video-preview:-1\" \/>\n<link rel=\"canonical\" href=\"https:\/\/vinilozona.lt\/en\/parduotuve\/naujos-lp\/rammstein-rosenrot\/\" \/>\n<meta property=\"og:locale\" content=\"en_GB\" \/>\n<meta property=\"og:type\" content=\"article\" \/>\n<meta property=\"og:title\" content=\"Saxon \u2013 Decade Of The Eagle: The Anthology 1979-1988 4Lp Vinilin\u0117 Plok\u0161tel\u0117 | Vinilozona.lt\" \/>\n<meta property=\"og:description\" content=\"BMG \u2013 BMGCAT146QLP, Union Square Music \u2013 BMGCAT146QLP Format:  4 x Vinyl, LP, Compilation Country: Europe Released: Nov 24, 2017\" \/>\n<meta property=\"og:url\" content=\"https:\/\/vinilozona.lt\/en\/parduotuve\/naujos-lp\/rammstein-rosenrot\/\" \/>\n<meta property=\"og:site_name\" content=\"Vinilo Zona\" \/>\n<meta property=\"article:modified_time\" content=\"2026-02-20T16:02:05+00:00\" \/>\n<meta property=\"og:image\" content=\"https:\/\/vinilozona.lt\/wp-content\/uploads\/2024\/01\/R-11235539-1512431770-4650.jpg\" \/>\n\t<meta property=\"og:image:width\" content=\"600\" \/>\n\t<meta property=\"og:image:height\" content=\"600\" \/>\n\t<meta property=\"og:image:type\" content=\"image\/jpeg\" \/>\n<meta name=\"twitter:card\" content=\"summary_large_image\" \/>\n<meta name=\"twitter:label1\" content=\"Estimated reading time\" \/>\n\t<meta name=\"twitter:data1\" content=\"1 minute\" \/>\n<script type=\"application\/ld+json\" class=\"yoast-schema-graph\">{\"@context\":\"https:\/\/schema.org\",\"@graph\":[{\"@type\":\"WebPage\",\"@id\":\"https:\/\/vinilozona.lt\/parduotuve\/naujos-lp\/rammstein-rosenrot\/\",\"url\":\"https:\/\/vinilozona.lt\/parduotuve\/naujos-lp\/rammstein-rosenrot\/\",\"name\":\"Saxon \u2013 Decade Of The Eagle: The Anthology 1979-1988 4Lp Vinilin\u0117 Plok\u0161tel\u0117 | Vinilozona.lt\",\"isPartOf\":{\"@id\":\"https:\/\/vinilozona.lt\/#website\"},\"primaryImageOfPage\":{\"@id\":\"https:\/\/vinilozona.lt\/parduotuve\/naujos-lp\/rammstein-rosenrot\/#primaryimage\"},\"image\":{\"@id\":\"https:\/\/vinilozona.lt\/parduotuve\/naujos-lp\/rammstein-rosenrot\/#primaryimage\"},\"thumbnailUrl\":\"https:\/\/vinilozona.lt\/wp-content\/uploads\/2024\/01\/R-11235539-1512431770-4650.jpg\",\"datePublished\":\"2024-02-28T03:08:28+00:00\",\"dateModified\":\"2026-02-20T16:02:05+00:00\",\"breadcrumb\":{\"@id\":\"https:\/\/vinilozona.lt\/parduotuve\/naujos-lp\/rammstein-rosenrot\/#breadcrumb\"},\"inLanguage\":\"en-GB\",\"potentialAction\":[{\"@type\":\"ReadAction\",\"target\":[\"https:\/\/vinilozona.lt\/parduotuve\/naujos-lp\/rammstein-rosenrot\/\"]}]},{\"@type\":\"ImageObject\",\"inLanguage\":\"en-GB\",\"@id\":\"https:\/\/vinilozona.lt\/parduotuve\/naujos-lp\/rammstein-rosenrot\/#primaryimage\",\"url\":\"https:\/\/vinilozona.lt\/wp-content\/uploads\/2024\/01\/R-11235539-1512431770-4650.jpg\",\"contentUrl\":\"https:\/\/vinilozona.lt\/wp-content\/uploads\/2024\/01\/R-11235539-1512431770-4650.jpg\",\"width\":600,\"height\":600},{\"@type\":\"BreadcrumbList\",\"@id\":\"https:\/\/vinilozona.lt\/parduotuve\/naujos-lp\/rammstein-rosenrot\/#breadcrumb\",\"itemListElement\":[{\"@type\":\"ListItem\",\"position\":1,\"name\":\"Home\",\"item\":\"https:\/\/vinilozona.lt\/\"},{\"@type\":\"ListItem\",\"position\":2,\"name\":\"Parduotuv\u0117\",\"item\":\"https:\/\/vinilozona.lt\/parduotuve\/\"},{\"@type\":\"ListItem\",\"position\":3,\"name\":\"Saxon \u2013 Decade Of The Eagle: The Anthology 1979-1988 4Lp\"}]},{\"@type\":\"WebSite\",\"@id\":\"https:\/\/vinilozona.lt\/#website\",\"url\":\"https:\/\/vinilozona.lt\/\",\"name\":\"Vinilo Zona\",\"description\":\"Nup\u016bsk dulkes ir klausyk LP\",\"potentialAction\":[{\"@type\":\"SearchAction\",\"target\":{\"@type\":\"EntryPoint\",\"urlTemplate\":\"https:\/\/vinilozona.lt\/?s={search_term_string}\"},\"query-input\":{\"@type\":\"PropertyValueSpecification\",\"valueRequired\":true,\"valueName\":\"search_term_string\"}}],\"inLanguage\":\"en-GB\"}]}<\/script>\n<!-- \/ Yoast SEO plugin. -->","yoast_head_json":{"title":"Saxon \u2013 Decade Of The Eagle: The Anthology 1979-1988 4Lp Vinilin\u0117 Plok\u0161tel\u0117 | Vinilozona.lt","robots":{"index":"index","follow":"follow","max-snippet":"max-snippet:-1","max-image-preview":"max-image-preview:large","max-video-preview":"max-video-preview:-1"},"canonical":"https:\/\/vinilozona.lt\/en\/parduotuve\/naujos-lp\/rammstein-rosenrot\/","og_locale":"en_GB","og_type":"article","og_title":"Saxon \u2013 Decade Of The Eagle: The Anthology 1979-1988 4Lp Vinilin\u0117 Plok\u0161tel\u0117 | Vinilozona.lt","og_description":"BMG \u2013 BMGCAT146QLP, Union Square Music \u2013 BMGCAT146QLP Format:  4 x Vinyl, LP, Compilation Country: Europe Released: Nov 24, 2017","og_url":"https:\/\/vinilozona.lt\/en\/parduotuve\/naujos-lp\/rammstein-rosenrot\/","og_site_name":"Vinilo Zona","article_modified_time":"2026-02-20T16:02:05+00:00","og_image":[{"width":600,"height":600,"url":"https:\/\/vinilozona.lt\/wp-content\/uploads\/2024\/01\/R-11235539-1512431770-4650.jpg","type":"image\/jpeg"}],"twitter_card":"summary_large_image","twitter_misc":{"Estimated reading time":"1 minute"},"schema":{"@context":"https:\/\/schema.org","@graph":[{"@type":"WebPage","@id":"https:\/\/vinilozona.lt\/parduotuve\/naujos-lp\/rammstein-rosenrot\/","url":"https:\/\/vinilozona.lt\/parduotuve\/naujos-lp\/rammstein-rosenrot\/","name":"Saxon \u2013 Decade Of The Eagle: The Anthology 1979-1988 4Lp Vinilin\u0117 Plok\u0161tel\u0117 | Vinilozona.lt","isPartOf":{"@id":"https:\/\/vinilozona.lt\/#website"},"primaryImageOfPage":{"@id":"https:\/\/vinilozona.lt\/parduotuve\/naujos-lp\/rammstein-rosenrot\/#primaryimage"},"image":{"@id":"https:\/\/vinilozona.lt\/parduotuve\/naujos-lp\/rammstein-rosenrot\/#primaryimage"},"thumbnailUrl":"https:\/\/vinilozona.lt\/wp-content\/uploads\/2024\/01\/R-11235539-1512431770-4650.jpg","datePublished":"2024-02-28T03:08:28+00:00","dateModified":"2026-02-20T16:02:05+00:00","breadcrumb":{"@id":"https:\/\/vinilozona.lt\/parduotuve\/naujos-lp\/rammstein-rosenrot\/#breadcrumb"},"inLanguage":"en-GB","potentialAction":[{"@type":"ReadAction","target":["https:\/\/vinilozona.lt\/parduotuve\/naujos-lp\/rammstein-rosenrot\/"]}]},{"@type":"ImageObject","inLanguage":"en-GB","@id":"https:\/\/vinilozona.lt\/parduotuve\/naujos-lp\/rammstein-rosenrot\/#primaryimage","url":"https:\/\/vinilozona.lt\/wp-content\/uploads\/2024\/01\/R-11235539-1512431770-4650.jpg","contentUrl":"https:\/\/vinilozona.lt\/wp-content\/uploads\/2024\/01\/R-11235539-1512431770-4650.jpg","width":600,"height":600},{"@type":"BreadcrumbList","@id":"https:\/\/vinilozona.lt\/parduotuve\/naujos-lp\/rammstein-rosenrot\/#breadcrumb","itemListElement":[{"@type":"ListItem","position":1,"name":"Home","item":"https:\/\/vinilozona.lt\/"},{"@type":"ListItem","position":2,"name":"Parduotuv\u0117","item":"https:\/\/vinilozona.lt\/parduotuve\/"},{"@type":"ListItem","position":3,"name":"Saxon \u2013 Decade Of The Eagle: The Anthology 1979-1988 4Lp"}]},{"@type":"WebSite","@id":"https:\/\/vinilozona.lt\/#website","url":"https:\/\/vinilozona.lt\/","name":"Vinilo Zona","description":"Nup\u016bsk dulkes ir klausyk LP","potentialAction":[{"@type":"SearchAction","target":{"@type":"EntryPoint","urlTemplate":"https:\/\/vinilozona.lt\/?s={search_term_string}"},"query-input":{"@type":"PropertyValueSpecification","valueRequired":true,"valueName":"search_term_string"}}],"inLanguage":"en-GB"}]}},"_links":{"self":[{"href":"https:\/\/vinilozona.lt\/en\/wp-json\/wp\/v2\/product\/3840"}],"collection":[{"href":"https:\/\/vinilozona.lt\/en\/wp-json\/wp\/v2\/product"}],"about":[{"href":"https:\/\/vinilozona.lt\/en\/wp-json\/wp\/v2\/types\/product"}],"wp:featuredmedia":[{"embeddable":true,"href":"https:\/\/vinilozona.lt\/en\/wp-json\/wp\/v2\/media\/24300"}],"wp:attachment":[{"href":"https:\/\/vinilozona.lt\/en\/wp-json\/wp\/v2\/media?parent=3840"}],"wp:term":[{"taxonomy":"product_cat","embeddable":true,"href":"https:\/\/vinilozona.lt\/en\/wp-json\/wp\/v2\/product_cat?post=3840"},{"taxonomy":"product_tag","embeddable":true,"href":"https:\/\/vinilozona.lt\/en\/wp-json\/wp\/v2\/product_tag?post=3840"}],"curies":[{"name":"wp","href":"https:\/\/api.w.org\/{rel}","templated":true}]}}